{"id":574,"date":"2015-12-11T11:05:14","date_gmt":"2015-12-11T08:05:14","guid":{"rendered":"http:\/\/www.meha.lv\/shop\/magazin-shub-v-rige\/sero-golubaja-norkovaja-shuba\/"},"modified":"2025-06-06T13:18:40","modified_gmt":"2025-06-06T10:18:40","slug":"sero-golubaja-norkovaja-shuba","status":"publish","type":"product","link":"https:\/\/www.meha.lv\/ru\/shop\/sero-golubaja-norkovaja-shuba\/","title":{"rendered":"C\u0435\u0440\u043e &#8212; \u0433\u043e\u043b\u0443\u0431\u0430\u044f \u043d\u043e\u0440\u043a\u043e\u0432\u0430\u044f \u0448\u0443\u0431\u0430"},"content":{"rendered":"<p><strong>C\u0435\u0440\u043e &#8212; \u0433\u043e\u043b\u0443\u0431\u0430\u044f \u043d\u043e\u0440\u043a\u043e\u0432\u0430\u044f \u0448\u0443\u0431\u0430. <\/strong><\/p>\n<p>\u041f\u043e\u0441\u043c\u043e\u0442\u0440\u0435\u0442\u044c \u0438 \u043f\u0440\u0438\u043c\u0435\u0440\u0438\u0442\u044c \u043c\u043e\u0436\u043d\u043e \u0432 \u0443\u0434\u043e\u0431\u043d\u043e\u0435 \u0434\u043b\u044f \u0412\u0430\u0441 \u0432\u0440\u0435\u043c\u044f 7 \u0434\u043d\u0435\u0439 \u0432 \u043d\u0435\u0434\u0435\u043b\u044e \u0441 9.00-21.00, \u043f\u0440\u0435\u0434\u0432\u0430\u0440\u0438\u0442\u0435\u043b\u044c\u043d\u043e \u0441\u043e\u0433\u043b\u0430\u0441\u043e\u0432\u0430\u0432 \u0434\u0430\u0442\u0443 \u0438 \u0432\u0440\u0435\u043c\u044f \u043f\u0440\u0438\u043c\u0435\u0440\u043a\u0438 \u0432 \u0446\u0435\u043d\u0442\u0440\u0435 \u0420\u0438\u0433\u0438 (\u0423\u043b.\u041b\u0430\u0447\u043f\u043b\u0435\u0448\u0430).<\/p>\n<p>\u0415\u0441\u0442\u044c \u0432\u043e\u0437\u043c\u043e\u0436\u043d\u043e\u0441\u0442\u044c \u043e\u0444\u043e\u0440\u043c\u043b\u0435\u043d\u0438\u044f \u043b\u0438\u0437\u0438\u043d\u0433\u0430 \u0447\u0435\u0440\u0435\u0437 Lateko l\u012bzings.<\/p>\n<p><iframe src=\"https:\/\/www.youtube.com\/embed\/K2bXXBA2ll8?rel=0&amp;controls=0\" width=\"560\" height=\"315\" frameborder=\"0\" allowfullscreen=\"allowfullscreen\"><\/iframe><\/p>","protected":false},"excerpt":{"rendered":"<p><strong>C\u0435\u0440\u043e-\u0433\u043e\u043b\u0443\u0431\u0430\u044f \u043d\u043e\u0440\u043a\u043e\u0432\u0430\u044f \u0448\u0443\u0431\u0430 <\/strong><\/p>\n<p>\u0420\u0430\u0437\u043c\u0435\u0440 XS\/S.<\/p>\n<p>\u0414\u043b\u0438\u043d\u0430 90 \u0441\u043c.<\/p>\n<p>\u0411\u0435\u0441\u043f\u043e\u0434\u043e\u0431\u043d\u044b\u0439 \u0446\u0432\u0435\u0442!<\/p>\n<p>\u041a\u043e\u0434 \u0442\u043e\u0432\u0430\u0440\u0430 &#8212; FUR20.<br \/>\n\u041f\u043e\u043f\u0435\u0440\u0435\u0447\u043a\u0430 \u0438\u0437 \u0446\u0435\u043b\u044c\u043d\u043e\u0439 \u043d\u043e\u0440\u043a\u0438. \u0412\u043e\u0440\u043e\u0442\u043d\u0438\u043a \u0441\u0442\u043e\u0439\u043a\u0430. \u041c\u044f\u0433\u043a\u0438\u0435 \u0448\u043a\u0443\u0440\u043a\u0438, \u0433\u0443\u0441\u0442\u043e\u0439, \u043f\u0440\u0438\u044f\u0442\u043d\u044b\u0439 \u043d\u0430 \u043e\u0449\u0443\u043f\u044c \u043c\u0435\u0445, \u0431\u043e\u0434\u0440\u0435\u043d\u044c\u043a\u0438\u0439 \u0432\u043e\u0440\u0441. \u041f\u043e\u0434\u043a\u043b\u0430\u0434\u043a\u0430 \u043e\u0442\u043a\u0440\u044b\u0442\u0430, \u0438\u043c\u0435\u044e\u0442\u0441\u044f \u043a\u0430\u0440\u043c\u0430\u043d\u044b, \u043a\u0443\u043b\u0438\u0441\u043a\u0430 \u043d\u0430 \u0442\u0430\u043b\u0438\u0438, \u0432 \u0440\u0443\u043a\u0430\u0432\u0430\u0445 \u0438 \u043f\u043e\u0434\u043e\u043b\u0435 \u0448\u0443\u0431\u043a\u0438.\u00a0\u0420\u0443\u043a\u0430\u0432\u0430 \u043c\u043e\u0436\u043d\u043e \u043e\u0442\u0441\u0442\u0435\u0433\u043d\u0443\u0442\u044c \u0438 \u043d\u043e\u0441\u0438\u0442\u044c 3\/4.<\/p>\n<p><iframe src=\"https:\/\/www.youtube.com\/embed\/WN3BrrIIjQM?rel=0&amp;controls=0\" width=\"420\" height=\"315\" frameborder=\"0\" allowfullscreen=\"allowfullscreen\"><\/iframe><\/p>\n","protected":false},"featured_media":763,"comment_status":"open","ping_status":"closed","template":"","meta":[],"product_brand":[],"product_cat":[77,15,12],"product_tag":[],"class_list":{"0":"post-574","1":"product","2":"type-product","3":"status-publish","4":"has-post-thumbnail","6":"product_cat-shuby-na-zakas","7":"product_cat-izdelija-iz-norki","8":"product_cat-polushubki","10":"first","11":"instock","12":"taxable","13":"shipping-taxable","14":"purchasable","15":"product-type-simple"},"yoast_head":"<!-- This site is optimized with the Yoast SEO plugin v26.5 - https:\/\/yoast.com\/wordpress\/plugins\/seo\/ -->\n<title>\u0428\u0443\u0431\u043a\u0430 \u0438\u0437 \u043d\u043e\u0440\u043a\u0438<\/title>\n<meta name=\"description\" content=\"\u0428\u0443\u0431\u043a\u0430 \u0438\u0437 \u043d\u043e\u0440\u043a\u0438\" \/>\n<meta name=\"robots\" content=\"index, follow, max-snippet:-1, max-image-preview:large, max-video-preview:-1\" \/>\n<link rel=\"canonical\" href=\"https:\/\/www.meha.lv\/shop\/sero-golubaja-norkovaja-shuba\/\" \/>\n<meta property=\"og:locale\" content=\"ru_RU\" \/>\n<meta property=\"og:type\" content=\"article\" \/>\n<meta property=\"og:title\" content=\"[:en]Gray - blue mink fur coat[:ru]\u0428\u0443\u0431\u043a\u0430 \u0438\u0437 \u043d\u043e\u0440\u043a\u0438[:LV]Puska\u017eoks no \u016bde\u013c\u0101d\u0101m[:]\" \/>\n<meta property=\"og:description\" content=\"[:en]Gray - blue mink fur coat[:ru]\u0428\u0443\u0431\u043a\u0430 \u0438\u0437 \u043d\u043e\u0440\u043a\u0438[:LV]Puska\u017eoks no \u016bde\u013c\u0101d\u0101m[:]\" \/>\n<meta property=\"og:url\" content=\"https:\/\/www.meha.lv\/shop\/sero-golubaja-norkovaja-shuba\/\" \/>\n<meta property=\"og:site_name\" content=\"\u0428\u0443\u0431\u044b \u0438 \u0448\u0430\u043f\u043a\u0438 \u0432 \u041b\u0430\u0442\u0432\u0438\u0438 \u0432 \u0420\u0438\u0433\u0435\" \/>\n<meta property=\"article:modified_time\" content=\"2025-06-06T10:18:40+00:00\" \/>\n<meta property=\"og:image\" content=\"https:\/\/www.meha.lv\/wp-content\/uploads\/2015\/12\/furrura60.jpg\" \/>\n\t<meta property=\"og:image:width\" content=\"1200\" \/>\n\t<meta property=\"og:image:height\" content=\"1749\" \/>\n\t<meta property=\"og:image:type\" content=\"image\/jpeg\" \/>\n<meta name=\"twitter:card\" content=\"summary_large_image\" \/>\n<script type=\"application\/ld+json\" class=\"yoast-schema-graph\">{\"@context\":\"https:\/\/schema.org\",\"@graph\":[{\"@type\":\"WebPage\",\"@id\":\"https:\/\/www.meha.lv\/shop\/sero-golubaja-norkovaja-shuba\/\",\"url\":\"https:\/\/www.meha.lv\/shop\/sero-golubaja-norkovaja-shuba\/\",\"name\":\"[:en]Gray - blue mink fur coat[:ru]\u0428\u0443\u0431\u043a\u0430 \u0438\u0437 \u043d\u043e\u0440\u043a\u0438[:LV]Puska\u017eoks no \u016bde\u013c\u0101d\u0101m[:]\",\"isPartOf\":{\"@id\":\"https:\/\/www.meha.lv\/#website\"},\"primaryImageOfPage\":{\"@id\":\"https:\/\/www.meha.lv\/shop\/sero-golubaja-norkovaja-shuba\/#primaryimage\"},\"image\":{\"@id\":\"https:\/\/www.meha.lv\/shop\/sero-golubaja-norkovaja-shuba\/#primaryimage\"},\"thumbnailUrl\":\"https:\/\/www.meha.lv\/wp-content\/uploads\/2015\/12\/furrura60.jpg\",\"datePublished\":\"2015-12-11T08:05:14+00:00\",\"dateModified\":\"2025-06-06T10:18:40+00:00\",\"description\":\"[:en]Gray - blue mink fur coat[:ru]\u0428\u0443\u0431\u043a\u0430 \u0438\u0437 \u043d\u043e\u0440\u043a\u0438[:LV]Puska\u017eoks no \u016bde\u013c\u0101d\u0101m[:]\",\"breadcrumb\":{\"@id\":\"https:\/\/www.meha.lv\/shop\/sero-golubaja-norkovaja-shuba\/#breadcrumb\"},\"inLanguage\":\"ru-RU\",\"potentialAction\":[{\"@type\":\"ReadAction\",\"target\":[\"https:\/\/www.meha.lv\/shop\/sero-golubaja-norkovaja-shuba\/\"]}]},{\"@type\":\"ImageObject\",\"inLanguage\":\"ru-RU\",\"@id\":\"https:\/\/www.meha.lv\/shop\/sero-golubaja-norkovaja-shuba\/#primaryimage\",\"url\":\"https:\/\/www.meha.lv\/wp-content\/uploads\/2015\/12\/furrura60.jpg\",\"contentUrl\":\"https:\/\/www.meha.lv\/wp-content\/uploads\/2015\/12\/furrura60.jpg\",\"width\":1200,\"height\":1749,\"caption\":\"\u0441\u0435\u0440\u043e\u0433\u043e\u043b\u0443\u0431\u0430\u044f \u043d\u043e\u0440\u043a\u0430\"},{\"@type\":\"BreadcrumbList\",\"@id\":\"https:\/\/www.meha.lv\/shop\/sero-golubaja-norkovaja-shuba\/#breadcrumb\",\"itemListElement\":[{\"@type\":\"ListItem\",\"position\":1,\"name\":\"Galvena\",\"item\":\"https:\/\/www.meha.lv\/\"},{\"@type\":\"ListItem\",\"position\":2,\"name\":\"Ka\u017eoku interneta veikals\",\"item\":\"https:\/\/www.meha.lv\/internet-magazin-sgub-i-mehovih-izdelis\/\"},{\"@type\":\"ListItem\",\"position\":3,\"name\":\"\u0422\u043e\u043b\u044c\u043a\u043e \u043d\u0430 \u0437\u0430\u043a\u0430\u0437\",\"item\":\"https:\/\/www.meha.lv\/product-category\/shuby-na-zakas\/\"},{\"@type\":\"ListItem\",\"position\":4,\"name\":\"[:ru]C\u0435\u0440\u043e &#8212; \u0433\u043e\u043b\u0443\u0431\u0430\u044f \u043d\u043e\u0440\u043a\u043e\u0432\u0430\u044f \u0448\u0443\u0431\u0430[:LV]Ka\u017eoks no \u016bde\u013c\u0101d\u0101m[:en]Gray &#8212; blue mink fur coat[:]\"}]},{\"@type\":\"WebSite\",\"@id\":\"https:\/\/www.meha.lv\/#website\",\"url\":\"https:\/\/www.meha.lv\/\",\"name\":\"\u0428\u0443\u0431\u044b \u0438 \u0448\u0430\u043f\u043a\u0438 \u0432 \u041b\u0430\u0442\u0432\u0438\u0438 \u0432 \u0420\u0438\u0433\u0435\",\"description\":\"\u041c\u0430\u0433\u0430\u0437\u0438\u043d \u0448\u0443\u0431 \u0438 \u0448\u0430\u043f\u043e\u043a \u0438\u0437 \u043d\u043e\u0440\u043a\u0438, \u0431\u043e\u0431\u0440\u0430, \u043a\u0443\u043d\u0438\u0446\u044b, \u043b\u0438\u0441\u044b,\u043a\u0430\u0440\u0430\u043a\u0443\u043b\u044c\u0447\u0438, \u043b\u0430\u043c\u044b, \u0448\u0438\u043d\u0448\u0438\u043b\u043b\u044b, \u043f\u043e\u043d\u0438 \u0438 \u0447\u0435\u0440\u043d\u043e\u0431\u0443\u0440\u043a\u0438.\",\"publisher\":{\"@id\":\"https:\/\/www.meha.lv\/#organization\"},\"potentialAction\":[{\"@type\":\"SearchAction\",\"target\":{\"@type\":\"EntryPoint\",\"urlTemplate\":\"https:\/\/www.meha.lv\/?s={search_term_string}\"},\"query-input\":{\"@type\":\"PropertyValueSpecification\",\"valueRequired\":true,\"valueName\":\"search_term_string\"}}],\"inLanguage\":\"ru-RU\"},{\"@type\":\"Organization\",\"@id\":\"https:\/\/www.meha.lv\/#organization\",\"name\":\"Ik \\\"Holidays group\\\"\",\"url\":\"https:\/\/www.meha.lv\/\",\"logo\":{\"@type\":\"ImageObject\",\"inLanguage\":\"ru-RU\",\"@id\":\"https:\/\/www.meha.lv\/#\/schema\/logo\/image\/\",\"url\":\"https:\/\/www.meha.lv\/wp-content\/uploads\/2018\/12\/DSC_4476.jpg\",\"contentUrl\":\"https:\/\/www.meha.lv\/wp-content\/uploads\/2018\/12\/DSC_4476.jpg\",\"width\":2048,\"height\":1363,\"caption\":\"Ik \\\"Holidays group\\\"\"},\"image\":{\"@id\":\"https:\/\/www.meha.lv\/#\/schema\/logo\/image\/\"}}]}<\/script>\n<!-- \/ Yoast SEO plugin. -->","yoast_head_json":{"title":"\u0428\u0443\u0431\u043a\u0430 \u0438\u0437 \u043d\u043e\u0440\u043a\u0438","description":"\u0428\u0443\u0431\u043a\u0430 \u0438\u0437 \u043d\u043e\u0440\u043a\u0438","robots":{"index":"index","follow":"follow","max-snippet":"max-snippet:-1","max-image-preview":"max-image-preview:large","max-video-preview":"max-video-preview:-1"},"canonical":"https:\/\/www.meha.lv\/shop\/sero-golubaja-norkovaja-shuba\/","og_locale":"ru_RU","og_type":"article","og_title":"[:en]Gray - blue mink fur coat[:ru]\u0428\u0443\u0431\u043a\u0430 \u0438\u0437 \u043d\u043e\u0440\u043a\u0438[:LV]Puska\u017eoks no \u016bde\u013c\u0101d\u0101m[:]","og_description":"[:en]Gray - blue mink fur coat[:ru]\u0428\u0443\u0431\u043a\u0430 \u0438\u0437 \u043d\u043e\u0440\u043a\u0438[:LV]Puska\u017eoks no \u016bde\u013c\u0101d\u0101m[:]","og_url":"https:\/\/www.meha.lv\/shop\/sero-golubaja-norkovaja-shuba\/","og_site_name":"\u0428\u0443\u0431\u044b \u0438 \u0448\u0430\u043f\u043a\u0438 \u0432 \u041b\u0430\u0442\u0432\u0438\u0438 \u0432 \u0420\u0438\u0433\u0435","article_modified_time":"2025-06-06T10:18:40+00:00","og_image":[{"width":1200,"height":1749,"url":"https:\/\/www.meha.lv\/wp-content\/uploads\/2015\/12\/furrura60.jpg","type":"image\/jpeg"}],"twitter_card":"summary_large_image","schema":{"@context":"https:\/\/schema.org","@graph":[{"@type":"WebPage","@id":"https:\/\/www.meha.lv\/shop\/sero-golubaja-norkovaja-shuba\/","url":"https:\/\/www.meha.lv\/shop\/sero-golubaja-norkovaja-shuba\/","name":"[:en]Gray - blue mink fur coat[:ru]\u0428\u0443\u0431\u043a\u0430 \u0438\u0437 \u043d\u043e\u0440\u043a\u0438[:LV]Puska\u017eoks no \u016bde\u013c\u0101d\u0101m[:]","isPartOf":{"@id":"https:\/\/www.meha.lv\/#website"},"primaryImageOfPage":{"@id":"https:\/\/www.meha.lv\/shop\/sero-golubaja-norkovaja-shuba\/#primaryimage"},"image":{"@id":"https:\/\/www.meha.lv\/shop\/sero-golubaja-norkovaja-shuba\/#primaryimage"},"thumbnailUrl":"https:\/\/www.meha.lv\/wp-content\/uploads\/2015\/12\/furrura60.jpg","datePublished":"2015-12-11T08:05:14+00:00","dateModified":"2025-06-06T10:18:40+00:00","description":"[:en]Gray - blue mink fur coat[:ru]\u0428\u0443\u0431\u043a\u0430 \u0438\u0437 \u043d\u043e\u0440\u043a\u0438[:LV]Puska\u017eoks no \u016bde\u013c\u0101d\u0101m[:]","breadcrumb":{"@id":"https:\/\/www.meha.lv\/shop\/sero-golubaja-norkovaja-shuba\/#breadcrumb"},"inLanguage":"ru-RU","potentialAction":[{"@type":"ReadAction","target":["https:\/\/www.meha.lv\/shop\/sero-golubaja-norkovaja-shuba\/"]}]},{"@type":"ImageObject","inLanguage":"ru-RU","@id":"https:\/\/www.meha.lv\/shop\/sero-golubaja-norkovaja-shuba\/#primaryimage","url":"https:\/\/www.meha.lv\/wp-content\/uploads\/2015\/12\/furrura60.jpg","contentUrl":"https:\/\/www.meha.lv\/wp-content\/uploads\/2015\/12\/furrura60.jpg","width":1200,"height":1749,"caption":"\u0441\u0435\u0440\u043e\u0433\u043e\u043b\u0443\u0431\u0430\u044f \u043d\u043e\u0440\u043a\u0430"},{"@type":"BreadcrumbList","@id":"https:\/\/www.meha.lv\/shop\/sero-golubaja-norkovaja-shuba\/#breadcrumb","itemListElement":[{"@type":"ListItem","position":1,"name":"Galvena","item":"https:\/\/www.meha.lv\/"},{"@type":"ListItem","position":2,"name":"Ka\u017eoku interneta veikals","item":"https:\/\/www.meha.lv\/internet-magazin-sgub-i-mehovih-izdelis\/"},{"@type":"ListItem","position":3,"name":"\u0422\u043e\u043b\u044c\u043a\u043e \u043d\u0430 \u0437\u0430\u043a\u0430\u0437","item":"https:\/\/www.meha.lv\/product-category\/shuby-na-zakas\/"},{"@type":"ListItem","position":4,"name":"[:ru]C\u0435\u0440\u043e &#8212; \u0433\u043e\u043b\u0443\u0431\u0430\u044f \u043d\u043e\u0440\u043a\u043e\u0432\u0430\u044f \u0448\u0443\u0431\u0430[:LV]Ka\u017eoks no \u016bde\u013c\u0101d\u0101m[:en]Gray &#8212; blue mink fur coat[:]"}]},{"@type":"WebSite","@id":"https:\/\/www.meha.lv\/#website","url":"https:\/\/www.meha.lv\/","name":"\u0428\u0443\u0431\u044b \u0438 \u0448\u0430\u043f\u043a\u0438 \u0432 \u041b\u0430\u0442\u0432\u0438\u0438 \u0432 \u0420\u0438\u0433\u0435","description":"\u041c\u0430\u0433\u0430\u0437\u0438\u043d \u0448\u0443\u0431 \u0438 \u0448\u0430\u043f\u043e\u043a \u0438\u0437 \u043d\u043e\u0440\u043a\u0438, \u0431\u043e\u0431\u0440\u0430, \u043a\u0443\u043d\u0438\u0446\u044b, \u043b\u0438\u0441\u044b,\u043a\u0430\u0440\u0430\u043a\u0443\u043b\u044c\u0447\u0438, \u043b\u0430\u043c\u044b, \u0448\u0438\u043d\u0448\u0438\u043b\u043b\u044b, \u043f\u043e\u043d\u0438 \u0438 \u0447\u0435\u0440\u043d\u043e\u0431\u0443\u0440\u043a\u0438.","publisher":{"@id":"https:\/\/www.meha.lv\/#organization"},"potentialAction":[{"@type":"SearchAction","target":{"@type":"EntryPoint","urlTemplate":"https:\/\/www.meha.lv\/?s={search_term_string}"},"query-input":{"@type":"PropertyValueSpecification","valueRequired":true,"valueName":"search_term_string"}}],"inLanguage":"ru-RU"},{"@type":"Organization","@id":"https:\/\/www.meha.lv\/#organization","name":"Ik \"Holidays group\"","url":"https:\/\/www.meha.lv\/","logo":{"@type":"ImageObject","inLanguage":"ru-RU","@id":"https:\/\/www.meha.lv\/#\/schema\/logo\/image\/","url":"https:\/\/www.meha.lv\/wp-content\/uploads\/2018\/12\/DSC_4476.jpg","contentUrl":"https:\/\/www.meha.lv\/wp-content\/uploads\/2018\/12\/DSC_4476.jpg","width":2048,"height":1363,"caption":"Ik \"Holidays group\""},"image":{"@id":"https:\/\/www.meha.lv\/#\/schema\/logo\/image\/"}}]}},"_links":{"self":[{"href":"https:\/\/www.meha.lv\/ru\/wp-json\/wp\/v2\/product\/574","targetHints":{"allow":["GET"]}}],"collection":[{"href":"https:\/\/www.meha.lv\/ru\/wp-json\/wp\/v2\/product"}],"about":[{"href":"https:\/\/www.meha.lv\/ru\/wp-json\/wp\/v2\/types\/product"}],"replies":[{"embeddable":true,"href":"https:\/\/www.meha.lv\/ru\/wp-json\/wp\/v2\/comments?post=574"}],"wp:featuredmedia":[{"embeddable":true,"href":"https:\/\/www.meha.lv\/ru\/wp-json\/wp\/v2\/media\/763"}],"wp:attachment":[{"href":"https:\/\/www.meha.lv\/ru\/wp-json\/wp\/v2\/media?parent=574"}],"wp:term":[{"taxonomy":"product_brand","embeddable":true,"href":"https:\/\/www.meha.lv\/ru\/wp-json\/wp\/v2\/product_brand?post=574"},{"taxonomy":"product_cat","embeddable":true,"href":"https:\/\/www.meha.lv\/ru\/wp-json\/wp\/v2\/product_cat?post=574"},{"taxonomy":"product_tag","embeddable":true,"href":"https:\/\/www.meha.lv\/ru\/wp-json\/wp\/v2\/product_tag?post=574"}],"curies":[{"name":"wp","href":"https:\/\/api.w.org\/{rel}","templated":true}]}}