{"id":278,"date":"2015-09-30T21:14:31","date_gmt":"2015-09-30T18:14:31","guid":{"rendered":"http:\/\/www.meha.lv\/shop\/shuby\/kazokadas-duraini-ar-sudrablapsas-gabaliem-un-adu\/"},"modified":"2025-06-07T00:13:46","modified_gmt":"2025-06-06T21:13:46","slug":"kazokadas-duraini-ar-sudrablapsas-gabaliem-un-adu","status":"publish","type":"product","link":"https:\/\/www.meha.lv\/ru\/shop\/kazokadas-duraini-ar-sudrablapsas-gabaliem-un-adu\/","title":{"rendered":"\u041c\u0435\u0445\u043e\u0432\u044b\u0435 \u0440\u0443\u043a\u0430\u0432\u0438\u0446\u044b \u0447\u0435\u0440\u043d\u043e\u0431\u0443\u0440\u043a\u0438 \u0441 \u043a\u043e\u0436\u0435\u0439"},"content":{"rendered":"","protected":false},"excerpt":{"rendered":"","protected":false},"featured_media":279,"comment_status":"open","ping_status":"closed","template":"","meta":[],"product_brand":[],"product_cat":[9,32],"product_tag":[],"class_list":{"0":"post-278","1":"product","2":"type-product","3":"status-publish","4":"has-post-thumbnail","6":"product_cat-shuby","7":"product_cat-mehovye-varezhki-kuitj-v-rige","9":"first","10":"instock","11":"sale","12":"taxable","13":"shipping-taxable","14":"purchasable","15":"product-type-simple"},"yoast_head":"<!-- This site is optimized with the Yoast SEO plugin v26.5 - https:\/\/yoast.com\/wordpress\/plugins\/seo\/ -->\n<title>\u043d\u043e\u0440\u043a\u043e\u0432\u044b\u0439 \u0448\u0430\u0440\u0444 \u043a\u0443\u043f\u0438\u0442\u044c \u0432 \u0440\u0438\u0433\u0435<\/title>\n<meta name=\"description\" content=\"\u0433\u0434\u0435 \u043a\u0443\u043f\u0438\u0442\u044c \u043d\u043e\u0440\u043a\u043e\u0432\u044b\u0439 \u0448\u0430\u0440\u0444 \u0432 \u0440\u0438\u0433\u0435\" \/>\n<meta name=\"robots\" content=\"index, follow, max-snippet:-1, max-image-preview:large, max-video-preview:-1\" \/>\n<link rel=\"canonical\" href=\"https:\/\/www.meha.lv\/shop\/kazokadas-duraini-ar-sudrablapsas-gabaliem-un-adu\/\" \/>\n<meta property=\"og:locale\" content=\"ru_RU\" \/>\n<meta property=\"og:type\" content=\"article\" \/>\n<meta property=\"og:title\" content=\"[:ru] \u043d\u043e\u0440\u043a\u043e\u0432\u044b\u0439 \u0448\u0430\u0440\u0444 \u043a\u0443\u043f\u0438\u0442\u044c \u0432 \u0440\u0438\u0433\u0435[:LV]Ka\u017eok\u0101das durai\u0146i ar sudrablapsas gabaliem un \u0101du nopirkt R\u012bg\u0101[:]\" \/>\n<meta property=\"og:description\" content=\"{:ru}\u0433\u0434\u0435 \u043a\u0443\u043f\u0438\u0442\u044c \u043d\u043e\u0440\u043a\u043e\u0432\u044b\u0439 \u0448\u0430\u0440\u0444 \u0432 \u0440\u0438\u0433\u0435{:LV}Ka\u017eok\u0101das durai\u0146i ar sudrablapsas gabaliem un \u0101du veikals{:}\" \/>\n<meta property=\"og:url\" content=\"https:\/\/www.meha.lv\/shop\/kazokadas-duraini-ar-sudrablapsas-gabaliem-un-adu\/\" \/>\n<meta property=\"og:site_name\" content=\"\u0428\u0443\u0431\u044b \u0438 \u0448\u0430\u043f\u043a\u0438 \u0432 \u041b\u0430\u0442\u0432\u0438\u0438 \u0432 \u0420\u0438\u0433\u0435\" \/>\n<meta property=\"article:modified_time\" content=\"2025-06-06T21:13:46+00:00\" \/>\n<meta property=\"og:image\" content=\"https:\/\/www.meha.lv\/wp-content\/uploads\/2015\/09\/IMGP33321-scaled.jpg\" \/>\n\t<meta property=\"og:image:width\" content=\"2048\" \/>\n\t<meta property=\"og:image:height\" content=\"1365\" \/>\n\t<meta property=\"og:image:type\" content=\"image\/jpeg\" \/>\n<meta name=\"twitter:card\" content=\"summary_large_image\" \/>\n<script type=\"application\/ld+json\" class=\"yoast-schema-graph\">{\"@context\":\"https:\/\/schema.org\",\"@graph\":[{\"@type\":\"WebPage\",\"@id\":\"https:\/\/www.meha.lv\/shop\/kazokadas-duraini-ar-sudrablapsas-gabaliem-un-adu\/\",\"url\":\"https:\/\/www.meha.lv\/shop\/kazokadas-duraini-ar-sudrablapsas-gabaliem-un-adu\/\",\"name\":\"[:ru] \u043d\u043e\u0440\u043a\u043e\u0432\u044b\u0439 \u0448\u0430\u0440\u0444 \u043a\u0443\u043f\u0438\u0442\u044c \u0432 \u0440\u0438\u0433\u0435[:LV]Ka\u017eok\u0101das durai\u0146i ar sudrablapsas gabaliem un \u0101du nopirkt R\u012bg\u0101[:]\",\"isPartOf\":{\"@id\":\"https:\/\/www.meha.lv\/#website\"},\"primaryImageOfPage\":{\"@id\":\"https:\/\/www.meha.lv\/shop\/kazokadas-duraini-ar-sudrablapsas-gabaliem-un-adu\/#primaryimage\"},\"image\":{\"@id\":\"https:\/\/www.meha.lv\/shop\/kazokadas-duraini-ar-sudrablapsas-gabaliem-un-adu\/#primaryimage\"},\"thumbnailUrl\":\"https:\/\/www.meha.lv\/wp-content\/uploads\/2015\/09\/IMGP33321-scaled.jpg\",\"datePublished\":\"2015-09-30T18:14:31+00:00\",\"dateModified\":\"2025-06-06T21:13:46+00:00\",\"description\":\"{:ru}\u0433\u0434\u0435 \u043a\u0443\u043f\u0438\u0442\u044c \u043d\u043e\u0440\u043a\u043e\u0432\u044b\u0439 \u0448\u0430\u0440\u0444 \u0432 \u0440\u0438\u0433\u0435{:LV}Ka\u017eok\u0101das durai\u0146i ar sudrablapsas gabaliem un \u0101du veikals{:}\",\"breadcrumb\":{\"@id\":\"https:\/\/www.meha.lv\/shop\/kazokadas-duraini-ar-sudrablapsas-gabaliem-un-adu\/#breadcrumb\"},\"inLanguage\":\"ru-RU\",\"potentialAction\":[{\"@type\":\"ReadAction\",\"target\":[\"https:\/\/www.meha.lv\/shop\/kazokadas-duraini-ar-sudrablapsas-gabaliem-un-adu\/\"]}]},{\"@type\":\"ImageObject\",\"inLanguage\":\"ru-RU\",\"@id\":\"https:\/\/www.meha.lv\/shop\/kazokadas-duraini-ar-sudrablapsas-gabaliem-un-adu\/#primaryimage\",\"url\":\"https:\/\/www.meha.lv\/wp-content\/uploads\/2015\/09\/IMGP33321-scaled.jpg\",\"contentUrl\":\"https:\/\/www.meha.lv\/wp-content\/uploads\/2015\/09\/IMGP33321-scaled.jpg\",\"width\":2048,\"height\":1365,\"caption\":\"Ka\u017eok\u0101das cimdi\"},{\"@type\":\"BreadcrumbList\",\"@id\":\"https:\/\/www.meha.lv\/shop\/kazokadas-duraini-ar-sudrablapsas-gabaliem-un-adu\/#breadcrumb\",\"itemListElement\":[{\"@type\":\"ListItem\",\"position\":1,\"name\":\"Galvena\",\"item\":\"https:\/\/www.meha.lv\/\"},{\"@type\":\"ListItem\",\"position\":2,\"name\":\"Ka\u017eoku interneta veikals\",\"item\":\"https:\/\/www.meha.lv\/internet-magazin-sgub-i-mehovih-izdelis\/\"},{\"@type\":\"ListItem\",\"position\":3,\"name\":\"\u0418\u0437\u0434\u0435\u043b\u0438\u044f \u041b\u0430\u0442\u0432\u0438\u0439\u0441\u043a\u043e\u0433\u043e \u043f\u0440\u043e\u0438\u0437\u0432\u043e\u0434\u0441\u0442\u0432\u0430\",\"item\":\"https:\/\/www.meha.lv\/product-category\/shuby\/\"},{\"@type\":\"ListItem\",\"position\":4,\"name\":\"[:ru]\u041c\u0435\u0445\u043e\u0432\u044b\u0435 \u0440\u0443\u043a\u0430\u0432\u0438\u0446\u044b \u0447\u0435\u0440\u043d\u043e\u0431\u0443\u0440\u043a\u0438 \u0441 \u043a\u043e\u0436\u0435\u0439[:LV]Ka\u017eok\u0101das durai\u0146i ar sudrablapsas gabaliem un \u0101du [:en]Fur mittens of red fox skin[:]\"}]},{\"@type\":\"WebSite\",\"@id\":\"https:\/\/www.meha.lv\/#website\",\"url\":\"https:\/\/www.meha.lv\/\",\"name\":\"\u0428\u0443\u0431\u044b \u0438 \u0448\u0430\u043f\u043a\u0438 \u0432 \u041b\u0430\u0442\u0432\u0438\u0438 \u0432 \u0420\u0438\u0433\u0435\",\"description\":\"\u041c\u0430\u0433\u0430\u0437\u0438\u043d \u0448\u0443\u0431 \u0438 \u0448\u0430\u043f\u043e\u043a \u0438\u0437 \u043d\u043e\u0440\u043a\u0438, \u0431\u043e\u0431\u0440\u0430, \u043a\u0443\u043d\u0438\u0446\u044b, \u043b\u0438\u0441\u044b,\u043a\u0430\u0440\u0430\u043a\u0443\u043b\u044c\u0447\u0438, \u043b\u0430\u043c\u044b, \u0448\u0438\u043d\u0448\u0438\u043b\u043b\u044b, \u043f\u043e\u043d\u0438 \u0438 \u0447\u0435\u0440\u043d\u043e\u0431\u0443\u0440\u043a\u0438.\",\"publisher\":{\"@id\":\"https:\/\/www.meha.lv\/#organization\"},\"potentialAction\":[{\"@type\":\"SearchAction\",\"target\":{\"@type\":\"EntryPoint\",\"urlTemplate\":\"https:\/\/www.meha.lv\/?s={search_term_string}\"},\"query-input\":{\"@type\":\"PropertyValueSpecification\",\"valueRequired\":true,\"valueName\":\"search_term_string\"}}],\"inLanguage\":\"ru-RU\"},{\"@type\":\"Organization\",\"@id\":\"https:\/\/www.meha.lv\/#organization\",\"name\":\"Ik \\\"Holidays group\\\"\",\"url\":\"https:\/\/www.meha.lv\/\",\"logo\":{\"@type\":\"ImageObject\",\"inLanguage\":\"ru-RU\",\"@id\":\"https:\/\/www.meha.lv\/#\/schema\/logo\/image\/\",\"url\":\"https:\/\/www.meha.lv\/wp-content\/uploads\/2018\/12\/DSC_4476.jpg\",\"contentUrl\":\"https:\/\/www.meha.lv\/wp-content\/uploads\/2018\/12\/DSC_4476.jpg\",\"width\":2048,\"height\":1363,\"caption\":\"Ik \\\"Holidays group\\\"\"},\"image\":{\"@id\":\"https:\/\/www.meha.lv\/#\/schema\/logo\/image\/\"}}]}<\/script>\n<!-- \/ Yoast SEO plugin. -->","yoast_head_json":{"title":"\u043d\u043e\u0440\u043a\u043e\u0432\u044b\u0439 \u0448\u0430\u0440\u0444 \u043a\u0443\u043f\u0438\u0442\u044c \u0432 \u0440\u0438\u0433\u0435","description":"\u0433\u0434\u0435 \u043a\u0443\u043f\u0438\u0442\u044c \u043d\u043e\u0440\u043a\u043e\u0432\u044b\u0439 \u0448\u0430\u0440\u0444 \u0432 \u0440\u0438\u0433\u0435","robots":{"index":"index","follow":"follow","max-snippet":"max-snippet:-1","max-image-preview":"max-image-preview:large","max-video-preview":"max-video-preview:-1"},"canonical":"https:\/\/www.meha.lv\/shop\/kazokadas-duraini-ar-sudrablapsas-gabaliem-un-adu\/","og_locale":"ru_RU","og_type":"article","og_title":"[:ru] \u043d\u043e\u0440\u043a\u043e\u0432\u044b\u0439 \u0448\u0430\u0440\u0444 \u043a\u0443\u043f\u0438\u0442\u044c \u0432 \u0440\u0438\u0433\u0435[:LV]Ka\u017eok\u0101das durai\u0146i ar sudrablapsas gabaliem un \u0101du nopirkt R\u012bg\u0101[:]","og_description":"{:ru}\u0433\u0434\u0435 \u043a\u0443\u043f\u0438\u0442\u044c \u043d\u043e\u0440\u043a\u043e\u0432\u044b\u0439 \u0448\u0430\u0440\u0444 \u0432 \u0440\u0438\u0433\u0435{:LV}Ka\u017eok\u0101das durai\u0146i ar sudrablapsas gabaliem un \u0101du veikals{:}","og_url":"https:\/\/www.meha.lv\/shop\/kazokadas-duraini-ar-sudrablapsas-gabaliem-un-adu\/","og_site_name":"\u0428\u0443\u0431\u044b \u0438 \u0448\u0430\u043f\u043a\u0438 \u0432 \u041b\u0430\u0442\u0432\u0438\u0438 \u0432 \u0420\u0438\u0433\u0435","article_modified_time":"2025-06-06T21:13:46+00:00","og_image":[{"width":2048,"height":1365,"url":"https:\/\/www.meha.lv\/wp-content\/uploads\/2015\/09\/IMGP33321-scaled.jpg","type":"image\/jpeg"}],"twitter_card":"summary_large_image","schema":{"@context":"https:\/\/schema.org","@graph":[{"@type":"WebPage","@id":"https:\/\/www.meha.lv\/shop\/kazokadas-duraini-ar-sudrablapsas-gabaliem-un-adu\/","url":"https:\/\/www.meha.lv\/shop\/kazokadas-duraini-ar-sudrablapsas-gabaliem-un-adu\/","name":"[:ru] \u043d\u043e\u0440\u043a\u043e\u0432\u044b\u0439 \u0448\u0430\u0440\u0444 \u043a\u0443\u043f\u0438\u0442\u044c \u0432 \u0440\u0438\u0433\u0435[:LV]Ka\u017eok\u0101das durai\u0146i ar sudrablapsas gabaliem un \u0101du nopirkt R\u012bg\u0101[:]","isPartOf":{"@id":"https:\/\/www.meha.lv\/#website"},"primaryImageOfPage":{"@id":"https:\/\/www.meha.lv\/shop\/kazokadas-duraini-ar-sudrablapsas-gabaliem-un-adu\/#primaryimage"},"image":{"@id":"https:\/\/www.meha.lv\/shop\/kazokadas-duraini-ar-sudrablapsas-gabaliem-un-adu\/#primaryimage"},"thumbnailUrl":"https:\/\/www.meha.lv\/wp-content\/uploads\/2015\/09\/IMGP33321-scaled.jpg","datePublished":"2015-09-30T18:14:31+00:00","dateModified":"2025-06-06T21:13:46+00:00","description":"{:ru}\u0433\u0434\u0435 \u043a\u0443\u043f\u0438\u0442\u044c \u043d\u043e\u0440\u043a\u043e\u0432\u044b\u0439 \u0448\u0430\u0440\u0444 \u0432 \u0440\u0438\u0433\u0435{:LV}Ka\u017eok\u0101das durai\u0146i ar sudrablapsas gabaliem un \u0101du veikals{:}","breadcrumb":{"@id":"https:\/\/www.meha.lv\/shop\/kazokadas-duraini-ar-sudrablapsas-gabaliem-un-adu\/#breadcrumb"},"inLanguage":"ru-RU","potentialAction":[{"@type":"ReadAction","target":["https:\/\/www.meha.lv\/shop\/kazokadas-duraini-ar-sudrablapsas-gabaliem-un-adu\/"]}]},{"@type":"ImageObject","inLanguage":"ru-RU","@id":"https:\/\/www.meha.lv\/shop\/kazokadas-duraini-ar-sudrablapsas-gabaliem-un-adu\/#primaryimage","url":"https:\/\/www.meha.lv\/wp-content\/uploads\/2015\/09\/IMGP33321-scaled.jpg","contentUrl":"https:\/\/www.meha.lv\/wp-content\/uploads\/2015\/09\/IMGP33321-scaled.jpg","width":2048,"height":1365,"caption":"Ka\u017eok\u0101das cimdi"},{"@type":"BreadcrumbList","@id":"https:\/\/www.meha.lv\/shop\/kazokadas-duraini-ar-sudrablapsas-gabaliem-un-adu\/#breadcrumb","itemListElement":[{"@type":"ListItem","position":1,"name":"Galvena","item":"https:\/\/www.meha.lv\/"},{"@type":"ListItem","position":2,"name":"Ka\u017eoku interneta veikals","item":"https:\/\/www.meha.lv\/internet-magazin-sgub-i-mehovih-izdelis\/"},{"@type":"ListItem","position":3,"name":"\u0418\u0437\u0434\u0435\u043b\u0438\u044f \u041b\u0430\u0442\u0432\u0438\u0439\u0441\u043a\u043e\u0433\u043e \u043f\u0440\u043e\u0438\u0437\u0432\u043e\u0434\u0441\u0442\u0432\u0430","item":"https:\/\/www.meha.lv\/product-category\/shuby\/"},{"@type":"ListItem","position":4,"name":"[:ru]\u041c\u0435\u0445\u043e\u0432\u044b\u0435 \u0440\u0443\u043a\u0430\u0432\u0438\u0446\u044b \u0447\u0435\u0440\u043d\u043e\u0431\u0443\u0440\u043a\u0438 \u0441 \u043a\u043e\u0436\u0435\u0439[:LV]Ka\u017eok\u0101das durai\u0146i ar sudrablapsas gabaliem un \u0101du [:en]Fur mittens of red fox skin[:]"}]},{"@type":"WebSite","@id":"https:\/\/www.meha.lv\/#website","url":"https:\/\/www.meha.lv\/","name":"\u0428\u0443\u0431\u044b \u0438 \u0448\u0430\u043f\u043a\u0438 \u0432 \u041b\u0430\u0442\u0432\u0438\u0438 \u0432 \u0420\u0438\u0433\u0435","description":"\u041c\u0430\u0433\u0430\u0437\u0438\u043d \u0448\u0443\u0431 \u0438 \u0448\u0430\u043f\u043e\u043a \u0438\u0437 \u043d\u043e\u0440\u043a\u0438, \u0431\u043e\u0431\u0440\u0430, \u043a\u0443\u043d\u0438\u0446\u044b, \u043b\u0438\u0441\u044b,\u043a\u0430\u0440\u0430\u043a\u0443\u043b\u044c\u0447\u0438, \u043b\u0430\u043c\u044b, \u0448\u0438\u043d\u0448\u0438\u043b\u043b\u044b, \u043f\u043e\u043d\u0438 \u0438 \u0447\u0435\u0440\u043d\u043e\u0431\u0443\u0440\u043a\u0438.","publisher":{"@id":"https:\/\/www.meha.lv\/#organization"},"potentialAction":[{"@type":"SearchAction","target":{"@type":"EntryPoint","urlTemplate":"https:\/\/www.meha.lv\/?s={search_term_string}"},"query-input":{"@type":"PropertyValueSpecification","valueRequired":true,"valueName":"search_term_string"}}],"inLanguage":"ru-RU"},{"@type":"Organization","@id":"https:\/\/www.meha.lv\/#organization","name":"Ik \"Holidays group\"","url":"https:\/\/www.meha.lv\/","logo":{"@type":"ImageObject","inLanguage":"ru-RU","@id":"https:\/\/www.meha.lv\/#\/schema\/logo\/image\/","url":"https:\/\/www.meha.lv\/wp-content\/uploads\/2018\/12\/DSC_4476.jpg","contentUrl":"https:\/\/www.meha.lv\/wp-content\/uploads\/2018\/12\/DSC_4476.jpg","width":2048,"height":1363,"caption":"Ik \"Holidays group\""},"image":{"@id":"https:\/\/www.meha.lv\/#\/schema\/logo\/image\/"}}]}},"_links":{"self":[{"href":"https:\/\/www.meha.lv\/ru\/wp-json\/wp\/v2\/product\/278","targetHints":{"allow":["GET"]}}],"collection":[{"href":"https:\/\/www.meha.lv\/ru\/wp-json\/wp\/v2\/product"}],"about":[{"href":"https:\/\/www.meha.lv\/ru\/wp-json\/wp\/v2\/types\/product"}],"replies":[{"embeddable":true,"href":"https:\/\/www.meha.lv\/ru\/wp-json\/wp\/v2\/comments?post=278"}],"wp:featuredmedia":[{"embeddable":true,"href":"https:\/\/www.meha.lv\/ru\/wp-json\/wp\/v2\/media\/279"}],"wp:attachment":[{"href":"https:\/\/www.meha.lv\/ru\/wp-json\/wp\/v2\/media?parent=278"}],"wp:term":[{"taxonomy":"product_brand","embeddable":true,"href":"https:\/\/www.meha.lv\/ru\/wp-json\/wp\/v2\/product_brand?post=278"},{"taxonomy":"product_cat","embeddable":true,"href":"https:\/\/www.meha.lv\/ru\/wp-json\/wp\/v2\/product_cat?post=278"},{"taxonomy":"product_tag","embeddable":true,"href":"https:\/\/www.meha.lv\/ru\/wp-json\/wp\/v2\/product_tag?post=278"}],"curies":[{"name":"wp","href":"https:\/\/api.w.org\/{rel}","templated":true}]}}