{"id":2516,"date":"2023-02-09T11:33:30","date_gmt":"2023-02-09T08:33:30","guid":{"rendered":"https:\/\/www.meha.lv\/?post_type=product&#038;p=2516"},"modified":"2026-05-08T03:09:19","modified_gmt":"2026-05-08T00:09:19","slug":"shuby-iz-soborja-v-estonii","status":"publish","type":"product","link":"https:\/\/www.meha.lv\/ru\/shop\/shuby-iz-soborja-v-estonii\/","title":{"rendered":"\u0428\u0443\u0431\u044b \u0438\u0437 \u0441\u043e\u0431\u043e\u043b\u044f (\u0435\u0441\u0442\u044c \u043d\u0430 \u043c\u0435\u0441\u0442\u0435 \u0432 \u042d\u0441\u0442\u043e\u043d\u0438\u0438 \u0432 \u0422\u0430\u043b\u043b\u0438\u043d\u0435)"},"content":{"rendered":"","protected":false},"excerpt":{"rendered":"<p><strong>\u0428\u0443\u0431\u044b \u0438\u0437 \u0441\u043e\u0431\u043e\u043b\u044f, \u0435\u0441\u0442\u044c \u043d\u0430 \u043c\u0435\u0441\u0442\u0435 \u0432 \u043c\u0430\u0433\u0430\u0437\u0438\u043d\u0435 \u042d\u0441\u0442\u043e\u043d\u0438\u0438 \u0432 \u0422\u0430\u043b\u043b\u0438\u043d\u0435. \u041f\u043e \u0436\u0435\u043b\u0430\u043d\u0438\u044e \u043a\u043b\u0438\u0435\u043d\u0442\u0430 \u0434\u043e\u0441\u0442\u0430\u0432\u043a\u0430 \u0432 \u041b\u0430\u0442\u0432\u0438\u044e \u0432 \u0442\u0435\u0447\u0435\u043d\u0438\u0435 2-3 \u0440\u0430\u0431\u043e\u0447\u0438\u0445 \u0434\u043d\u0435\u0439.\u00a0<\/strong><br \/>\n\u041a\u043e\u0440\u043e\u0442\u043a\u0430\u044f 60 cm, M\/L 6000,- \u0438 \u0434\u043b\u0438\u043d\u043d\u044b\u0435 90 cm, S\/M 9000,<\/p>\n<p>\u041f\u0440\u043e\u0438\u0437\u0432\u043e\u0434\u0441\u0442\u0432\u043e \u0413\u0440\u0435\u0446\u0438\u044f<\/p>\n<p><strong><\/p>\n","protected":false},"featured_media":2509,"comment_status":"open","ping_status":"closed","template":"","meta":[],"product_brand":[],"product_cat":[83,79,80,78,43,10],"product_tag":[],"class_list":{"0":"post-2516","1":"product","2":"type-product","3":"status-publish","4":"has-post-thumbnail","6":"product_cat-fur-coats-in-tallinn","7":"product_cat-izdelija-iz-sobolja","8":"product_cat-avtoledi-shuby","9":"product_cat-shuby-iz-grecii","10":"product_cat-rasprodazha-shub","11":"product_cat-magazin-shub-v-rige","12":"pa_fur-coats-in-tallinn-fur-coats-in-tallinn","14":"first","15":"instock","16":"featured","17":"taxable","18":"shipping-taxable","19":"purchasable","20":"product-type-simple"},"yoast_head":"<!-- This site is optimized with the Yoast SEO plugin v26.5 - https:\/\/yoast.com\/wordpress\/plugins\/seo\/ -->\n<title>\u0428\u0443\u0431\u044b \u0438\u0437 \u0441\u043e\u0431\u043e\u043b\u044f (\u0435\u0441\u0442\u044c \u043d\u0430 \u043c\u0435\u0441\u0442\u0435 \u0432 \u042d\u0441\u0442\u043e\u043d\u0438\u0438 \u0432 \u0422\u0430\u043b\u043b\u0438\u043d\u0435) | \u0428\u0443\u0431\u044b \u0438 \u0448\u0430\u043f\u043a\u0438 \u0432 \u041b\u0430\u0442\u0432\u0438\u0438 \u0432 \u0420\u0438\u0433\u0435  \u0428\u0443\u0431\u044b \u0438\u0437 \u0421\u043e\u0431\u043e\u043b\u044f \u0432 \u042d\u0441\u0442\u043e\u043d\u0438\u0438 \u0432 \u0422\u0430\u043b\u043b\u0438\u043d\u0435.<\/title>\n<meta name=\"description\" content=\"\u0428\u0443\u0431\u044b \u0438\u0437 \u0441\u043e\u0431\u043e\u043b\u044f, \u0435\u0441\u0442\u044c \u043d\u0430 \u043c\u0435\u0441\u0442\u0435 \u0432 \u043c\u0430\u0433\u0430\u0437\u0438\u043d\u0435 \u042d\u0441\u0442\u043e\u043d\u0438\u0438 \u0432 \u0422\u0430\u043b\u043b\u0438\u043d\u0435. \u041f\u043e \u0436\u0435\u043b\u0430\u043d\u0438\u044e \u043a\u043b\u0438\u0435\u043d\u0442\u0430 \u0434\u043e\u0441\u0442\u0430\u0432\u043a\u0430 \u0432 \u041b\u0430\u0442\u0432\u0438\u044e \u0432 \u0442\u0435\u0447\u0435\u043d\u0438\u0435 2-3 \u0440\u0430\u0431\u043e\u0447\u0438\u0445 \u0434\u043d\u0435\u0439.\u00a0 \u041a\u043e\u0440\u043e\u0442\u043a\u0430\u044f 60 cm, M\/L 6000,- \u0438 \u0434\u043b\u0438\u043d\u043d\u044b\u0435 90 cm, S\/M 9000,  \u041f\u0440\u043e\u0438\u0437\u0432\u043e\u0434\u0441\u0442\u0432\u043e \u0413\u0440\u0435\u0446\u0438\u044f    Sabala ka\u017eoks ir uz vietas Igaunijas veikal\u0101 Tallin\u0101. P\u0113c klienta piepras\u012bjuma pieg\u0101de uz Latviju 2-3 darba dienu laik\u0101. \u012ass 60 cm, M\/L 6000,- un gar\u0161 90 cm, S\/M 9000,  Ra\u017eo\u0161ana Grie\u0137ija    A sable fur coat is on site in the Estonian store in Tallinn. At the request of the client, delivery to Latvia within 2-3 working days. Short 60 cm, M\/L 6000,- and long 90 cm, S\/M 9000,  Production Greece  \u0428\u0443\u0431\u044b \u0438\u0437 \u0421\u043e\u0431\u043e\u043b\u044f \u0432 \u042d\u0441\u0442\u043e\u043d\u0438\u0438 \u0432 \u0422\u0430\u043b\u043b\u0438\u043d\u0435.\" \/>\n<meta name=\"robots\" content=\"index, follow, max-snippet:-1, max-image-preview:large, max-video-preview:-1\" \/>\n<link rel=\"canonical\" href=\"https:\/\/www.meha.lv\/shop\/shuby-iz-soborja-v-estonii\/\" \/>\n<meta property=\"og:locale\" content=\"ru_RU\" \/>\n<meta property=\"og:type\" content=\"article\" \/>\n<meta property=\"og:title\" content=\"\u0428\u0443\u0431\u044b \u0438\u0437 \u0441\u043e\u0431\u043e\u043b\u044f (\u0435\u0441\u0442\u044c \u043d\u0430 \u043c\u0435\u0441\u0442\u0435 \u0432 \u042d\u0441\u0442\u043e\u043d\u0438\u0438 \u0432 \u0422\u0430\u043b\u043b\u0438\u043d\u0435) | \u0428\u0443\u0431\u044b \u0438 \u0448\u0430\u043f\u043a\u0438 \u0432 \u041b\u0430\u0442\u0432\u0438\u0438 \u0432 \u0420\u0438\u0433\u0435 [:ru] \u0428\u0443\u0431\u044b \u0438\u0437 \u0421\u043e\u0431\u043e\u043b\u044f \u0432 \u042d\u0441\u0442\u043e\u043d\u0438\u0438 \u0432 \u0422\u0430\u043b\u043b\u0438\u043d\u0435.[:en]The sable coat shop is in place in Estonia Tallinn.[:LV]Ka\u017eoku veikals Igaunij\u0101 Tallinn\u0101.[:en]\" \/>\n<meta property=\"og:description\" content=\"\u0428\u0443\u0431\u044b \u0438\u0437 \u0441\u043e\u0431\u043e\u043b\u044f, \u0435\u0441\u0442\u044c \u043d\u0430 \u043c\u0435\u0441\u0442\u0435 \u0432 \u043c\u0430\u0433\u0430\u0437\u0438\u043d\u0435 \u042d\u0441\u0442\u043e\u043d\u0438\u0438 \u0432 \u0422\u0430\u043b\u043b\u0438\u043d\u0435. \u041f\u043e \u0436\u0435\u043b\u0430\u043d\u0438\u044e \u043a\u043b\u0438\u0435\u043d\u0442\u0430 \u0434\u043e\u0441\u0442\u0430\u0432\u043a\u0430 \u0432 \u041b\u0430\u0442\u0432\u0438\u044e \u0432 \u0442\u0435\u0447\u0435\u043d\u0438\u0435 2-3 \u0440\u0430\u0431\u043e\u0447\u0438\u0445 \u0434\u043d\u0435\u0439.\u00a0 \u041a\u043e\u0440\u043e\u0442\u043a\u0430\u044f 60 cm, M\/L 6000,- \u0438 \u0434\u043b\u0438\u043d\u043d\u044b\u0435 90 cm, S\/M 9000,  \u041f\u0440\u043e\u0438\u0437\u0432\u043e\u0434\u0441\u0442\u0432\u043e \u0413\u0440\u0435\u0446\u0438\u044f    Sabala ka\u017eoks ir uz vietas Igaunijas veikal\u0101 Tallin\u0101. P\u0113c klienta piepras\u012bjuma pieg\u0101de uz Latviju 2-3 darba dienu laik\u0101. \u012ass 60 cm, M\/L 6000,- un gar\u0161 90 cm, S\/M 9000,  Ra\u017eo\u0161ana Grie\u0137ija    A sable fur coat is on site in the Estonian store in Tallinn. At the request of the client, delivery to Latvia within 2-3 working days. Short 60 cm, M\/L 6000,- and long 90 cm, S\/M 9000,  Production Greece [:ru] \u0428\u0443\u0431\u044b \u0438\u0437 \u0421\u043e\u0431\u043e\u043b\u044f \u0432 \u042d\u0441\u0442\u043e\u043d\u0438\u0438 \u0432 \u0422\u0430\u043b\u043b\u0438\u043d\u0435.[:en]The sable coat shop is in place in Estonia Tallinn.[:LV]Ka\u017eoku veikals Igaunij\u0101 Tallinn\u0101.[:en]\" \/>\n<meta property=\"og:url\" content=\"https:\/\/www.meha.lv\/shop\/shuby-iz-soborja-v-estonii\/\" \/>\n<meta property=\"og:site_name\" content=\"\u0428\u0443\u0431\u044b \u0438 \u0448\u0430\u043f\u043a\u0438 \u0432 \u041b\u0430\u0442\u0432\u0438\u0438 \u0432 \u0420\u0438\u0433\u0435\" \/>\n<meta property=\"article:modified_time\" content=\"2026-05-08T00:09:19+00:00\" \/>\n<meta property=\"og:image\" content=\"https:\/\/www.meha.lv\/wp-content\/uploads\/2023\/02\/IMG-20230130-WA0011.jpg\" \/>\n\t<meta property=\"og:image:width\" content=\"1536\" \/>\n\t<meta property=\"og:image:height\" content=\"2048\" \/>\n\t<meta property=\"og:image:type\" content=\"image\/jpeg\" \/>\n<meta name=\"twitter:card\" content=\"summary_large_image\" \/>\n<script type=\"application\/ld+json\" class=\"yoast-schema-graph\">{\"@context\":\"https:\/\/schema.org\",\"@graph\":[{\"@type\":\"WebPage\",\"@id\":\"https:\/\/www.meha.lv\/shop\/shuby-iz-soborja-v-estonii\/\",\"url\":\"https:\/\/www.meha.lv\/shop\/shuby-iz-soborja-v-estonii\/\",\"name\":\"\u0428\u0443\u0431\u044b \u0438\u0437 \u0441\u043e\u0431\u043e\u043b\u044f (\u0435\u0441\u0442\u044c \u043d\u0430 \u043c\u0435\u0441\u0442\u0435 \u0432 \u042d\u0441\u0442\u043e\u043d\u0438\u0438 \u0432 \u0422\u0430\u043b\u043b\u0438\u043d\u0435) | \u0428\u0443\u0431\u044b \u0438 \u0448\u0430\u043f\u043a\u0438 \u0432 \u041b\u0430\u0442\u0432\u0438\u0438 \u0432 \u0420\u0438\u0433\u0435 [:ru] \u0428\u0443\u0431\u044b \u0438\u0437 \u0421\u043e\u0431\u043e\u043b\u044f \u0432 \u042d\u0441\u0442\u043e\u043d\u0438\u0438 \u0432 \u0422\u0430\u043b\u043b\u0438\u043d\u0435.[:en]The sable coat shop is in place in Estonia Tallinn.[:LV]Ka\u017eoku veikals Igaunij\u0101 Tallinn\u0101.[:en]\",\"isPartOf\":{\"@id\":\"https:\/\/www.meha.lv\/#website\"},\"primaryImageOfPage\":{\"@id\":\"https:\/\/www.meha.lv\/shop\/shuby-iz-soborja-v-estonii\/#primaryimage\"},\"image\":{\"@id\":\"https:\/\/www.meha.lv\/shop\/shuby-iz-soborja-v-estonii\/#primaryimage\"},\"thumbnailUrl\":\"https:\/\/www.meha.lv\/wp-content\/uploads\/2023\/02\/IMG-20230130-WA0011.jpg\",\"datePublished\":\"2023-02-09T08:33:30+00:00\",\"dateModified\":\"2026-05-08T00:09:19+00:00\",\"description\":\"\u0428\u0443\u0431\u044b \u0438\u0437 \u0441\u043e\u0431\u043e\u043b\u044f, \u0435\u0441\u0442\u044c \u043d\u0430 \u043c\u0435\u0441\u0442\u0435 \u0432 \u043c\u0430\u0433\u0430\u0437\u0438\u043d\u0435 \u042d\u0441\u0442\u043e\u043d\u0438\u0438 \u0432 \u0422\u0430\u043b\u043b\u0438\u043d\u0435. \u041f\u043e \u0436\u0435\u043b\u0430\u043d\u0438\u044e \u043a\u043b\u0438\u0435\u043d\u0442\u0430 \u0434\u043e\u0441\u0442\u0430\u0432\u043a\u0430 \u0432 \u041b\u0430\u0442\u0432\u0438\u044e \u0432 \u0442\u0435\u0447\u0435\u043d\u0438\u0435 2-3 \u0440\u0430\u0431\u043e\u0447\u0438\u0445 \u0434\u043d\u0435\u0439.\u00a0 \u041a\u043e\u0440\u043e\u0442\u043a\u0430\u044f 60 cm, M\/L 6000,- \u0438 \u0434\u043b\u0438\u043d\u043d\u044b\u0435 90 cm, S\/M 9000, \u041f\u0440\u043e\u0438\u0437\u0432\u043e\u0434\u0441\u0442\u0432\u043e \u0413\u0440\u0435\u0446\u0438\u044f Sabala ka\u017eoks ir uz vietas Igaunijas veikal\u0101 Tallin\u0101. P\u0113c klienta piepras\u012bjuma pieg\u0101de uz Latviju 2-3 darba dienu laik\u0101. \u012ass 60 cm, M\/L 6000,- un gar\u0161 90 cm, S\/M 9000, Ra\u017eo\u0161ana Grie\u0137ija A sable fur coat is on site in the Estonian store in Tallinn. At the request of the client, delivery to Latvia within 2-3 working days. Short 60 cm, M\/L 6000,- and long 90 cm, S\/M 9000, Production Greece [:ru] \u0428\u0443\u0431\u044b \u0438\u0437 \u0421\u043e\u0431\u043e\u043b\u044f \u0432 \u042d\u0441\u0442\u043e\u043d\u0438\u0438 \u0432 \u0422\u0430\u043b\u043b\u0438\u043d\u0435.[:en]The sable coat shop is in place in Estonia Tallinn.[:LV]Ka\u017eoku veikals Igaunij\u0101 Tallinn\u0101.[:en]\",\"breadcrumb\":{\"@id\":\"https:\/\/www.meha.lv\/shop\/shuby-iz-soborja-v-estonii\/#breadcrumb\"},\"inLanguage\":\"ru-RU\",\"potentialAction\":[{\"@type\":\"ReadAction\",\"target\":[\"https:\/\/www.meha.lv\/shop\/shuby-iz-soborja-v-estonii\/\"]}]},{\"@type\":\"ImageObject\",\"inLanguage\":\"ru-RU\",\"@id\":\"https:\/\/www.meha.lv\/shop\/shuby-iz-soborja-v-estonii\/#primaryimage\",\"url\":\"https:\/\/www.meha.lv\/wp-content\/uploads\/2023\/02\/IMG-20230130-WA0011.jpg\",\"contentUrl\":\"https:\/\/www.meha.lv\/wp-content\/uploads\/2023\/02\/IMG-20230130-WA0011.jpg\",\"width\":1536,\"height\":2048,\"caption\":\"[:ru]\u0428\u0443\u0431\u044b \u0432 \u042d\u0441\u0442\u043e\u043d\u0438\u0438 \u0422\u0430\u043b\u043b\u0438\u043d\u0435[:LV]Ka\u017eoki Igaunij\u0101 Tallina[:en] Fur coats in Tallinn[:]\"},{\"@type\":\"BreadcrumbList\",\"@id\":\"https:\/\/www.meha.lv\/shop\/shuby-iz-soborja-v-estonii\/#breadcrumb\",\"itemListElement\":[{\"@type\":\"ListItem\",\"position\":1,\"name\":\"Galvena\",\"item\":\"https:\/\/www.meha.lv\/\"},{\"@type\":\"ListItem\",\"position\":2,\"name\":\"Ka\u017eoku interneta veikals\",\"item\":\"https:\/\/www.meha.lv\/internet-magazin-sgub-i-mehovih-izdelis\/\"},{\"@type\":\"ListItem\",\"position\":3,\"name\":\"[:ru]\u0410\u0432\u0442\u043e\u043b\u0435\u0434\u0438 \u0448\u0443\u0431\u044b[:LV]Autolady ka\u017eoki[:en]Autolady fur coats[:]\",\"item\":\"https:\/\/www.meha.lv\/product-category\/avtoledi-shuby\/\"},{\"@type\":\"ListItem\",\"position\":4,\"name\":\"\u0428\u0443\u0431\u044b \u0438\u0437 \u0441\u043e\u0431\u043e\u043b\u044f (\u0435\u0441\u0442\u044c \u043d\u0430 \u043c\u0435\u0441\u0442\u0435 \u0432 \u042d\u0441\u0442\u043e\u043d\u0438\u0438 \u0432 \u0422\u0430\u043b\u043b\u0438\u043d\u0435)\"}]},{\"@type\":\"WebSite\",\"@id\":\"https:\/\/www.meha.lv\/#website\",\"url\":\"https:\/\/www.meha.lv\/\",\"name\":\"\u0428\u0443\u0431\u044b \u0438 \u0448\u0430\u043f\u043a\u0438 \u0432 \u041b\u0430\u0442\u0432\u0438\u0438 \u0432 \u0420\u0438\u0433\u0435\",\"description\":\"\u041c\u0430\u0433\u0430\u0437\u0438\u043d \u0448\u0443\u0431 \u0438 \u0448\u0430\u043f\u043e\u043a \u0438\u0437 \u043d\u043e\u0440\u043a\u0438, \u0431\u043e\u0431\u0440\u0430, \u043a\u0443\u043d\u0438\u0446\u044b, \u043b\u0438\u0441\u044b,\u043a\u0430\u0440\u0430\u043a\u0443\u043b\u044c\u0447\u0438, \u043b\u0430\u043c\u044b, \u0448\u0438\u043d\u0448\u0438\u043b\u043b\u044b, \u043f\u043e\u043d\u0438 \u0438 \u0447\u0435\u0440\u043d\u043e\u0431\u0443\u0440\u043a\u0438.\",\"publisher\":{\"@id\":\"https:\/\/www.meha.lv\/#organization\"},\"potentialAction\":[{\"@type\":\"SearchAction\",\"target\":{\"@type\":\"EntryPoint\",\"urlTemplate\":\"https:\/\/www.meha.lv\/?s={search_term_string}\"},\"query-input\":{\"@type\":\"PropertyValueSpecification\",\"valueRequired\":true,\"valueName\":\"search_term_string\"}}],\"inLanguage\":\"ru-RU\"},{\"@type\":\"Organization\",\"@id\":\"https:\/\/www.meha.lv\/#organization\",\"name\":\"Ik \\\"Holidays group\\\"\",\"url\":\"https:\/\/www.meha.lv\/\",\"logo\":{\"@type\":\"ImageObject\",\"inLanguage\":\"ru-RU\",\"@id\":\"https:\/\/www.meha.lv\/#\/schema\/logo\/image\/\",\"url\":\"https:\/\/www.meha.lv\/wp-content\/uploads\/2018\/12\/DSC_4476.jpg\",\"contentUrl\":\"https:\/\/www.meha.lv\/wp-content\/uploads\/2018\/12\/DSC_4476.jpg\",\"width\":2048,\"height\":1363,\"caption\":\"Ik \\\"Holidays group\\\"\"},\"image\":{\"@id\":\"https:\/\/www.meha.lv\/#\/schema\/logo\/image\/\"}}]}<\/script>\n<!-- \/ Yoast SEO plugin. -->","yoast_head_json":{"title":"\u0428\u0443\u0431\u044b \u0438\u0437 \u0441\u043e\u0431\u043e\u043b\u044f (\u0435\u0441\u0442\u044c \u043d\u0430 \u043c\u0435\u0441\u0442\u0435 \u0432 \u042d\u0441\u0442\u043e\u043d\u0438\u0438 \u0432 \u0422\u0430\u043b\u043b\u0438\u043d\u0435) | \u0428\u0443\u0431\u044b \u0438 \u0448\u0430\u043f\u043a\u0438 \u0432 \u041b\u0430\u0442\u0432\u0438\u0438 \u0432 \u0420\u0438\u0433\u0435  \u0428\u0443\u0431\u044b \u0438\u0437 \u0421\u043e\u0431\u043e\u043b\u044f \u0432 \u042d\u0441\u0442\u043e\u043d\u0438\u0438 \u0432 \u0422\u0430\u043b\u043b\u0438\u043d\u0435.","description":"\u0428\u0443\u0431\u044b \u0438\u0437 \u0441\u043e\u0431\u043e\u043b\u044f, \u0435\u0441\u0442\u044c \u043d\u0430 \u043c\u0435\u0441\u0442\u0435 \u0432 \u043c\u0430\u0433\u0430\u0437\u0438\u043d\u0435 \u042d\u0441\u0442\u043e\u043d\u0438\u0438 \u0432 \u0422\u0430\u043b\u043b\u0438\u043d\u0435. \u041f\u043e \u0436\u0435\u043b\u0430\u043d\u0438\u044e \u043a\u043b\u0438\u0435\u043d\u0442\u0430 \u0434\u043e\u0441\u0442\u0430\u0432\u043a\u0430 \u0432 \u041b\u0430\u0442\u0432\u0438\u044e \u0432 \u0442\u0435\u0447\u0435\u043d\u0438\u0435 2-3 \u0440\u0430\u0431\u043e\u0447\u0438\u0445 \u0434\u043d\u0435\u0439.\u00a0 \u041a\u043e\u0440\u043e\u0442\u043a\u0430\u044f 60 cm, M\/L 6000,- \u0438 \u0434\u043b\u0438\u043d\u043d\u044b\u0435 90 cm, S\/M 9000,  \u041f\u0440\u043e\u0438\u0437\u0432\u043e\u0434\u0441\u0442\u0432\u043e \u0413\u0440\u0435\u0446\u0438\u044f    Sabala ka\u017eoks ir uz vietas Igaunijas veikal\u0101 Tallin\u0101. P\u0113c klienta piepras\u012bjuma pieg\u0101de uz Latviju 2-3 darba dienu laik\u0101. \u012ass 60 cm, M\/L 6000,- un gar\u0161 90 cm, S\/M 9000,  Ra\u017eo\u0161ana Grie\u0137ija    A sable fur coat is on site in the Estonian store in Tallinn. At the request of the client, delivery to Latvia within 2-3 working days. Short 60 cm, M\/L 6000,- and long 90 cm, S\/M 9000,  Production Greece  \u0428\u0443\u0431\u044b \u0438\u0437 \u0421\u043e\u0431\u043e\u043b\u044f \u0432 \u042d\u0441\u0442\u043e\u043d\u0438\u0438 \u0432 \u0422\u0430\u043b\u043b\u0438\u043d\u0435.","robots":{"index":"index","follow":"follow","max-snippet":"max-snippet:-1","max-image-preview":"max-image-preview:large","max-video-preview":"max-video-preview:-1"},"canonical":"https:\/\/www.meha.lv\/shop\/shuby-iz-soborja-v-estonii\/","og_locale":"ru_RU","og_type":"article","og_title":"\u0428\u0443\u0431\u044b \u0438\u0437 \u0441\u043e\u0431\u043e\u043b\u044f (\u0435\u0441\u0442\u044c \u043d\u0430 \u043c\u0435\u0441\u0442\u0435 \u0432 \u042d\u0441\u0442\u043e\u043d\u0438\u0438 \u0432 \u0422\u0430\u043b\u043b\u0438\u043d\u0435) | \u0428\u0443\u0431\u044b \u0438 \u0448\u0430\u043f\u043a\u0438 \u0432 \u041b\u0430\u0442\u0432\u0438\u0438 \u0432 \u0420\u0438\u0433\u0435 [:ru] \u0428\u0443\u0431\u044b \u0438\u0437 \u0421\u043e\u0431\u043e\u043b\u044f \u0432 \u042d\u0441\u0442\u043e\u043d\u0438\u0438 \u0432 \u0422\u0430\u043b\u043b\u0438\u043d\u0435.[:en]The sable coat shop is in place in Estonia Tallinn.[:LV]Ka\u017eoku veikals Igaunij\u0101 Tallinn\u0101.[:en]","og_description":"\u0428\u0443\u0431\u044b \u0438\u0437 \u0441\u043e\u0431\u043e\u043b\u044f, \u0435\u0441\u0442\u044c \u043d\u0430 \u043c\u0435\u0441\u0442\u0435 \u0432 \u043c\u0430\u0433\u0430\u0437\u0438\u043d\u0435 \u042d\u0441\u0442\u043e\u043d\u0438\u0438 \u0432 \u0422\u0430\u043b\u043b\u0438\u043d\u0435. \u041f\u043e \u0436\u0435\u043b\u0430\u043d\u0438\u044e \u043a\u043b\u0438\u0435\u043d\u0442\u0430 \u0434\u043e\u0441\u0442\u0430\u0432\u043a\u0430 \u0432 \u041b\u0430\u0442\u0432\u0438\u044e \u0432 \u0442\u0435\u0447\u0435\u043d\u0438\u0435 2-3 \u0440\u0430\u0431\u043e\u0447\u0438\u0445 \u0434\u043d\u0435\u0439.\u00a0 \u041a\u043e\u0440\u043e\u0442\u043a\u0430\u044f 60 cm, M\/L 6000,- \u0438 \u0434\u043b\u0438\u043d\u043d\u044b\u0435 90 cm, S\/M 9000,  \u041f\u0440\u043e\u0438\u0437\u0432\u043e\u0434\u0441\u0442\u0432\u043e \u0413\u0440\u0435\u0446\u0438\u044f    Sabala ka\u017eoks ir uz vietas Igaunijas veikal\u0101 Tallin\u0101. P\u0113c klienta piepras\u012bjuma pieg\u0101de uz Latviju 2-3 darba dienu laik\u0101. \u012ass 60 cm, M\/L 6000,- un gar\u0161 90 cm, S\/M 9000,  Ra\u017eo\u0161ana Grie\u0137ija    A sable fur coat is on site in the Estonian store in Tallinn. At the request of the client, delivery to Latvia within 2-3 working days. Short 60 cm, M\/L 6000,- and long 90 cm, S\/M 9000,  Production Greece [:ru] \u0428\u0443\u0431\u044b \u0438\u0437 \u0421\u043e\u0431\u043e\u043b\u044f \u0432 \u042d\u0441\u0442\u043e\u043d\u0438\u0438 \u0432 \u0422\u0430\u043b\u043b\u0438\u043d\u0435.[:en]The sable coat shop is in place in Estonia Tallinn.[:LV]Ka\u017eoku veikals Igaunij\u0101 Tallinn\u0101.[:en]","og_url":"https:\/\/www.meha.lv\/shop\/shuby-iz-soborja-v-estonii\/","og_site_name":"\u0428\u0443\u0431\u044b \u0438 \u0448\u0430\u043f\u043a\u0438 \u0432 \u041b\u0430\u0442\u0432\u0438\u0438 \u0432 \u0420\u0438\u0433\u0435","article_modified_time":"2026-05-08T00:09:19+00:00","og_image":[{"width":1536,"height":2048,"url":"https:\/\/www.meha.lv\/wp-content\/uploads\/2023\/02\/IMG-20230130-WA0011.jpg","type":"image\/jpeg"}],"twitter_card":"summary_large_image","schema":{"@context":"https:\/\/schema.org","@graph":[{"@type":"WebPage","@id":"https:\/\/www.meha.lv\/shop\/shuby-iz-soborja-v-estonii\/","url":"https:\/\/www.meha.lv\/shop\/shuby-iz-soborja-v-estonii\/","name":"\u0428\u0443\u0431\u044b \u0438\u0437 \u0441\u043e\u0431\u043e\u043b\u044f (\u0435\u0441\u0442\u044c \u043d\u0430 \u043c\u0435\u0441\u0442\u0435 \u0432 \u042d\u0441\u0442\u043e\u043d\u0438\u0438 \u0432 \u0422\u0430\u043b\u043b\u0438\u043d\u0435) | \u0428\u0443\u0431\u044b \u0438 \u0448\u0430\u043f\u043a\u0438 \u0432 \u041b\u0430\u0442\u0432\u0438\u0438 \u0432 \u0420\u0438\u0433\u0435 [:ru] \u0428\u0443\u0431\u044b \u0438\u0437 \u0421\u043e\u0431\u043e\u043b\u044f \u0432 \u042d\u0441\u0442\u043e\u043d\u0438\u0438 \u0432 \u0422\u0430\u043b\u043b\u0438\u043d\u0435.[:en]The sable coat shop is in place in Estonia Tallinn.[:LV]Ka\u017eoku veikals Igaunij\u0101 Tallinn\u0101.[:en]","isPartOf":{"@id":"https:\/\/www.meha.lv\/#website"},"primaryImageOfPage":{"@id":"https:\/\/www.meha.lv\/shop\/shuby-iz-soborja-v-estonii\/#primaryimage"},"image":{"@id":"https:\/\/www.meha.lv\/shop\/shuby-iz-soborja-v-estonii\/#primaryimage"},"thumbnailUrl":"https:\/\/www.meha.lv\/wp-content\/uploads\/2023\/02\/IMG-20230130-WA0011.jpg","datePublished":"2023-02-09T08:33:30+00:00","dateModified":"2026-05-08T00:09:19+00:00","description":"\u0428\u0443\u0431\u044b \u0438\u0437 \u0441\u043e\u0431\u043e\u043b\u044f, \u0435\u0441\u0442\u044c \u043d\u0430 \u043c\u0435\u0441\u0442\u0435 \u0432 \u043c\u0430\u0433\u0430\u0437\u0438\u043d\u0435 \u042d\u0441\u0442\u043e\u043d\u0438\u0438 \u0432 \u0422\u0430\u043b\u043b\u0438\u043d\u0435. \u041f\u043e \u0436\u0435\u043b\u0430\u043d\u0438\u044e \u043a\u043b\u0438\u0435\u043d\u0442\u0430 \u0434\u043e\u0441\u0442\u0430\u0432\u043a\u0430 \u0432 \u041b\u0430\u0442\u0432\u0438\u044e \u0432 \u0442\u0435\u0447\u0435\u043d\u0438\u0435 2-3 \u0440\u0430\u0431\u043e\u0447\u0438\u0445 \u0434\u043d\u0435\u0439.\u00a0 \u041a\u043e\u0440\u043e\u0442\u043a\u0430\u044f 60 cm, M\/L 6000,- \u0438 \u0434\u043b\u0438\u043d\u043d\u044b\u0435 90 cm, S\/M 9000, \u041f\u0440\u043e\u0438\u0437\u0432\u043e\u0434\u0441\u0442\u0432\u043e \u0413\u0440\u0435\u0446\u0438\u044f Sabala ka\u017eoks ir uz vietas Igaunijas veikal\u0101 Tallin\u0101. P\u0113c klienta piepras\u012bjuma pieg\u0101de uz Latviju 2-3 darba dienu laik\u0101. \u012ass 60 cm, M\/L 6000,- un gar\u0161 90 cm, S\/M 9000, Ra\u017eo\u0161ana Grie\u0137ija A sable fur coat is on site in the Estonian store in Tallinn. At the request of the client, delivery to Latvia within 2-3 working days. Short 60 cm, M\/L 6000,- and long 90 cm, S\/M 9000, Production Greece [:ru] \u0428\u0443\u0431\u044b \u0438\u0437 \u0421\u043e\u0431\u043e\u043b\u044f \u0432 \u042d\u0441\u0442\u043e\u043d\u0438\u0438 \u0432 \u0422\u0430\u043b\u043b\u0438\u043d\u0435.[:en]The sable coat shop is in place in Estonia Tallinn.[:LV]Ka\u017eoku veikals Igaunij\u0101 Tallinn\u0101.[:en]","breadcrumb":{"@id":"https:\/\/www.meha.lv\/shop\/shuby-iz-soborja-v-estonii\/#breadcrumb"},"inLanguage":"ru-RU","potentialAction":[{"@type":"ReadAction","target":["https:\/\/www.meha.lv\/shop\/shuby-iz-soborja-v-estonii\/"]}]},{"@type":"ImageObject","inLanguage":"ru-RU","@id":"https:\/\/www.meha.lv\/shop\/shuby-iz-soborja-v-estonii\/#primaryimage","url":"https:\/\/www.meha.lv\/wp-content\/uploads\/2023\/02\/IMG-20230130-WA0011.jpg","contentUrl":"https:\/\/www.meha.lv\/wp-content\/uploads\/2023\/02\/IMG-20230130-WA0011.jpg","width":1536,"height":2048,"caption":"[:ru]\u0428\u0443\u0431\u044b \u0432 \u042d\u0441\u0442\u043e\u043d\u0438\u0438 \u0422\u0430\u043b\u043b\u0438\u043d\u0435[:LV]Ka\u017eoki Igaunij\u0101 Tallina[:en] Fur coats in Tallinn[:]"},{"@type":"BreadcrumbList","@id":"https:\/\/www.meha.lv\/shop\/shuby-iz-soborja-v-estonii\/#breadcrumb","itemListElement":[{"@type":"ListItem","position":1,"name":"Galvena","item":"https:\/\/www.meha.lv\/"},{"@type":"ListItem","position":2,"name":"Ka\u017eoku interneta veikals","item":"https:\/\/www.meha.lv\/internet-magazin-sgub-i-mehovih-izdelis\/"},{"@type":"ListItem","position":3,"name":"[:ru]\u0410\u0432\u0442\u043e\u043b\u0435\u0434\u0438 \u0448\u0443\u0431\u044b[:LV]Autolady ka\u017eoki[:en]Autolady fur coats[:]","item":"https:\/\/www.meha.lv\/product-category\/avtoledi-shuby\/"},{"@type":"ListItem","position":4,"name":"\u0428\u0443\u0431\u044b \u0438\u0437 \u0441\u043e\u0431\u043e\u043b\u044f (\u0435\u0441\u0442\u044c \u043d\u0430 \u043c\u0435\u0441\u0442\u0435 \u0432 \u042d\u0441\u0442\u043e\u043d\u0438\u0438 \u0432 \u0422\u0430\u043b\u043b\u0438\u043d\u0435)"}]},{"@type":"WebSite","@id":"https:\/\/www.meha.lv\/#website","url":"https:\/\/www.meha.lv\/","name":"\u0428\u0443\u0431\u044b \u0438 \u0448\u0430\u043f\u043a\u0438 \u0432 \u041b\u0430\u0442\u0432\u0438\u0438 \u0432 \u0420\u0438\u0433\u0435","description":"\u041c\u0430\u0433\u0430\u0437\u0438\u043d \u0448\u0443\u0431 \u0438 \u0448\u0430\u043f\u043e\u043a \u0438\u0437 \u043d\u043e\u0440\u043a\u0438, \u0431\u043e\u0431\u0440\u0430, \u043a\u0443\u043d\u0438\u0446\u044b, \u043b\u0438\u0441\u044b,\u043a\u0430\u0440\u0430\u043a\u0443\u043b\u044c\u0447\u0438, \u043b\u0430\u043c\u044b, \u0448\u0438\u043d\u0448\u0438\u043b\u043b\u044b, \u043f\u043e\u043d\u0438 \u0438 \u0447\u0435\u0440\u043d\u043e\u0431\u0443\u0440\u043a\u0438.","publisher":{"@id":"https:\/\/www.meha.lv\/#organization"},"potentialAction":[{"@type":"SearchAction","target":{"@type":"EntryPoint","urlTemplate":"https:\/\/www.meha.lv\/?s={search_term_string}"},"query-input":{"@type":"PropertyValueSpecification","valueRequired":true,"valueName":"search_term_string"}}],"inLanguage":"ru-RU"},{"@type":"Organization","@id":"https:\/\/www.meha.lv\/#organization","name":"Ik \"Holidays group\"","url":"https:\/\/www.meha.lv\/","logo":{"@type":"ImageObject","inLanguage":"ru-RU","@id":"https:\/\/www.meha.lv\/#\/schema\/logo\/image\/","url":"https:\/\/www.meha.lv\/wp-content\/uploads\/2018\/12\/DSC_4476.jpg","contentUrl":"https:\/\/www.meha.lv\/wp-content\/uploads\/2018\/12\/DSC_4476.jpg","width":2048,"height":1363,"caption":"Ik \"Holidays group\""},"image":{"@id":"https:\/\/www.meha.lv\/#\/schema\/logo\/image\/"}}]}},"_links":{"self":[{"href":"https:\/\/www.meha.lv\/ru\/wp-json\/wp\/v2\/product\/2516","targetHints":{"allow":["GET"]}}],"collection":[{"href":"https:\/\/www.meha.lv\/ru\/wp-json\/wp\/v2\/product"}],"about":[{"href":"https:\/\/www.meha.lv\/ru\/wp-json\/wp\/v2\/types\/product"}],"replies":[{"embeddable":true,"href":"https:\/\/www.meha.lv\/ru\/wp-json\/wp\/v2\/comments?post=2516"}],"wp:featuredmedia":[{"embeddable":true,"href":"https:\/\/www.meha.lv\/ru\/wp-json\/wp\/v2\/media\/2509"}],"wp:attachment":[{"href":"https:\/\/www.meha.lv\/ru\/wp-json\/wp\/v2\/media?parent=2516"}],"wp:term":[{"taxonomy":"product_brand","embeddable":true,"href":"https:\/\/www.meha.lv\/ru\/wp-json\/wp\/v2\/product_brand?post=2516"},{"taxonomy":"product_cat","embeddable":true,"href":"https:\/\/www.meha.lv\/ru\/wp-json\/wp\/v2\/product_cat?post=2516"},{"taxonomy":"product_tag","embeddable":true,"href":"https:\/\/www.meha.lv\/ru\/wp-json\/wp\/v2\/product_tag?post=2516"}],"curies":[{"name":"wp","href":"https:\/\/api.w.org\/{rel}","templated":true}]}}