{"id":2475,"date":"2023-02-06T17:13:03","date_gmt":"2023-02-06T14:13:03","guid":{"rendered":"https:\/\/www.meha.lv\/?post_type=product&#038;p=2475"},"modified":"2023-02-09T12:30:28","modified_gmt":"2023-02-09T09:30:28","slug":"mink-coat-2","status":"publish","type":"product","link":"https:\/\/www.meha.lv\/ru\/shop\/mink-coat-2\/","title":{"rendered":"\u041d\u043e\u0440\u043a\u043e\u0432\u044b\u0439 \u043f\u043e\u043b\u0443\u0448\u0443\u0431\u043e\u043a, \u0446\u0432\u0435\u0442 \u0442\u0435\u043c\u043d\u043e \u043a\u043e\u0440\u0438\u0447\u043d\u0435\u0432\u044b\u0439\/\u043c\u0430\u0445\u0430\u0433\u043e\u043d"},"content":{"rendered":"","protected":false},"excerpt":{"rendered":"<p>\u00a0 <strong>\u041d\u043e\u0440\u043a\u043e\u0432\u044b\u0439 \u043f\u043e\u043b\u0443\u0448\u0443\u0431\u043e\u043a,<\/strong><br \/>\n\u0426\u0432\u0435\u0442 \u0442\u0435\u043c\u043d\u043e \u043a\u043e\u0440\u0438\u0447\u043d\u0435\u0432\u044b\u0439\/\u043c\u0430\u0445\u0430\u0433\u043e\u043d,<br \/>\n\u0412\u043e\u0440\u043e\u0442\u043d\u0438\u043a \u0441\u0442\u043e\u0439\u043a\u0430,<br \/>\n\u041c\u043e\u0434\u0435\u043b\u044c \u0430\u0432\u0442\u043e\u043b\u0435\u0434\u0438,<br \/>\n\u0420\u0430\u0437\u043c\u0435\u0440 S\/M,<br \/>\n\u0414\u043b\u0438\u043d\u0430 65 \u0441\u043c<\/p>\n<div id=\":n5\" class=\"ii gt\">\n<div id=\":n4\" class=\"a3s aiL \">\n<div class=\"hp\">\u041f\u0440\u043e\u0438\u0437\u0432\u043e\u0434\u0441\u0442\u0432\u043e \u0413\u0440\u0435\u0446\u0438\u044f,<\/div>\n<\/div>\n<\/div>\n<p>\u0415\u0441\u0442\u044c \u043d\u0430 \u043c\u0435\u0441\u0442\u0435.<\/p>\n<p>\u041a\u043e\u0434 \u0442\u043e\u0432\u0430\u0440\u0430: IGR-1200<\/p>\n","protected":false},"featured_media":2476,"comment_status":"open","ping_status":"closed","template":"","meta":[],"product_brand":[],"product_cat":[78,43,10,15,44,12],"product_tag":[],"class_list":{"0":"post-2475","1":"product","2":"type-product","3":"status-publish","4":"has-post-thumbnail","6":"product_cat-shuby-iz-grecii","7":"product_cat-rasprodazha-shub","8":"product_cat-magazin-shub-v-rige","9":"product_cat-izdelija-iz-norki","10":"product_cat-novaja-kolekcija-shub-2017","11":"product_cat-polushubki","12":"pa_fur-coats-in-tallinn-shuby-v-rige","14":"first","15":"instock","16":"sale","17":"taxable","18":"shipping-taxable","19":"purchasable","20":"product-type-simple"},"yoast_head":"<!-- This site is optimized with the Yoast SEO plugin v26.5 - https:\/\/yoast.com\/wordpress\/plugins\/seo\/ -->\n<title>\u041d\u043e\u0440\u043a\u043e\u0432\u044b\u0439 \u043f\u043e\u043b\u0443\u0448\u0443\u0431\u043e\u043a, \u0446\u0432\u0435\u0442 \u0442\u0435\u043c\u043d\u043e \u043a\u043e\u0440\u0438\u0447\u043d\u0435\u0432\u044b\u0439\/\u043c\u0430\u0445\u0430\u0433\u043e\u043d | \u0428\u0443\u0431\u044b \u0438 \u0448\u0430\u043f\u043a\u0438 \u0432 \u041b\u0430\u0442\u0432\u0438\u0438 \u0432 \u0420\u0438\u0433\u0435<\/title>\n<meta name=\"description\" content=\"\u00a0 \u041d\u043e\u0440\u043a\u043e\u0432\u044b\u0439 \u043f\u043e\u043b\u0443\u0448\u0443\u0431\u043e\u043a, \u0426\u0432\u0435\u0442 \u0442\u0435\u043c\u043d\u043e \u043a\u043e\u0440\u0438\u0447\u043d\u0435\u0432\u044b\u0439\/\u043c\u0430\u0445\u0430\u0433\u043e\u043d, \u0412\u043e\u0440\u043e\u0442\u043d\u0438\u043a \u0441\u0442\u043e\u0439\u043a\u0430, \u041c\u043e\u0434\u0435\u043b\u044c \u0430\u0432\u0442\u043e\u043b\u0435\u0434\u0438, \u0420\u0430\u0437\u043c\u0435\u0440 S\/M, \u0414\u043b\u0438\u043d\u0430 65 \u0441\u043c   \u041f\u0440\u043e\u0438\u0437\u0432\u043e\u0434\u0441\u0442\u0432\u043e \u0413\u0440\u0435\u0446\u0438\u044f,   \u0415\u0441\u0442\u044c \u043d\u0430 \u043c\u0435\u0441\u0442\u0435.  \u041a\u043e\u0434 \u0442\u043e\u0432\u0430\u0440\u0430: IGR-1200    \u016adeles m\u0113telis, Kr\u0101sa tum\u0161i br\u016bna\/sarkankoks, St\u0101v apkakle, auto modelis, S\/M izm\u0113rs, Garums 65 cm  Ra\u017eots Grie\u0137ij\u0101,  Ir viet\u0101.  Produkta kods: IGR-1200  &nbsp;    Mink coat, Color dark brown\/mahogany, Stand collar, car model, S\/M size, Length 65 cm  Made in Greece,  Is in place.  Product code: IGR-1200\" \/>\n<meta name=\"robots\" content=\"index, follow, max-snippet:-1, max-image-preview:large, max-video-preview:-1\" \/>\n<link rel=\"canonical\" href=\"https:\/\/www.meha.lv\/shop\/mink-coat-2\/\" \/>\n<meta property=\"og:locale\" content=\"ru_RU\" \/>\n<meta property=\"og:type\" content=\"article\" \/>\n<meta property=\"og:title\" content=\"\u041d\u043e\u0440\u043a\u043e\u0432\u044b\u0439 \u043f\u043e\u043b\u0443\u0448\u0443\u0431\u043e\u043a, \u0446\u0432\u0435\u0442 \u0442\u0435\u043c\u043d\u043e \u043a\u043e\u0440\u0438\u0447\u043d\u0435\u0432\u044b\u0439\/\u043c\u0430\u0445\u0430\u0433\u043e\u043d | \u0428\u0443\u0431\u044b \u0438 \u0448\u0430\u043f\u043a\u0438 \u0432 \u041b\u0430\u0442\u0432\u0438\u0438 \u0432 \u0420\u0438\u0433\u0435\" \/>\n<meta property=\"og:description\" content=\"\u00a0 \u041d\u043e\u0440\u043a\u043e\u0432\u044b\u0439 \u043f\u043e\u043b\u0443\u0448\u0443\u0431\u043e\u043a, \u0426\u0432\u0435\u0442 \u0442\u0435\u043c\u043d\u043e \u043a\u043e\u0440\u0438\u0447\u043d\u0435\u0432\u044b\u0439\/\u043c\u0430\u0445\u0430\u0433\u043e\u043d, \u0412\u043e\u0440\u043e\u0442\u043d\u0438\u043a \u0441\u0442\u043e\u0439\u043a\u0430, \u041c\u043e\u0434\u0435\u043b\u044c \u0430\u0432\u0442\u043e\u043b\u0435\u0434\u0438, \u0420\u0430\u0437\u043c\u0435\u0440 S\/M, \u0414\u043b\u0438\u043d\u0430 65 \u0441\u043c   \u041f\u0440\u043e\u0438\u0437\u0432\u043e\u0434\u0441\u0442\u0432\u043e \u0413\u0440\u0435\u0446\u0438\u044f,   \u0415\u0441\u0442\u044c \u043d\u0430 \u043c\u0435\u0441\u0442\u0435.  \u041a\u043e\u0434 \u0442\u043e\u0432\u0430\u0440\u0430: IGR-1200    \u016adeles m\u0113telis, Kr\u0101sa tum\u0161i br\u016bna\/sarkankoks, St\u0101v apkakle, auto modelis, S\/M izm\u0113rs, Garums 65 cm  Ra\u017eots Grie\u0137ij\u0101,  Ir viet\u0101.  Produkta kods: IGR-1200  &nbsp;    Mink coat, Color dark brown\/mahogany, Stand collar, car model, S\/M size, Length 65 cm  Made in Greece,  Is in place.  Product code: IGR-1200\" \/>\n<meta property=\"og:url\" content=\"https:\/\/www.meha.lv\/shop\/mink-coat-2\/\" \/>\n<meta property=\"og:site_name\" content=\"\u0428\u0443\u0431\u044b \u0438 \u0448\u0430\u043f\u043a\u0438 \u0432 \u041b\u0430\u0442\u0432\u0438\u0438 \u0432 \u0420\u0438\u0433\u0435\" \/>\n<meta property=\"article:modified_time\" content=\"2023-02-09T09:30:28+00:00\" \/>\n<meta property=\"og:image\" content=\"https:\/\/www.meha.lv\/wp-content\/uploads\/2023\/02\/IMG-20230125-WA001011.jpg\" \/>\n\t<meta property=\"og:image:width\" content=\"1203\" \/>\n\t<meta property=\"og:image:height\" content=\"2048\" \/>\n\t<meta property=\"og:image:type\" content=\"image\/jpeg\" \/>\n<meta name=\"twitter:card\" content=\"summary_large_image\" \/>\n<script type=\"application\/ld+json\" class=\"yoast-schema-graph\">{\"@context\":\"https:\/\/schema.org\",\"@graph\":[{\"@type\":\"WebPage\",\"@id\":\"https:\/\/www.meha.lv\/shop\/mink-coat-2\/\",\"url\":\"https:\/\/www.meha.lv\/shop\/mink-coat-2\/\",\"name\":\"\u041d\u043e\u0440\u043a\u043e\u0432\u044b\u0439 \u043f\u043e\u043b\u0443\u0448\u0443\u0431\u043e\u043a, \u0446\u0432\u0435\u0442 \u0442\u0435\u043c\u043d\u043e \u043a\u043e\u0440\u0438\u0447\u043d\u0435\u0432\u044b\u0439\/\u043c\u0430\u0445\u0430\u0433\u043e\u043d | \u0428\u0443\u0431\u044b \u0438 \u0448\u0430\u043f\u043a\u0438 \u0432 \u041b\u0430\u0442\u0432\u0438\u0438 \u0432 \u0420\u0438\u0433\u0435\",\"isPartOf\":{\"@id\":\"https:\/\/www.meha.lv\/#website\"},\"primaryImageOfPage\":{\"@id\":\"https:\/\/www.meha.lv\/shop\/mink-coat-2\/#primaryimage\"},\"image\":{\"@id\":\"https:\/\/www.meha.lv\/shop\/mink-coat-2\/#primaryimage\"},\"thumbnailUrl\":\"https:\/\/www.meha.lv\/wp-content\/uploads\/2023\/02\/IMG-20230125-WA001011.jpg\",\"datePublished\":\"2023-02-06T14:13:03+00:00\",\"dateModified\":\"2023-02-09T09:30:28+00:00\",\"description\":\"\u00a0 \u041d\u043e\u0440\u043a\u043e\u0432\u044b\u0439 \u043f\u043e\u043b\u0443\u0448\u0443\u0431\u043e\u043a, \u0426\u0432\u0435\u0442 \u0442\u0435\u043c\u043d\u043e \u043a\u043e\u0440\u0438\u0447\u043d\u0435\u0432\u044b\u0439\/\u043c\u0430\u0445\u0430\u0433\u043e\u043d, \u0412\u043e\u0440\u043e\u0442\u043d\u0438\u043a \u0441\u0442\u043e\u0439\u043a\u0430, \u041c\u043e\u0434\u0435\u043b\u044c \u0430\u0432\u0442\u043e\u043b\u0435\u0434\u0438, \u0420\u0430\u0437\u043c\u0435\u0440 S\/M, \u0414\u043b\u0438\u043d\u0430 65 \u0441\u043c \u041f\u0440\u043e\u0438\u0437\u0432\u043e\u0434\u0441\u0442\u0432\u043e \u0413\u0440\u0435\u0446\u0438\u044f, \u0415\u0441\u0442\u044c \u043d\u0430 \u043c\u0435\u0441\u0442\u0435. \u041a\u043e\u0434 \u0442\u043e\u0432\u0430\u0440\u0430: IGR-1200 \u016adeles m\u0113telis, Kr\u0101sa tum\u0161i br\u016bna\/sarkankoks, St\u0101v apkakle, auto modelis, S\/M izm\u0113rs, Garums 65 cm Ra\u017eots Grie\u0137ij\u0101, Ir viet\u0101. Produkta kods: IGR-1200 &nbsp; Mink coat, Color dark brown\/mahogany, Stand collar, car model, S\/M size, Length 65 cm Made in Greece, Is in place. Product code: IGR-1200\",\"breadcrumb\":{\"@id\":\"https:\/\/www.meha.lv\/shop\/mink-coat-2\/#breadcrumb\"},\"inLanguage\":\"ru-RU\",\"potentialAction\":[{\"@type\":\"ReadAction\",\"target\":[\"https:\/\/www.meha.lv\/shop\/mink-coat-2\/\"]}]},{\"@type\":\"ImageObject\",\"inLanguage\":\"ru-RU\",\"@id\":\"https:\/\/www.meha.lv\/shop\/mink-coat-2\/#primaryimage\",\"url\":\"https:\/\/www.meha.lv\/wp-content\/uploads\/2023\/02\/IMG-20230125-WA001011.jpg\",\"contentUrl\":\"https:\/\/www.meha.lv\/wp-content\/uploads\/2023\/02\/IMG-20230125-WA001011.jpg\",\"width\":1203,\"height\":2048},{\"@type\":\"BreadcrumbList\",\"@id\":\"https:\/\/www.meha.lv\/shop\/mink-coat-2\/#breadcrumb\",\"itemListElement\":[{\"@type\":\"ListItem\",\"position\":1,\"name\":\"Galvena\",\"item\":\"https:\/\/www.meha.lv\/\"},{\"@type\":\"ListItem\",\"position\":2,\"name\":\"Ka\u017eoku interneta veikals\",\"item\":\"https:\/\/www.meha.lv\/internet-magazin-sgub-i-mehovih-izdelis\/\"},{\"@type\":\"ListItem\",\"position\":3,\"name\":\"\u041f\u043e\u043b\u0443\u0448\u0443\u0431\u043a\u0438\",\"item\":\"https:\/\/www.meha.lv\/product-category\/polushubki\/\"},{\"@type\":\"ListItem\",\"position\":4,\"name\":\"\u041d\u043e\u0440\u043a\u043e\u0432\u044b\u0439 \u043f\u043e\u043b\u0443\u0448\u0443\u0431\u043e\u043a, \u0446\u0432\u0435\u0442 \u0442\u0435\u043c\u043d\u043e \u043a\u043e\u0440\u0438\u0447\u043d\u0435\u0432\u044b\u0439\/\u043c\u0430\u0445\u0430\u0433\u043e\u043d\"}]},{\"@type\":\"WebSite\",\"@id\":\"https:\/\/www.meha.lv\/#website\",\"url\":\"https:\/\/www.meha.lv\/\",\"name\":\"\u0428\u0443\u0431\u044b \u0438 \u0448\u0430\u043f\u043a\u0438 \u0432 \u041b\u0430\u0442\u0432\u0438\u0438 \u0432 \u0420\u0438\u0433\u0435\",\"description\":\"\u041c\u0430\u0433\u0430\u0437\u0438\u043d \u0448\u0443\u0431 \u0438 \u0448\u0430\u043f\u043e\u043a \u0438\u0437 \u043d\u043e\u0440\u043a\u0438, \u0431\u043e\u0431\u0440\u0430, \u043a\u0443\u043d\u0438\u0446\u044b, \u043b\u0438\u0441\u044b,\u043a\u0430\u0440\u0430\u043a\u0443\u043b\u044c\u0447\u0438, \u043b\u0430\u043c\u044b, \u0448\u0438\u043d\u0448\u0438\u043b\u043b\u044b, \u043f\u043e\u043d\u0438 \u0438 \u0447\u0435\u0440\u043d\u043e\u0431\u0443\u0440\u043a\u0438.\",\"publisher\":{\"@id\":\"https:\/\/www.meha.lv\/#organization\"},\"potentialAction\":[{\"@type\":\"SearchAction\",\"target\":{\"@type\":\"EntryPoint\",\"urlTemplate\":\"https:\/\/www.meha.lv\/?s={search_term_string}\"},\"query-input\":{\"@type\":\"PropertyValueSpecification\",\"valueRequired\":true,\"valueName\":\"search_term_string\"}}],\"inLanguage\":\"ru-RU\"},{\"@type\":\"Organization\",\"@id\":\"https:\/\/www.meha.lv\/#organization\",\"name\":\"Ik \\\"Holidays group\\\"\",\"url\":\"https:\/\/www.meha.lv\/\",\"logo\":{\"@type\":\"ImageObject\",\"inLanguage\":\"ru-RU\",\"@id\":\"https:\/\/www.meha.lv\/#\/schema\/logo\/image\/\",\"url\":\"https:\/\/www.meha.lv\/wp-content\/uploads\/2018\/12\/DSC_4476.jpg\",\"contentUrl\":\"https:\/\/www.meha.lv\/wp-content\/uploads\/2018\/12\/DSC_4476.jpg\",\"width\":2048,\"height\":1363,\"caption\":\"Ik \\\"Holidays group\\\"\"},\"image\":{\"@id\":\"https:\/\/www.meha.lv\/#\/schema\/logo\/image\/\"}}]}<\/script>\n<!-- \/ Yoast SEO plugin. -->","yoast_head_json":{"title":"\u041d\u043e\u0440\u043a\u043e\u0432\u044b\u0439 \u043f\u043e\u043b\u0443\u0448\u0443\u0431\u043e\u043a, \u0446\u0432\u0435\u0442 \u0442\u0435\u043c\u043d\u043e \u043a\u043e\u0440\u0438\u0447\u043d\u0435\u0432\u044b\u0439\/\u043c\u0430\u0445\u0430\u0433\u043e\u043d | \u0428\u0443\u0431\u044b \u0438 \u0448\u0430\u043f\u043a\u0438 \u0432 \u041b\u0430\u0442\u0432\u0438\u0438 \u0432 \u0420\u0438\u0433\u0435","description":"\u00a0 \u041d\u043e\u0440\u043a\u043e\u0432\u044b\u0439 \u043f\u043e\u043b\u0443\u0448\u0443\u0431\u043e\u043a, \u0426\u0432\u0435\u0442 \u0442\u0435\u043c\u043d\u043e \u043a\u043e\u0440\u0438\u0447\u043d\u0435\u0432\u044b\u0439\/\u043c\u0430\u0445\u0430\u0433\u043e\u043d, \u0412\u043e\u0440\u043e\u0442\u043d\u0438\u043a \u0441\u0442\u043e\u0439\u043a\u0430, \u041c\u043e\u0434\u0435\u043b\u044c \u0430\u0432\u0442\u043e\u043b\u0435\u0434\u0438, \u0420\u0430\u0437\u043c\u0435\u0440 S\/M, \u0414\u043b\u0438\u043d\u0430 65 \u0441\u043c   \u041f\u0440\u043e\u0438\u0437\u0432\u043e\u0434\u0441\u0442\u0432\u043e \u0413\u0440\u0435\u0446\u0438\u044f,   \u0415\u0441\u0442\u044c \u043d\u0430 \u043c\u0435\u0441\u0442\u0435.  \u041a\u043e\u0434 \u0442\u043e\u0432\u0430\u0440\u0430: IGR-1200    \u016adeles m\u0113telis, Kr\u0101sa tum\u0161i br\u016bna\/sarkankoks, St\u0101v apkakle, auto modelis, S\/M izm\u0113rs, Garums 65 cm  Ra\u017eots Grie\u0137ij\u0101,  Ir viet\u0101.  Produkta kods: IGR-1200  &nbsp;    Mink coat, Color dark brown\/mahogany, Stand collar, car model, S\/M size, Length 65 cm  Made in Greece,  Is in place.  Product code: IGR-1200","robots":{"index":"index","follow":"follow","max-snippet":"max-snippet:-1","max-image-preview":"max-image-preview:large","max-video-preview":"max-video-preview:-1"},"canonical":"https:\/\/www.meha.lv\/shop\/mink-coat-2\/","og_locale":"ru_RU","og_type":"article","og_title":"\u041d\u043e\u0440\u043a\u043e\u0432\u044b\u0439 \u043f\u043e\u043b\u0443\u0448\u0443\u0431\u043e\u043a, \u0446\u0432\u0435\u0442 \u0442\u0435\u043c\u043d\u043e \u043a\u043e\u0440\u0438\u0447\u043d\u0435\u0432\u044b\u0439\/\u043c\u0430\u0445\u0430\u0433\u043e\u043d | \u0428\u0443\u0431\u044b \u0438 \u0448\u0430\u043f\u043a\u0438 \u0432 \u041b\u0430\u0442\u0432\u0438\u0438 \u0432 \u0420\u0438\u0433\u0435","og_description":"\u00a0 \u041d\u043e\u0440\u043a\u043e\u0432\u044b\u0439 \u043f\u043e\u043b\u0443\u0448\u0443\u0431\u043e\u043a, \u0426\u0432\u0435\u0442 \u0442\u0435\u043c\u043d\u043e \u043a\u043e\u0440\u0438\u0447\u043d\u0435\u0432\u044b\u0439\/\u043c\u0430\u0445\u0430\u0433\u043e\u043d, \u0412\u043e\u0440\u043e\u0442\u043d\u0438\u043a \u0441\u0442\u043e\u0439\u043a\u0430, \u041c\u043e\u0434\u0435\u043b\u044c \u0430\u0432\u0442\u043e\u043b\u0435\u0434\u0438, \u0420\u0430\u0437\u043c\u0435\u0440 S\/M, \u0414\u043b\u0438\u043d\u0430 65 \u0441\u043c   \u041f\u0440\u043e\u0438\u0437\u0432\u043e\u0434\u0441\u0442\u0432\u043e \u0413\u0440\u0435\u0446\u0438\u044f,   \u0415\u0441\u0442\u044c \u043d\u0430 \u043c\u0435\u0441\u0442\u0435.  \u041a\u043e\u0434 \u0442\u043e\u0432\u0430\u0440\u0430: IGR-1200    \u016adeles m\u0113telis, Kr\u0101sa tum\u0161i br\u016bna\/sarkankoks, St\u0101v apkakle, auto modelis, S\/M izm\u0113rs, Garums 65 cm  Ra\u017eots Grie\u0137ij\u0101,  Ir viet\u0101.  Produkta kods: IGR-1200  &nbsp;    Mink coat, Color dark brown\/mahogany, Stand collar, car model, S\/M size, Length 65 cm  Made in Greece,  Is in place.  Product code: IGR-1200","og_url":"https:\/\/www.meha.lv\/shop\/mink-coat-2\/","og_site_name":"\u0428\u0443\u0431\u044b \u0438 \u0448\u0430\u043f\u043a\u0438 \u0432 \u041b\u0430\u0442\u0432\u0438\u0438 \u0432 \u0420\u0438\u0433\u0435","article_modified_time":"2023-02-09T09:30:28+00:00","og_image":[{"width":1203,"height":2048,"url":"https:\/\/www.meha.lv\/wp-content\/uploads\/2023\/02\/IMG-20230125-WA001011.jpg","type":"image\/jpeg"}],"twitter_card":"summary_large_image","schema":{"@context":"https:\/\/schema.org","@graph":[{"@type":"WebPage","@id":"https:\/\/www.meha.lv\/shop\/mink-coat-2\/","url":"https:\/\/www.meha.lv\/shop\/mink-coat-2\/","name":"\u041d\u043e\u0440\u043a\u043e\u0432\u044b\u0439 \u043f\u043e\u043b\u0443\u0448\u0443\u0431\u043e\u043a, \u0446\u0432\u0435\u0442 \u0442\u0435\u043c\u043d\u043e \u043a\u043e\u0440\u0438\u0447\u043d\u0435\u0432\u044b\u0439\/\u043c\u0430\u0445\u0430\u0433\u043e\u043d | \u0428\u0443\u0431\u044b \u0438 \u0448\u0430\u043f\u043a\u0438 \u0432 \u041b\u0430\u0442\u0432\u0438\u0438 \u0432 \u0420\u0438\u0433\u0435","isPartOf":{"@id":"https:\/\/www.meha.lv\/#website"},"primaryImageOfPage":{"@id":"https:\/\/www.meha.lv\/shop\/mink-coat-2\/#primaryimage"},"image":{"@id":"https:\/\/www.meha.lv\/shop\/mink-coat-2\/#primaryimage"},"thumbnailUrl":"https:\/\/www.meha.lv\/wp-content\/uploads\/2023\/02\/IMG-20230125-WA001011.jpg","datePublished":"2023-02-06T14:13:03+00:00","dateModified":"2023-02-09T09:30:28+00:00","description":"\u00a0 \u041d\u043e\u0440\u043a\u043e\u0432\u044b\u0439 \u043f\u043e\u043b\u0443\u0448\u0443\u0431\u043e\u043a, \u0426\u0432\u0435\u0442 \u0442\u0435\u043c\u043d\u043e \u043a\u043e\u0440\u0438\u0447\u043d\u0435\u0432\u044b\u0439\/\u043c\u0430\u0445\u0430\u0433\u043e\u043d, \u0412\u043e\u0440\u043e\u0442\u043d\u0438\u043a \u0441\u0442\u043e\u0439\u043a\u0430, \u041c\u043e\u0434\u0435\u043b\u044c \u0430\u0432\u0442\u043e\u043b\u0435\u0434\u0438, \u0420\u0430\u0437\u043c\u0435\u0440 S\/M, \u0414\u043b\u0438\u043d\u0430 65 \u0441\u043c \u041f\u0440\u043e\u0438\u0437\u0432\u043e\u0434\u0441\u0442\u0432\u043e \u0413\u0440\u0435\u0446\u0438\u044f, \u0415\u0441\u0442\u044c \u043d\u0430 \u043c\u0435\u0441\u0442\u0435. \u041a\u043e\u0434 \u0442\u043e\u0432\u0430\u0440\u0430: IGR-1200 \u016adeles m\u0113telis, Kr\u0101sa tum\u0161i br\u016bna\/sarkankoks, St\u0101v apkakle, auto modelis, S\/M izm\u0113rs, Garums 65 cm Ra\u017eots Grie\u0137ij\u0101, Ir viet\u0101. Produkta kods: IGR-1200 &nbsp; Mink coat, Color dark brown\/mahogany, Stand collar, car model, S\/M size, Length 65 cm Made in Greece, Is in place. Product code: IGR-1200","breadcrumb":{"@id":"https:\/\/www.meha.lv\/shop\/mink-coat-2\/#breadcrumb"},"inLanguage":"ru-RU","potentialAction":[{"@type":"ReadAction","target":["https:\/\/www.meha.lv\/shop\/mink-coat-2\/"]}]},{"@type":"ImageObject","inLanguage":"ru-RU","@id":"https:\/\/www.meha.lv\/shop\/mink-coat-2\/#primaryimage","url":"https:\/\/www.meha.lv\/wp-content\/uploads\/2023\/02\/IMG-20230125-WA001011.jpg","contentUrl":"https:\/\/www.meha.lv\/wp-content\/uploads\/2023\/02\/IMG-20230125-WA001011.jpg","width":1203,"height":2048},{"@type":"BreadcrumbList","@id":"https:\/\/www.meha.lv\/shop\/mink-coat-2\/#breadcrumb","itemListElement":[{"@type":"ListItem","position":1,"name":"Galvena","item":"https:\/\/www.meha.lv\/"},{"@type":"ListItem","position":2,"name":"Ka\u017eoku interneta veikals","item":"https:\/\/www.meha.lv\/internet-magazin-sgub-i-mehovih-izdelis\/"},{"@type":"ListItem","position":3,"name":"\u041f\u043e\u043b\u0443\u0448\u0443\u0431\u043a\u0438","item":"https:\/\/www.meha.lv\/product-category\/polushubki\/"},{"@type":"ListItem","position":4,"name":"\u041d\u043e\u0440\u043a\u043e\u0432\u044b\u0439 \u043f\u043e\u043b\u0443\u0448\u0443\u0431\u043e\u043a, \u0446\u0432\u0435\u0442 \u0442\u0435\u043c\u043d\u043e \u043a\u043e\u0440\u0438\u0447\u043d\u0435\u0432\u044b\u0439\/\u043c\u0430\u0445\u0430\u0433\u043e\u043d"}]},{"@type":"WebSite","@id":"https:\/\/www.meha.lv\/#website","url":"https:\/\/www.meha.lv\/","name":"\u0428\u0443\u0431\u044b \u0438 \u0448\u0430\u043f\u043a\u0438 \u0432 \u041b\u0430\u0442\u0432\u0438\u0438 \u0432 \u0420\u0438\u0433\u0435","description":"\u041c\u0430\u0433\u0430\u0437\u0438\u043d \u0448\u0443\u0431 \u0438 \u0448\u0430\u043f\u043e\u043a \u0438\u0437 \u043d\u043e\u0440\u043a\u0438, \u0431\u043e\u0431\u0440\u0430, \u043a\u0443\u043d\u0438\u0446\u044b, \u043b\u0438\u0441\u044b,\u043a\u0430\u0440\u0430\u043a\u0443\u043b\u044c\u0447\u0438, \u043b\u0430\u043c\u044b, \u0448\u0438\u043d\u0448\u0438\u043b\u043b\u044b, \u043f\u043e\u043d\u0438 \u0438 \u0447\u0435\u0440\u043d\u043e\u0431\u0443\u0440\u043a\u0438.","publisher":{"@id":"https:\/\/www.meha.lv\/#organization"},"potentialAction":[{"@type":"SearchAction","target":{"@type":"EntryPoint","urlTemplate":"https:\/\/www.meha.lv\/?s={search_term_string}"},"query-input":{"@type":"PropertyValueSpecification","valueRequired":true,"valueName":"search_term_string"}}],"inLanguage":"ru-RU"},{"@type":"Organization","@id":"https:\/\/www.meha.lv\/#organization","name":"Ik \"Holidays group\"","url":"https:\/\/www.meha.lv\/","logo":{"@type":"ImageObject","inLanguage":"ru-RU","@id":"https:\/\/www.meha.lv\/#\/schema\/logo\/image\/","url":"https:\/\/www.meha.lv\/wp-content\/uploads\/2018\/12\/DSC_4476.jpg","contentUrl":"https:\/\/www.meha.lv\/wp-content\/uploads\/2018\/12\/DSC_4476.jpg","width":2048,"height":1363,"caption":"Ik \"Holidays group\""},"image":{"@id":"https:\/\/www.meha.lv\/#\/schema\/logo\/image\/"}}]}},"_links":{"self":[{"href":"https:\/\/www.meha.lv\/ru\/wp-json\/wp\/v2\/product\/2475","targetHints":{"allow":["GET"]}}],"collection":[{"href":"https:\/\/www.meha.lv\/ru\/wp-json\/wp\/v2\/product"}],"about":[{"href":"https:\/\/www.meha.lv\/ru\/wp-json\/wp\/v2\/types\/product"}],"replies":[{"embeddable":true,"href":"https:\/\/www.meha.lv\/ru\/wp-json\/wp\/v2\/comments?post=2475"}],"wp:featuredmedia":[{"embeddable":true,"href":"https:\/\/www.meha.lv\/ru\/wp-json\/wp\/v2\/media\/2476"}],"wp:attachment":[{"href":"https:\/\/www.meha.lv\/ru\/wp-json\/wp\/v2\/media?parent=2475"}],"wp:term":[{"taxonomy":"product_brand","embeddable":true,"href":"https:\/\/www.meha.lv\/ru\/wp-json\/wp\/v2\/product_brand?post=2475"},{"taxonomy":"product_cat","embeddable":true,"href":"https:\/\/www.meha.lv\/ru\/wp-json\/wp\/v2\/product_cat?post=2475"},{"taxonomy":"product_tag","embeddable":true,"href":"https:\/\/www.meha.lv\/ru\/wp-json\/wp\/v2\/product_tag?post=2475"}],"curies":[{"name":"wp","href":"https:\/\/api.w.org\/{rel}","templated":true}]}}