{"id":6212,"date":"2026-01-28T16:49:53","date_gmt":"2026-01-28T13:49:53","guid":{"rendered":"https:\/\/www.meha.lv\/?post_type=product&#038;p=6212"},"modified":"2026-05-02T16:07:18","modified_gmt":"2026-05-02T13:07:18","slug":"sieviesu-lapsas-kazokadas-bomber-cepure-ar-ausu-aizsardzibu","status":"publish","type":"product","link":"https:\/\/www.meha.lv\/lt\/shop\/sieviesu-lapsas-kazokadas-bomber-cepure-ar-ausu-aizsardzibu\/","title":{"rendered":"Moteri\u0161ka lap\u0117s kailio kepur\u0117-bomberis su aus\u0173 apsauga"},"content":{"rendered":"<p><\/p>\n<p>Prabangi moteri\u0161ka \u017eiemin\u0117 kepur\u0117-bomberis i\u0161 nat\u016bralaus lap\u0117s kailio sukurta \u0161ilumai ir stilingam \u012fvaizd\u017eiui. Aus\u0173 apsauga patikimai saugo nuo \u0161al\u010dio ir v\u0117jo. Mink\u0161tas nat\u016bralios avikailio pamu\u0161alas suteikia komfort\u0105 ir \u0161ilum\u0105 net esant \u017eemai temperat\u016brai. Puikiai tinka kasdieniam d\u0117v\u0117jimui \u017eiem\u0105.<\/p>\n<p>&nbsp;<\/p>\n<p>","protected":false},"excerpt":{"rendered":"<p>Prabangi moteri\u0161ka \u017eiemin\u0117 kepur\u0117-bomberis i\u0161 nat\u016bralaus lap\u0117s kailio sukurta \u0161ilumai ir stilingam \u012fvaizd\u017eiui. Aus\u0173 apsauga patikimai saugo nuo \u0161al\u010dio ir v\u0117jo. Mink\u0161tas nat\u016bralios avikailio pamu\u0161alas suteikia komfort\u0105 ir \u0161ilum\u0105 net esant \u017eemai temperat\u016brai. Puikiai tinka kasdieniam d\u0117v\u0117jimui \u017eiem\u0105. &nbsp;<\/p>\n","protected":false},"featured_media":6213,"comment_status":"open","ping_status":"closed","template":"","meta":[],"product_brand":[],"product_cat":[31,48,16,62],"product_tag":[],"class_list":{"0":"post-6212","1":"product","2":"type-product","3":"status-publish","4":"has-post-thumbnail","6":"product_cat-mehovye-shapki-kupitj-v-rige","7":"product_cat-sieviesu-cepures","8":"product_cat-izdelija-iz-lisy","9":"product_cat-ideji-dlja-podarkov-na-novyj-god","11":"first","12":"instock","13":"sale","14":"taxable","15":"shipping-taxable","16":"purchasable","17":"product-type-simple"},"yoast_head":"<!-- This site is optimized with the Yoast SEO plugin v26.5 - https:\/\/yoast.com\/wordpress\/plugins\/seo\/ -->\n<title>(Latvie\u0161u valoda) Moteri\u0161ka lap\u0117s kailio kepur\u0117-bomberis su aus\u0173 apsauga | (\u0420\u0443\u0441\u0441\u043a\u0438\u0439) \u0428\u0443\u0431\u044b \u0438 \u0448\u0430\u043f\u043a\u0438 \u0432 \u041b\u0430\u0442\u0432\u0438\u0438 \u0432 \u0420\u0438\u0433\u0435 Sievie\u0161u lapsas ka\u017eok\u0101das cepure | Grezna ziemas cepure<\/title>\n<meta name=\"description\" content=\"(Latvie\u0161u valoda) \u0420\u043e\u0441\u043a\u043e\u0448\u043d\u0430\u044f \u0436\u0435\u043d\u0441\u043a\u0430\u044f \u0437\u0438\u043c\u043d\u044f\u044f \u0448\u0430\u043f\u043a\u0430-\u0431\u043e\u043c\u0431\u0435\u0440 \u0438\u0437 \u043d\u0430\u0442\u0443\u0440\u0430\u043b\u044c\u043d\u043e\u0433\u043e \u043b\u0438\u0441\u044c\u0435\u0433\u043e \u043c\u0435\u0445\u0430 \u0441\u043e\u0437\u0434\u0430\u043d\u0430 \u0434\u043b\u044f \u043c\u0430\u043a\u0441\u0438\u043c\u0430\u043b\u044c\u043d\u043e\u0433\u043e \u0442\u0435\u043f\u043b\u0430 \u0438 \u0441\u0442\u0438\u043b\u044c\u043d\u043e\u0433\u043e \u043e\u0431\u0440\u0430\u0437\u0430. \u041c\u043e\u0434\u0435\u043b\u044c \u0441 \u0437\u0430\u0449\u0438\u0442\u043e\u0439 \u0443\u0448\u0435\u0439 \u043d\u0430\u0434\u0451\u0436\u043d\u043e Grezna sievie\u0161u ziemas cepure no dab\u012bga lapsas ka\u017eok\u0101das ar ausu aizsardz\u012bbu un ait\u0101das oderi.\" \/>\n<meta name=\"robots\" content=\"index, follow, max-snippet:-1, max-image-preview:large, max-video-preview:-1\" \/>\n<link rel=\"canonical\" href=\"https:\/\/www.meha.lv\/shop\/sieviesu-lapsas-kazokadas-bomber-cepure-ar-ausu-aizsardzibu\/\" \/>\n<meta property=\"og:locale\" content=\"lt_LT\" \/>\n<meta property=\"og:type\" content=\"article\" \/>\n<meta property=\"og:title\" content=\"Moteri\u0161ka lap\u0117s kailio kepur\u0117-bomberis su aus\u0173 apsauga | (\u0420\u0443\u0441\u0441\u043a\u0438\u0439) \u0428\u0443\u0431\u044b \u0438 \u0448\u0430\u043f\u043a\u0438 \u0432 \u041b\u0430\u0442\u0432\u0438\u0438 \u0432 \u0420\u0438\u0433\u0435[:LV] Sievie\u0161u lapsas ka\u017eok\u0101das cepure | Grezna ziemas cepure\" \/>\n<meta property=\"og:description\" content=\"\u0420\u043e\u0441\u043a\u043e\u0448\u043d\u0430\u044f \u0436\u0435\u043d\u0441\u043a\u0430\u044f \u0437\u0438\u043c\u043d\u044f\u044f \u0448\u0430\u043f\u043a\u0430-\u0431\u043e\u043c\u0431\u0435\u0440 \u0438\u0437 \u043d\u0430\u0442\u0443\u0440\u0430\u043b\u044c\u043d\u043e\u0433\u043e \u043b\u0438\u0441\u044c\u0435\u0433\u043e \u043c\u0435\u0445\u0430 \u0441\u043e\u0437\u0434\u0430\u043d\u0430 \u0434\u043b\u044f \u043c\u0430\u043a\u0441\u0438\u043c\u0430\u043b\u044c\u043d\u043e\u0433\u043e \u0442\u0435\u043f\u043b\u0430 \u0438 \u0441\u0442\u0438\u043b\u044c\u043d\u043e\u0433\u043e \u043e\u0431\u0440\u0430\u0437\u0430. \u041c\u043e\u0434\u0435\u043b\u044c \u0441 \u0437\u0430\u0449\u0438\u0442\u043e\u0439 \u0443\u0448\u0435\u0439 \u043d\u0430\u0434\u0451\u0436\u043d\u043e[:LV] Grezna sievie\u0161u ziemas cepure no dab\u012bga lapsas ka\u017eok\u0101das ar ausu aizsardz\u012bbu un ait\u0101das oderi.\" \/>\n<meta property=\"og:url\" content=\"https:\/\/www.meha.lv\/shop\/sieviesu-lapsas-kazokadas-bomber-cepure-ar-ausu-aizsardzibu\/\" \/>\n<meta property=\"og:site_name\" content=\"(\u0420\u0443\u0441\u0441\u043a\u0438\u0439) \u0428\u0443\u0431\u044b \u0438 \u0448\u0430\u043f\u043a\u0438 \u0432 \u041b\u0430\u0442\u0432\u0438\u0438 \u0432 \u0420\u0438\u0433\u0435\" \/>\n<meta property=\"article:modified_time\" content=\"2026-05-02T13:07:18+00:00\" \/>\n<meta property=\"og:image\" content=\"https:\/\/www.meha.lv\/wp-content\/uploads\/2026\/01\/108983124037423284.jpg\" \/>\n\t<meta property=\"og:image:width\" content=\"960\" \/>\n\t<meta property=\"og:image:height\" content=\"960\" \/>\n\t<meta property=\"og:image:type\" content=\"image\/jpeg\" \/>\n<meta name=\"twitter:card\" content=\"summary_large_image\" \/>\n<meta name=\"twitter:label1\" content=\"Est. reading time\" \/>\n\t<meta name=\"twitter:data1\" content=\"1 minut\u0117\" \/>\n<script type=\"application\/ld+json\" class=\"yoast-schema-graph\">{\"@context\":\"https:\/\/schema.org\",\"@graph\":[{\"@type\":\"WebPage\",\"@id\":\"https:\/\/www.meha.lv\/shop\/sieviesu-lapsas-kazokadas-bomber-cepure-ar-ausu-aizsardzibu\/\",\"url\":\"https:\/\/www.meha.lv\/shop\/sieviesu-lapsas-kazokadas-bomber-cepure-ar-ausu-aizsardzibu\/\",\"name\":\"Moteri\u0161ka lap\u0117s kailio kepur\u0117-bomberis su aus\u0173 apsauga | (\u0420\u0443\u0441\u0441\u043a\u0438\u0439) \u0428\u0443\u0431\u044b \u0438 \u0448\u0430\u043f\u043a\u0438 \u0432 \u041b\u0430\u0442\u0432\u0438\u0438 \u0432 \u0420\u0438\u0433\u0435[:LV] Sievie\u0161u lapsas ka\u017eok\u0101das cepure | Grezna ziemas cepure\",\"isPartOf\":{\"@id\":\"https:\/\/www.meha.lv\/#website\"},\"primaryImageOfPage\":{\"@id\":\"https:\/\/www.meha.lv\/shop\/sieviesu-lapsas-kazokadas-bomber-cepure-ar-ausu-aizsardzibu\/#primaryimage\"},\"image\":{\"@id\":\"https:\/\/www.meha.lv\/shop\/sieviesu-lapsas-kazokadas-bomber-cepure-ar-ausu-aizsardzibu\/#primaryimage\"},\"thumbnailUrl\":\"https:\/\/www.meha.lv\/wp-content\/uploads\/2026\/01\/108983124037423284.jpg\",\"datePublished\":\"2026-01-28T13:49:53+00:00\",\"dateModified\":\"2026-05-02T13:07:18+00:00\",\"description\":\"\u0420\u043e\u0441\u043a\u043e\u0448\u043d\u0430\u044f \u0436\u0435\u043d\u0441\u043a\u0430\u044f \u0437\u0438\u043c\u043d\u044f\u044f \u0448\u0430\u043f\u043a\u0430-\u0431\u043e\u043c\u0431\u0435\u0440 \u0438\u0437 \u043d\u0430\u0442\u0443\u0440\u0430\u043b\u044c\u043d\u043e\u0433\u043e \u043b\u0438\u0441\u044c\u0435\u0433\u043e \u043c\u0435\u0445\u0430 \u0441\u043e\u0437\u0434\u0430\u043d\u0430 \u0434\u043b\u044f \u043c\u0430\u043a\u0441\u0438\u043c\u0430\u043b\u044c\u043d\u043e\u0433\u043e \u0442\u0435\u043f\u043b\u0430 \u0438 \u0441\u0442\u0438\u043b\u044c\u043d\u043e\u0433\u043e \u043e\u0431\u0440\u0430\u0437\u0430. \u041c\u043e\u0434\u0435\u043b\u044c \u0441 \u0437\u0430\u0449\u0438\u0442\u043e\u0439 \u0443\u0448\u0435\u0439 \u043d\u0430\u0434\u0451\u0436\u043d\u043e[:LV] Grezna sievie\u0161u ziemas cepure no dab\u012bga lapsas ka\u017eok\u0101das ar ausu aizsardz\u012bbu un ait\u0101das oderi.\",\"breadcrumb\":{\"@id\":\"https:\/\/www.meha.lv\/shop\/sieviesu-lapsas-kazokadas-bomber-cepure-ar-ausu-aizsardzibu\/#breadcrumb\"},\"inLanguage\":\"lt-LT\",\"potentialAction\":[{\"@type\":\"ReadAction\",\"target\":[\"https:\/\/www.meha.lv\/shop\/sieviesu-lapsas-kazokadas-bomber-cepure-ar-ausu-aizsardzibu\/\"]}]},{\"@type\":\"ImageObject\",\"inLanguage\":\"lt-LT\",\"@id\":\"https:\/\/www.meha.lv\/shop\/sieviesu-lapsas-kazokadas-bomber-cepure-ar-ausu-aizsardzibu\/#primaryimage\",\"url\":\"https:\/\/www.meha.lv\/wp-content\/uploads\/2026\/01\/108983124037423284.jpg\",\"contentUrl\":\"https:\/\/www.meha.lv\/wp-content\/uploads\/2026\/01\/108983124037423284.jpg\",\"width\":960,\"height\":960},{\"@type\":\"BreadcrumbList\",\"@id\":\"https:\/\/www.meha.lv\/shop\/sieviesu-lapsas-kazokadas-bomber-cepure-ar-ausu-aizsardzibu\/#breadcrumb\",\"itemListElement\":[{\"@type\":\"ListItem\",\"position\":1,\"name\":\"Galvena\",\"item\":\"https:\/\/www.meha.lv\/\"},{\"@type\":\"ListItem\",\"position\":2,\"name\":\"Ka\u017eoku interneta veikals\",\"item\":\"https:\/\/www.meha.lv\/internet-magazin-sgub-i-mehovih-izdelis\/\"},{\"@type\":\"ListItem\",\"position\":3,\"name\":\"[:ru]\u043c\u0435\u0445\u043e\u0432\u044b\u0435 \u0448\u0430\u043f\u043a\u0438[:LV] ka\u017eok\u0101du cepures veikals\",\"item\":\"https:\/\/www.meha.lv\/product-category\/mehovye-shapki-kupitj-v-rige\/\"},{\"@type\":\"ListItem\",\"position\":4,\"name\":\"Sievie\u0161u lapsas ka\u017eok\u0101das bomber cepure ar ausu aizsardz\u012bbu\"}]},{\"@type\":\"WebSite\",\"@id\":\"https:\/\/www.meha.lv\/#website\",\"url\":\"https:\/\/www.meha.lv\/\",\"name\":\"(\u0420\u0443\u0441\u0441\u043a\u0438\u0439) \u0428\u0443\u0431\u044b \u0438 \u0448\u0430\u043f\u043a\u0438 \u0432 \u041b\u0430\u0442\u0432\u0438\u0438 \u0432 \u0420\u0438\u0433\u0435\",\"description\":\"(\u0420\u0443\u0441\u0441\u043a\u0438\u0439) \u041c\u0430\u0433\u0430\u0437\u0438\u043d \u0448\u0443\u0431 \u0438 \u0448\u0430\u043f\u043e\u043a \u0438\u0437 \u043d\u043e\u0440\u043a\u0438, \u0431\u043e\u0431\u0440\u0430, \u043a\u0443\u043d\u0438\u0446\u044b, \u043b\u0438\u0441\u044b,\u043a\u0430\u0440\u0430\u043a\u0443\u043b\u044c\u0447\u0438, \u043b\u0430\u043c\u044b, \u0448\u0438\u043d\u0448\u0438\u043b\u043b\u044b, \u043f\u043e\u043d\u0438 \u0438 \u0447\u0435\u0440\u043d\u043e\u0431\u0443\u0440\u043a\u0438.\",\"publisher\":{\"@id\":\"https:\/\/www.meha.lv\/#organization\"},\"potentialAction\":[{\"@type\":\"SearchAction\",\"target\":{\"@type\":\"EntryPoint\",\"urlTemplate\":\"https:\/\/www.meha.lv\/?s={search_term_string}\"},\"query-input\":{\"@type\":\"PropertyValueSpecification\",\"valueRequired\":true,\"valueName\":\"search_term_string\"}}],\"inLanguage\":\"lt-LT\"},{\"@type\":\"Organization\",\"@id\":\"https:\/\/www.meha.lv\/#organization\",\"name\":\"Ik \\\"Holidays group\\\"\",\"url\":\"https:\/\/www.meha.lv\/\",\"logo\":{\"@type\":\"ImageObject\",\"inLanguage\":\"lt-LT\",\"@id\":\"https:\/\/www.meha.lv\/#\/schema\/logo\/image\/\",\"url\":\"https:\/\/www.meha.lv\/wp-content\/uploads\/2018\/12\/DSC_4476.jpg\",\"contentUrl\":\"https:\/\/www.meha.lv\/wp-content\/uploads\/2018\/12\/DSC_4476.jpg\",\"width\":2048,\"height\":1363,\"caption\":\"Ik \\\"Holidays group\\\"\"},\"image\":{\"@id\":\"https:\/\/www.meha.lv\/#\/schema\/logo\/image\/\"}}]}<\/script>\n<!-- \/ Yoast SEO plugin. -->","yoast_head_json":{"title":"(Latvie\u0161u valoda) Moteri\u0161ka lap\u0117s kailio kepur\u0117-bomberis su aus\u0173 apsauga | (\u0420\u0443\u0441\u0441\u043a\u0438\u0439) \u0428\u0443\u0431\u044b \u0438 \u0448\u0430\u043f\u043a\u0438 \u0432 \u041b\u0430\u0442\u0432\u0438\u0438 \u0432 \u0420\u0438\u0433\u0435 Sievie\u0161u lapsas ka\u017eok\u0101das cepure | Grezna ziemas cepure","description":"(Latvie\u0161u valoda) \u0420\u043e\u0441\u043a\u043e\u0448\u043d\u0430\u044f \u0436\u0435\u043d\u0441\u043a\u0430\u044f \u0437\u0438\u043c\u043d\u044f\u044f \u0448\u0430\u043f\u043a\u0430-\u0431\u043e\u043c\u0431\u0435\u0440 \u0438\u0437 \u043d\u0430\u0442\u0443\u0440\u0430\u043b\u044c\u043d\u043e\u0433\u043e \u043b\u0438\u0441\u044c\u0435\u0433\u043e \u043c\u0435\u0445\u0430 \u0441\u043e\u0437\u0434\u0430\u043d\u0430 \u0434\u043b\u044f \u043c\u0430\u043a\u0441\u0438\u043c\u0430\u043b\u044c\u043d\u043e\u0433\u043e \u0442\u0435\u043f\u043b\u0430 \u0438 \u0441\u0442\u0438\u043b\u044c\u043d\u043e\u0433\u043e \u043e\u0431\u0440\u0430\u0437\u0430. \u041c\u043e\u0434\u0435\u043b\u044c \u0441 \u0437\u0430\u0449\u0438\u0442\u043e\u0439 \u0443\u0448\u0435\u0439 \u043d\u0430\u0434\u0451\u0436\u043d\u043e Grezna sievie\u0161u ziemas cepure no dab\u012bga lapsas ka\u017eok\u0101das ar ausu aizsardz\u012bbu un ait\u0101das oderi.","robots":{"index":"index","follow":"follow","max-snippet":"max-snippet:-1","max-image-preview":"max-image-preview:large","max-video-preview":"max-video-preview:-1"},"canonical":"https:\/\/www.meha.lv\/shop\/sieviesu-lapsas-kazokadas-bomber-cepure-ar-ausu-aizsardzibu\/","og_locale":"lt_LT","og_type":"article","og_title":"Moteri\u0161ka lap\u0117s kailio kepur\u0117-bomberis su aus\u0173 apsauga | (\u0420\u0443\u0441\u0441\u043a\u0438\u0439) \u0428\u0443\u0431\u044b \u0438 \u0448\u0430\u043f\u043a\u0438 \u0432 \u041b\u0430\u0442\u0432\u0438\u0438 \u0432 \u0420\u0438\u0433\u0435[:LV] Sievie\u0161u lapsas ka\u017eok\u0101das cepure | Grezna ziemas cepure","og_description":"\u0420\u043e\u0441\u043a\u043e\u0448\u043d\u0430\u044f \u0436\u0435\u043d\u0441\u043a\u0430\u044f \u0437\u0438\u043c\u043d\u044f\u044f \u0448\u0430\u043f\u043a\u0430-\u0431\u043e\u043c\u0431\u0435\u0440 \u0438\u0437 \u043d\u0430\u0442\u0443\u0440\u0430\u043b\u044c\u043d\u043e\u0433\u043e \u043b\u0438\u0441\u044c\u0435\u0433\u043e \u043c\u0435\u0445\u0430 \u0441\u043e\u0437\u0434\u0430\u043d\u0430 \u0434\u043b\u044f \u043c\u0430\u043a\u0441\u0438\u043c\u0430\u043b\u044c\u043d\u043e\u0433\u043e \u0442\u0435\u043f\u043b\u0430 \u0438 \u0441\u0442\u0438\u043b\u044c\u043d\u043e\u0433\u043e \u043e\u0431\u0440\u0430\u0437\u0430. \u041c\u043e\u0434\u0435\u043b\u044c \u0441 \u0437\u0430\u0449\u0438\u0442\u043e\u0439 \u0443\u0448\u0435\u0439 \u043d\u0430\u0434\u0451\u0436\u043d\u043e[:LV] Grezna sievie\u0161u ziemas cepure no dab\u012bga lapsas ka\u017eok\u0101das ar ausu aizsardz\u012bbu un ait\u0101das oderi.","og_url":"https:\/\/www.meha.lv\/shop\/sieviesu-lapsas-kazokadas-bomber-cepure-ar-ausu-aizsardzibu\/","og_site_name":"(\u0420\u0443\u0441\u0441\u043a\u0438\u0439) \u0428\u0443\u0431\u044b \u0438 \u0448\u0430\u043f\u043a\u0438 \u0432 \u041b\u0430\u0442\u0432\u0438\u0438 \u0432 \u0420\u0438\u0433\u0435","article_modified_time":"2026-05-02T13:07:18+00:00","og_image":[{"width":960,"height":960,"url":"https:\/\/www.meha.lv\/wp-content\/uploads\/2026\/01\/108983124037423284.jpg","type":"image\/jpeg"}],"twitter_card":"summary_large_image","twitter_misc":{"Est. reading time":"1 minut\u0117"},"schema":{"@context":"https:\/\/schema.org","@graph":[{"@type":"WebPage","@id":"https:\/\/www.meha.lv\/shop\/sieviesu-lapsas-kazokadas-bomber-cepure-ar-ausu-aizsardzibu\/","url":"https:\/\/www.meha.lv\/shop\/sieviesu-lapsas-kazokadas-bomber-cepure-ar-ausu-aizsardzibu\/","name":"Moteri\u0161ka lap\u0117s kailio kepur\u0117-bomberis su aus\u0173 apsauga | (\u0420\u0443\u0441\u0441\u043a\u0438\u0439) \u0428\u0443\u0431\u044b \u0438 \u0448\u0430\u043f\u043a\u0438 \u0432 \u041b\u0430\u0442\u0432\u0438\u0438 \u0432 \u0420\u0438\u0433\u0435[:LV] Sievie\u0161u lapsas ka\u017eok\u0101das cepure | Grezna ziemas cepure","isPartOf":{"@id":"https:\/\/www.meha.lv\/#website"},"primaryImageOfPage":{"@id":"https:\/\/www.meha.lv\/shop\/sieviesu-lapsas-kazokadas-bomber-cepure-ar-ausu-aizsardzibu\/#primaryimage"},"image":{"@id":"https:\/\/www.meha.lv\/shop\/sieviesu-lapsas-kazokadas-bomber-cepure-ar-ausu-aizsardzibu\/#primaryimage"},"thumbnailUrl":"https:\/\/www.meha.lv\/wp-content\/uploads\/2026\/01\/108983124037423284.jpg","datePublished":"2026-01-28T13:49:53+00:00","dateModified":"2026-05-02T13:07:18+00:00","description":"\u0420\u043e\u0441\u043a\u043e\u0448\u043d\u0430\u044f \u0436\u0435\u043d\u0441\u043a\u0430\u044f \u0437\u0438\u043c\u043d\u044f\u044f \u0448\u0430\u043f\u043a\u0430-\u0431\u043e\u043c\u0431\u0435\u0440 \u0438\u0437 \u043d\u0430\u0442\u0443\u0440\u0430\u043b\u044c\u043d\u043e\u0433\u043e \u043b\u0438\u0441\u044c\u0435\u0433\u043e \u043c\u0435\u0445\u0430 \u0441\u043e\u0437\u0434\u0430\u043d\u0430 \u0434\u043b\u044f \u043c\u0430\u043a\u0441\u0438\u043c\u0430\u043b\u044c\u043d\u043e\u0433\u043e \u0442\u0435\u043f\u043b\u0430 \u0438 \u0441\u0442\u0438\u043b\u044c\u043d\u043e\u0433\u043e \u043e\u0431\u0440\u0430\u0437\u0430. \u041c\u043e\u0434\u0435\u043b\u044c \u0441 \u0437\u0430\u0449\u0438\u0442\u043e\u0439 \u0443\u0448\u0435\u0439 \u043d\u0430\u0434\u0451\u0436\u043d\u043e[:LV] Grezna sievie\u0161u ziemas cepure no dab\u012bga lapsas ka\u017eok\u0101das ar ausu aizsardz\u012bbu un ait\u0101das oderi.","breadcrumb":{"@id":"https:\/\/www.meha.lv\/shop\/sieviesu-lapsas-kazokadas-bomber-cepure-ar-ausu-aizsardzibu\/#breadcrumb"},"inLanguage":"lt-LT","potentialAction":[{"@type":"ReadAction","target":["https:\/\/www.meha.lv\/shop\/sieviesu-lapsas-kazokadas-bomber-cepure-ar-ausu-aizsardzibu\/"]}]},{"@type":"ImageObject","inLanguage":"lt-LT","@id":"https:\/\/www.meha.lv\/shop\/sieviesu-lapsas-kazokadas-bomber-cepure-ar-ausu-aizsardzibu\/#primaryimage","url":"https:\/\/www.meha.lv\/wp-content\/uploads\/2026\/01\/108983124037423284.jpg","contentUrl":"https:\/\/www.meha.lv\/wp-content\/uploads\/2026\/01\/108983124037423284.jpg","width":960,"height":960},{"@type":"BreadcrumbList","@id":"https:\/\/www.meha.lv\/shop\/sieviesu-lapsas-kazokadas-bomber-cepure-ar-ausu-aizsardzibu\/#breadcrumb","itemListElement":[{"@type":"ListItem","position":1,"name":"Galvena","item":"https:\/\/www.meha.lv\/"},{"@type":"ListItem","position":2,"name":"Ka\u017eoku interneta veikals","item":"https:\/\/www.meha.lv\/internet-magazin-sgub-i-mehovih-izdelis\/"},{"@type":"ListItem","position":3,"name":"[:ru]\u043c\u0435\u0445\u043e\u0432\u044b\u0435 \u0448\u0430\u043f\u043a\u0438[:LV] ka\u017eok\u0101du cepures veikals","item":"https:\/\/www.meha.lv\/product-category\/mehovye-shapki-kupitj-v-rige\/"},{"@type":"ListItem","position":4,"name":"Sievie\u0161u lapsas ka\u017eok\u0101das bomber cepure ar ausu aizsardz\u012bbu"}]},{"@type":"WebSite","@id":"https:\/\/www.meha.lv\/#website","url":"https:\/\/www.meha.lv\/","name":"(\u0420\u0443\u0441\u0441\u043a\u0438\u0439) \u0428\u0443\u0431\u044b \u0438 \u0448\u0430\u043f\u043a\u0438 \u0432 \u041b\u0430\u0442\u0432\u0438\u0438 \u0432 \u0420\u0438\u0433\u0435","description":"(\u0420\u0443\u0441\u0441\u043a\u0438\u0439) \u041c\u0430\u0433\u0430\u0437\u0438\u043d \u0448\u0443\u0431 \u0438 \u0448\u0430\u043f\u043e\u043a \u0438\u0437 \u043d\u043e\u0440\u043a\u0438, \u0431\u043e\u0431\u0440\u0430, \u043a\u0443\u043d\u0438\u0446\u044b, \u043b\u0438\u0441\u044b,\u043a\u0430\u0440\u0430\u043a\u0443\u043b\u044c\u0447\u0438, \u043b\u0430\u043c\u044b, \u0448\u0438\u043d\u0448\u0438\u043b\u043b\u044b, \u043f\u043e\u043d\u0438 \u0438 \u0447\u0435\u0440\u043d\u043e\u0431\u0443\u0440\u043a\u0438.","publisher":{"@id":"https:\/\/www.meha.lv\/#organization"},"potentialAction":[{"@type":"SearchAction","target":{"@type":"EntryPoint","urlTemplate":"https:\/\/www.meha.lv\/?s={search_term_string}"},"query-input":{"@type":"PropertyValueSpecification","valueRequired":true,"valueName":"search_term_string"}}],"inLanguage":"lt-LT"},{"@type":"Organization","@id":"https:\/\/www.meha.lv\/#organization","name":"Ik \"Holidays group\"","url":"https:\/\/www.meha.lv\/","logo":{"@type":"ImageObject","inLanguage":"lt-LT","@id":"https:\/\/www.meha.lv\/#\/schema\/logo\/image\/","url":"https:\/\/www.meha.lv\/wp-content\/uploads\/2018\/12\/DSC_4476.jpg","contentUrl":"https:\/\/www.meha.lv\/wp-content\/uploads\/2018\/12\/DSC_4476.jpg","width":2048,"height":1363,"caption":"Ik \"Holidays group\""},"image":{"@id":"https:\/\/www.meha.lv\/#\/schema\/logo\/image\/"}}]}},"_links":{"self":[{"href":"https:\/\/www.meha.lv\/lt\/wp-json\/wp\/v2\/product\/6212","targetHints":{"allow":["GET"]}}],"collection":[{"href":"https:\/\/www.meha.lv\/lt\/wp-json\/wp\/v2\/product"}],"about":[{"href":"https:\/\/www.meha.lv\/lt\/wp-json\/wp\/v2\/types\/product"}],"replies":[{"embeddable":true,"href":"https:\/\/www.meha.lv\/lt\/wp-json\/wp\/v2\/comments?post=6212"}],"wp:featuredmedia":[{"embeddable":true,"href":"https:\/\/www.meha.lv\/lt\/wp-json\/wp\/v2\/media\/6213"}],"wp:attachment":[{"href":"https:\/\/www.meha.lv\/lt\/wp-json\/wp\/v2\/media?parent=6212"}],"wp:term":[{"taxonomy":"product_brand","embeddable":true,"href":"https:\/\/www.meha.lv\/lt\/wp-json\/wp\/v2\/product_brand?post=6212"},{"taxonomy":"product_cat","embeddable":true,"href":"https:\/\/www.meha.lv\/lt\/wp-json\/wp\/v2\/product_cat?post=6212"},{"taxonomy":"product_tag","embeddable":true,"href":"https:\/\/www.meha.lv\/lt\/wp-json\/wp\/v2\/product_tag?post=6212"}],"curies":[{"name":"wp","href":"https:\/\/api.w.org\/{rel}","templated":true}]}}