{"id":406,"date":"2015-11-03T15:53:20","date_gmt":"2015-11-03T12:53:20","guid":{"rendered":"http:\/\/www.meha.lv\/shop\/magazin-shub-v-rige\/mehavaja-zhiletka-2\/"},"modified":"2024-11-08T08:55:04","modified_gmt":"2024-11-08T05:55:04","slug":"mehavaja-zhiletka-2","status":"publish","type":"product","link":"https:\/\/www.meha.lv\/lt\/shop\/mehavaja-zhiletka-2\/","title":{"rendered":"(\u0420\u0443\u0441\u0441\u043a\u0438\u0439) \u041c\u0435\u0445\u043e\u0432\u0430\u044f \u0436\u0438\u043b\u0435\u0442\u043a\u0430 \u0438\u0437 \u043c\u0435\u0445\u0430 \u0447\u0435\u0440\u043d\u043e\u0431\u0443\u0440\u043a\u0438"},"content":{"rendered":"<p class=\"qtranxs-available-languages-message qtranxs-available-languages-message-lt\">Atsipra\u0161ome, \u0161is puslapis galimas tik <a href=\"https:\/\/www.meha.lv\/ru\/wp-json\/wp\/v2\/product\/406\" class=\"qtranxs-available-language-link qtranxs-available-language-link-ru\" title=\"\u0420\u0443\u0441\u0441\u043a\u0438\u0439\">\u0420\u0443\u0441\u0441\u043a\u0438\u0439<\/a>, <a href=\"https:\/\/www.meha.lv\/LV\/wp-json\/wp\/v2\/product\/406\" class=\"qtranxs-available-language-link qtranxs-available-language-link-LV\" title=\"Latvie\u0161u valoda\">Latvie\u0161u valoda<\/a> ir <a href=\"https:\/\/www.meha.lv\/en\/wp-json\/wp\/v2\/product\/406\" class=\"qtranxs-available-language-link qtranxs-available-language-link-en\" title=\"English\">English<\/a>.<\/p>","protected":false},"excerpt":{"rendered":"<p class=\"qtranxs-available-languages-message qtranxs-available-languages-message-lt\">Atsipra\u0161ome, \u0161is puslapis galimas tik <a href=\"https:\/\/www.meha.lv\/ru\/wp-json\/wp\/v2\/product\/406\" class=\"qtranxs-available-language-link qtranxs-available-language-link-ru\" title=\"\u0420\u0443\u0441\u0441\u043a\u0438\u0439\">\u0420\u0443\u0441\u0441\u043a\u0438\u0439<\/a>, <a href=\"https:\/\/www.meha.lv\/LV\/wp-json\/wp\/v2\/product\/406\" class=\"qtranxs-available-language-link qtranxs-available-language-link-LV\" title=\"Latvie\u0161u valoda\">Latvie\u0161u valoda<\/a> ir <a href=\"https:\/\/www.meha.lv\/en\/wp-json\/wp\/v2\/product\/406\" class=\"qtranxs-available-language-link qtranxs-available-language-link-en\" title=\"English\">English<\/a>.<\/p>\n","protected":false},"featured_media":812,"comment_status":"open","ping_status":"closed","template":"","meta":[],"product_brand":[],"product_cat":[14,16],"product_tag":[],"class_list":{"0":"post-406","1":"product","2":"type-product","3":"status-publish","4":"has-post-thumbnail","6":"product_cat-zhiletki-mehovye","7":"product_cat-izdelija-iz-lisy","9":"first","10":"onbackorder","11":"taxable","12":"shipping-taxable","13":"purchasable","14":"product-type-simple"},"yoast_head":"<!-- This site is optimized with the Yoast SEO plugin v26.5 - https:\/\/yoast.com\/wordpress\/plugins\/seo\/ -->\n<title>(\u0420\u0443\u0441\u0441\u043a\u0438\u0439) \u00a0 \u041c\u0435\u0445\u043e\u0432\u0430\u044f \u0436\u0438\u043b\u0435\u0442\u043a\u0430<\/title>\n<meta name=\"description\" content=\"(\u0420\u0443\u0441\u0441\u043a\u0438\u0439) \u00a0 \u041c\u0435\u0445\u043e\u0432\u0430\u044f \u0436\u0438\u043b\u0435\u0442\u043a\u0430\" \/>\n<meta name=\"robots\" content=\"index, follow, max-snippet:-1, max-image-preview:large, max-video-preview:-1\" \/>\n<link rel=\"canonical\" href=\"https:\/\/www.meha.lv\/shop\/mehavaja-zhiletka-2\/\" \/>\n<meta property=\"og:locale\" content=\"lt_LT\" \/>\n<meta property=\"og:type\" content=\"article\" \/>\n<meta property=\"og:title\" content=\"[:ru]\u00a0 \u041c\u0435\u0445\u043e\u0432\u0430\u044f \u0436\u0438\u043b\u0435\u0442\u043a\u0430[:LV]\u00a0 Ka\u017eok\u0101das veste [:en]\u00a0Fur vest natural silver fox vest[:]\" \/>\n<meta property=\"og:description\" content=\"{:ru}\u00a0 \u041c\u0435\u0445\u043e\u0432\u0430\u044f \u0436\u0438\u043b\u0435\u0442\u043a\u0430{:LV}\u00a0 Ka\u017eok\u0101das veste {:en}\u00a0Fur vest natural silver fox vest{:}\" \/>\n<meta property=\"og:url\" content=\"https:\/\/www.meha.lv\/shop\/mehavaja-zhiletka-2\/\" \/>\n<meta property=\"og:site_name\" content=\"(\u0420\u0443\u0441\u0441\u043a\u0438\u0439) \u0428\u0443\u0431\u044b \u0438 \u0448\u0430\u043f\u043a\u0438 \u0432 \u041b\u0430\u0442\u0432\u0438\u0438 \u0432 \u0420\u0438\u0433\u0435\" \/>\n<meta property=\"article:modified_time\" content=\"2024-11-08T05:55:04+00:00\" \/>\n<meta property=\"og:image\" content=\"https:\/\/www.meha.lv\/wp-content\/uploads\/2015\/11\/IMG_4848-56-25-1.jpg\" \/>\n\t<meta property=\"og:image:width\" content=\"1133\" \/>\n\t<meta property=\"og:image:height\" content=\"1700\" \/>\n\t<meta property=\"og:image:type\" content=\"image\/jpeg\" \/>\n<meta name=\"twitter:card\" content=\"summary_large_image\" \/>\n<script type=\"application\/ld+json\" class=\"yoast-schema-graph\">{\"@context\":\"https:\/\/schema.org\",\"@graph\":[{\"@type\":\"WebPage\",\"@id\":\"https:\/\/www.meha.lv\/shop\/mehavaja-zhiletka-2\/\",\"url\":\"https:\/\/www.meha.lv\/shop\/mehavaja-zhiletka-2\/\",\"name\":\"[:ru]\u00a0 \u041c\u0435\u0445\u043e\u0432\u0430\u044f \u0436\u0438\u043b\u0435\u0442\u043a\u0430[:LV]\u00a0 Ka\u017eok\u0101das veste [:en]\u00a0Fur vest natural silver fox vest[:]\",\"isPartOf\":{\"@id\":\"https:\/\/www.meha.lv\/#website\"},\"primaryImageOfPage\":{\"@id\":\"https:\/\/www.meha.lv\/shop\/mehavaja-zhiletka-2\/#primaryimage\"},\"image\":{\"@id\":\"https:\/\/www.meha.lv\/shop\/mehavaja-zhiletka-2\/#primaryimage\"},\"thumbnailUrl\":\"https:\/\/www.meha.lv\/wp-content\/uploads\/2015\/11\/IMG_4848-56-25-1.jpg\",\"datePublished\":\"2015-11-03T12:53:20+00:00\",\"dateModified\":\"2024-11-08T05:55:04+00:00\",\"description\":\"{:ru}\u00a0 \u041c\u0435\u0445\u043e\u0432\u0430\u044f \u0436\u0438\u043b\u0435\u0442\u043a\u0430{:LV}\u00a0 Ka\u017eok\u0101das veste {:en}\u00a0Fur vest natural silver fox vest{:}\",\"breadcrumb\":{\"@id\":\"https:\/\/www.meha.lv\/shop\/mehavaja-zhiletka-2\/#breadcrumb\"},\"inLanguage\":\"lt-LT\",\"potentialAction\":[{\"@type\":\"ReadAction\",\"target\":[\"https:\/\/www.meha.lv\/shop\/mehavaja-zhiletka-2\/\"]}]},{\"@type\":\"ImageObject\",\"inLanguage\":\"lt-LT\",\"@id\":\"https:\/\/www.meha.lv\/shop\/mehavaja-zhiletka-2\/#primaryimage\",\"url\":\"https:\/\/www.meha.lv\/wp-content\/uploads\/2015\/11\/IMG_4848-56-25-1.jpg\",\"contentUrl\":\"https:\/\/www.meha.lv\/wp-content\/uploads\/2015\/11\/IMG_4848-56-25-1.jpg\",\"width\":1133,\"height\":1700,\"caption\":\"\u043c\u0435\u0445\u043e\u0432\u0430\u044f \u0436\u0438\u043b\u0435\u0442\u043a\u0430 \u043a\u0443\u043f\u0438\u0442\u044c \u0432 \u0438\u043d\u0442\u0435\u0440\u043d\u0435\u0442 - \u043c\u0430\u0433\u0430\u0437\u0438\u043d\u0435 meha.lv\"},{\"@type\":\"BreadcrumbList\",\"@id\":\"https:\/\/www.meha.lv\/shop\/mehavaja-zhiletka-2\/#breadcrumb\",\"itemListElement\":[{\"@type\":\"ListItem\",\"position\":1,\"name\":\"Galvena\",\"item\":\"https:\/\/www.meha.lv\/\"},{\"@type\":\"ListItem\",\"position\":2,\"name\":\"Ka\u017eoku interneta veikals\",\"item\":\"https:\/\/www.meha.lv\/internet-magazin-sgub-i-mehovih-izdelis\/\"},{\"@type\":\"ListItem\",\"position\":3,\"name\":\"[:LV] Ka\u017eok\u0101das vestes nopirkt R\u012bg\u0101 Latvij\u0101 [:ru] \u0413\u0434\u0435 \u043a\u0443\u043f\u0438\u0442\u044c \u043c\u0435\u0445\u043e\u0432\u0443\u044e \u0436\u0438\u043b\u0435\u0442\u043a\u0443 \u0432 \u0420\u0438\u0433\u0435\",\"item\":\"https:\/\/www.meha.lv\/product-category\/zhiletki-mehovye\/\"},{\"@type\":\"ListItem\",\"position\":4,\"name\":\"[:ru]\u041c\u0435\u0445\u043e\u0432\u0430\u044f \u0436\u0438\u043b\u0435\u0442\u043a\u0430 \u0438\u0437 \u043c\u0435\u0445\u0430 \u0447\u0435\u0440\u043d\u043e\u0431\u0443\u0440\u043a\u0438[:LV]Ka\u017eok\u0101das veste no dab\u012bgas sudraba lapsas[:en]Fur vest natural silver fox vest[:]\"}]},{\"@type\":\"WebSite\",\"@id\":\"https:\/\/www.meha.lv\/#website\",\"url\":\"https:\/\/www.meha.lv\/\",\"name\":\"(\u0420\u0443\u0441\u0441\u043a\u0438\u0439) \u0428\u0443\u0431\u044b \u0438 \u0448\u0430\u043f\u043a\u0438 \u0432 \u041b\u0430\u0442\u0432\u0438\u0438 \u0432 \u0420\u0438\u0433\u0435\",\"description\":\"(\u0420\u0443\u0441\u0441\u043a\u0438\u0439) \u041c\u0430\u0433\u0430\u0437\u0438\u043d \u0448\u0443\u0431 \u0438 \u0448\u0430\u043f\u043e\u043a \u0438\u0437 \u043d\u043e\u0440\u043a\u0438, \u0431\u043e\u0431\u0440\u0430, \u043a\u0443\u043d\u0438\u0446\u044b, \u043b\u0438\u0441\u044b,\u043a\u0430\u0440\u0430\u043a\u0443\u043b\u044c\u0447\u0438, \u043b\u0430\u043c\u044b, \u0448\u0438\u043d\u0448\u0438\u043b\u043b\u044b, \u043f\u043e\u043d\u0438 \u0438 \u0447\u0435\u0440\u043d\u043e\u0431\u0443\u0440\u043a\u0438.\",\"publisher\":{\"@id\":\"https:\/\/www.meha.lv\/#organization\"},\"potentialAction\":[{\"@type\":\"SearchAction\",\"target\":{\"@type\":\"EntryPoint\",\"urlTemplate\":\"https:\/\/www.meha.lv\/?s={search_term_string}\"},\"query-input\":{\"@type\":\"PropertyValueSpecification\",\"valueRequired\":true,\"valueName\":\"search_term_string\"}}],\"inLanguage\":\"lt-LT\"},{\"@type\":\"Organization\",\"@id\":\"https:\/\/www.meha.lv\/#organization\",\"name\":\"Ik \\\"Holidays group\\\"\",\"url\":\"https:\/\/www.meha.lv\/\",\"logo\":{\"@type\":\"ImageObject\",\"inLanguage\":\"lt-LT\",\"@id\":\"https:\/\/www.meha.lv\/#\/schema\/logo\/image\/\",\"url\":\"https:\/\/www.meha.lv\/wp-content\/uploads\/2018\/12\/DSC_4476.jpg\",\"contentUrl\":\"https:\/\/www.meha.lv\/wp-content\/uploads\/2018\/12\/DSC_4476.jpg\",\"width\":2048,\"height\":1363,\"caption\":\"Ik \\\"Holidays group\\\"\"},\"image\":{\"@id\":\"https:\/\/www.meha.lv\/#\/schema\/logo\/image\/\"}}]}<\/script>\n<!-- \/ Yoast SEO plugin. -->","yoast_head_json":{"title":"(\u0420\u0443\u0441\u0441\u043a\u0438\u0439) \u00a0 \u041c\u0435\u0445\u043e\u0432\u0430\u044f \u0436\u0438\u043b\u0435\u0442\u043a\u0430","description":"(\u0420\u0443\u0441\u0441\u043a\u0438\u0439) \u00a0 \u041c\u0435\u0445\u043e\u0432\u0430\u044f \u0436\u0438\u043b\u0435\u0442\u043a\u0430","robots":{"index":"index","follow":"follow","max-snippet":"max-snippet:-1","max-image-preview":"max-image-preview:large","max-video-preview":"max-video-preview:-1"},"canonical":"https:\/\/www.meha.lv\/shop\/mehavaja-zhiletka-2\/","og_locale":"lt_LT","og_type":"article","og_title":"[:ru]\u00a0 \u041c\u0435\u0445\u043e\u0432\u0430\u044f \u0436\u0438\u043b\u0435\u0442\u043a\u0430[:LV]\u00a0 Ka\u017eok\u0101das veste [:en]\u00a0Fur vest natural silver fox vest[:]","og_description":"{:ru}\u00a0 \u041c\u0435\u0445\u043e\u0432\u0430\u044f \u0436\u0438\u043b\u0435\u0442\u043a\u0430{:LV}\u00a0 Ka\u017eok\u0101das veste {:en}\u00a0Fur vest natural silver fox vest{:}","og_url":"https:\/\/www.meha.lv\/shop\/mehavaja-zhiletka-2\/","og_site_name":"(\u0420\u0443\u0441\u0441\u043a\u0438\u0439) \u0428\u0443\u0431\u044b \u0438 \u0448\u0430\u043f\u043a\u0438 \u0432 \u041b\u0430\u0442\u0432\u0438\u0438 \u0432 \u0420\u0438\u0433\u0435","article_modified_time":"2024-11-08T05:55:04+00:00","og_image":[{"width":1133,"height":1700,"url":"https:\/\/www.meha.lv\/wp-content\/uploads\/2015\/11\/IMG_4848-56-25-1.jpg","type":"image\/jpeg"}],"twitter_card":"summary_large_image","schema":{"@context":"https:\/\/schema.org","@graph":[{"@type":"WebPage","@id":"https:\/\/www.meha.lv\/shop\/mehavaja-zhiletka-2\/","url":"https:\/\/www.meha.lv\/shop\/mehavaja-zhiletka-2\/","name":"[:ru]\u00a0 \u041c\u0435\u0445\u043e\u0432\u0430\u044f \u0436\u0438\u043b\u0435\u0442\u043a\u0430[:LV]\u00a0 Ka\u017eok\u0101das veste [:en]\u00a0Fur vest natural silver fox vest[:]","isPartOf":{"@id":"https:\/\/www.meha.lv\/#website"},"primaryImageOfPage":{"@id":"https:\/\/www.meha.lv\/shop\/mehavaja-zhiletka-2\/#primaryimage"},"image":{"@id":"https:\/\/www.meha.lv\/shop\/mehavaja-zhiletka-2\/#primaryimage"},"thumbnailUrl":"https:\/\/www.meha.lv\/wp-content\/uploads\/2015\/11\/IMG_4848-56-25-1.jpg","datePublished":"2015-11-03T12:53:20+00:00","dateModified":"2024-11-08T05:55:04+00:00","description":"{:ru}\u00a0 \u041c\u0435\u0445\u043e\u0432\u0430\u044f \u0436\u0438\u043b\u0435\u0442\u043a\u0430{:LV}\u00a0 Ka\u017eok\u0101das veste {:en}\u00a0Fur vest natural silver fox vest{:}","breadcrumb":{"@id":"https:\/\/www.meha.lv\/shop\/mehavaja-zhiletka-2\/#breadcrumb"},"inLanguage":"lt-LT","potentialAction":[{"@type":"ReadAction","target":["https:\/\/www.meha.lv\/shop\/mehavaja-zhiletka-2\/"]}]},{"@type":"ImageObject","inLanguage":"lt-LT","@id":"https:\/\/www.meha.lv\/shop\/mehavaja-zhiletka-2\/#primaryimage","url":"https:\/\/www.meha.lv\/wp-content\/uploads\/2015\/11\/IMG_4848-56-25-1.jpg","contentUrl":"https:\/\/www.meha.lv\/wp-content\/uploads\/2015\/11\/IMG_4848-56-25-1.jpg","width":1133,"height":1700,"caption":"\u043c\u0435\u0445\u043e\u0432\u0430\u044f \u0436\u0438\u043b\u0435\u0442\u043a\u0430 \u043a\u0443\u043f\u0438\u0442\u044c \u0432 \u0438\u043d\u0442\u0435\u0440\u043d\u0435\u0442 - \u043c\u0430\u0433\u0430\u0437\u0438\u043d\u0435 meha.lv"},{"@type":"BreadcrumbList","@id":"https:\/\/www.meha.lv\/shop\/mehavaja-zhiletka-2\/#breadcrumb","itemListElement":[{"@type":"ListItem","position":1,"name":"Galvena","item":"https:\/\/www.meha.lv\/"},{"@type":"ListItem","position":2,"name":"Ka\u017eoku interneta veikals","item":"https:\/\/www.meha.lv\/internet-magazin-sgub-i-mehovih-izdelis\/"},{"@type":"ListItem","position":3,"name":"[:LV] Ka\u017eok\u0101das vestes nopirkt R\u012bg\u0101 Latvij\u0101 [:ru] \u0413\u0434\u0435 \u043a\u0443\u043f\u0438\u0442\u044c \u043c\u0435\u0445\u043e\u0432\u0443\u044e \u0436\u0438\u043b\u0435\u0442\u043a\u0443 \u0432 \u0420\u0438\u0433\u0435","item":"https:\/\/www.meha.lv\/product-category\/zhiletki-mehovye\/"},{"@type":"ListItem","position":4,"name":"[:ru]\u041c\u0435\u0445\u043e\u0432\u0430\u044f \u0436\u0438\u043b\u0435\u0442\u043a\u0430 \u0438\u0437 \u043c\u0435\u0445\u0430 \u0447\u0435\u0440\u043d\u043e\u0431\u0443\u0440\u043a\u0438[:LV]Ka\u017eok\u0101das veste no dab\u012bgas sudraba lapsas[:en]Fur vest natural silver fox vest[:]"}]},{"@type":"WebSite","@id":"https:\/\/www.meha.lv\/#website","url":"https:\/\/www.meha.lv\/","name":"(\u0420\u0443\u0441\u0441\u043a\u0438\u0439) \u0428\u0443\u0431\u044b \u0438 \u0448\u0430\u043f\u043a\u0438 \u0432 \u041b\u0430\u0442\u0432\u0438\u0438 \u0432 \u0420\u0438\u0433\u0435","description":"(\u0420\u0443\u0441\u0441\u043a\u0438\u0439) \u041c\u0430\u0433\u0430\u0437\u0438\u043d \u0448\u0443\u0431 \u0438 \u0448\u0430\u043f\u043e\u043a \u0438\u0437 \u043d\u043e\u0440\u043a\u0438, \u0431\u043e\u0431\u0440\u0430, \u043a\u0443\u043d\u0438\u0446\u044b, \u043b\u0438\u0441\u044b,\u043a\u0430\u0440\u0430\u043a\u0443\u043b\u044c\u0447\u0438, \u043b\u0430\u043c\u044b, \u0448\u0438\u043d\u0448\u0438\u043b\u043b\u044b, \u043f\u043e\u043d\u0438 \u0438 \u0447\u0435\u0440\u043d\u043e\u0431\u0443\u0440\u043a\u0438.","publisher":{"@id":"https:\/\/www.meha.lv\/#organization"},"potentialAction":[{"@type":"SearchAction","target":{"@type":"EntryPoint","urlTemplate":"https:\/\/www.meha.lv\/?s={search_term_string}"},"query-input":{"@type":"PropertyValueSpecification","valueRequired":true,"valueName":"search_term_string"}}],"inLanguage":"lt-LT"},{"@type":"Organization","@id":"https:\/\/www.meha.lv\/#organization","name":"Ik \"Holidays group\"","url":"https:\/\/www.meha.lv\/","logo":{"@type":"ImageObject","inLanguage":"lt-LT","@id":"https:\/\/www.meha.lv\/#\/schema\/logo\/image\/","url":"https:\/\/www.meha.lv\/wp-content\/uploads\/2018\/12\/DSC_4476.jpg","contentUrl":"https:\/\/www.meha.lv\/wp-content\/uploads\/2018\/12\/DSC_4476.jpg","width":2048,"height":1363,"caption":"Ik \"Holidays group\""},"image":{"@id":"https:\/\/www.meha.lv\/#\/schema\/logo\/image\/"}}]}},"_links":{"self":[{"href":"https:\/\/www.meha.lv\/lt\/wp-json\/wp\/v2\/product\/406","targetHints":{"allow":["GET"]}}],"collection":[{"href":"https:\/\/www.meha.lv\/lt\/wp-json\/wp\/v2\/product"}],"about":[{"href":"https:\/\/www.meha.lv\/lt\/wp-json\/wp\/v2\/types\/product"}],"replies":[{"embeddable":true,"href":"https:\/\/www.meha.lv\/lt\/wp-json\/wp\/v2\/comments?post=406"}],"wp:featuredmedia":[{"embeddable":true,"href":"https:\/\/www.meha.lv\/lt\/wp-json\/wp\/v2\/media\/812"}],"wp:attachment":[{"href":"https:\/\/www.meha.lv\/lt\/wp-json\/wp\/v2\/media?parent=406"}],"wp:term":[{"taxonomy":"product_brand","embeddable":true,"href":"https:\/\/www.meha.lv\/lt\/wp-json\/wp\/v2\/product_brand?post=406"},{"taxonomy":"product_cat","embeddable":true,"href":"https:\/\/www.meha.lv\/lt\/wp-json\/wp\/v2\/product_cat?post=406"},{"taxonomy":"product_tag","embeddable":true,"href":"https:\/\/www.meha.lv\/lt\/wp-json\/wp\/v2\/product_tag?post=406"}],"curies":[{"name":"wp","href":"https:\/\/api.w.org\/{rel}","templated":true}]}}