{"id":2437,"date":"2023-01-25T15:53:21","date_gmt":"2023-01-25T12:53:21","guid":{"rendered":"https:\/\/www.meha.lv\/?post_type=product&#038;p=2437"},"modified":"2025-06-06T09:52:25","modified_gmt":"2025-06-06T06:52:25","slug":"norkovaja-shuba-shokolad","status":"publish","type":"product","link":"https:\/\/www.meha.lv\/lt\/shop\/norkovaja-shuba-shokolad\/","title":{"rendered":"(\u0420\u0443\u0441\u0441\u043a\u0438\u0439) \u041d\u043e\u0440\u043a\u043e\u0432\u0430\u044f \u0448\u0443\u0431\u0430 \u0446\u0432\u0435\u0442 \u0448\u043e\u043a\u043e\u043b\u0430\u0434"},"content":{"rendered":"","protected":false},"excerpt":{"rendered":"<p class=\"qtranxs-available-languages-message qtranxs-available-languages-message-lt\">Atsipra\u0161ome, \u0161is puslapis galimas tik <a href=\"https:\/\/www.meha.lv\/ru\/wp-json\/wp\/v2\/product\/2437\" class=\"qtranxs-available-language-link qtranxs-available-language-link-ru\" title=\"\u0420\u0443\u0441\u0441\u043a\u0438\u0439\">\u0420\u0443\u0441\u0441\u043a\u0438\u0439<\/a>, <a href=\"https:\/\/www.meha.lv\/LV\/wp-json\/wp\/v2\/product\/2437\" class=\"qtranxs-available-language-link qtranxs-available-language-link-LV\" title=\"Latvie\u0161u valoda\">Latvie\u0161u valoda<\/a> ir <a href=\"https:\/\/www.meha.lv\/en\/wp-json\/wp\/v2\/product\/2437\" class=\"qtranxs-available-language-link qtranxs-available-language-link-en\" title=\"English\">English<\/a>.<\/p>\n","protected":false},"featured_media":2432,"comment_status":"open","ping_status":"closed","template":"","meta":[],"product_brand":[],"product_cat":[80,78,10,15,12],"product_tag":[],"class_list":{"0":"post-2437","1":"product","2":"type-product","3":"status-publish","4":"has-post-thumbnail","6":"product_cat-avtoledi-shuby","7":"product_cat-shuby-iz-grecii","8":"product_cat-magazin-shub-v-rige","9":"product_cat-izdelija-iz-norki","10":"product_cat-polushubki","11":"pa_fur-coats-in-tallinn-shuby-v-rige","13":"first","14":"instock","15":"taxable","16":"shipping-taxable","17":"purchasable","18":"product-type-simple"},"yoast_head":"<!-- This site is optimized with the Yoast SEO plugin v26.5 - https:\/\/yoast.com\/wordpress\/plugins\/seo\/ -->\n<title>(\u0420\u0443\u0441\u0441\u043a\u0438\u0439) \u041d\u043e\u0440\u043a\u043e\u0432\u0430\u044f \u0448\u0443\u0431\u0430 \u0446\u0432\u0435\u0442 \u0448\u043e\u043a\u043e\u043b\u0430\u0434 | (\u0420\u0443\u0441\u0441\u043a\u0438\u0439) \u0428\u0443\u0431\u044b \u0438 \u0448\u0430\u043f\u043a\u0438 \u0432 \u041b\u0430\u0442\u0432\u0438\u0438 \u0432 \u0420\u0438\u0433\u0435<\/title>\n<meta name=\"description\" content=\"\u041d\u043e\u0440\u043a\u043e\u0432\u044b\u0439 \u043f\u043e\u043b\u0443\u0448\u0443\u0431\u043e\u043a, \u0446\u0432\u0435\u0442 \u0448\u043e\u043a\u043e\u043b\u0430\u0434, \u0432\u043e\u0440\u043e\u0442\u043d\u0438\u043a \u0441\u0442\u043e\u0439\u043a\u0430, \u043c\u043e\u0434\u0435\u043b\u044c \u0430\u0432\u0442\u043e\u043b\u0435\u0434\u0438  \u0415\u0441\u0442\u044c \u043d\u0430 \u043c\u0435\u0441\u0442\u0435  \u0420\u0430\u0437\u043c\u0435\u0440 S\/M, \u0434\u043b\u0438\u043d\u0430 65 \u0441\u043c, \u043f\u0440\u043e\u0438\u0437\u0432\u043e\u0434\u0441\u0442\u0432\u043e \u0413\u0440\u0435\u0446\u0438\u044f  \u041a\u043e\u0434 \u0442\u043e\u0432\u0430\u0440\u0430: IGR-1200    Ir viet\u0101. \u016adeles m\u0113telis ar kapuci, kr\u0101sa \u0161okol\u0101de, ar josti\u0146u, garums 85 cm, izm\u0113rs L. Ra\u017eots Grie\u0137ij\u0101  Produkta kods: IGR-1900    Mink coat, chocolate color, stand-up collar, autolady model  Is in place  Size S\/M, length 65 cm, made in Greece  Product code: IGR-1200\" \/>\n<meta name=\"robots\" content=\"index, follow, max-snippet:-1, max-image-preview:large, max-video-preview:-1\" \/>\n<link rel=\"canonical\" href=\"https:\/\/www.meha.lv\/shop\/norkovaja-shuba-shokolad\/\" \/>\n<meta property=\"og:locale\" content=\"lt_LT\" \/>\n<meta property=\"og:type\" content=\"article\" \/>\n<meta property=\"og:title\" content=\"(\u0420\u0443\u0441\u0441\u043a\u0438\u0439) \u041d\u043e\u0440\u043a\u043e\u0432\u0430\u044f \u0448\u0443\u0431\u0430 \u0446\u0432\u0435\u0442 \u0448\u043e\u043a\u043e\u043b\u0430\u0434 | (\u0420\u0443\u0441\u0441\u043a\u0438\u0439) \u0428\u0443\u0431\u044b \u0438 \u0448\u0430\u043f\u043a\u0438 \u0432 \u041b\u0430\u0442\u0432\u0438\u0438 \u0432 \u0420\u0438\u0433\u0435\" \/>\n<meta property=\"og:description\" content=\"\u041d\u043e\u0440\u043a\u043e\u0432\u044b\u0439 \u043f\u043e\u043b\u0443\u0448\u0443\u0431\u043e\u043a, \u0446\u0432\u0435\u0442 \u0448\u043e\u043a\u043e\u043b\u0430\u0434, \u0432\u043e\u0440\u043e\u0442\u043d\u0438\u043a \u0441\u0442\u043e\u0439\u043a\u0430, \u043c\u043e\u0434\u0435\u043b\u044c \u0430\u0432\u0442\u043e\u043b\u0435\u0434\u0438  \u0415\u0441\u0442\u044c \u043d\u0430 \u043c\u0435\u0441\u0442\u0435  \u0420\u0430\u0437\u043c\u0435\u0440 S\/M, \u0434\u043b\u0438\u043d\u0430 65 \u0441\u043c, \u043f\u0440\u043e\u0438\u0437\u0432\u043e\u0434\u0441\u0442\u0432\u043e \u0413\u0440\u0435\u0446\u0438\u044f  \u041a\u043e\u0434 \u0442\u043e\u0432\u0430\u0440\u0430: IGR-1200    Ir viet\u0101. \u016adeles m\u0113telis ar kapuci, kr\u0101sa \u0161okol\u0101de, ar josti\u0146u, garums 85 cm, izm\u0113rs L. Ra\u017eots Grie\u0137ij\u0101  Produkta kods: IGR-1900    Mink coat, chocolate color, stand-up collar, autolady model  Is in place  Size S\/M, length 65 cm, made in Greece  Product code: IGR-1200\" \/>\n<meta property=\"og:url\" content=\"https:\/\/www.meha.lv\/shop\/norkovaja-shuba-shokolad\/\" \/>\n<meta property=\"og:site_name\" content=\"(\u0420\u0443\u0441\u0441\u043a\u0438\u0439) \u0428\u0443\u0431\u044b \u0438 \u0448\u0430\u043f\u043a\u0438 \u0432 \u041b\u0430\u0442\u0432\u0438\u0438 \u0432 \u0420\u0438\u0433\u0435\" \/>\n<meta property=\"article:modified_time\" content=\"2025-06-06T06:52:25+00:00\" \/>\n<meta property=\"og:image\" content=\"https:\/\/www.meha.lv\/wp-content\/uploads\/2023\/01\/IMG-20221230-WA0034.jpg\" \/>\n\t<meta property=\"og:image:width\" content=\"1200\" \/>\n\t<meta property=\"og:image:height\" content=\"1600\" \/>\n\t<meta property=\"og:image:type\" content=\"image\/jpeg\" \/>\n<meta name=\"twitter:card\" content=\"summary_large_image\" \/>\n<script type=\"application\/ld+json\" class=\"yoast-schema-graph\">{\"@context\":\"https:\/\/schema.org\",\"@graph\":[{\"@type\":\"WebPage\",\"@id\":\"https:\/\/www.meha.lv\/shop\/norkovaja-shuba-shokolad\/\",\"url\":\"https:\/\/www.meha.lv\/shop\/norkovaja-shuba-shokolad\/\",\"name\":\"(\u0420\u0443\u0441\u0441\u043a\u0438\u0439) \u041d\u043e\u0440\u043a\u043e\u0432\u0430\u044f \u0448\u0443\u0431\u0430 \u0446\u0432\u0435\u0442 \u0448\u043e\u043a\u043e\u043b\u0430\u0434 | (\u0420\u0443\u0441\u0441\u043a\u0438\u0439) \u0428\u0443\u0431\u044b \u0438 \u0448\u0430\u043f\u043a\u0438 \u0432 \u041b\u0430\u0442\u0432\u0438\u0438 \u0432 \u0420\u0438\u0433\u0435\",\"isPartOf\":{\"@id\":\"https:\/\/www.meha.lv\/#website\"},\"primaryImageOfPage\":{\"@id\":\"https:\/\/www.meha.lv\/shop\/norkovaja-shuba-shokolad\/#primaryimage\"},\"image\":{\"@id\":\"https:\/\/www.meha.lv\/shop\/norkovaja-shuba-shokolad\/#primaryimage\"},\"thumbnailUrl\":\"https:\/\/www.meha.lv\/wp-content\/uploads\/2023\/01\/IMG-20221230-WA0034.jpg\",\"datePublished\":\"2023-01-25T12:53:21+00:00\",\"dateModified\":\"2025-06-06T06:52:25+00:00\",\"description\":\"\u041d\u043e\u0440\u043a\u043e\u0432\u044b\u0439 \u043f\u043e\u043b\u0443\u0448\u0443\u0431\u043e\u043a, \u0446\u0432\u0435\u0442 \u0448\u043e\u043a\u043e\u043b\u0430\u0434, \u0432\u043e\u0440\u043e\u0442\u043d\u0438\u043a \u0441\u0442\u043e\u0439\u043a\u0430, \u043c\u043e\u0434\u0435\u043b\u044c \u0430\u0432\u0442\u043e\u043b\u0435\u0434\u0438 \u0415\u0441\u0442\u044c \u043d\u0430 \u043c\u0435\u0441\u0442\u0435 \u0420\u0430\u0437\u043c\u0435\u0440 S\/M, \u0434\u043b\u0438\u043d\u0430 65 \u0441\u043c, \u043f\u0440\u043e\u0438\u0437\u0432\u043e\u0434\u0441\u0442\u0432\u043e \u0413\u0440\u0435\u0446\u0438\u044f \u041a\u043e\u0434 \u0442\u043e\u0432\u0430\u0440\u0430: IGR-1200 Ir viet\u0101. \u016adeles m\u0113telis ar kapuci, kr\u0101sa \u0161okol\u0101de, ar josti\u0146u, garums 85 cm, izm\u0113rs L. Ra\u017eots Grie\u0137ij\u0101 Produkta kods: IGR-1900 Mink coat, chocolate color, stand-up collar, autolady model Is in place Size S\/M, length 65 cm, made in Greece Product code: IGR-1200\",\"breadcrumb\":{\"@id\":\"https:\/\/www.meha.lv\/shop\/norkovaja-shuba-shokolad\/#breadcrumb\"},\"inLanguage\":\"lt-LT\",\"potentialAction\":[{\"@type\":\"ReadAction\",\"target\":[\"https:\/\/www.meha.lv\/shop\/norkovaja-shuba-shokolad\/\"]}]},{\"@type\":\"ImageObject\",\"inLanguage\":\"lt-LT\",\"@id\":\"https:\/\/www.meha.lv\/shop\/norkovaja-shuba-shokolad\/#primaryimage\",\"url\":\"https:\/\/www.meha.lv\/wp-content\/uploads\/2023\/01\/IMG-20221230-WA0034.jpg\",\"contentUrl\":\"https:\/\/www.meha.lv\/wp-content\/uploads\/2023\/01\/IMG-20221230-WA0034.jpg\",\"width\":1200,\"height\":1600,\"caption\":\"\u041d\u043e\u0440\u043a\u043e\u0432\u044b\u0439 \u043f\u043e\u043b\u0443\u0448\u0443\u0431\u043e\u043a, \u0446\u0432\u0435\u0442 \u0448\u043e\u043a\u043e\u043b\u0430\u0434, \u0432\u043e\u0440\u043e\u0442\u043d\u0438\u043a \u0441\u0442\u043e\u0439\u043a\u0430, \u043c\u043e\u0434\u0435\u043b\u044c \u0430\u0432\u0442\u043e\u043b\u0435\u0434\u0438\"},{\"@type\":\"BreadcrumbList\",\"@id\":\"https:\/\/www.meha.lv\/shop\/norkovaja-shuba-shokolad\/#breadcrumb\",\"itemListElement\":[{\"@type\":\"ListItem\",\"position\":1,\"name\":\"Galvena\",\"item\":\"https:\/\/www.meha.lv\/\"},{\"@type\":\"ListItem\",\"position\":2,\"name\":\"Ka\u017eoku interneta veikals\",\"item\":\"https:\/\/www.meha.lv\/internet-magazin-sgub-i-mehovih-izdelis\/\"},{\"@type\":\"ListItem\",\"position\":3,\"name\":\"\u041f\u043e\u043b\u0443\u0448\u0443\u0431\u043a\u0438\",\"item\":\"https:\/\/www.meha.lv\/product-category\/polushubki\/\"},{\"@type\":\"ListItem\",\"position\":4,\"name\":\"\u041d\u043e\u0440\u043a\u043e\u0432\u0430\u044f \u0448\u0443\u0431\u0430 \u0446\u0432\u0435\u0442 \u0448\u043e\u043a\u043e\u043b\u0430\u0434\"}]},{\"@type\":\"WebSite\",\"@id\":\"https:\/\/www.meha.lv\/#website\",\"url\":\"https:\/\/www.meha.lv\/\",\"name\":\"(\u0420\u0443\u0441\u0441\u043a\u0438\u0439) \u0428\u0443\u0431\u044b \u0438 \u0448\u0430\u043f\u043a\u0438 \u0432 \u041b\u0430\u0442\u0432\u0438\u0438 \u0432 \u0420\u0438\u0433\u0435\",\"description\":\"(\u0420\u0443\u0441\u0441\u043a\u0438\u0439) \u041c\u0430\u0433\u0430\u0437\u0438\u043d \u0448\u0443\u0431 \u0438 \u0448\u0430\u043f\u043e\u043a \u0438\u0437 \u043d\u043e\u0440\u043a\u0438, \u0431\u043e\u0431\u0440\u0430, \u043a\u0443\u043d\u0438\u0446\u044b, \u043b\u0438\u0441\u044b,\u043a\u0430\u0440\u0430\u043a\u0443\u043b\u044c\u0447\u0438, \u043b\u0430\u043c\u044b, \u0448\u0438\u043d\u0448\u0438\u043b\u043b\u044b, \u043f\u043e\u043d\u0438 \u0438 \u0447\u0435\u0440\u043d\u043e\u0431\u0443\u0440\u043a\u0438.\",\"publisher\":{\"@id\":\"https:\/\/www.meha.lv\/#organization\"},\"potentialAction\":[{\"@type\":\"SearchAction\",\"target\":{\"@type\":\"EntryPoint\",\"urlTemplate\":\"https:\/\/www.meha.lv\/?s={search_term_string}\"},\"query-input\":{\"@type\":\"PropertyValueSpecification\",\"valueRequired\":true,\"valueName\":\"search_term_string\"}}],\"inLanguage\":\"lt-LT\"},{\"@type\":\"Organization\",\"@id\":\"https:\/\/www.meha.lv\/#organization\",\"name\":\"Ik \\\"Holidays group\\\"\",\"url\":\"https:\/\/www.meha.lv\/\",\"logo\":{\"@type\":\"ImageObject\",\"inLanguage\":\"lt-LT\",\"@id\":\"https:\/\/www.meha.lv\/#\/schema\/logo\/image\/\",\"url\":\"https:\/\/www.meha.lv\/wp-content\/uploads\/2018\/12\/DSC_4476.jpg\",\"contentUrl\":\"https:\/\/www.meha.lv\/wp-content\/uploads\/2018\/12\/DSC_4476.jpg\",\"width\":2048,\"height\":1363,\"caption\":\"Ik \\\"Holidays group\\\"\"},\"image\":{\"@id\":\"https:\/\/www.meha.lv\/#\/schema\/logo\/image\/\"}}]}<\/script>\n<!-- \/ Yoast SEO plugin. -->","yoast_head_json":{"title":"(\u0420\u0443\u0441\u0441\u043a\u0438\u0439) \u041d\u043e\u0440\u043a\u043e\u0432\u0430\u044f \u0448\u0443\u0431\u0430 \u0446\u0432\u0435\u0442 \u0448\u043e\u043a\u043e\u043b\u0430\u0434 | (\u0420\u0443\u0441\u0441\u043a\u0438\u0439) \u0428\u0443\u0431\u044b \u0438 \u0448\u0430\u043f\u043a\u0438 \u0432 \u041b\u0430\u0442\u0432\u0438\u0438 \u0432 \u0420\u0438\u0433\u0435","description":"\u041d\u043e\u0440\u043a\u043e\u0432\u044b\u0439 \u043f\u043e\u043b\u0443\u0448\u0443\u0431\u043e\u043a, \u0446\u0432\u0435\u0442 \u0448\u043e\u043a\u043e\u043b\u0430\u0434, \u0432\u043e\u0440\u043e\u0442\u043d\u0438\u043a \u0441\u0442\u043e\u0439\u043a\u0430, \u043c\u043e\u0434\u0435\u043b\u044c \u0430\u0432\u0442\u043e\u043b\u0435\u0434\u0438  \u0415\u0441\u0442\u044c \u043d\u0430 \u043c\u0435\u0441\u0442\u0435  \u0420\u0430\u0437\u043c\u0435\u0440 S\/M, \u0434\u043b\u0438\u043d\u0430 65 \u0441\u043c, \u043f\u0440\u043e\u0438\u0437\u0432\u043e\u0434\u0441\u0442\u0432\u043e \u0413\u0440\u0435\u0446\u0438\u044f  \u041a\u043e\u0434 \u0442\u043e\u0432\u0430\u0440\u0430: IGR-1200    Ir viet\u0101. \u016adeles m\u0113telis ar kapuci, kr\u0101sa \u0161okol\u0101de, ar josti\u0146u, garums 85 cm, izm\u0113rs L. Ra\u017eots Grie\u0137ij\u0101  Produkta kods: IGR-1900    Mink coat, chocolate color, stand-up collar, autolady model  Is in place  Size S\/M, length 65 cm, made in Greece  Product code: IGR-1200","robots":{"index":"index","follow":"follow","max-snippet":"max-snippet:-1","max-image-preview":"max-image-preview:large","max-video-preview":"max-video-preview:-1"},"canonical":"https:\/\/www.meha.lv\/shop\/norkovaja-shuba-shokolad\/","og_locale":"lt_LT","og_type":"article","og_title":"(\u0420\u0443\u0441\u0441\u043a\u0438\u0439) \u041d\u043e\u0440\u043a\u043e\u0432\u0430\u044f \u0448\u0443\u0431\u0430 \u0446\u0432\u0435\u0442 \u0448\u043e\u043a\u043e\u043b\u0430\u0434 | (\u0420\u0443\u0441\u0441\u043a\u0438\u0439) \u0428\u0443\u0431\u044b \u0438 \u0448\u0430\u043f\u043a\u0438 \u0432 \u041b\u0430\u0442\u0432\u0438\u0438 \u0432 \u0420\u0438\u0433\u0435","og_description":"\u041d\u043e\u0440\u043a\u043e\u0432\u044b\u0439 \u043f\u043e\u043b\u0443\u0448\u0443\u0431\u043e\u043a, \u0446\u0432\u0435\u0442 \u0448\u043e\u043a\u043e\u043b\u0430\u0434, \u0432\u043e\u0440\u043e\u0442\u043d\u0438\u043a \u0441\u0442\u043e\u0439\u043a\u0430, \u043c\u043e\u0434\u0435\u043b\u044c \u0430\u0432\u0442\u043e\u043b\u0435\u0434\u0438  \u0415\u0441\u0442\u044c \u043d\u0430 \u043c\u0435\u0441\u0442\u0435  \u0420\u0430\u0437\u043c\u0435\u0440 S\/M, \u0434\u043b\u0438\u043d\u0430 65 \u0441\u043c, \u043f\u0440\u043e\u0438\u0437\u0432\u043e\u0434\u0441\u0442\u0432\u043e \u0413\u0440\u0435\u0446\u0438\u044f  \u041a\u043e\u0434 \u0442\u043e\u0432\u0430\u0440\u0430: IGR-1200    Ir viet\u0101. \u016adeles m\u0113telis ar kapuci, kr\u0101sa \u0161okol\u0101de, ar josti\u0146u, garums 85 cm, izm\u0113rs L. Ra\u017eots Grie\u0137ij\u0101  Produkta kods: IGR-1900    Mink coat, chocolate color, stand-up collar, autolady model  Is in place  Size S\/M, length 65 cm, made in Greece  Product code: IGR-1200","og_url":"https:\/\/www.meha.lv\/shop\/norkovaja-shuba-shokolad\/","og_site_name":"(\u0420\u0443\u0441\u0441\u043a\u0438\u0439) \u0428\u0443\u0431\u044b \u0438 \u0448\u0430\u043f\u043a\u0438 \u0432 \u041b\u0430\u0442\u0432\u0438\u0438 \u0432 \u0420\u0438\u0433\u0435","article_modified_time":"2025-06-06T06:52:25+00:00","og_image":[{"width":1200,"height":1600,"url":"https:\/\/www.meha.lv\/wp-content\/uploads\/2023\/01\/IMG-20221230-WA0034.jpg","type":"image\/jpeg"}],"twitter_card":"summary_large_image","schema":{"@context":"https:\/\/schema.org","@graph":[{"@type":"WebPage","@id":"https:\/\/www.meha.lv\/shop\/norkovaja-shuba-shokolad\/","url":"https:\/\/www.meha.lv\/shop\/norkovaja-shuba-shokolad\/","name":"(\u0420\u0443\u0441\u0441\u043a\u0438\u0439) \u041d\u043e\u0440\u043a\u043e\u0432\u0430\u044f \u0448\u0443\u0431\u0430 \u0446\u0432\u0435\u0442 \u0448\u043e\u043a\u043e\u043b\u0430\u0434 | (\u0420\u0443\u0441\u0441\u043a\u0438\u0439) \u0428\u0443\u0431\u044b \u0438 \u0448\u0430\u043f\u043a\u0438 \u0432 \u041b\u0430\u0442\u0432\u0438\u0438 \u0432 \u0420\u0438\u0433\u0435","isPartOf":{"@id":"https:\/\/www.meha.lv\/#website"},"primaryImageOfPage":{"@id":"https:\/\/www.meha.lv\/shop\/norkovaja-shuba-shokolad\/#primaryimage"},"image":{"@id":"https:\/\/www.meha.lv\/shop\/norkovaja-shuba-shokolad\/#primaryimage"},"thumbnailUrl":"https:\/\/www.meha.lv\/wp-content\/uploads\/2023\/01\/IMG-20221230-WA0034.jpg","datePublished":"2023-01-25T12:53:21+00:00","dateModified":"2025-06-06T06:52:25+00:00","description":"\u041d\u043e\u0440\u043a\u043e\u0432\u044b\u0439 \u043f\u043e\u043b\u0443\u0448\u0443\u0431\u043e\u043a, \u0446\u0432\u0435\u0442 \u0448\u043e\u043a\u043e\u043b\u0430\u0434, \u0432\u043e\u0440\u043e\u0442\u043d\u0438\u043a \u0441\u0442\u043e\u0439\u043a\u0430, \u043c\u043e\u0434\u0435\u043b\u044c \u0430\u0432\u0442\u043e\u043b\u0435\u0434\u0438 \u0415\u0441\u0442\u044c \u043d\u0430 \u043c\u0435\u0441\u0442\u0435 \u0420\u0430\u0437\u043c\u0435\u0440 S\/M, \u0434\u043b\u0438\u043d\u0430 65 \u0441\u043c, \u043f\u0440\u043e\u0438\u0437\u0432\u043e\u0434\u0441\u0442\u0432\u043e \u0413\u0440\u0435\u0446\u0438\u044f \u041a\u043e\u0434 \u0442\u043e\u0432\u0430\u0440\u0430: IGR-1200 Ir viet\u0101. \u016adeles m\u0113telis ar kapuci, kr\u0101sa \u0161okol\u0101de, ar josti\u0146u, garums 85 cm, izm\u0113rs L. Ra\u017eots Grie\u0137ij\u0101 Produkta kods: IGR-1900 Mink coat, chocolate color, stand-up collar, autolady model Is in place Size S\/M, length 65 cm, made in Greece Product code: IGR-1200","breadcrumb":{"@id":"https:\/\/www.meha.lv\/shop\/norkovaja-shuba-shokolad\/#breadcrumb"},"inLanguage":"lt-LT","potentialAction":[{"@type":"ReadAction","target":["https:\/\/www.meha.lv\/shop\/norkovaja-shuba-shokolad\/"]}]},{"@type":"ImageObject","inLanguage":"lt-LT","@id":"https:\/\/www.meha.lv\/shop\/norkovaja-shuba-shokolad\/#primaryimage","url":"https:\/\/www.meha.lv\/wp-content\/uploads\/2023\/01\/IMG-20221230-WA0034.jpg","contentUrl":"https:\/\/www.meha.lv\/wp-content\/uploads\/2023\/01\/IMG-20221230-WA0034.jpg","width":1200,"height":1600,"caption":"\u041d\u043e\u0440\u043a\u043e\u0432\u044b\u0439 \u043f\u043e\u043b\u0443\u0448\u0443\u0431\u043e\u043a, \u0446\u0432\u0435\u0442 \u0448\u043e\u043a\u043e\u043b\u0430\u0434, \u0432\u043e\u0440\u043e\u0442\u043d\u0438\u043a \u0441\u0442\u043e\u0439\u043a\u0430, \u043c\u043e\u0434\u0435\u043b\u044c \u0430\u0432\u0442\u043e\u043b\u0435\u0434\u0438"},{"@type":"BreadcrumbList","@id":"https:\/\/www.meha.lv\/shop\/norkovaja-shuba-shokolad\/#breadcrumb","itemListElement":[{"@type":"ListItem","position":1,"name":"Galvena","item":"https:\/\/www.meha.lv\/"},{"@type":"ListItem","position":2,"name":"Ka\u017eoku interneta veikals","item":"https:\/\/www.meha.lv\/internet-magazin-sgub-i-mehovih-izdelis\/"},{"@type":"ListItem","position":3,"name":"\u041f\u043e\u043b\u0443\u0448\u0443\u0431\u043a\u0438","item":"https:\/\/www.meha.lv\/product-category\/polushubki\/"},{"@type":"ListItem","position":4,"name":"\u041d\u043e\u0440\u043a\u043e\u0432\u0430\u044f \u0448\u0443\u0431\u0430 \u0446\u0432\u0435\u0442 \u0448\u043e\u043a\u043e\u043b\u0430\u0434"}]},{"@type":"WebSite","@id":"https:\/\/www.meha.lv\/#website","url":"https:\/\/www.meha.lv\/","name":"(\u0420\u0443\u0441\u0441\u043a\u0438\u0439) \u0428\u0443\u0431\u044b \u0438 \u0448\u0430\u043f\u043a\u0438 \u0432 \u041b\u0430\u0442\u0432\u0438\u0438 \u0432 \u0420\u0438\u0433\u0435","description":"(\u0420\u0443\u0441\u0441\u043a\u0438\u0439) \u041c\u0430\u0433\u0430\u0437\u0438\u043d \u0448\u0443\u0431 \u0438 \u0448\u0430\u043f\u043e\u043a \u0438\u0437 \u043d\u043e\u0440\u043a\u0438, \u0431\u043e\u0431\u0440\u0430, \u043a\u0443\u043d\u0438\u0446\u044b, \u043b\u0438\u0441\u044b,\u043a\u0430\u0440\u0430\u043a\u0443\u043b\u044c\u0447\u0438, \u043b\u0430\u043c\u044b, \u0448\u0438\u043d\u0448\u0438\u043b\u043b\u044b, \u043f\u043e\u043d\u0438 \u0438 \u0447\u0435\u0440\u043d\u043e\u0431\u0443\u0440\u043a\u0438.","publisher":{"@id":"https:\/\/www.meha.lv\/#organization"},"potentialAction":[{"@type":"SearchAction","target":{"@type":"EntryPoint","urlTemplate":"https:\/\/www.meha.lv\/?s={search_term_string}"},"query-input":{"@type":"PropertyValueSpecification","valueRequired":true,"valueName":"search_term_string"}}],"inLanguage":"lt-LT"},{"@type":"Organization","@id":"https:\/\/www.meha.lv\/#organization","name":"Ik \"Holidays group\"","url":"https:\/\/www.meha.lv\/","logo":{"@type":"ImageObject","inLanguage":"lt-LT","@id":"https:\/\/www.meha.lv\/#\/schema\/logo\/image\/","url":"https:\/\/www.meha.lv\/wp-content\/uploads\/2018\/12\/DSC_4476.jpg","contentUrl":"https:\/\/www.meha.lv\/wp-content\/uploads\/2018\/12\/DSC_4476.jpg","width":2048,"height":1363,"caption":"Ik \"Holidays group\""},"image":{"@id":"https:\/\/www.meha.lv\/#\/schema\/logo\/image\/"}}]}},"_links":{"self":[{"href":"https:\/\/www.meha.lv\/lt\/wp-json\/wp\/v2\/product\/2437","targetHints":{"allow":["GET"]}}],"collection":[{"href":"https:\/\/www.meha.lv\/lt\/wp-json\/wp\/v2\/product"}],"about":[{"href":"https:\/\/www.meha.lv\/lt\/wp-json\/wp\/v2\/types\/product"}],"replies":[{"embeddable":true,"href":"https:\/\/www.meha.lv\/lt\/wp-json\/wp\/v2\/comments?post=2437"}],"wp:featuredmedia":[{"embeddable":true,"href":"https:\/\/www.meha.lv\/lt\/wp-json\/wp\/v2\/media\/2432"}],"wp:attachment":[{"href":"https:\/\/www.meha.lv\/lt\/wp-json\/wp\/v2\/media?parent=2437"}],"wp:term":[{"taxonomy":"product_brand","embeddable":true,"href":"https:\/\/www.meha.lv\/lt\/wp-json\/wp\/v2\/product_brand?post=2437"},{"taxonomy":"product_cat","embeddable":true,"href":"https:\/\/www.meha.lv\/lt\/wp-json\/wp\/v2\/product_cat?post=2437"},{"taxonomy":"product_tag","embeddable":true,"href":"https:\/\/www.meha.lv\/lt\/wp-json\/wp\/v2\/product_tag?post=2437"}],"curies":[{"name":"wp","href":"https:\/\/api.w.org\/{rel}","templated":true}]}}