{"id":2047,"date":"2022-09-21T18:08:31","date_gmt":"2022-09-21T15:08:31","guid":{"rendered":"https:\/\/www.meha.lv\/?post_type=product&#038;p=2047"},"modified":"2025-06-05T19:39:51","modified_gmt":"2025-06-05T16:39:51","slug":"norkovaja-zeletka","status":"publish","type":"product","link":"https:\/\/www.meha.lv\/lt\/shop\/norkovaja-zeletka\/","title":{"rendered":"(\u0420\u0443\u0441\u0441\u043a\u0438\u0439) \u041d\u043e\u0440\u043a\u043e\u0432\u0430\u044f \u0416\u0438\u043b\u0435\u0442\u043a\u0430"},"content":{"rendered":"<p class=\"qtranxs-available-languages-message qtranxs-available-languages-message-lt\">Atsipra\u0161ome, \u0161is puslapis galimas tik <a href=\"https:\/\/www.meha.lv\/ru\/wp-json\/wp\/v2\/product\/2047\" class=\"qtranxs-available-language-link qtranxs-available-language-link-ru\" title=\"\u0420\u0443\u0441\u0441\u043a\u0438\u0439\">\u0420\u0443\u0441\u0441\u043a\u0438\u0439<\/a> ir <a href=\"https:\/\/www.meha.lv\/LV\/wp-json\/wp\/v2\/product\/2047\" class=\"qtranxs-available-language-link qtranxs-available-language-link-LV\" title=\"Latvie\u0161u valoda\">Latvie\u0161u valoda<\/a>.<\/p>","protected":false},"excerpt":{"rendered":"<p>Atsipra\u0161ome, \u0161is puslapis galimas tik \u0420\u0443\u0441\u0441\u043a\u0438\u0439 ir Latvie\u0161u valoda.<\/p>\n","protected":false},"featured_media":2048,"comment_status":"open","ping_status":"closed","template":"","meta":[],"product_brand":[],"product_cat":[14,10,15,9],"product_tag":[],"class_list":{"0":"post-2047","1":"product","2":"type-product","3":"status-publish","4":"has-post-thumbnail","6":"product_cat-zhiletki-mehovye","7":"product_cat-magazin-shub-v-rige","8":"product_cat-izdelija-iz-norki","9":"product_cat-shuby","11":"first","12":"instock","13":"sale","14":"taxable","15":"shipping-taxable","16":"purchasable","17":"product-type-simple"},"yoast_head":"<!-- This site is optimized with the Yoast SEO plugin v26.5 - https:\/\/yoast.com\/wordpress\/plugins\/seo\/ -->\n<title>(\u0420\u0443\u0441\u0441\u043a\u0438\u0439) \u041d\u043e\u0440\u043a\u043e\u0432\u0430\u044f \u0416\u0438\u043b\u0435\u0442\u043a\u0430 | (\u0420\u0443\u0441\u0441\u043a\u0438\u0439) \u0428\u0443\u0431\u044b \u0438 \u0448\u0430\u043f\u043a\u0438 \u0432 \u041b\u0430\u0442\u0432\u0438\u0438 \u0432 \u0420\u0438\u0433\u0435<\/title>\n<meta name=\"description\" content=\"\u041d\u043e\u0440\u043a\u043e\u0432\u0430\u044f \u0416\u0438\u043b\u0435\u0442\u043a\u0430 \u041a\u043e\u0434 \u0442\u043e\u0432\u0430\u0440\u0430 GJ031-22 \u041f\u043e\u043c\u0435\u0440\u0438\u0442\u044c \u0436\u0438\u043b\u0435\u0442\u043a\u0443, \u043a\u0443\u0440\u0442\u043a\u0443, \u0448\u0443\u0431\u0443 \u043c\u043e\u0436\u043d\u043e \u0432 \u0441\u0430\u043b\u043e\u043d\u0435 \u0432 \u0420\u0438\u0433\u0435, \u043f\u0440\u0435\u0434\u0432\u0430\u0440\u0438\u0442\u0435\u043b\u044c\u043d\u043e \u0437\u0430\u043f\u0438\u0441\u0430\u0432\u0448\u0438\u0441\u044c \u043f\u043e \u0442\u0435\u043b\u0435\u0444\u043e\u043d\u0443 +37126968251\u016ade\u013c\u0101das\" \/>\n<meta name=\"robots\" content=\"index, follow, max-snippet:-1, max-image-preview:large, max-video-preview:-1\" \/>\n<link rel=\"canonical\" href=\"https:\/\/www.meha.lv\/shop\/norkovaja-zeletka\/\" \/>\n<meta property=\"og:locale\" content=\"lt_LT\" \/>\n<meta property=\"og:type\" content=\"article\" \/>\n<meta property=\"og:title\" content=\"(\u0420\u0443\u0441\u0441\u043a\u0438\u0439) \u041d\u043e\u0440\u043a\u043e\u0432\u0430\u044f \u0416\u0438\u043b\u0435\u0442\u043a\u0430 | (\u0420\u0443\u0441\u0441\u043a\u0438\u0439) \u0428\u0443\u0431\u044b \u0438 \u0448\u0430\u043f\u043a\u0438 \u0432 \u041b\u0430\u0442\u0432\u0438\u0438 \u0432 \u0420\u0438\u0433\u0435\" \/>\n<meta property=\"og:description\" content=\"\u041d\u043e\u0440\u043a\u043e\u0432\u0430\u044f \u0416\u0438\u043b\u0435\u0442\u043a\u0430 \u041a\u043e\u0434 \u0442\u043e\u0432\u0430\u0440\u0430 GJ031-22 \u041f\u043e\u043c\u0435\u0440\u0438\u0442\u044c \u0436\u0438\u043b\u0435\u0442\u043a\u0443, \u043a\u0443\u0440\u0442\u043a\u0443, \u0448\u0443\u0431\u0443 \u043c\u043e\u0436\u043d\u043e \u0432 \u0441\u0430\u043b\u043e\u043d\u0435 \u0432 \u0420\u0438\u0433\u0435, \u043f\u0440\u0435\u0434\u0432\u0430\u0440\u0438\u0442\u0435\u043b\u044c\u043d\u043e \u0437\u0430\u043f\u0438\u0441\u0430\u0432\u0448\u0438\u0441\u044c \u043f\u043e \u0442\u0435\u043b\u0435\u0444\u043e\u043d\u0443 +37126968251\u016ade\u013c\u0101das\" \/>\n<meta property=\"og:url\" content=\"https:\/\/www.meha.lv\/shop\/norkovaja-zeletka\/\" \/>\n<meta property=\"og:site_name\" content=\"(\u0420\u0443\u0441\u0441\u043a\u0438\u0439) \u0428\u0443\u0431\u044b \u0438 \u0448\u0430\u043f\u043a\u0438 \u0432 \u041b\u0430\u0442\u0432\u0438\u0438 \u0432 \u0420\u0438\u0433\u0435\" \/>\n<meta property=\"article:modified_time\" content=\"2025-06-05T16:39:51+00:00\" \/>\n<meta property=\"og:image\" content=\"https:\/\/www.meha.lv\/wp-content\/uploads\/2022\/09\/Screenshot_118.png\" \/>\n\t<meta property=\"og:image:width\" content=\"904\" \/>\n\t<meta property=\"og:image:height\" content=\"899\" \/>\n\t<meta property=\"og:image:type\" content=\"image\/png\" \/>\n<meta name=\"twitter:card\" content=\"summary_large_image\" \/>\n<meta name=\"twitter:label1\" content=\"Est. reading time\" \/>\n\t<meta name=\"twitter:data1\" content=\"1 minut\u0117\" \/>\n<script type=\"application\/ld+json\" class=\"yoast-schema-graph\">{\"@context\":\"https:\/\/schema.org\",\"@graph\":[{\"@type\":\"WebPage\",\"@id\":\"https:\/\/www.meha.lv\/shop\/norkovaja-zeletka\/\",\"url\":\"https:\/\/www.meha.lv\/shop\/norkovaja-zeletka\/\",\"name\":\"(\u0420\u0443\u0441\u0441\u043a\u0438\u0439) \u041d\u043e\u0440\u043a\u043e\u0432\u0430\u044f \u0416\u0438\u043b\u0435\u0442\u043a\u0430 | (\u0420\u0443\u0441\u0441\u043a\u0438\u0439) \u0428\u0443\u0431\u044b \u0438 \u0448\u0430\u043f\u043a\u0438 \u0432 \u041b\u0430\u0442\u0432\u0438\u0438 \u0432 \u0420\u0438\u0433\u0435\",\"isPartOf\":{\"@id\":\"https:\/\/www.meha.lv\/#website\"},\"primaryImageOfPage\":{\"@id\":\"https:\/\/www.meha.lv\/shop\/norkovaja-zeletka\/#primaryimage\"},\"image\":{\"@id\":\"https:\/\/www.meha.lv\/shop\/norkovaja-zeletka\/#primaryimage\"},\"thumbnailUrl\":\"https:\/\/www.meha.lv\/wp-content\/uploads\/2022\/09\/Screenshot_118.png\",\"datePublished\":\"2022-09-21T15:08:31+00:00\",\"dateModified\":\"2025-06-05T16:39:51+00:00\",\"description\":\"\u041d\u043e\u0440\u043a\u043e\u0432\u0430\u044f \u0416\u0438\u043b\u0435\u0442\u043a\u0430 \u041a\u043e\u0434 \u0442\u043e\u0432\u0430\u0440\u0430 GJ031-22 \u041f\u043e\u043c\u0435\u0440\u0438\u0442\u044c \u0436\u0438\u043b\u0435\u0442\u043a\u0443, \u043a\u0443\u0440\u0442\u043a\u0443, \u0448\u0443\u0431\u0443 \u043c\u043e\u0436\u043d\u043e \u0432 \u0441\u0430\u043b\u043e\u043d\u0435 \u0432 \u0420\u0438\u0433\u0435, \u043f\u0440\u0435\u0434\u0432\u0430\u0440\u0438\u0442\u0435\u043b\u044c\u043d\u043e \u0437\u0430\u043f\u0438\u0441\u0430\u0432\u0448\u0438\u0441\u044c \u043f\u043e \u0442\u0435\u043b\u0435\u0444\u043e\u043d\u0443 +37126968251\u016ade\u013c\u0101das\",\"breadcrumb\":{\"@id\":\"https:\/\/www.meha.lv\/shop\/norkovaja-zeletka\/#breadcrumb\"},\"inLanguage\":\"lt-LT\",\"potentialAction\":[{\"@type\":\"ReadAction\",\"target\":[\"https:\/\/www.meha.lv\/shop\/norkovaja-zeletka\/\"]}]},{\"@type\":\"ImageObject\",\"inLanguage\":\"lt-LT\",\"@id\":\"https:\/\/www.meha.lv\/shop\/norkovaja-zeletka\/#primaryimage\",\"url\":\"https:\/\/www.meha.lv\/wp-content\/uploads\/2022\/09\/Screenshot_118.png\",\"contentUrl\":\"https:\/\/www.meha.lv\/wp-content\/uploads\/2022\/09\/Screenshot_118.png\",\"width\":904,\"height\":899},{\"@type\":\"BreadcrumbList\",\"@id\":\"https:\/\/www.meha.lv\/shop\/norkovaja-zeletka\/#breadcrumb\",\"itemListElement\":[{\"@type\":\"ListItem\",\"position\":1,\"name\":\"Galvena\",\"item\":\"https:\/\/www.meha.lv\/\"},{\"@type\":\"ListItem\",\"position\":2,\"name\":\"Ka\u017eoku interneta veikals\",\"item\":\"https:\/\/www.meha.lv\/internet-magazin-sgub-i-mehovih-izdelis\/\"},{\"@type\":\"ListItem\",\"position\":3,\"name\":\"\u0415\u0441\u0442\u044c \u043d\u0430 \u043c\u0435\u0441\u0442\u0435\",\"item\":\"https:\/\/www.meha.lv\/product-category\/magazin-shub-v-rige\/\"},{\"@type\":\"ListItem\",\"position\":4,\"name\":\"[:ru]\u041d\u043e\u0440\u043a\u043e\u0432\u0430\u044f \u0416\u0438\u043b\u0435\u0442\u043a\u0430[:LV]\u016ade\u013c\u0101das Veste[:]\"}]},{\"@type\":\"WebSite\",\"@id\":\"https:\/\/www.meha.lv\/#website\",\"url\":\"https:\/\/www.meha.lv\/\",\"name\":\"(\u0420\u0443\u0441\u0441\u043a\u0438\u0439) \u0428\u0443\u0431\u044b \u0438 \u0448\u0430\u043f\u043a\u0438 \u0432 \u041b\u0430\u0442\u0432\u0438\u0438 \u0432 \u0420\u0438\u0433\u0435\",\"description\":\"(\u0420\u0443\u0441\u0441\u043a\u0438\u0439) \u041c\u0430\u0433\u0430\u0437\u0438\u043d \u0448\u0443\u0431 \u0438 \u0448\u0430\u043f\u043e\u043a \u0438\u0437 \u043d\u043e\u0440\u043a\u0438, \u0431\u043e\u0431\u0440\u0430, \u043a\u0443\u043d\u0438\u0446\u044b, \u043b\u0438\u0441\u044b,\u043a\u0430\u0440\u0430\u043a\u0443\u043b\u044c\u0447\u0438, \u043b\u0430\u043c\u044b, \u0448\u0438\u043d\u0448\u0438\u043b\u043b\u044b, \u043f\u043e\u043d\u0438 \u0438 \u0447\u0435\u0440\u043d\u043e\u0431\u0443\u0440\u043a\u0438.\",\"publisher\":{\"@id\":\"https:\/\/www.meha.lv\/#organization\"},\"potentialAction\":[{\"@type\":\"SearchAction\",\"target\":{\"@type\":\"EntryPoint\",\"urlTemplate\":\"https:\/\/www.meha.lv\/?s={search_term_string}\"},\"query-input\":{\"@type\":\"PropertyValueSpecification\",\"valueRequired\":true,\"valueName\":\"search_term_string\"}}],\"inLanguage\":\"lt-LT\"},{\"@type\":\"Organization\",\"@id\":\"https:\/\/www.meha.lv\/#organization\",\"name\":\"Ik \\\"Holidays group\\\"\",\"url\":\"https:\/\/www.meha.lv\/\",\"logo\":{\"@type\":\"ImageObject\",\"inLanguage\":\"lt-LT\",\"@id\":\"https:\/\/www.meha.lv\/#\/schema\/logo\/image\/\",\"url\":\"https:\/\/www.meha.lv\/wp-content\/uploads\/2018\/12\/DSC_4476.jpg\",\"contentUrl\":\"https:\/\/www.meha.lv\/wp-content\/uploads\/2018\/12\/DSC_4476.jpg\",\"width\":2048,\"height\":1363,\"caption\":\"Ik \\\"Holidays group\\\"\"},\"image\":{\"@id\":\"https:\/\/www.meha.lv\/#\/schema\/logo\/image\/\"}}]}<\/script>\n<!-- \/ Yoast SEO plugin. -->","yoast_head_json":{"title":"(\u0420\u0443\u0441\u0441\u043a\u0438\u0439) \u041d\u043e\u0440\u043a\u043e\u0432\u0430\u044f \u0416\u0438\u043b\u0435\u0442\u043a\u0430 | (\u0420\u0443\u0441\u0441\u043a\u0438\u0439) \u0428\u0443\u0431\u044b \u0438 \u0448\u0430\u043f\u043a\u0438 \u0432 \u041b\u0430\u0442\u0432\u0438\u0438 \u0432 \u0420\u0438\u0433\u0435","description":"\u041d\u043e\u0440\u043a\u043e\u0432\u0430\u044f \u0416\u0438\u043b\u0435\u0442\u043a\u0430 \u041a\u043e\u0434 \u0442\u043e\u0432\u0430\u0440\u0430 GJ031-22 \u041f\u043e\u043c\u0435\u0440\u0438\u0442\u044c \u0436\u0438\u043b\u0435\u0442\u043a\u0443, \u043a\u0443\u0440\u0442\u043a\u0443, \u0448\u0443\u0431\u0443 \u043c\u043e\u0436\u043d\u043e \u0432 \u0441\u0430\u043b\u043e\u043d\u0435 \u0432 \u0420\u0438\u0433\u0435, \u043f\u0440\u0435\u0434\u0432\u0430\u0440\u0438\u0442\u0435\u043b\u044c\u043d\u043e \u0437\u0430\u043f\u0438\u0441\u0430\u0432\u0448\u0438\u0441\u044c \u043f\u043e \u0442\u0435\u043b\u0435\u0444\u043e\u043d\u0443 +37126968251\u016ade\u013c\u0101das","robots":{"index":"index","follow":"follow","max-snippet":"max-snippet:-1","max-image-preview":"max-image-preview:large","max-video-preview":"max-video-preview:-1"},"canonical":"https:\/\/www.meha.lv\/shop\/norkovaja-zeletka\/","og_locale":"lt_LT","og_type":"article","og_title":"(\u0420\u0443\u0441\u0441\u043a\u0438\u0439) \u041d\u043e\u0440\u043a\u043e\u0432\u0430\u044f \u0416\u0438\u043b\u0435\u0442\u043a\u0430 | (\u0420\u0443\u0441\u0441\u043a\u0438\u0439) \u0428\u0443\u0431\u044b \u0438 \u0448\u0430\u043f\u043a\u0438 \u0432 \u041b\u0430\u0442\u0432\u0438\u0438 \u0432 \u0420\u0438\u0433\u0435","og_description":"\u041d\u043e\u0440\u043a\u043e\u0432\u0430\u044f \u0416\u0438\u043b\u0435\u0442\u043a\u0430 \u041a\u043e\u0434 \u0442\u043e\u0432\u0430\u0440\u0430 GJ031-22 \u041f\u043e\u043c\u0435\u0440\u0438\u0442\u044c \u0436\u0438\u043b\u0435\u0442\u043a\u0443, \u043a\u0443\u0440\u0442\u043a\u0443, \u0448\u0443\u0431\u0443 \u043c\u043e\u0436\u043d\u043e \u0432 \u0441\u0430\u043b\u043e\u043d\u0435 \u0432 \u0420\u0438\u0433\u0435, \u043f\u0440\u0435\u0434\u0432\u0430\u0440\u0438\u0442\u0435\u043b\u044c\u043d\u043e \u0437\u0430\u043f\u0438\u0441\u0430\u0432\u0448\u0438\u0441\u044c \u043f\u043e \u0442\u0435\u043b\u0435\u0444\u043e\u043d\u0443 +37126968251\u016ade\u013c\u0101das","og_url":"https:\/\/www.meha.lv\/shop\/norkovaja-zeletka\/","og_site_name":"(\u0420\u0443\u0441\u0441\u043a\u0438\u0439) \u0428\u0443\u0431\u044b \u0438 \u0448\u0430\u043f\u043a\u0438 \u0432 \u041b\u0430\u0442\u0432\u0438\u0438 \u0432 \u0420\u0438\u0433\u0435","article_modified_time":"2025-06-05T16:39:51+00:00","og_image":[{"width":904,"height":899,"url":"https:\/\/www.meha.lv\/wp-content\/uploads\/2022\/09\/Screenshot_118.png","type":"image\/png"}],"twitter_card":"summary_large_image","twitter_misc":{"Est. reading time":"1 minut\u0117"},"schema":{"@context":"https:\/\/schema.org","@graph":[{"@type":"WebPage","@id":"https:\/\/www.meha.lv\/shop\/norkovaja-zeletka\/","url":"https:\/\/www.meha.lv\/shop\/norkovaja-zeletka\/","name":"(\u0420\u0443\u0441\u0441\u043a\u0438\u0439) \u041d\u043e\u0440\u043a\u043e\u0432\u0430\u044f \u0416\u0438\u043b\u0435\u0442\u043a\u0430 | (\u0420\u0443\u0441\u0441\u043a\u0438\u0439) \u0428\u0443\u0431\u044b \u0438 \u0448\u0430\u043f\u043a\u0438 \u0432 \u041b\u0430\u0442\u0432\u0438\u0438 \u0432 \u0420\u0438\u0433\u0435","isPartOf":{"@id":"https:\/\/www.meha.lv\/#website"},"primaryImageOfPage":{"@id":"https:\/\/www.meha.lv\/shop\/norkovaja-zeletka\/#primaryimage"},"image":{"@id":"https:\/\/www.meha.lv\/shop\/norkovaja-zeletka\/#primaryimage"},"thumbnailUrl":"https:\/\/www.meha.lv\/wp-content\/uploads\/2022\/09\/Screenshot_118.png","datePublished":"2022-09-21T15:08:31+00:00","dateModified":"2025-06-05T16:39:51+00:00","description":"\u041d\u043e\u0440\u043a\u043e\u0432\u0430\u044f \u0416\u0438\u043b\u0435\u0442\u043a\u0430 \u041a\u043e\u0434 \u0442\u043e\u0432\u0430\u0440\u0430 GJ031-22 \u041f\u043e\u043c\u0435\u0440\u0438\u0442\u044c \u0436\u0438\u043b\u0435\u0442\u043a\u0443, \u043a\u0443\u0440\u0442\u043a\u0443, \u0448\u0443\u0431\u0443 \u043c\u043e\u0436\u043d\u043e \u0432 \u0441\u0430\u043b\u043e\u043d\u0435 \u0432 \u0420\u0438\u0433\u0435, \u043f\u0440\u0435\u0434\u0432\u0430\u0440\u0438\u0442\u0435\u043b\u044c\u043d\u043e \u0437\u0430\u043f\u0438\u0441\u0430\u0432\u0448\u0438\u0441\u044c \u043f\u043e \u0442\u0435\u043b\u0435\u0444\u043e\u043d\u0443 +37126968251\u016ade\u013c\u0101das","breadcrumb":{"@id":"https:\/\/www.meha.lv\/shop\/norkovaja-zeletka\/#breadcrumb"},"inLanguage":"lt-LT","potentialAction":[{"@type":"ReadAction","target":["https:\/\/www.meha.lv\/shop\/norkovaja-zeletka\/"]}]},{"@type":"ImageObject","inLanguage":"lt-LT","@id":"https:\/\/www.meha.lv\/shop\/norkovaja-zeletka\/#primaryimage","url":"https:\/\/www.meha.lv\/wp-content\/uploads\/2022\/09\/Screenshot_118.png","contentUrl":"https:\/\/www.meha.lv\/wp-content\/uploads\/2022\/09\/Screenshot_118.png","width":904,"height":899},{"@type":"BreadcrumbList","@id":"https:\/\/www.meha.lv\/shop\/norkovaja-zeletka\/#breadcrumb","itemListElement":[{"@type":"ListItem","position":1,"name":"Galvena","item":"https:\/\/www.meha.lv\/"},{"@type":"ListItem","position":2,"name":"Ka\u017eoku interneta veikals","item":"https:\/\/www.meha.lv\/internet-magazin-sgub-i-mehovih-izdelis\/"},{"@type":"ListItem","position":3,"name":"\u0415\u0441\u0442\u044c \u043d\u0430 \u043c\u0435\u0441\u0442\u0435","item":"https:\/\/www.meha.lv\/product-category\/magazin-shub-v-rige\/"},{"@type":"ListItem","position":4,"name":"[:ru]\u041d\u043e\u0440\u043a\u043e\u0432\u0430\u044f \u0416\u0438\u043b\u0435\u0442\u043a\u0430[:LV]\u016ade\u013c\u0101das Veste[:]"}]},{"@type":"WebSite","@id":"https:\/\/www.meha.lv\/#website","url":"https:\/\/www.meha.lv\/","name":"(\u0420\u0443\u0441\u0441\u043a\u0438\u0439) \u0428\u0443\u0431\u044b \u0438 \u0448\u0430\u043f\u043a\u0438 \u0432 \u041b\u0430\u0442\u0432\u0438\u0438 \u0432 \u0420\u0438\u0433\u0435","description":"(\u0420\u0443\u0441\u0441\u043a\u0438\u0439) \u041c\u0430\u0433\u0430\u0437\u0438\u043d \u0448\u0443\u0431 \u0438 \u0448\u0430\u043f\u043e\u043a \u0438\u0437 \u043d\u043e\u0440\u043a\u0438, \u0431\u043e\u0431\u0440\u0430, \u043a\u0443\u043d\u0438\u0446\u044b, \u043b\u0438\u0441\u044b,\u043a\u0430\u0440\u0430\u043a\u0443\u043b\u044c\u0447\u0438, \u043b\u0430\u043c\u044b, \u0448\u0438\u043d\u0448\u0438\u043b\u043b\u044b, \u043f\u043e\u043d\u0438 \u0438 \u0447\u0435\u0440\u043d\u043e\u0431\u0443\u0440\u043a\u0438.","publisher":{"@id":"https:\/\/www.meha.lv\/#organization"},"potentialAction":[{"@type":"SearchAction","target":{"@type":"EntryPoint","urlTemplate":"https:\/\/www.meha.lv\/?s={search_term_string}"},"query-input":{"@type":"PropertyValueSpecification","valueRequired":true,"valueName":"search_term_string"}}],"inLanguage":"lt-LT"},{"@type":"Organization","@id":"https:\/\/www.meha.lv\/#organization","name":"Ik \"Holidays group\"","url":"https:\/\/www.meha.lv\/","logo":{"@type":"ImageObject","inLanguage":"lt-LT","@id":"https:\/\/www.meha.lv\/#\/schema\/logo\/image\/","url":"https:\/\/www.meha.lv\/wp-content\/uploads\/2018\/12\/DSC_4476.jpg","contentUrl":"https:\/\/www.meha.lv\/wp-content\/uploads\/2018\/12\/DSC_4476.jpg","width":2048,"height":1363,"caption":"Ik \"Holidays group\""},"image":{"@id":"https:\/\/www.meha.lv\/#\/schema\/logo\/image\/"}}]}},"_links":{"self":[{"href":"https:\/\/www.meha.lv\/lt\/wp-json\/wp\/v2\/product\/2047","targetHints":{"allow":["GET"]}}],"collection":[{"href":"https:\/\/www.meha.lv\/lt\/wp-json\/wp\/v2\/product"}],"about":[{"href":"https:\/\/www.meha.lv\/lt\/wp-json\/wp\/v2\/types\/product"}],"replies":[{"embeddable":true,"href":"https:\/\/www.meha.lv\/lt\/wp-json\/wp\/v2\/comments?post=2047"}],"wp:featuredmedia":[{"embeddable":true,"href":"https:\/\/www.meha.lv\/lt\/wp-json\/wp\/v2\/media\/2048"}],"wp:attachment":[{"href":"https:\/\/www.meha.lv\/lt\/wp-json\/wp\/v2\/media?parent=2047"}],"wp:term":[{"taxonomy":"product_brand","embeddable":true,"href":"https:\/\/www.meha.lv\/lt\/wp-json\/wp\/v2\/product_brand?post=2047"},{"taxonomy":"product_cat","embeddable":true,"href":"https:\/\/www.meha.lv\/lt\/wp-json\/wp\/v2\/product_cat?post=2047"},{"taxonomy":"product_tag","embeddable":true,"href":"https:\/\/www.meha.lv\/lt\/wp-json\/wp\/v2\/product_tag?post=2047"}],"curies":[{"name":"wp","href":"https:\/\/api.w.org\/{rel}","templated":true}]}}