{"id":1830,"date":"2021-01-08T10:17:24","date_gmt":"2021-01-08T07:17:24","guid":{"rendered":"https:\/\/www.meha.lv\/?post_type=product&#038;p=1830"},"modified":"2025-06-06T16:35:57","modified_gmt":"2025-06-06T13:35:57","slug":"sieviesu-ziemas-cepure","status":"publish","type":"product","link":"https:\/\/www.meha.lv\/lt\/shop\/sieviesu-ziemas-cepure\/","title":{"rendered":"Moteri\u0161ka \u017eiemos kepur\u0117 i\u0161 nat\u016bralios sidabrin\u0117s lap\u0117s kailio \u2013 \u0161ilta, prabangi ir stilinga!"},"content":{"rendered":"<p><strong><\/strong><\/p>\n<p><strong>Moteri\u0161ka \u017eiemos kepur\u0117 i\u0161 nat\u016bralios sidabrin\u0117s lap\u0117s kailio \u2013 \u0161ilta, prabangi ir stilinga!<\/strong><\/p>\n<p>Pasinerkite \u012f komfort\u0105 ir elegancij\u0105 su m\u016bs\u0173 \u017eiemos kepuri\u0173 kolekcija, pagaminta i\u0161 nat\u016bralios sidabrin\u0117s lap\u0117s kailio. \u0160ios kepur\u0117s ne tik suteiks patikim\u0105 apsaug\u0105 nuo \u0161al\u010dio, bet ir taps prabangiu akcentu j\u016bs\u0173 \u017eiemos \u012fvaizdyje. Mink\u0161tos, \u0161iltos ir ne\u012ftik\u0117tinai stilingos \u2013 ideali pasirinkimas \u0161altajam sezonui.<\/p>\n<ul>\n<li><strong>Nat\u016bralus sidabrin\u0117s lap\u0117s kailis<\/strong>: Puikus \u0161ilumos, lengvumo ir ilgaam\u017ei\u0161kumo derinys.<\/li>\n<li><strong>Modern\u016bs dizainai<\/strong>: Stilingos ir eleganti\u0161kos kepur\u0117s, tinkamos bet kokiai progai.<\/li>\n<li><strong>Komfortas ir \u0161iluma<\/strong>: Sidabrin\u0117s lap\u0117s kailis i\u0161laiko \u0161ilum\u0105 net pa\u010dias \u0161altiausias \u017eiemos dienas.<\/li>\n<li><strong>Auk\u0161\u010diausios kokyb\u0117s med\u017eiagos<\/strong>: Visos kepur\u0117s pagamintos i\u0161 geriausi\u0173 audini\u0173, kad jaustum\u0117t\u0117s patogiai.<\/li>\n<li><strong>Spalv\u0173 \u012fvairov\u0117<\/strong>: Pasirinkite kepur\u0119, kuri puikiai papildo j\u016bs\u0173 \u017eiemos \u012fvaizd\u012f.<\/li>\n<\/ul>\n<p><strong>Nepraleiskite progos papildyti savo garderob\u0105 prabangi\u0105 \u017eiemos kepure i\u0161 nat\u016bralios sidabrin\u0117s lap\u0117s kailio!<\/strong><\/p>\n<p><strong>","protected":false},"excerpt":{"rendered":"<p class=\"qtranxs-available-languages-message qtranxs-available-languages-message-lt\">Atsipra\u0161ome, \u0161is puslapis galimas tik <a href=\"https:\/\/www.meha.lv\/ru\/wp-json\/wp\/v2\/product\/1830\" class=\"qtranxs-available-language-link qtranxs-available-language-link-ru\" title=\"\u0420\u0443\u0441\u0441\u043a\u0438\u0439\">\u0420\u0443\u0441\u0441\u043a\u0438\u0439<\/a>, <a href=\"https:\/\/www.meha.lv\/LV\/wp-json\/wp\/v2\/product\/1830\" class=\"qtranxs-available-language-link qtranxs-available-language-link-LV\" title=\"Latvie\u0161u valoda\">Latvie\u0161u valoda<\/a> ir <a href=\"https:\/\/www.meha.lv\/en\/wp-json\/wp\/v2\/product\/1830\" class=\"qtranxs-available-language-link qtranxs-available-language-link-en\" title=\"English\">English<\/a>.<\/p>\n","protected":false},"featured_media":1834,"comment_status":"open","ping_status":"closed","template":"","meta":[],"product_brand":[],"product_cat":[43,31,48,10,62],"product_tag":[],"class_list":{"0":"post-1830","1":"product","2":"type-product","3":"status-publish","4":"has-post-thumbnail","6":"product_cat-rasprodazha-shub","7":"product_cat-mehovye-shapki-kupitj-v-rige","8":"product_cat-sieviesu-cepures","9":"product_cat-magazin-shub-v-rige","10":"product_cat-ideji-dlja-podarkov-na-novyj-god","12":"first","13":"instock","14":"sale","15":"taxable","16":"shipping-taxable","17":"purchasable","18":"product-type-simple"},"yoast_head":"<!-- This site is optimized with the Yoast SEO plugin v26.5 - https:\/\/yoast.com\/wordpress\/plugins\/seo\/ -->\n<title>Moteri\u0161ka \u017eiemos kepur\u0117 i\u0161 nat\u016bralios sidabrin\u0117s lap\u0117s kailio \u2013 \u0161ilta, prabangi ir stilinga! | (\u0420\u0443\u0441\u0441\u043a\u0438\u0439) \u0428\u0443\u0431\u044b \u0438 \u0448\u0430\u043f\u043a\u0438 \u0432 \u041b\u0430\u0442\u0432\u0438\u0438 \u0432 \u0420\u0438\u0433\u0435<\/title>\n<meta name=\"description\" content=\"\u0416\u0435\u043d\u0441\u043a\u0430\u044f \u043c\u0435\u0445\u043e\u0432\u0430\u044f \u0437\u0438\u043c\u043d\u044f\u044f, \u0442\u0435\u043f\u043b\u0430\u044f \u0448\u0430\u043f\u043a\u0430-\u0443\u0448\u0430\u043d\u043a\u0430 \u0438\u0437 \u043d\u0430\u0442\u0443\u0440\u0430\u043b\u044c\u043d\u043e\u0433\u043e \u043b\u0438\u0441\u044c\u0435\u0433\u043e \u043c\u0435\u0445\u0430 \u0438 \u043d\u0430\u0442\u0443\u0440\u0430\u043b\u044c\u043d\u043e\u0439 \u043a\u043e\u0436\u0438  \u0420\u0430\u0437\u043c\u0435\u0440: \u0440\u0435\u0433\u0443\u043b\u0438\u0440\u0443\u0435\u043c\u044b\u0439 \u043f\u043e\u0434\u0445\u043e\u0434\u0438\u0442 \u0434\u043b\u044f \u0432\u0441\u0435\u0445 (52 - 60 \u0441\u043c).  \u041c\u0430\u0442\u0435\u0440\u0438\u0430\u043b \u043c\u0435\u0445\u0430 \u0438 \u043a\u043e\u0436\u0438: \u043d\u0430\u0442\u0443\u0440\u0430\u043b\u044c\u043d\u044b\u0439 \u043b\u0438\u0441\u0438\u0439 \u043c\u0435\u0445 \u0438 \u041d\u0430\u0442\u0443\u0440\u0430\u043b\u044c\u043d\u0430\u044f \u043e\u0432\u0435\u0447\u044c\u044f \u043a\u043e\u0436\u0430  Sievie\u0161u ka\u017eok\u0101das ziema, silta cepure no dab\u012bgas lapsas ka\u017eok\u0101das un dab\u012bgas \u0101das  Izm\u0113rs: 52 \u200b\u200b- 60 cm  Ka\u017eok\u0101das un \u0101das materi\u0101ls: dabiska lapsas ka\u017eok\u0101da un \u012bsta aitas \u0101daWomen&#039;s fur winter, warm ushanka hat made of natural fox fur and genuine leather  Size: adjustable to fit everyone (52 - 60 cm).  Fur and leather material: natural fox fur and genuine sheep leather.Women&#039;s fur winter, warm ushanka hat made of natural fox fur and genuine leather  Size: adjustable to fit everyone (52 - 60 cm).  Fur and leather material: natural fox fur and genuine sheep leather.\" \/>\n<meta name=\"robots\" content=\"index, follow, max-snippet:-1, max-image-preview:large, max-video-preview:-1\" \/>\n<link rel=\"canonical\" href=\"https:\/\/www.meha.lv\/shop\/sieviesu-ziemas-cepure\/\" \/>\n<meta property=\"og:locale\" content=\"lt_LT\" \/>\n<meta property=\"og:type\" content=\"article\" \/>\n<meta property=\"og:title\" content=\"Moteri\u0161ka \u017eiemos kepur\u0117 i\u0161 nat\u016bralios sidabrin\u0117s lap\u0117s kailio \u2013 \u0161ilta, prabangi ir stilinga! | (\u0420\u0443\u0441\u0441\u043a\u0438\u0439) \u0428\u0443\u0431\u044b \u0438 \u0448\u0430\u043f\u043a\u0438 \u0432 \u041b\u0430\u0442\u0432\u0438\u0438 \u0432 \u0420\u0438\u0433\u0435\" \/>\n<meta property=\"og:description\" content=\"\u0416\u0435\u043d\u0441\u043a\u0430\u044f \u043c\u0435\u0445\u043e\u0432\u0430\u044f \u0437\u0438\u043c\u043d\u044f\u044f, \u0442\u0435\u043f\u043b\u0430\u044f \u0448\u0430\u043f\u043a\u0430-\u0443\u0448\u0430\u043d\u043a\u0430 \u0438\u0437 \u043d\u0430\u0442\u0443\u0440\u0430\u043b\u044c\u043d\u043e\u0433\u043e \u043b\u0438\u0441\u044c\u0435\u0433\u043e \u043c\u0435\u0445\u0430 \u0438 \u043d\u0430\u0442\u0443\u0440\u0430\u043b\u044c\u043d\u043e\u0439 \u043a\u043e\u0436\u0438  \u0420\u0430\u0437\u043c\u0435\u0440: \u0440\u0435\u0433\u0443\u043b\u0438\u0440\u0443\u0435\u043c\u044b\u0439 \u043f\u043e\u0434\u0445\u043e\u0434\u0438\u0442 \u0434\u043b\u044f \u0432\u0441\u0435\u0445 (52 - 60 \u0441\u043c).  \u041c\u0430\u0442\u0435\u0440\u0438\u0430\u043b \u043c\u0435\u0445\u0430 \u0438 \u043a\u043e\u0436\u0438: \u043d\u0430\u0442\u0443\u0440\u0430\u043b\u044c\u043d\u044b\u0439 \u043b\u0438\u0441\u0438\u0439 \u043c\u0435\u0445 \u0438 \u041d\u0430\u0442\u0443\u0440\u0430\u043b\u044c\u043d\u0430\u044f \u043e\u0432\u0435\u0447\u044c\u044f \u043a\u043e\u0436\u0430  Sievie\u0161u ka\u017eok\u0101das ziema, silta cepure no dab\u012bgas lapsas ka\u017eok\u0101das un dab\u012bgas \u0101das  Izm\u0113rs: 52 \u200b\u200b- 60 cm  Ka\u017eok\u0101das un \u0101das materi\u0101ls: dabiska lapsas ka\u017eok\u0101da un \u012bsta aitas \u0101daWomen&#039;s fur winter, warm ushanka hat made of natural fox fur and genuine leather  Size: adjustable to fit everyone (52 - 60 cm).  Fur and leather material: natural fox fur and genuine sheep leather.Women&#039;s fur winter, warm ushanka hat made of natural fox fur and genuine leather  Size: adjustable to fit everyone (52 - 60 cm).  Fur and leather material: natural fox fur and genuine sheep leather.\" \/>\n<meta property=\"og:url\" content=\"https:\/\/www.meha.lv\/shop\/sieviesu-ziemas-cepure\/\" \/>\n<meta property=\"og:site_name\" content=\"(\u0420\u0443\u0441\u0441\u043a\u0438\u0439) \u0428\u0443\u0431\u044b \u0438 \u0448\u0430\u043f\u043a\u0438 \u0432 \u041b\u0430\u0442\u0432\u0438\u0438 \u0432 \u0420\u0438\u0433\u0435\" \/>\n<meta property=\"article:modified_time\" content=\"2025-06-06T13:35:57+00:00\" \/>\n<meta property=\"og:image\" content=\"https:\/\/www.meha.lv\/wp-content\/uploads\/2021\/01\/g.png\" \/>\n\t<meta property=\"og:image:width\" content=\"562\" \/>\n\t<meta property=\"og:image:height\" content=\"558\" \/>\n\t<meta property=\"og:image:type\" content=\"image\/png\" \/>\n<meta name=\"twitter:card\" content=\"summary_large_image\" \/>\n<meta name=\"twitter:label1\" content=\"Est. reading time\" \/>\n\t<meta name=\"twitter:data1\" content=\"3 minut\u0117s\" \/>\n<script type=\"application\/ld+json\" class=\"yoast-schema-graph\">{\"@context\":\"https:\/\/schema.org\",\"@graph\":[{\"@type\":\"WebPage\",\"@id\":\"https:\/\/www.meha.lv\/shop\/sieviesu-ziemas-cepure\/\",\"url\":\"https:\/\/www.meha.lv\/shop\/sieviesu-ziemas-cepure\/\",\"name\":\"Moteri\u0161ka \u017eiemos kepur\u0117 i\u0161 nat\u016bralios sidabrin\u0117s lap\u0117s kailio \u2013 \u0161ilta, prabangi ir stilinga! | (\u0420\u0443\u0441\u0441\u043a\u0438\u0439) \u0428\u0443\u0431\u044b \u0438 \u0448\u0430\u043f\u043a\u0438 \u0432 \u041b\u0430\u0442\u0432\u0438\u0438 \u0432 \u0420\u0438\u0433\u0435\",\"isPartOf\":{\"@id\":\"https:\/\/www.meha.lv\/#website\"},\"primaryImageOfPage\":{\"@id\":\"https:\/\/www.meha.lv\/shop\/sieviesu-ziemas-cepure\/#primaryimage\"},\"image\":{\"@id\":\"https:\/\/www.meha.lv\/shop\/sieviesu-ziemas-cepure\/#primaryimage\"},\"thumbnailUrl\":\"https:\/\/www.meha.lv\/wp-content\/uploads\/2021\/01\/g.png\",\"datePublished\":\"2021-01-08T07:17:24+00:00\",\"dateModified\":\"2025-06-06T13:35:57+00:00\",\"description\":\"\u0416\u0435\u043d\u0441\u043a\u0430\u044f \u043c\u0435\u0445\u043e\u0432\u0430\u044f \u0437\u0438\u043c\u043d\u044f\u044f, \u0442\u0435\u043f\u043b\u0430\u044f \u0448\u0430\u043f\u043a\u0430-\u0443\u0448\u0430\u043d\u043a\u0430 \u0438\u0437 \u043d\u0430\u0442\u0443\u0440\u0430\u043b\u044c\u043d\u043e\u0433\u043e \u043b\u0438\u0441\u044c\u0435\u0433\u043e \u043c\u0435\u0445\u0430 \u0438 \u043d\u0430\u0442\u0443\u0440\u0430\u043b\u044c\u043d\u043e\u0439 \u043a\u043e\u0436\u0438 \u0420\u0430\u0437\u043c\u0435\u0440: \u0440\u0435\u0433\u0443\u043b\u0438\u0440\u0443\u0435\u043c\u044b\u0439 \u043f\u043e\u0434\u0445\u043e\u0434\u0438\u0442 \u0434\u043b\u044f \u0432\u0441\u0435\u0445 (52 - 60 \u0441\u043c). \u041c\u0430\u0442\u0435\u0440\u0438\u0430\u043b \u043c\u0435\u0445\u0430 \u0438 \u043a\u043e\u0436\u0438: \u043d\u0430\u0442\u0443\u0440\u0430\u043b\u044c\u043d\u044b\u0439 \u043b\u0438\u0441\u0438\u0439 \u043c\u0435\u0445 \u0438 \u041d\u0430\u0442\u0443\u0440\u0430\u043b\u044c\u043d\u0430\u044f \u043e\u0432\u0435\u0447\u044c\u044f \u043a\u043e\u0436\u0430 Sievie\u0161u ka\u017eok\u0101das ziema, silta cepure no dab\u012bgas lapsas ka\u017eok\u0101das un dab\u012bgas \u0101das Izm\u0113rs: 52 \u200b\u200b- 60 cm Ka\u017eok\u0101das un \u0101das materi\u0101ls: dabiska lapsas ka\u017eok\u0101da un \u012bsta aitas \u0101daWomen's fur winter, warm ushanka hat made of natural fox fur and genuine leather Size: adjustable to fit everyone (52 - 60 cm). Fur and leather material: natural fox fur and genuine sheep leather.Women's fur winter, warm ushanka hat made of natural fox fur and genuine leather Size: adjustable to fit everyone (52 - 60 cm). Fur and leather material: natural fox fur and genuine sheep leather.\",\"breadcrumb\":{\"@id\":\"https:\/\/www.meha.lv\/shop\/sieviesu-ziemas-cepure\/#breadcrumb\"},\"inLanguage\":\"lt-LT\",\"potentialAction\":[{\"@type\":\"ReadAction\",\"target\":[\"https:\/\/www.meha.lv\/shop\/sieviesu-ziemas-cepure\/\"]}]},{\"@type\":\"ImageObject\",\"inLanguage\":\"lt-LT\",\"@id\":\"https:\/\/www.meha.lv\/shop\/sieviesu-ziemas-cepure\/#primaryimage\",\"url\":\"https:\/\/www.meha.lv\/wp-content\/uploads\/2021\/01\/g.png\",\"contentUrl\":\"https:\/\/www.meha.lv\/wp-content\/uploads\/2021\/01\/g.png\",\"width\":562,\"height\":558,\"caption\":\"\u0436\u0435\u043d\u0441\u043a\u0430\u044f \u0437\u0438\u043c\u043d\u044f\u044f \u0448\u0430\u043f\u043a\u0430\"},{\"@type\":\"BreadcrumbList\",\"@id\":\"https:\/\/www.meha.lv\/shop\/sieviesu-ziemas-cepure\/#breadcrumb\",\"itemListElement\":[{\"@type\":\"ListItem\",\"position\":1,\"name\":\"Galvena\",\"item\":\"https:\/\/www.meha.lv\/\"},{\"@type\":\"ListItem\",\"position\":2,\"name\":\"Ka\u017eoku interneta veikals\",\"item\":\"https:\/\/www.meha.lv\/internet-magazin-sgub-i-mehovih-izdelis\/\"},{\"@type\":\"ListItem\",\"position\":3,\"name\":\"[:ru]\u043c\u0435\u0445\u043e\u0432\u044b\u0435 \u0448\u0430\u043f\u043a\u0438[:LV] ka\u017eok\u0101du cepures veikals\",\"item\":\"https:\/\/www.meha.lv\/product-category\/mehovye-shapki-kupitj-v-rige\/\"},{\"@type\":\"ListItem\",\"position\":4,\"name\":\"\u0416\u0435\u043d\u0441\u043a\u0438\u0435 \u0448\u0430\u043f\u043a\u0438\",\"item\":\"https:\/\/www.meha.lv\/product-category\/mehovye-shapki-kupitj-v-rige\/sieviesu-cepures\/\"},{\"@type\":\"ListItem\",\"position\":5,\"name\":\"Sievie\u0161u ziemas cepure\"}]},{\"@type\":\"WebSite\",\"@id\":\"https:\/\/www.meha.lv\/#website\",\"url\":\"https:\/\/www.meha.lv\/\",\"name\":\"(\u0420\u0443\u0441\u0441\u043a\u0438\u0439) \u0428\u0443\u0431\u044b \u0438 \u0448\u0430\u043f\u043a\u0438 \u0432 \u041b\u0430\u0442\u0432\u0438\u0438 \u0432 \u0420\u0438\u0433\u0435\",\"description\":\"(\u0420\u0443\u0441\u0441\u043a\u0438\u0439) \u041c\u0430\u0433\u0430\u0437\u0438\u043d \u0448\u0443\u0431 \u0438 \u0448\u0430\u043f\u043e\u043a \u0438\u0437 \u043d\u043e\u0440\u043a\u0438, \u0431\u043e\u0431\u0440\u0430, \u043a\u0443\u043d\u0438\u0446\u044b, \u043b\u0438\u0441\u044b,\u043a\u0430\u0440\u0430\u043a\u0443\u043b\u044c\u0447\u0438, \u043b\u0430\u043c\u044b, \u0448\u0438\u043d\u0448\u0438\u043b\u043b\u044b, \u043f\u043e\u043d\u0438 \u0438 \u0447\u0435\u0440\u043d\u043e\u0431\u0443\u0440\u043a\u0438.\",\"publisher\":{\"@id\":\"https:\/\/www.meha.lv\/#organization\"},\"potentialAction\":[{\"@type\":\"SearchAction\",\"target\":{\"@type\":\"EntryPoint\",\"urlTemplate\":\"https:\/\/www.meha.lv\/?s={search_term_string}\"},\"query-input\":{\"@type\":\"PropertyValueSpecification\",\"valueRequired\":true,\"valueName\":\"search_term_string\"}}],\"inLanguage\":\"lt-LT\"},{\"@type\":\"Organization\",\"@id\":\"https:\/\/www.meha.lv\/#organization\",\"name\":\"Ik \\\"Holidays group\\\"\",\"url\":\"https:\/\/www.meha.lv\/\",\"logo\":{\"@type\":\"ImageObject\",\"inLanguage\":\"lt-LT\",\"@id\":\"https:\/\/www.meha.lv\/#\/schema\/logo\/image\/\",\"url\":\"https:\/\/www.meha.lv\/wp-content\/uploads\/2018\/12\/DSC_4476.jpg\",\"contentUrl\":\"https:\/\/www.meha.lv\/wp-content\/uploads\/2018\/12\/DSC_4476.jpg\",\"width\":2048,\"height\":1363,\"caption\":\"Ik \\\"Holidays group\\\"\"},\"image\":{\"@id\":\"https:\/\/www.meha.lv\/#\/schema\/logo\/image\/\"}}]}<\/script>\n<!-- \/ Yoast SEO plugin. -->","yoast_head_json":{"title":"Moteri\u0161ka \u017eiemos kepur\u0117 i\u0161 nat\u016bralios sidabrin\u0117s lap\u0117s kailio \u2013 \u0161ilta, prabangi ir stilinga! | (\u0420\u0443\u0441\u0441\u043a\u0438\u0439) \u0428\u0443\u0431\u044b \u0438 \u0448\u0430\u043f\u043a\u0438 \u0432 \u041b\u0430\u0442\u0432\u0438\u0438 \u0432 \u0420\u0438\u0433\u0435","description":"\u0416\u0435\u043d\u0441\u043a\u0430\u044f \u043c\u0435\u0445\u043e\u0432\u0430\u044f \u0437\u0438\u043c\u043d\u044f\u044f, \u0442\u0435\u043f\u043b\u0430\u044f \u0448\u0430\u043f\u043a\u0430-\u0443\u0448\u0430\u043d\u043a\u0430 \u0438\u0437 \u043d\u0430\u0442\u0443\u0440\u0430\u043b\u044c\u043d\u043e\u0433\u043e \u043b\u0438\u0441\u044c\u0435\u0433\u043e \u043c\u0435\u0445\u0430 \u0438 \u043d\u0430\u0442\u0443\u0440\u0430\u043b\u044c\u043d\u043e\u0439 \u043a\u043e\u0436\u0438  \u0420\u0430\u0437\u043c\u0435\u0440: \u0440\u0435\u0433\u0443\u043b\u0438\u0440\u0443\u0435\u043c\u044b\u0439 \u043f\u043e\u0434\u0445\u043e\u0434\u0438\u0442 \u0434\u043b\u044f \u0432\u0441\u0435\u0445 (52 - 60 \u0441\u043c).  \u041c\u0430\u0442\u0435\u0440\u0438\u0430\u043b \u043c\u0435\u0445\u0430 \u0438 \u043a\u043e\u0436\u0438: \u043d\u0430\u0442\u0443\u0440\u0430\u043b\u044c\u043d\u044b\u0439 \u043b\u0438\u0441\u0438\u0439 \u043c\u0435\u0445 \u0438 \u041d\u0430\u0442\u0443\u0440\u0430\u043b\u044c\u043d\u0430\u044f \u043e\u0432\u0435\u0447\u044c\u044f \u043a\u043e\u0436\u0430  Sievie\u0161u ka\u017eok\u0101das ziema, silta cepure no dab\u012bgas lapsas ka\u017eok\u0101das un dab\u012bgas \u0101das  Izm\u0113rs: 52 \u200b\u200b- 60 cm  Ka\u017eok\u0101das un \u0101das materi\u0101ls: dabiska lapsas ka\u017eok\u0101da un \u012bsta aitas \u0101daWomen's fur winter, warm ushanka hat made of natural fox fur and genuine leather  Size: adjustable to fit everyone (52 - 60 cm).  Fur and leather material: natural fox fur and genuine sheep leather.Women's fur winter, warm ushanka hat made of natural fox fur and genuine leather  Size: adjustable to fit everyone (52 - 60 cm).  Fur and leather material: natural fox fur and genuine sheep leather.","robots":{"index":"index","follow":"follow","max-snippet":"max-snippet:-1","max-image-preview":"max-image-preview:large","max-video-preview":"max-video-preview:-1"},"canonical":"https:\/\/www.meha.lv\/shop\/sieviesu-ziemas-cepure\/","og_locale":"lt_LT","og_type":"article","og_title":"Moteri\u0161ka \u017eiemos kepur\u0117 i\u0161 nat\u016bralios sidabrin\u0117s lap\u0117s kailio \u2013 \u0161ilta, prabangi ir stilinga! | (\u0420\u0443\u0441\u0441\u043a\u0438\u0439) \u0428\u0443\u0431\u044b \u0438 \u0448\u0430\u043f\u043a\u0438 \u0432 \u041b\u0430\u0442\u0432\u0438\u0438 \u0432 \u0420\u0438\u0433\u0435","og_description":"\u0416\u0435\u043d\u0441\u043a\u0430\u044f \u043c\u0435\u0445\u043e\u0432\u0430\u044f \u0437\u0438\u043c\u043d\u044f\u044f, \u0442\u0435\u043f\u043b\u0430\u044f \u0448\u0430\u043f\u043a\u0430-\u0443\u0448\u0430\u043d\u043a\u0430 \u0438\u0437 \u043d\u0430\u0442\u0443\u0440\u0430\u043b\u044c\u043d\u043e\u0433\u043e \u043b\u0438\u0441\u044c\u0435\u0433\u043e \u043c\u0435\u0445\u0430 \u0438 \u043d\u0430\u0442\u0443\u0440\u0430\u043b\u044c\u043d\u043e\u0439 \u043a\u043e\u0436\u0438  \u0420\u0430\u0437\u043c\u0435\u0440: \u0440\u0435\u0433\u0443\u043b\u0438\u0440\u0443\u0435\u043c\u044b\u0439 \u043f\u043e\u0434\u0445\u043e\u0434\u0438\u0442 \u0434\u043b\u044f \u0432\u0441\u0435\u0445 (52 - 60 \u0441\u043c).  \u041c\u0430\u0442\u0435\u0440\u0438\u0430\u043b \u043c\u0435\u0445\u0430 \u0438 \u043a\u043e\u0436\u0438: \u043d\u0430\u0442\u0443\u0440\u0430\u043b\u044c\u043d\u044b\u0439 \u043b\u0438\u0441\u0438\u0439 \u043c\u0435\u0445 \u0438 \u041d\u0430\u0442\u0443\u0440\u0430\u043b\u044c\u043d\u0430\u044f \u043e\u0432\u0435\u0447\u044c\u044f \u043a\u043e\u0436\u0430  Sievie\u0161u ka\u017eok\u0101das ziema, silta cepure no dab\u012bgas lapsas ka\u017eok\u0101das un dab\u012bgas \u0101das  Izm\u0113rs: 52 \u200b\u200b- 60 cm  Ka\u017eok\u0101das un \u0101das materi\u0101ls: dabiska lapsas ka\u017eok\u0101da un \u012bsta aitas \u0101daWomen's fur winter, warm ushanka hat made of natural fox fur and genuine leather  Size: adjustable to fit everyone (52 - 60 cm).  Fur and leather material: natural fox fur and genuine sheep leather.Women's fur winter, warm ushanka hat made of natural fox fur and genuine leather  Size: adjustable to fit everyone (52 - 60 cm).  Fur and leather material: natural fox fur and genuine sheep leather.","og_url":"https:\/\/www.meha.lv\/shop\/sieviesu-ziemas-cepure\/","og_site_name":"(\u0420\u0443\u0441\u0441\u043a\u0438\u0439) \u0428\u0443\u0431\u044b \u0438 \u0448\u0430\u043f\u043a\u0438 \u0432 \u041b\u0430\u0442\u0432\u0438\u0438 \u0432 \u0420\u0438\u0433\u0435","article_modified_time":"2025-06-06T13:35:57+00:00","og_image":[{"width":562,"height":558,"url":"https:\/\/www.meha.lv\/wp-content\/uploads\/2021\/01\/g.png","type":"image\/png"}],"twitter_card":"summary_large_image","twitter_misc":{"Est. reading time":"3 minut\u0117s"},"schema":{"@context":"https:\/\/schema.org","@graph":[{"@type":"WebPage","@id":"https:\/\/www.meha.lv\/shop\/sieviesu-ziemas-cepure\/","url":"https:\/\/www.meha.lv\/shop\/sieviesu-ziemas-cepure\/","name":"Moteri\u0161ka \u017eiemos kepur\u0117 i\u0161 nat\u016bralios sidabrin\u0117s lap\u0117s kailio \u2013 \u0161ilta, prabangi ir stilinga! | (\u0420\u0443\u0441\u0441\u043a\u0438\u0439) \u0428\u0443\u0431\u044b \u0438 \u0448\u0430\u043f\u043a\u0438 \u0432 \u041b\u0430\u0442\u0432\u0438\u0438 \u0432 \u0420\u0438\u0433\u0435","isPartOf":{"@id":"https:\/\/www.meha.lv\/#website"},"primaryImageOfPage":{"@id":"https:\/\/www.meha.lv\/shop\/sieviesu-ziemas-cepure\/#primaryimage"},"image":{"@id":"https:\/\/www.meha.lv\/shop\/sieviesu-ziemas-cepure\/#primaryimage"},"thumbnailUrl":"https:\/\/www.meha.lv\/wp-content\/uploads\/2021\/01\/g.png","datePublished":"2021-01-08T07:17:24+00:00","dateModified":"2025-06-06T13:35:57+00:00","description":"\u0416\u0435\u043d\u0441\u043a\u0430\u044f \u043c\u0435\u0445\u043e\u0432\u0430\u044f \u0437\u0438\u043c\u043d\u044f\u044f, \u0442\u0435\u043f\u043b\u0430\u044f \u0448\u0430\u043f\u043a\u0430-\u0443\u0448\u0430\u043d\u043a\u0430 \u0438\u0437 \u043d\u0430\u0442\u0443\u0440\u0430\u043b\u044c\u043d\u043e\u0433\u043e \u043b\u0438\u0441\u044c\u0435\u0433\u043e \u043c\u0435\u0445\u0430 \u0438 \u043d\u0430\u0442\u0443\u0440\u0430\u043b\u044c\u043d\u043e\u0439 \u043a\u043e\u0436\u0438 \u0420\u0430\u0437\u043c\u0435\u0440: \u0440\u0435\u0433\u0443\u043b\u0438\u0440\u0443\u0435\u043c\u044b\u0439 \u043f\u043e\u0434\u0445\u043e\u0434\u0438\u0442 \u0434\u043b\u044f \u0432\u0441\u0435\u0445 (52 - 60 \u0441\u043c). \u041c\u0430\u0442\u0435\u0440\u0438\u0430\u043b \u043c\u0435\u0445\u0430 \u0438 \u043a\u043e\u0436\u0438: \u043d\u0430\u0442\u0443\u0440\u0430\u043b\u044c\u043d\u044b\u0439 \u043b\u0438\u0441\u0438\u0439 \u043c\u0435\u0445 \u0438 \u041d\u0430\u0442\u0443\u0440\u0430\u043b\u044c\u043d\u0430\u044f \u043e\u0432\u0435\u0447\u044c\u044f \u043a\u043e\u0436\u0430 Sievie\u0161u ka\u017eok\u0101das ziema, silta cepure no dab\u012bgas lapsas ka\u017eok\u0101das un dab\u012bgas \u0101das Izm\u0113rs: 52 \u200b\u200b- 60 cm Ka\u017eok\u0101das un \u0101das materi\u0101ls: dabiska lapsas ka\u017eok\u0101da un \u012bsta aitas \u0101daWomen's fur winter, warm ushanka hat made of natural fox fur and genuine leather Size: adjustable to fit everyone (52 - 60 cm). Fur and leather material: natural fox fur and genuine sheep leather.Women's fur winter, warm ushanka hat made of natural fox fur and genuine leather Size: adjustable to fit everyone (52 - 60 cm). Fur and leather material: natural fox fur and genuine sheep leather.","breadcrumb":{"@id":"https:\/\/www.meha.lv\/shop\/sieviesu-ziemas-cepure\/#breadcrumb"},"inLanguage":"lt-LT","potentialAction":[{"@type":"ReadAction","target":["https:\/\/www.meha.lv\/shop\/sieviesu-ziemas-cepure\/"]}]},{"@type":"ImageObject","inLanguage":"lt-LT","@id":"https:\/\/www.meha.lv\/shop\/sieviesu-ziemas-cepure\/#primaryimage","url":"https:\/\/www.meha.lv\/wp-content\/uploads\/2021\/01\/g.png","contentUrl":"https:\/\/www.meha.lv\/wp-content\/uploads\/2021\/01\/g.png","width":562,"height":558,"caption":"\u0436\u0435\u043d\u0441\u043a\u0430\u044f \u0437\u0438\u043c\u043d\u044f\u044f \u0448\u0430\u043f\u043a\u0430"},{"@type":"BreadcrumbList","@id":"https:\/\/www.meha.lv\/shop\/sieviesu-ziemas-cepure\/#breadcrumb","itemListElement":[{"@type":"ListItem","position":1,"name":"Galvena","item":"https:\/\/www.meha.lv\/"},{"@type":"ListItem","position":2,"name":"Ka\u017eoku interneta veikals","item":"https:\/\/www.meha.lv\/internet-magazin-sgub-i-mehovih-izdelis\/"},{"@type":"ListItem","position":3,"name":"[:ru]\u043c\u0435\u0445\u043e\u0432\u044b\u0435 \u0448\u0430\u043f\u043a\u0438[:LV] ka\u017eok\u0101du cepures veikals","item":"https:\/\/www.meha.lv\/product-category\/mehovye-shapki-kupitj-v-rige\/"},{"@type":"ListItem","position":4,"name":"\u0416\u0435\u043d\u0441\u043a\u0438\u0435 \u0448\u0430\u043f\u043a\u0438","item":"https:\/\/www.meha.lv\/product-category\/mehovye-shapki-kupitj-v-rige\/sieviesu-cepures\/"},{"@type":"ListItem","position":5,"name":"Sievie\u0161u ziemas cepure"}]},{"@type":"WebSite","@id":"https:\/\/www.meha.lv\/#website","url":"https:\/\/www.meha.lv\/","name":"(\u0420\u0443\u0441\u0441\u043a\u0438\u0439) \u0428\u0443\u0431\u044b \u0438 \u0448\u0430\u043f\u043a\u0438 \u0432 \u041b\u0430\u0442\u0432\u0438\u0438 \u0432 \u0420\u0438\u0433\u0435","description":"(\u0420\u0443\u0441\u0441\u043a\u0438\u0439) \u041c\u0430\u0433\u0430\u0437\u0438\u043d \u0448\u0443\u0431 \u0438 \u0448\u0430\u043f\u043e\u043a \u0438\u0437 \u043d\u043e\u0440\u043a\u0438, \u0431\u043e\u0431\u0440\u0430, \u043a\u0443\u043d\u0438\u0446\u044b, \u043b\u0438\u0441\u044b,\u043a\u0430\u0440\u0430\u043a\u0443\u043b\u044c\u0447\u0438, \u043b\u0430\u043c\u044b, \u0448\u0438\u043d\u0448\u0438\u043b\u043b\u044b, \u043f\u043e\u043d\u0438 \u0438 \u0447\u0435\u0440\u043d\u043e\u0431\u0443\u0440\u043a\u0438.","publisher":{"@id":"https:\/\/www.meha.lv\/#organization"},"potentialAction":[{"@type":"SearchAction","target":{"@type":"EntryPoint","urlTemplate":"https:\/\/www.meha.lv\/?s={search_term_string}"},"query-input":{"@type":"PropertyValueSpecification","valueRequired":true,"valueName":"search_term_string"}}],"inLanguage":"lt-LT"},{"@type":"Organization","@id":"https:\/\/www.meha.lv\/#organization","name":"Ik \"Holidays group\"","url":"https:\/\/www.meha.lv\/","logo":{"@type":"ImageObject","inLanguage":"lt-LT","@id":"https:\/\/www.meha.lv\/#\/schema\/logo\/image\/","url":"https:\/\/www.meha.lv\/wp-content\/uploads\/2018\/12\/DSC_4476.jpg","contentUrl":"https:\/\/www.meha.lv\/wp-content\/uploads\/2018\/12\/DSC_4476.jpg","width":2048,"height":1363,"caption":"Ik \"Holidays group\""},"image":{"@id":"https:\/\/www.meha.lv\/#\/schema\/logo\/image\/"}}]}},"_links":{"self":[{"href":"https:\/\/www.meha.lv\/lt\/wp-json\/wp\/v2\/product\/1830","targetHints":{"allow":["GET"]}}],"collection":[{"href":"https:\/\/www.meha.lv\/lt\/wp-json\/wp\/v2\/product"}],"about":[{"href":"https:\/\/www.meha.lv\/lt\/wp-json\/wp\/v2\/types\/product"}],"replies":[{"embeddable":true,"href":"https:\/\/www.meha.lv\/lt\/wp-json\/wp\/v2\/comments?post=1830"}],"wp:featuredmedia":[{"embeddable":true,"href":"https:\/\/www.meha.lv\/lt\/wp-json\/wp\/v2\/media\/1834"}],"wp:attachment":[{"href":"https:\/\/www.meha.lv\/lt\/wp-json\/wp\/v2\/media?parent=1830"}],"wp:term":[{"taxonomy":"product_brand","embeddable":true,"href":"https:\/\/www.meha.lv\/lt\/wp-json\/wp\/v2\/product_brand?post=1830"},{"taxonomy":"product_cat","embeddable":true,"href":"https:\/\/www.meha.lv\/lt\/wp-json\/wp\/v2\/product_cat?post=1830"},{"taxonomy":"product_tag","embeddable":true,"href":"https:\/\/www.meha.lv\/lt\/wp-json\/wp\/v2\/product_tag?post=1830"}],"curies":[{"name":"wp","href":"https:\/\/api.w.org\/{rel}","templated":true}]}}