{"id":1553,"date":"2018-11-22T16:04:22","date_gmt":"2018-11-22T13:04:22","guid":{"rendered":"https:\/\/www.meha.lv\/shop\/udeladu-kazoks-2019-2\/"},"modified":"2022-10-04T12:48:56","modified_gmt":"2022-10-04T09:48:56","slug":"udeladu-kazoks-2019-2","status":"publish","type":"product","link":"https:\/\/www.meha.lv\/lt\/shop\/udeladu-kazoks-2019-2\/","title":{"rendered":"(\u0420\u0443\u0441\u0441\u043a\u0438\u0439) \u041d\u043e\u0440\u043a\u043e\u0432\u0430\u044f \u0448\u0443\u0431\u0430 2018"},"content":{"rendered":"","protected":false},"excerpt":{"rendered":"<p class=\"qtranxs-available-languages-message qtranxs-available-languages-message-lt\">Atsipra\u0161ome, \u0161is puslapis galimas tik <a href=\"https:\/\/www.meha.lv\/ru\/wp-json\/wp\/v2\/product\/1553\" class=\"qtranxs-available-language-link qtranxs-available-language-link-ru\" title=\"\u0420\u0443\u0441\u0441\u043a\u0438\u0439\">\u0420\u0443\u0441\u0441\u043a\u0438\u0439<\/a>, <a href=\"https:\/\/www.meha.lv\/LV\/wp-json\/wp\/v2\/product\/1553\" class=\"qtranxs-available-language-link qtranxs-available-language-link-LV\" title=\"Latvie\u0161u valoda\">Latvie\u0161u valoda<\/a> ir <a href=\"https:\/\/www.meha.lv\/en\/wp-json\/wp\/v2\/product\/1553\" class=\"qtranxs-available-language-link qtranxs-available-language-link-en\" title=\"English\">English<\/a>.<\/p>\n","protected":false},"featured_media":1540,"comment_status":"open","ping_status":"closed","template":"","meta":[],"product_brand":[],"product_cat":[77],"product_tag":[],"class_list":{"0":"post-1553","1":"product","2":"type-product","3":"status-publish","4":"has-post-thumbnail","6":"product_cat-shuby-na-zakas","8":"first","9":"instock","10":"taxable","11":"shipping-taxable","12":"purchasable","13":"product-type-simple"},"yoast_head":"<!-- This site is optimized with the Yoast SEO plugin v26.5 - https:\/\/yoast.com\/wordpress\/plugins\/seo\/ -->\n<title>(\u0420\u0443\u0441\u0441\u043a\u0438\u0439) \u041d\u043e\u0440\u043a\u043e\u0432\u0430\u044f \u0448\u0443\u0431\u0430 2018 | (\u0420\u0443\u0441\u0441\u043a\u0438\u0439) \u0428\u0443\u0431\u044b \u0438 \u0448\u0430\u043f\u043a\u0438 \u0432 \u041b\u0430\u0442\u0432\u0438\u0438 \u0432 \u0420\u0438\u0433\u0435<\/title>\n<meta name=\"description\" content=\"\u0414\u043b\u0438\u043d\u0430 100 \u0441\u043c. \u0420\u0430\u0437\u043d\u044b\u0435 \u0440\u0430\u0437\u043c\u0435\u0440\u044b \u0432 \u043d\u0430\u043b\u0438\u0447\u0438\u0438, \u0432 \u0442\u043e\u043c \u0447\u0438\u0441\u043b\u0435 \u0438 \u0431\u043e\u043b\u044c\u0448\u0438\u0435. \u0412 \u0448\u0443\u0431\u043a\u0430\u0445 \u0435\u0441\u0442\u044c \u0432\u043e\u0437\u043c\u043e\u0436\u043d\u043e\u0441\u0442\u044c \u043e\u0442\u0441\u0442\u0435\u043d\u0443\u0442\u044c \u0434\u043b\u0438\u043d\u0443 \u0440\u0443\u043a\u0430\u0432\u0430 \u0434\u043e 7\/8. \u0412\u043e\u0440\u043e\u0442\u043d\u0438\u043a \u0448\u0430\u043d\u0435\u043b\u044c. \u041c\u044f\u0433\u043a\u0438\u0435 \u0448\u043a\u0443\u0440\u043a\u0438, \u0433\u0443\u0441\u0442\u043e\u0439, \u043f\u0440\u0438\u044f\u0442\u043d\u044b\u0439 \u043d\u0430 \u043e\u0449\u0443\u043f\u044c \u043c\u0435\u0445, \u0431\u043e\u0434\u0440\u0435\u043d\u044c\u043a\u0438\u0439 \u0432\u043e\u0440\u0441. \u041f\u043e\u0434\u043a\u043b\u0430\u0434\u043a\u0430 \u043e\u0442\u043a\u0440\u044b\u0442\u0430, \u0438\u043c\u0435\u044e\u0442\u0441\u044f \u043a\u0430\u0440\u043c\u0430\u043d\u044b, \u043a\u0443\u043b\u0438\u0441\u043a\u0430 \u043d\u0430 \u0442\u0430\u043b\u0438\u0438 \u0438 \u0440\u0443\u043a\u0430\u0432\u0430\u0445.     Garums 100cm. Ir iesp\u0113jams noform\u0113t l\u012bzingu caur Lateko l\u012bzings. Esiet laipni gaid\u012bti m\u016bsu showroom\u0101.  Mums ir ko Jums pied\u0101v\u0101t!Fur-25\" \/>\n<meta name=\"robots\" content=\"index, follow, max-snippet:-1, max-image-preview:large, max-video-preview:-1\" \/>\n<link rel=\"canonical\" href=\"https:\/\/www.meha.lv\/shop\/udeladu-kazoks-2019-2\/\" \/>\n<meta property=\"og:locale\" content=\"lt_LT\" \/>\n<meta property=\"og:type\" content=\"article\" \/>\n<meta property=\"og:title\" content=\"(\u0420\u0443\u0441\u0441\u043a\u0438\u0439) \u041d\u043e\u0440\u043a\u043e\u0432\u0430\u044f \u0448\u0443\u0431\u0430 2018 | (\u0420\u0443\u0441\u0441\u043a\u0438\u0439) \u0428\u0443\u0431\u044b \u0438 \u0448\u0430\u043f\u043a\u0438 \u0432 \u041b\u0430\u0442\u0432\u0438\u0438 \u0432 \u0420\u0438\u0433\u0435\" \/>\n<meta property=\"og:description\" content=\"\u0414\u043b\u0438\u043d\u0430 100 \u0441\u043c. \u0420\u0430\u0437\u043d\u044b\u0435 \u0440\u0430\u0437\u043c\u0435\u0440\u044b \u0432 \u043d\u0430\u043b\u0438\u0447\u0438\u0438, \u0432 \u0442\u043e\u043c \u0447\u0438\u0441\u043b\u0435 \u0438 \u0431\u043e\u043b\u044c\u0448\u0438\u0435. \u0412 \u0448\u0443\u0431\u043a\u0430\u0445 \u0435\u0441\u0442\u044c \u0432\u043e\u0437\u043c\u043e\u0436\u043d\u043e\u0441\u0442\u044c \u043e\u0442\u0441\u0442\u0435\u043d\u0443\u0442\u044c \u0434\u043b\u0438\u043d\u0443 \u0440\u0443\u043a\u0430\u0432\u0430 \u0434\u043e 7\/8. \u0412\u043e\u0440\u043e\u0442\u043d\u0438\u043a \u0448\u0430\u043d\u0435\u043b\u044c. \u041c\u044f\u0433\u043a\u0438\u0435 \u0448\u043a\u0443\u0440\u043a\u0438, \u0433\u0443\u0441\u0442\u043e\u0439, \u043f\u0440\u0438\u044f\u0442\u043d\u044b\u0439 \u043d\u0430 \u043e\u0449\u0443\u043f\u044c \u043c\u0435\u0445, \u0431\u043e\u0434\u0440\u0435\u043d\u044c\u043a\u0438\u0439 \u0432\u043e\u0440\u0441. \u041f\u043e\u0434\u043a\u043b\u0430\u0434\u043a\u0430 \u043e\u0442\u043a\u0440\u044b\u0442\u0430, \u0438\u043c\u0435\u044e\u0442\u0441\u044f \u043a\u0430\u0440\u043c\u0430\u043d\u044b, \u043a\u0443\u043b\u0438\u0441\u043a\u0430 \u043d\u0430 \u0442\u0430\u043b\u0438\u0438 \u0438 \u0440\u0443\u043a\u0430\u0432\u0430\u0445.     Garums 100cm. Ir iesp\u0113jams noform\u0113t l\u012bzingu caur Lateko l\u012bzings. Esiet laipni gaid\u012bti m\u016bsu showroom\u0101.  Mums ir ko Jums pied\u0101v\u0101t!Fur-25\" \/>\n<meta property=\"og:url\" content=\"https:\/\/www.meha.lv\/shop\/udeladu-kazoks-2019-2\/\" \/>\n<meta property=\"og:site_name\" content=\"(\u0420\u0443\u0441\u0441\u043a\u0438\u0439) \u0428\u0443\u0431\u044b \u0438 \u0448\u0430\u043f\u043a\u0438 \u0432 \u041b\u0430\u0442\u0432\u0438\u0438 \u0432 \u0420\u0438\u0433\u0435\" \/>\n<meta property=\"article:modified_time\" content=\"2022-10-04T09:48:56+00:00\" \/>\n<meta property=\"og:image\" content=\"https:\/\/www.meha.lv\/wp-content\/uploads\/2018\/11\/IMG_8531.jpg\" \/>\n\t<meta property=\"og:image:width\" content=\"1366\" \/>\n\t<meta property=\"og:image:height\" content=\"2048\" \/>\n\t<meta property=\"og:image:type\" content=\"image\/jpeg\" \/>\n<meta name=\"twitter:card\" content=\"summary_large_image\" \/>\n<script type=\"application\/ld+json\" class=\"yoast-schema-graph\">{\"@context\":\"https:\/\/schema.org\",\"@graph\":[{\"@type\":\"WebPage\",\"@id\":\"https:\/\/www.meha.lv\/shop\/udeladu-kazoks-2019-2\/\",\"url\":\"https:\/\/www.meha.lv\/shop\/udeladu-kazoks-2019-2\/\",\"name\":\"(\u0420\u0443\u0441\u0441\u043a\u0438\u0439) \u041d\u043e\u0440\u043a\u043e\u0432\u0430\u044f \u0448\u0443\u0431\u0430 2018 | (\u0420\u0443\u0441\u0441\u043a\u0438\u0439) \u0428\u0443\u0431\u044b \u0438 \u0448\u0430\u043f\u043a\u0438 \u0432 \u041b\u0430\u0442\u0432\u0438\u0438 \u0432 \u0420\u0438\u0433\u0435\",\"isPartOf\":{\"@id\":\"https:\/\/www.meha.lv\/#website\"},\"primaryImageOfPage\":{\"@id\":\"https:\/\/www.meha.lv\/shop\/udeladu-kazoks-2019-2\/#primaryimage\"},\"image\":{\"@id\":\"https:\/\/www.meha.lv\/shop\/udeladu-kazoks-2019-2\/#primaryimage\"},\"thumbnailUrl\":\"https:\/\/www.meha.lv\/wp-content\/uploads\/2018\/11\/IMG_8531.jpg\",\"datePublished\":\"2018-11-22T13:04:22+00:00\",\"dateModified\":\"2022-10-04T09:48:56+00:00\",\"description\":\"\u0414\u043b\u0438\u043d\u0430 100 \u0441\u043c. \u0420\u0430\u0437\u043d\u044b\u0435 \u0440\u0430\u0437\u043c\u0435\u0440\u044b \u0432 \u043d\u0430\u043b\u0438\u0447\u0438\u0438, \u0432 \u0442\u043e\u043c \u0447\u0438\u0441\u043b\u0435 \u0438 \u0431\u043e\u043b\u044c\u0448\u0438\u0435. \u0412 \u0448\u0443\u0431\u043a\u0430\u0445 \u0435\u0441\u0442\u044c \u0432\u043e\u0437\u043c\u043e\u0436\u043d\u043e\u0441\u0442\u044c \u043e\u0442\u0441\u0442\u0435\u043d\u0443\u0442\u044c \u0434\u043b\u0438\u043d\u0443 \u0440\u0443\u043a\u0430\u0432\u0430 \u0434\u043e 7\/8. \u0412\u043e\u0440\u043e\u0442\u043d\u0438\u043a \u0448\u0430\u043d\u0435\u043b\u044c. \u041c\u044f\u0433\u043a\u0438\u0435 \u0448\u043a\u0443\u0440\u043a\u0438, \u0433\u0443\u0441\u0442\u043e\u0439, \u043f\u0440\u0438\u044f\u0442\u043d\u044b\u0439 \u043d\u0430 \u043e\u0449\u0443\u043f\u044c \u043c\u0435\u0445, \u0431\u043e\u0434\u0440\u0435\u043d\u044c\u043a\u0438\u0439 \u0432\u043e\u0440\u0441. \u041f\u043e\u0434\u043a\u043b\u0430\u0434\u043a\u0430 \u043e\u0442\u043a\u0440\u044b\u0442\u0430, \u0438\u043c\u0435\u044e\u0442\u0441\u044f \u043a\u0430\u0440\u043c\u0430\u043d\u044b, \u043a\u0443\u043b\u0438\u0441\u043a\u0430 \u043d\u0430 \u0442\u0430\u043b\u0438\u0438 \u0438 \u0440\u0443\u043a\u0430\u0432\u0430\u0445. Garums 100cm. Ir iesp\u0113jams noform\u0113t l\u012bzingu caur Lateko l\u012bzings. Esiet laipni gaid\u012bti m\u016bsu showroom\u0101. Mums ir ko Jums pied\u0101v\u0101t!Fur-25\",\"breadcrumb\":{\"@id\":\"https:\/\/www.meha.lv\/shop\/udeladu-kazoks-2019-2\/#breadcrumb\"},\"inLanguage\":\"lt-LT\",\"potentialAction\":[{\"@type\":\"ReadAction\",\"target\":[\"https:\/\/www.meha.lv\/shop\/udeladu-kazoks-2019-2\/\"]}]},{\"@type\":\"ImageObject\",\"inLanguage\":\"lt-LT\",\"@id\":\"https:\/\/www.meha.lv\/shop\/udeladu-kazoks-2019-2\/#primaryimage\",\"url\":\"https:\/\/www.meha.lv\/wp-content\/uploads\/2018\/11\/IMG_8531.jpg\",\"contentUrl\":\"https:\/\/www.meha.lv\/wp-content\/uploads\/2018\/11\/IMG_8531.jpg\",\"width\":1366,\"height\":2048},{\"@type\":\"BreadcrumbList\",\"@id\":\"https:\/\/www.meha.lv\/shop\/udeladu-kazoks-2019-2\/#breadcrumb\",\"itemListElement\":[{\"@type\":\"ListItem\",\"position\":1,\"name\":\"Galvena\",\"item\":\"https:\/\/www.meha.lv\/\"},{\"@type\":\"ListItem\",\"position\":2,\"name\":\"Ka\u017eoku interneta veikals\",\"item\":\"https:\/\/www.meha.lv\/internet-magazin-sgub-i-mehovih-izdelis\/\"},{\"@type\":\"ListItem\",\"position\":3,\"name\":\"\u0422\u043e\u043b\u044c\u043a\u043e \u043d\u0430 \u0437\u0430\u043a\u0430\u0437\",\"item\":\"https:\/\/www.meha.lv\/product-category\/shuby-na-zakas\/\"},{\"@type\":\"ListItem\",\"position\":4,\"name\":\"\u041d\u043e\u0440\u043a\u043e\u0432\u0430\u044f \u0448\u0443\u0431\u0430 2018\"}]},{\"@type\":\"WebSite\",\"@id\":\"https:\/\/www.meha.lv\/#website\",\"url\":\"https:\/\/www.meha.lv\/\",\"name\":\"(\u0420\u0443\u0441\u0441\u043a\u0438\u0439) \u0428\u0443\u0431\u044b \u0438 \u0448\u0430\u043f\u043a\u0438 \u0432 \u041b\u0430\u0442\u0432\u0438\u0438 \u0432 \u0420\u0438\u0433\u0435\",\"description\":\"(\u0420\u0443\u0441\u0441\u043a\u0438\u0439) \u041c\u0430\u0433\u0430\u0437\u0438\u043d \u0448\u0443\u0431 \u0438 \u0448\u0430\u043f\u043e\u043a \u0438\u0437 \u043d\u043e\u0440\u043a\u0438, \u0431\u043e\u0431\u0440\u0430, \u043a\u0443\u043d\u0438\u0446\u044b, \u043b\u0438\u0441\u044b,\u043a\u0430\u0440\u0430\u043a\u0443\u043b\u044c\u0447\u0438, \u043b\u0430\u043c\u044b, \u0448\u0438\u043d\u0448\u0438\u043b\u043b\u044b, \u043f\u043e\u043d\u0438 \u0438 \u0447\u0435\u0440\u043d\u043e\u0431\u0443\u0440\u043a\u0438.\",\"publisher\":{\"@id\":\"https:\/\/www.meha.lv\/#organization\"},\"potentialAction\":[{\"@type\":\"SearchAction\",\"target\":{\"@type\":\"EntryPoint\",\"urlTemplate\":\"https:\/\/www.meha.lv\/?s={search_term_string}\"},\"query-input\":{\"@type\":\"PropertyValueSpecification\",\"valueRequired\":true,\"valueName\":\"search_term_string\"}}],\"inLanguage\":\"lt-LT\"},{\"@type\":\"Organization\",\"@id\":\"https:\/\/www.meha.lv\/#organization\",\"name\":\"Ik \\\"Holidays group\\\"\",\"url\":\"https:\/\/www.meha.lv\/\",\"logo\":{\"@type\":\"ImageObject\",\"inLanguage\":\"lt-LT\",\"@id\":\"https:\/\/www.meha.lv\/#\/schema\/logo\/image\/\",\"url\":\"https:\/\/www.meha.lv\/wp-content\/uploads\/2018\/12\/DSC_4476.jpg\",\"contentUrl\":\"https:\/\/www.meha.lv\/wp-content\/uploads\/2018\/12\/DSC_4476.jpg\",\"width\":2048,\"height\":1363,\"caption\":\"Ik \\\"Holidays group\\\"\"},\"image\":{\"@id\":\"https:\/\/www.meha.lv\/#\/schema\/logo\/image\/\"}}]}<\/script>\n<!-- \/ Yoast SEO plugin. -->","yoast_head_json":{"title":"(\u0420\u0443\u0441\u0441\u043a\u0438\u0439) \u041d\u043e\u0440\u043a\u043e\u0432\u0430\u044f \u0448\u0443\u0431\u0430 2018 | (\u0420\u0443\u0441\u0441\u043a\u0438\u0439) \u0428\u0443\u0431\u044b \u0438 \u0448\u0430\u043f\u043a\u0438 \u0432 \u041b\u0430\u0442\u0432\u0438\u0438 \u0432 \u0420\u0438\u0433\u0435","description":"\u0414\u043b\u0438\u043d\u0430 100 \u0441\u043c. \u0420\u0430\u0437\u043d\u044b\u0435 \u0440\u0430\u0437\u043c\u0435\u0440\u044b \u0432 \u043d\u0430\u043b\u0438\u0447\u0438\u0438, \u0432 \u0442\u043e\u043c \u0447\u0438\u0441\u043b\u0435 \u0438 \u0431\u043e\u043b\u044c\u0448\u0438\u0435. \u0412 \u0448\u0443\u0431\u043a\u0430\u0445 \u0435\u0441\u0442\u044c \u0432\u043e\u0437\u043c\u043e\u0436\u043d\u043e\u0441\u0442\u044c \u043e\u0442\u0441\u0442\u0435\u043d\u0443\u0442\u044c \u0434\u043b\u0438\u043d\u0443 \u0440\u0443\u043a\u0430\u0432\u0430 \u0434\u043e 7\/8. \u0412\u043e\u0440\u043e\u0442\u043d\u0438\u043a \u0448\u0430\u043d\u0435\u043b\u044c. \u041c\u044f\u0433\u043a\u0438\u0435 \u0448\u043a\u0443\u0440\u043a\u0438, \u0433\u0443\u0441\u0442\u043e\u0439, \u043f\u0440\u0438\u044f\u0442\u043d\u044b\u0439 \u043d\u0430 \u043e\u0449\u0443\u043f\u044c \u043c\u0435\u0445, \u0431\u043e\u0434\u0440\u0435\u043d\u044c\u043a\u0438\u0439 \u0432\u043e\u0440\u0441. \u041f\u043e\u0434\u043a\u043b\u0430\u0434\u043a\u0430 \u043e\u0442\u043a\u0440\u044b\u0442\u0430, \u0438\u043c\u0435\u044e\u0442\u0441\u044f \u043a\u0430\u0440\u043c\u0430\u043d\u044b, \u043a\u0443\u043b\u0438\u0441\u043a\u0430 \u043d\u0430 \u0442\u0430\u043b\u0438\u0438 \u0438 \u0440\u0443\u043a\u0430\u0432\u0430\u0445.     Garums 100cm. Ir iesp\u0113jams noform\u0113t l\u012bzingu caur Lateko l\u012bzings. Esiet laipni gaid\u012bti m\u016bsu showroom\u0101.  Mums ir ko Jums pied\u0101v\u0101t!Fur-25","robots":{"index":"index","follow":"follow","max-snippet":"max-snippet:-1","max-image-preview":"max-image-preview:large","max-video-preview":"max-video-preview:-1"},"canonical":"https:\/\/www.meha.lv\/shop\/udeladu-kazoks-2019-2\/","og_locale":"lt_LT","og_type":"article","og_title":"(\u0420\u0443\u0441\u0441\u043a\u0438\u0439) \u041d\u043e\u0440\u043a\u043e\u0432\u0430\u044f \u0448\u0443\u0431\u0430 2018 | (\u0420\u0443\u0441\u0441\u043a\u0438\u0439) \u0428\u0443\u0431\u044b \u0438 \u0448\u0430\u043f\u043a\u0438 \u0432 \u041b\u0430\u0442\u0432\u0438\u0438 \u0432 \u0420\u0438\u0433\u0435","og_description":"\u0414\u043b\u0438\u043d\u0430 100 \u0441\u043c. \u0420\u0430\u0437\u043d\u044b\u0435 \u0440\u0430\u0437\u043c\u0435\u0440\u044b \u0432 \u043d\u0430\u043b\u0438\u0447\u0438\u0438, \u0432 \u0442\u043e\u043c \u0447\u0438\u0441\u043b\u0435 \u0438 \u0431\u043e\u043b\u044c\u0448\u0438\u0435. \u0412 \u0448\u0443\u0431\u043a\u0430\u0445 \u0435\u0441\u0442\u044c \u0432\u043e\u0437\u043c\u043e\u0436\u043d\u043e\u0441\u0442\u044c \u043e\u0442\u0441\u0442\u0435\u043d\u0443\u0442\u044c \u0434\u043b\u0438\u043d\u0443 \u0440\u0443\u043a\u0430\u0432\u0430 \u0434\u043e 7\/8. \u0412\u043e\u0440\u043e\u0442\u043d\u0438\u043a \u0448\u0430\u043d\u0435\u043b\u044c. \u041c\u044f\u0433\u043a\u0438\u0435 \u0448\u043a\u0443\u0440\u043a\u0438, \u0433\u0443\u0441\u0442\u043e\u0439, \u043f\u0440\u0438\u044f\u0442\u043d\u044b\u0439 \u043d\u0430 \u043e\u0449\u0443\u043f\u044c \u043c\u0435\u0445, \u0431\u043e\u0434\u0440\u0435\u043d\u044c\u043a\u0438\u0439 \u0432\u043e\u0440\u0441. \u041f\u043e\u0434\u043a\u043b\u0430\u0434\u043a\u0430 \u043e\u0442\u043a\u0440\u044b\u0442\u0430, \u0438\u043c\u0435\u044e\u0442\u0441\u044f \u043a\u0430\u0440\u043c\u0430\u043d\u044b, \u043a\u0443\u043b\u0438\u0441\u043a\u0430 \u043d\u0430 \u0442\u0430\u043b\u0438\u0438 \u0438 \u0440\u0443\u043a\u0430\u0432\u0430\u0445.     Garums 100cm. Ir iesp\u0113jams noform\u0113t l\u012bzingu caur Lateko l\u012bzings. Esiet laipni gaid\u012bti m\u016bsu showroom\u0101.  Mums ir ko Jums pied\u0101v\u0101t!Fur-25","og_url":"https:\/\/www.meha.lv\/shop\/udeladu-kazoks-2019-2\/","og_site_name":"(\u0420\u0443\u0441\u0441\u043a\u0438\u0439) \u0428\u0443\u0431\u044b \u0438 \u0448\u0430\u043f\u043a\u0438 \u0432 \u041b\u0430\u0442\u0432\u0438\u0438 \u0432 \u0420\u0438\u0433\u0435","article_modified_time":"2022-10-04T09:48:56+00:00","og_image":[{"width":1366,"height":2048,"url":"https:\/\/www.meha.lv\/wp-content\/uploads\/2018\/11\/IMG_8531.jpg","type":"image\/jpeg"}],"twitter_card":"summary_large_image","schema":{"@context":"https:\/\/schema.org","@graph":[{"@type":"WebPage","@id":"https:\/\/www.meha.lv\/shop\/udeladu-kazoks-2019-2\/","url":"https:\/\/www.meha.lv\/shop\/udeladu-kazoks-2019-2\/","name":"(\u0420\u0443\u0441\u0441\u043a\u0438\u0439) \u041d\u043e\u0440\u043a\u043e\u0432\u0430\u044f \u0448\u0443\u0431\u0430 2018 | (\u0420\u0443\u0441\u0441\u043a\u0438\u0439) \u0428\u0443\u0431\u044b \u0438 \u0448\u0430\u043f\u043a\u0438 \u0432 \u041b\u0430\u0442\u0432\u0438\u0438 \u0432 \u0420\u0438\u0433\u0435","isPartOf":{"@id":"https:\/\/www.meha.lv\/#website"},"primaryImageOfPage":{"@id":"https:\/\/www.meha.lv\/shop\/udeladu-kazoks-2019-2\/#primaryimage"},"image":{"@id":"https:\/\/www.meha.lv\/shop\/udeladu-kazoks-2019-2\/#primaryimage"},"thumbnailUrl":"https:\/\/www.meha.lv\/wp-content\/uploads\/2018\/11\/IMG_8531.jpg","datePublished":"2018-11-22T13:04:22+00:00","dateModified":"2022-10-04T09:48:56+00:00","description":"\u0414\u043b\u0438\u043d\u0430 100 \u0441\u043c. \u0420\u0430\u0437\u043d\u044b\u0435 \u0440\u0430\u0437\u043c\u0435\u0440\u044b \u0432 \u043d\u0430\u043b\u0438\u0447\u0438\u0438, \u0432 \u0442\u043e\u043c \u0447\u0438\u0441\u043b\u0435 \u0438 \u0431\u043e\u043b\u044c\u0448\u0438\u0435. \u0412 \u0448\u0443\u0431\u043a\u0430\u0445 \u0435\u0441\u0442\u044c \u0432\u043e\u0437\u043c\u043e\u0436\u043d\u043e\u0441\u0442\u044c \u043e\u0442\u0441\u0442\u0435\u043d\u0443\u0442\u044c \u0434\u043b\u0438\u043d\u0443 \u0440\u0443\u043a\u0430\u0432\u0430 \u0434\u043e 7\/8. \u0412\u043e\u0440\u043e\u0442\u043d\u0438\u043a \u0448\u0430\u043d\u0435\u043b\u044c. \u041c\u044f\u0433\u043a\u0438\u0435 \u0448\u043a\u0443\u0440\u043a\u0438, \u0433\u0443\u0441\u0442\u043e\u0439, \u043f\u0440\u0438\u044f\u0442\u043d\u044b\u0439 \u043d\u0430 \u043e\u0449\u0443\u043f\u044c \u043c\u0435\u0445, \u0431\u043e\u0434\u0440\u0435\u043d\u044c\u043a\u0438\u0439 \u0432\u043e\u0440\u0441. \u041f\u043e\u0434\u043a\u043b\u0430\u0434\u043a\u0430 \u043e\u0442\u043a\u0440\u044b\u0442\u0430, \u0438\u043c\u0435\u044e\u0442\u0441\u044f \u043a\u0430\u0440\u043c\u0430\u043d\u044b, \u043a\u0443\u043b\u0438\u0441\u043a\u0430 \u043d\u0430 \u0442\u0430\u043b\u0438\u0438 \u0438 \u0440\u0443\u043a\u0430\u0432\u0430\u0445. Garums 100cm. Ir iesp\u0113jams noform\u0113t l\u012bzingu caur Lateko l\u012bzings. Esiet laipni gaid\u012bti m\u016bsu showroom\u0101. Mums ir ko Jums pied\u0101v\u0101t!Fur-25","breadcrumb":{"@id":"https:\/\/www.meha.lv\/shop\/udeladu-kazoks-2019-2\/#breadcrumb"},"inLanguage":"lt-LT","potentialAction":[{"@type":"ReadAction","target":["https:\/\/www.meha.lv\/shop\/udeladu-kazoks-2019-2\/"]}]},{"@type":"ImageObject","inLanguage":"lt-LT","@id":"https:\/\/www.meha.lv\/shop\/udeladu-kazoks-2019-2\/#primaryimage","url":"https:\/\/www.meha.lv\/wp-content\/uploads\/2018\/11\/IMG_8531.jpg","contentUrl":"https:\/\/www.meha.lv\/wp-content\/uploads\/2018\/11\/IMG_8531.jpg","width":1366,"height":2048},{"@type":"BreadcrumbList","@id":"https:\/\/www.meha.lv\/shop\/udeladu-kazoks-2019-2\/#breadcrumb","itemListElement":[{"@type":"ListItem","position":1,"name":"Galvena","item":"https:\/\/www.meha.lv\/"},{"@type":"ListItem","position":2,"name":"Ka\u017eoku interneta veikals","item":"https:\/\/www.meha.lv\/internet-magazin-sgub-i-mehovih-izdelis\/"},{"@type":"ListItem","position":3,"name":"\u0422\u043e\u043b\u044c\u043a\u043e \u043d\u0430 \u0437\u0430\u043a\u0430\u0437","item":"https:\/\/www.meha.lv\/product-category\/shuby-na-zakas\/"},{"@type":"ListItem","position":4,"name":"\u041d\u043e\u0440\u043a\u043e\u0432\u0430\u044f \u0448\u0443\u0431\u0430 2018"}]},{"@type":"WebSite","@id":"https:\/\/www.meha.lv\/#website","url":"https:\/\/www.meha.lv\/","name":"(\u0420\u0443\u0441\u0441\u043a\u0438\u0439) \u0428\u0443\u0431\u044b \u0438 \u0448\u0430\u043f\u043a\u0438 \u0432 \u041b\u0430\u0442\u0432\u0438\u0438 \u0432 \u0420\u0438\u0433\u0435","description":"(\u0420\u0443\u0441\u0441\u043a\u0438\u0439) \u041c\u0430\u0433\u0430\u0437\u0438\u043d \u0448\u0443\u0431 \u0438 \u0448\u0430\u043f\u043e\u043a \u0438\u0437 \u043d\u043e\u0440\u043a\u0438, \u0431\u043e\u0431\u0440\u0430, \u043a\u0443\u043d\u0438\u0446\u044b, \u043b\u0438\u0441\u044b,\u043a\u0430\u0440\u0430\u043a\u0443\u043b\u044c\u0447\u0438, \u043b\u0430\u043c\u044b, \u0448\u0438\u043d\u0448\u0438\u043b\u043b\u044b, \u043f\u043e\u043d\u0438 \u0438 \u0447\u0435\u0440\u043d\u043e\u0431\u0443\u0440\u043a\u0438.","publisher":{"@id":"https:\/\/www.meha.lv\/#organization"},"potentialAction":[{"@type":"SearchAction","target":{"@type":"EntryPoint","urlTemplate":"https:\/\/www.meha.lv\/?s={search_term_string}"},"query-input":{"@type":"PropertyValueSpecification","valueRequired":true,"valueName":"search_term_string"}}],"inLanguage":"lt-LT"},{"@type":"Organization","@id":"https:\/\/www.meha.lv\/#organization","name":"Ik \"Holidays group\"","url":"https:\/\/www.meha.lv\/","logo":{"@type":"ImageObject","inLanguage":"lt-LT","@id":"https:\/\/www.meha.lv\/#\/schema\/logo\/image\/","url":"https:\/\/www.meha.lv\/wp-content\/uploads\/2018\/12\/DSC_4476.jpg","contentUrl":"https:\/\/www.meha.lv\/wp-content\/uploads\/2018\/12\/DSC_4476.jpg","width":2048,"height":1363,"caption":"Ik \"Holidays group\""},"image":{"@id":"https:\/\/www.meha.lv\/#\/schema\/logo\/image\/"}}]}},"_links":{"self":[{"href":"https:\/\/www.meha.lv\/lt\/wp-json\/wp\/v2\/product\/1553","targetHints":{"allow":["GET"]}}],"collection":[{"href":"https:\/\/www.meha.lv\/lt\/wp-json\/wp\/v2\/product"}],"about":[{"href":"https:\/\/www.meha.lv\/lt\/wp-json\/wp\/v2\/types\/product"}],"replies":[{"embeddable":true,"href":"https:\/\/www.meha.lv\/lt\/wp-json\/wp\/v2\/comments?post=1553"}],"wp:featuredmedia":[{"embeddable":true,"href":"https:\/\/www.meha.lv\/lt\/wp-json\/wp\/v2\/media\/1540"}],"wp:attachment":[{"href":"https:\/\/www.meha.lv\/lt\/wp-json\/wp\/v2\/media?parent=1553"}],"wp:term":[{"taxonomy":"product_brand","embeddable":true,"href":"https:\/\/www.meha.lv\/lt\/wp-json\/wp\/v2\/product_brand?post=1553"},{"taxonomy":"product_cat","embeddable":true,"href":"https:\/\/www.meha.lv\/lt\/wp-json\/wp\/v2\/product_cat?post=1553"},{"taxonomy":"product_tag","embeddable":true,"href":"https:\/\/www.meha.lv\/lt\/wp-json\/wp\/v2\/product_tag?post=1553"}],"curies":[{"name":"wp","href":"https:\/\/api.w.org\/{rel}","templated":true}]}}