{"id":6163,"date":"2025-12-15T13:13:03","date_gmt":"2025-12-15T10:13:03","guid":{"rendered":"https:\/\/www.meha.lv\/?post_type=product&#038;p=6163"},"modified":"2026-04-13T18:11:29","modified_gmt":"2026-04-13T15:11:29","slug":"zheenskijj-puhovik-na-mehu","status":"publish","type":"product","link":"https:\/\/www.meha.lv\/et\/shop\/zheenskijj-puhovik-na-mehu\/","title":{"rendered":"Naiste talveparka naturaalse rebasenahaga \u2013 valge udusulgedega jope kapuutsi ja v\u00f6\u00f6ga"},"content":{"rendered":"<p><\/p>\n<p>Stiilne naiste talveparka 2025. aastaks \u00fchendab luksusliku naturaalse rebasenaha ja praktilise soojuse. Valge v\u00e4rv annab puhta ja elegantse v\u00e4limuse.<\/p>\n<p>Jope on t\u00e4idetud kvaliteetse pardisulega, mis hoiab h\u00e4sti soojust. Kapuuts ja reguleeritav v\u00f6\u00f6 tagavad mugava istuvuse ning r\u00f5hutavad figuuri. Veekindel kangas kaitseb lume ja niiskuse eest.<\/p>\n<p>*Eelised:*<\/p>\n<p>* Naturaalne rebasenahk<br \/>\n* Pardisule t\u00e4idis<br \/>\n* Kapuuts ja v\u00f6\u00f6<br \/>\n* Veekindel ja tuulekindel<br \/>\n* Talv 2025<\/p>\n<p>&nbsp;<\/p>\n<p>","protected":false},"excerpt":{"rendered":"<p>Stiilne naiste talveparka 2025. aastaks \u00fchendab luksusliku naturaalse rebasenaha ja praktilise soojuse. Valge v\u00e4rv annab puhta ja elegantse v\u00e4limuse. Jope on t\u00e4idetud kvaliteetse pardisulega, mis hoiab h\u00e4sti soojust. Kapuuts ja reguleeritav v\u00f6\u00f6 tagavad mugava istuvuse ning r\u00f5hutavad figuuri. Veekindel kangas kaitseb lume ja niiskuse eest. *Eelised:* * Naturaalne rebasenahk * Pardisule t\u00e4idis * Kapuuts ja [&hellip;]<\/p>\n","protected":false},"featured_media":6165,"comment_status":"open","ping_status":"closed","template":"","meta":[],"product_brand":[],"product_cat":[95,96,87,16],"product_tag":[],"class_list":{"0":"post-6163","1":"product","2":"type-product","3":"status-publish","4":"has-post-thumbnail","6":"product_cat-kurtki-i-parki-s-mehom","7":"product_cat-xhenskie-parki-s-mehom","8":"product_cat-zhenskie-zimnie-kurtki","9":"product_cat-izdelija-iz-lisy","11":"first","12":"instock","13":"sale","14":"taxable","15":"shipping-taxable","16":"purchasable","17":"product-type-simple"},"yoast_head":"<!-- This site is optimized with the Yoast SEO plugin v26.5 - https:\/\/yoast.com\/wordpress\/plugins\/seo\/ -->\n<title>Naiste talveparka naturaalse rebasenahaga \u2013 valge udusulgedega jope kapuutsi ja v\u00f6\u00f6ga | (\u0420\u0443\u0441\u0441\u043a\u0438\u0439) \u0428\u0443\u0431\u044b \u0438 \u0448\u0430\u043f\u043a\u0438 \u0432 \u041b\u0430\u0442\u0432\u0438\u0438 \u0432 \u0420\u0438\u0433\u0435<\/title>\n<meta name=\"description\" content=\"This women\u2019s winter parka for 2025 combines luxury and functionality. Designed in a refined white color, it features a thick natural fox fur collar that Soe ja elegantne naiste talveparka 2025 naturaalse rebasenaha kraega. Udusule t\u00e4idis, kapuuts, v\u00f6\u00f6 ja veekindel materjal \u2013 ideaalne k\u00fclmaks talveks.\" \/>\n<meta name=\"robots\" content=\"index, follow, max-snippet:-1, max-image-preview:large, max-video-preview:-1\" \/>\n<link rel=\"canonical\" href=\"https:\/\/www.meha.lv\/shop\/zheenskijj-puhovik-na-mehu\/\" \/>\n<meta property=\"og:locale\" content=\"et_EE\" \/>\n<meta property=\"og:type\" content=\"article\" \/>\n<meta property=\"og:title\" content=\"Naiste talveparka naturaalse rebasenahaga \u2013 valge udusulgedega jope kapuutsi ja v\u00f6\u00f6ga | (\u0420\u0443\u0441\u0441\u043a\u0438\u0439) \u0428\u0443\u0431\u044b \u0438 \u0448\u0430\u043f\u043a\u0438 \u0432 \u041b\u0430\u0442\u0432\u0438\u0438 \u0432 \u0420\u0438\u0433\u0435\" \/>\n<meta property=\"og:description\" content=\"This women\u2019s winter parka for 2025 combines luxury and functionality. Designed in a refined white color, it features a thick natural fox fur collar that [:en]Stylish women\u2019s winter parka 2025 with natural fox fur collar, duck down filling, hood and belt. Waterproof, warm and elegant white down jacket for cold winter days.[:et]Soe ja elegantne naiste talveparka 2025 naturaalse rebasenaha kraega. Udusule t\u00e4idis, kapuuts, v\u00f6\u00f6 ja veekindel materjal \u2013 ideaalne k\u00fclmaks talveks.[:lt]Eleganti\u0161ka moteri\u0161ka \u017eiemin\u0117 parka 2025 su nat\u016braliu lap\u0117s kailiu, an\u010di\u0173 p\u016bk\u0173 u\u017epildu, gobtuvu ir dir\u017eu. Atspari vandeniui, \u0161ilta ir stilinga.[:LV]Eleganta sievie\u0161u ziemas parka 2025 ar dab\u012bgu lapsas ka\u017eok\u0101das apkakli, p\u012b\u013cu d\u016bnu pild\u012bjumu, kapuci un jostu. \u016adensiztur\u012bga un \u012bpa\u0161i silta.[:ru]\u0416\u0435\u043d\u0441\u043a\u0430\u044f \u0437\u0438\u043c\u043d\u044f\u044f \u043a\u0443\u0440\u0442\u043a\u0430-\u043f\u0443\u0445\u043e\u0432\u0438\u043a 2025 \u0441 \u043d\u0430\u0442\u0443\u0440\u0430\u043b\u044c\u043d\u044b\u043c \u043b\u0438\u0441\u044c\u0438\u043c \u043c\u0435\u0445\u043e\u043c. \u0422\u0451\u043f\u043b\u044b\u0439 \u0432\u043e\u0440\u043e\u0442\u043d\u0438\u043a, \u043a\u0430\u043f\u044e\u0448\u043e\u043d, \u043f\u043e\u044f\u0441, \u0432\u043e\u0434\u043e\u043d\u0435\u043f\u0440\u043e\u043d\u0438\u0446\u0430\u0435\u043c\u0430\u044f \u0442\u043a\u0430\u043d\u044c \u0438 \u0443\u0442\u0438\u043d\u044b\u0439 \u043f\u0443\u0445. \u042d\u043b\u0435\u0433\u0430\u043d\u0442\u043d\u0430\u044f \u0438 \u0442\u0451\u043f\u043b\u0430\u044f \u043f\u0430\u0440\u043a\u0430 \u043d\u0430 \u0437\u0438\u043c\u0443.\" \/>\n<meta property=\"og:url\" content=\"https:\/\/www.meha.lv\/shop\/zheenskijj-puhovik-na-mehu\/\" \/>\n<meta property=\"og:site_name\" content=\"(\u0420\u0443\u0441\u0441\u043a\u0438\u0439) \u0428\u0443\u0431\u044b \u0438 \u0448\u0430\u043f\u043a\u0438 \u0432 \u041b\u0430\u0442\u0432\u0438\u0438 \u0432 \u0420\u0438\u0433\u0435\" \/>\n<meta property=\"article:modified_time\" content=\"2026-04-13T15:11:29+00:00\" \/>\n<meta property=\"og:image\" content=\"https:\/\/www.meha.lv\/wp-content\/uploads\/2025\/12\/\u0418\u0437\u043e\u0431\u0440\u0430\u0436\u0435\u043d\u0438\u0435-WhatsApp-2025-12-15-\u0432-12.16.24_e1a785e9.jpg\" \/>\n\t<meta property=\"og:image:width\" content=\"750\" \/>\n\t<meta property=\"og:image:height\" content=\"1000\" \/>\n\t<meta property=\"og:image:type\" content=\"image\/jpeg\" \/>\n<meta name=\"twitter:card\" content=\"summary_large_image\" \/>\n<meta name=\"twitter:label1\" content=\"Est. reading time\" \/>\n\t<meta name=\"twitter:data1\" content=\"2 minutit\" \/>\n<script type=\"application\/ld+json\" class=\"yoast-schema-graph\">{\"@context\":\"https:\/\/schema.org\",\"@graph\":[{\"@type\":\"WebPage\",\"@id\":\"https:\/\/www.meha.lv\/shop\/zheenskijj-puhovik-na-mehu\/\",\"url\":\"https:\/\/www.meha.lv\/shop\/zheenskijj-puhovik-na-mehu\/\",\"name\":\"Naiste talveparka naturaalse rebasenahaga \u2013 valge udusulgedega jope kapuutsi ja v\u00f6\u00f6ga | (\u0420\u0443\u0441\u0441\u043a\u0438\u0439) \u0428\u0443\u0431\u044b \u0438 \u0448\u0430\u043f\u043a\u0438 \u0432 \u041b\u0430\u0442\u0432\u0438\u0438 \u0432 \u0420\u0438\u0433\u0435\",\"isPartOf\":{\"@id\":\"https:\/\/www.meha.lv\/#website\"},\"primaryImageOfPage\":{\"@id\":\"https:\/\/www.meha.lv\/shop\/zheenskijj-puhovik-na-mehu\/#primaryimage\"},\"image\":{\"@id\":\"https:\/\/www.meha.lv\/shop\/zheenskijj-puhovik-na-mehu\/#primaryimage\"},\"thumbnailUrl\":\"https:\/\/www.meha.lv\/wp-content\/uploads\/2025\/12\/\u0418\u0437\u043e\u0431\u0440\u0430\u0436\u0435\u043d\u0438\u0435-WhatsApp-2025-12-15-\u0432-12.16.24_e1a785e9.jpg\",\"datePublished\":\"2025-12-15T10:13:03+00:00\",\"dateModified\":\"2026-04-13T15:11:29+00:00\",\"description\":\"This women\u2019s winter parka for 2025 combines luxury and functionality. Designed in a refined white color, it features a thick natural fox fur collar that [:en]Stylish women\u2019s winter parka 2025 with natural fox fur collar, duck down filling, hood and belt. Waterproof, warm and elegant white down jacket for cold winter days.[:et]Soe ja elegantne naiste talveparka 2025 naturaalse rebasenaha kraega. Udusule t\u00e4idis, kapuuts, v\u00f6\u00f6 ja veekindel materjal \u2013 ideaalne k\u00fclmaks talveks.[:lt]Eleganti\u0161ka moteri\u0161ka \u017eiemin\u0117 parka 2025 su nat\u016braliu lap\u0117s kailiu, an\u010di\u0173 p\u016bk\u0173 u\u017epildu, gobtuvu ir dir\u017eu. Atspari vandeniui, \u0161ilta ir stilinga.[:LV]Eleganta sievie\u0161u ziemas parka 2025 ar dab\u012bgu lapsas ka\u017eok\u0101das apkakli, p\u012b\u013cu d\u016bnu pild\u012bjumu, kapuci un jostu. \u016adensiztur\u012bga un \u012bpa\u0161i silta.[:ru]\u0416\u0435\u043d\u0441\u043a\u0430\u044f \u0437\u0438\u043c\u043d\u044f\u044f \u043a\u0443\u0440\u0442\u043a\u0430-\u043f\u0443\u0445\u043e\u0432\u0438\u043a 2025 \u0441 \u043d\u0430\u0442\u0443\u0440\u0430\u043b\u044c\u043d\u044b\u043c \u043b\u0438\u0441\u044c\u0438\u043c \u043c\u0435\u0445\u043e\u043c. \u0422\u0451\u043f\u043b\u044b\u0439 \u0432\u043e\u0440\u043e\u0442\u043d\u0438\u043a, \u043a\u0430\u043f\u044e\u0448\u043e\u043d, \u043f\u043e\u044f\u0441, \u0432\u043e\u0434\u043e\u043d\u0435\u043f\u0440\u043e\u043d\u0438\u0446\u0430\u0435\u043c\u0430\u044f \u0442\u043a\u0430\u043d\u044c \u0438 \u0443\u0442\u0438\u043d\u044b\u0439 \u043f\u0443\u0445. \u042d\u043b\u0435\u0433\u0430\u043d\u0442\u043d\u0430\u044f \u0438 \u0442\u0451\u043f\u043b\u0430\u044f \u043f\u0430\u0440\u043a\u0430 \u043d\u0430 \u0437\u0438\u043c\u0443.\",\"breadcrumb\":{\"@id\":\"https:\/\/www.meha.lv\/shop\/zheenskijj-puhovik-na-mehu\/#breadcrumb\"},\"inLanguage\":\"et\",\"potentialAction\":[{\"@type\":\"ReadAction\",\"target\":[\"https:\/\/www.meha.lv\/shop\/zheenskijj-puhovik-na-mehu\/\"]}]},{\"@type\":\"ImageObject\",\"inLanguage\":\"et\",\"@id\":\"https:\/\/www.meha.lv\/shop\/zheenskijj-puhovik-na-mehu\/#primaryimage\",\"url\":\"https:\/\/www.meha.lv\/wp-content\/uploads\/2025\/12\/\u0418\u0437\u043e\u0431\u0440\u0430\u0436\u0435\u043d\u0438\u0435-WhatsApp-2025-12-15-\u0432-12.16.24_e1a785e9.jpg\",\"contentUrl\":\"https:\/\/www.meha.lv\/wp-content\/uploads\/2025\/12\/\u0418\u0437\u043e\u0431\u0440\u0430\u0436\u0435\u043d\u0438\u0435-WhatsApp-2025-12-15-\u0432-12.16.24_e1a785e9.jpg\",\"width\":750,\"height\":1000,\"caption\":\"\u043a\u0443\u043f\u0438\u0442\u044c \u043a\u0443\u0440\u0442\u043a\u0443 \u0441 \u043c\u0435\u0445\u043e\u043c \u0432 \u0420\u0438\u0433\u0435\"},{\"@type\":\"BreadcrumbList\",\"@id\":\"https:\/\/www.meha.lv\/shop\/zheenskijj-puhovik-na-mehu\/#breadcrumb\",\"itemListElement\":[{\"@type\":\"ListItem\",\"position\":1,\"name\":\"Galvena\",\"item\":\"https:\/\/www.meha.lv\/\"},{\"@type\":\"ListItem\",\"position\":2,\"name\":\"Ka\u017eoku interneta veikals\",\"item\":\"https:\/\/www.meha.lv\/internet-magazin-sgub-i-mehovih-izdelis\/\"},{\"@type\":\"ListItem\",\"position\":3,\"name\":\"[:en]Jackets and parkas with fur[:et]Karusnahast jakid ja parkad[:lt]Striuk\u0117s ir parkos su kailiu[:LV]Jakas un parkas ar ka\u017eok\u0101du[:ru]\u041a\u0443\u0440\u0442\u043a\u0438 \u0438 \u043f\u0430\u0440\u043a\u0438 \u0441 \u043c\u0435\u0445\u043e\u043c\",\"item\":\"https:\/\/www.meha.lv\/product-category\/kurtki-i-parki-s-mehom\/\"},{\"@type\":\"ListItem\",\"position\":4,\"name\":\"Sievie\u0161u ziemas parka ar dab\u012bgu lapsas ka\u017eok\u0101du \u2013 balta d\u016bnu jaka ar kapuci un jostu\"}]},{\"@type\":\"WebSite\",\"@id\":\"https:\/\/www.meha.lv\/#website\",\"url\":\"https:\/\/www.meha.lv\/\",\"name\":\"(\u0420\u0443\u0441\u0441\u043a\u0438\u0439) \u0428\u0443\u0431\u044b \u0438 \u0448\u0430\u043f\u043a\u0438 \u0432 \u041b\u0430\u0442\u0432\u0438\u0438 \u0432 \u0420\u0438\u0433\u0435\",\"description\":\"(\u0420\u0443\u0441\u0441\u043a\u0438\u0439) \u041c\u0430\u0433\u0430\u0437\u0438\u043d \u0448\u0443\u0431 \u0438 \u0448\u0430\u043f\u043e\u043a \u0438\u0437 \u043d\u043e\u0440\u043a\u0438, \u0431\u043e\u0431\u0440\u0430, \u043a\u0443\u043d\u0438\u0446\u044b, \u043b\u0438\u0441\u044b,\u043a\u0430\u0440\u0430\u043a\u0443\u043b\u044c\u0447\u0438, \u043b\u0430\u043c\u044b, \u0448\u0438\u043d\u0448\u0438\u043b\u043b\u044b, \u043f\u043e\u043d\u0438 \u0438 \u0447\u0435\u0440\u043d\u043e\u0431\u0443\u0440\u043a\u0438.\",\"publisher\":{\"@id\":\"https:\/\/www.meha.lv\/#organization\"},\"potentialAction\":[{\"@type\":\"SearchAction\",\"target\":{\"@type\":\"EntryPoint\",\"urlTemplate\":\"https:\/\/www.meha.lv\/?s={search_term_string}\"},\"query-input\":{\"@type\":\"PropertyValueSpecification\",\"valueRequired\":true,\"valueName\":\"search_term_string\"}}],\"inLanguage\":\"et\"},{\"@type\":\"Organization\",\"@id\":\"https:\/\/www.meha.lv\/#organization\",\"name\":\"Ik \\\"Holidays group\\\"\",\"url\":\"https:\/\/www.meha.lv\/\",\"logo\":{\"@type\":\"ImageObject\",\"inLanguage\":\"et\",\"@id\":\"https:\/\/www.meha.lv\/#\/schema\/logo\/image\/\",\"url\":\"https:\/\/www.meha.lv\/wp-content\/uploads\/2018\/12\/DSC_4476.jpg\",\"contentUrl\":\"https:\/\/www.meha.lv\/wp-content\/uploads\/2018\/12\/DSC_4476.jpg\",\"width\":2048,\"height\":1363,\"caption\":\"Ik \\\"Holidays group\\\"\"},\"image\":{\"@id\":\"https:\/\/www.meha.lv\/#\/schema\/logo\/image\/\"}}]}<\/script>\n<!-- \/ Yoast SEO plugin. -->","yoast_head_json":{"title":"Naiste talveparka naturaalse rebasenahaga \u2013 valge udusulgedega jope kapuutsi ja v\u00f6\u00f6ga | (\u0420\u0443\u0441\u0441\u043a\u0438\u0439) \u0428\u0443\u0431\u044b \u0438 \u0448\u0430\u043f\u043a\u0438 \u0432 \u041b\u0430\u0442\u0432\u0438\u0438 \u0432 \u0420\u0438\u0433\u0435","description":"This women\u2019s winter parka for 2025 combines luxury and functionality. Designed in a refined white color, it features a thick natural fox fur collar that Soe ja elegantne naiste talveparka 2025 naturaalse rebasenaha kraega. Udusule t\u00e4idis, kapuuts, v\u00f6\u00f6 ja veekindel materjal \u2013 ideaalne k\u00fclmaks talveks.","robots":{"index":"index","follow":"follow","max-snippet":"max-snippet:-1","max-image-preview":"max-image-preview:large","max-video-preview":"max-video-preview:-1"},"canonical":"https:\/\/www.meha.lv\/shop\/zheenskijj-puhovik-na-mehu\/","og_locale":"et_EE","og_type":"article","og_title":"Naiste talveparka naturaalse rebasenahaga \u2013 valge udusulgedega jope kapuutsi ja v\u00f6\u00f6ga | (\u0420\u0443\u0441\u0441\u043a\u0438\u0439) \u0428\u0443\u0431\u044b \u0438 \u0448\u0430\u043f\u043a\u0438 \u0432 \u041b\u0430\u0442\u0432\u0438\u0438 \u0432 \u0420\u0438\u0433\u0435","og_description":"This women\u2019s winter parka for 2025 combines luxury and functionality. Designed in a refined white color, it features a thick natural fox fur collar that [:en]Stylish women\u2019s winter parka 2025 with natural fox fur collar, duck down filling, hood and belt. Waterproof, warm and elegant white down jacket for cold winter days.[:et]Soe ja elegantne naiste talveparka 2025 naturaalse rebasenaha kraega. Udusule t\u00e4idis, kapuuts, v\u00f6\u00f6 ja veekindel materjal \u2013 ideaalne k\u00fclmaks talveks.[:lt]Eleganti\u0161ka moteri\u0161ka \u017eiemin\u0117 parka 2025 su nat\u016braliu lap\u0117s kailiu, an\u010di\u0173 p\u016bk\u0173 u\u017epildu, gobtuvu ir dir\u017eu. Atspari vandeniui, \u0161ilta ir stilinga.[:LV]Eleganta sievie\u0161u ziemas parka 2025 ar dab\u012bgu lapsas ka\u017eok\u0101das apkakli, p\u012b\u013cu d\u016bnu pild\u012bjumu, kapuci un jostu. \u016adensiztur\u012bga un \u012bpa\u0161i silta.[:ru]\u0416\u0435\u043d\u0441\u043a\u0430\u044f \u0437\u0438\u043c\u043d\u044f\u044f \u043a\u0443\u0440\u0442\u043a\u0430-\u043f\u0443\u0445\u043e\u0432\u0438\u043a 2025 \u0441 \u043d\u0430\u0442\u0443\u0440\u0430\u043b\u044c\u043d\u044b\u043c \u043b\u0438\u0441\u044c\u0438\u043c \u043c\u0435\u0445\u043e\u043c. \u0422\u0451\u043f\u043b\u044b\u0439 \u0432\u043e\u0440\u043e\u0442\u043d\u0438\u043a, \u043a\u0430\u043f\u044e\u0448\u043e\u043d, \u043f\u043e\u044f\u0441, \u0432\u043e\u0434\u043e\u043d\u0435\u043f\u0440\u043e\u043d\u0438\u0446\u0430\u0435\u043c\u0430\u044f \u0442\u043a\u0430\u043d\u044c \u0438 \u0443\u0442\u0438\u043d\u044b\u0439 \u043f\u0443\u0445. \u042d\u043b\u0435\u0433\u0430\u043d\u0442\u043d\u0430\u044f \u0438 \u0442\u0451\u043f\u043b\u0430\u044f \u043f\u0430\u0440\u043a\u0430 \u043d\u0430 \u0437\u0438\u043c\u0443.","og_url":"https:\/\/www.meha.lv\/shop\/zheenskijj-puhovik-na-mehu\/","og_site_name":"(\u0420\u0443\u0441\u0441\u043a\u0438\u0439) \u0428\u0443\u0431\u044b \u0438 \u0448\u0430\u043f\u043a\u0438 \u0432 \u041b\u0430\u0442\u0432\u0438\u0438 \u0432 \u0420\u0438\u0433\u0435","article_modified_time":"2026-04-13T15:11:29+00:00","og_image":[{"width":750,"height":1000,"url":"https:\/\/www.meha.lv\/wp-content\/uploads\/2025\/12\/\u0418\u0437\u043e\u0431\u0440\u0430\u0436\u0435\u043d\u0438\u0435-WhatsApp-2025-12-15-\u0432-12.16.24_e1a785e9.jpg","type":"image\/jpeg"}],"twitter_card":"summary_large_image","twitter_misc":{"Est. reading time":"2 minutit"},"schema":{"@context":"https:\/\/schema.org","@graph":[{"@type":"WebPage","@id":"https:\/\/www.meha.lv\/shop\/zheenskijj-puhovik-na-mehu\/","url":"https:\/\/www.meha.lv\/shop\/zheenskijj-puhovik-na-mehu\/","name":"Naiste talveparka naturaalse rebasenahaga \u2013 valge udusulgedega jope kapuutsi ja v\u00f6\u00f6ga | (\u0420\u0443\u0441\u0441\u043a\u0438\u0439) \u0428\u0443\u0431\u044b \u0438 \u0448\u0430\u043f\u043a\u0438 \u0432 \u041b\u0430\u0442\u0432\u0438\u0438 \u0432 \u0420\u0438\u0433\u0435","isPartOf":{"@id":"https:\/\/www.meha.lv\/#website"},"primaryImageOfPage":{"@id":"https:\/\/www.meha.lv\/shop\/zheenskijj-puhovik-na-mehu\/#primaryimage"},"image":{"@id":"https:\/\/www.meha.lv\/shop\/zheenskijj-puhovik-na-mehu\/#primaryimage"},"thumbnailUrl":"https:\/\/www.meha.lv\/wp-content\/uploads\/2025\/12\/\u0418\u0437\u043e\u0431\u0440\u0430\u0436\u0435\u043d\u0438\u0435-WhatsApp-2025-12-15-\u0432-12.16.24_e1a785e9.jpg","datePublished":"2025-12-15T10:13:03+00:00","dateModified":"2026-04-13T15:11:29+00:00","description":"This women\u2019s winter parka for 2025 combines luxury and functionality. Designed in a refined white color, it features a thick natural fox fur collar that [:en]Stylish women\u2019s winter parka 2025 with natural fox fur collar, duck down filling, hood and belt. Waterproof, warm and elegant white down jacket for cold winter days.[:et]Soe ja elegantne naiste talveparka 2025 naturaalse rebasenaha kraega. Udusule t\u00e4idis, kapuuts, v\u00f6\u00f6 ja veekindel materjal \u2013 ideaalne k\u00fclmaks talveks.[:lt]Eleganti\u0161ka moteri\u0161ka \u017eiemin\u0117 parka 2025 su nat\u016braliu lap\u0117s kailiu, an\u010di\u0173 p\u016bk\u0173 u\u017epildu, gobtuvu ir dir\u017eu. Atspari vandeniui, \u0161ilta ir stilinga.[:LV]Eleganta sievie\u0161u ziemas parka 2025 ar dab\u012bgu lapsas ka\u017eok\u0101das apkakli, p\u012b\u013cu d\u016bnu pild\u012bjumu, kapuci un jostu. \u016adensiztur\u012bga un \u012bpa\u0161i silta.[:ru]\u0416\u0435\u043d\u0441\u043a\u0430\u044f \u0437\u0438\u043c\u043d\u044f\u044f \u043a\u0443\u0440\u0442\u043a\u0430-\u043f\u0443\u0445\u043e\u0432\u0438\u043a 2025 \u0441 \u043d\u0430\u0442\u0443\u0440\u0430\u043b\u044c\u043d\u044b\u043c \u043b\u0438\u0441\u044c\u0438\u043c \u043c\u0435\u0445\u043e\u043c. \u0422\u0451\u043f\u043b\u044b\u0439 \u0432\u043e\u0440\u043e\u0442\u043d\u0438\u043a, \u043a\u0430\u043f\u044e\u0448\u043e\u043d, \u043f\u043e\u044f\u0441, \u0432\u043e\u0434\u043e\u043d\u0435\u043f\u0440\u043e\u043d\u0438\u0446\u0430\u0435\u043c\u0430\u044f \u0442\u043a\u0430\u043d\u044c \u0438 \u0443\u0442\u0438\u043d\u044b\u0439 \u043f\u0443\u0445. \u042d\u043b\u0435\u0433\u0430\u043d\u0442\u043d\u0430\u044f \u0438 \u0442\u0451\u043f\u043b\u0430\u044f \u043f\u0430\u0440\u043a\u0430 \u043d\u0430 \u0437\u0438\u043c\u0443.","breadcrumb":{"@id":"https:\/\/www.meha.lv\/shop\/zheenskijj-puhovik-na-mehu\/#breadcrumb"},"inLanguage":"et","potentialAction":[{"@type":"ReadAction","target":["https:\/\/www.meha.lv\/shop\/zheenskijj-puhovik-na-mehu\/"]}]},{"@type":"ImageObject","inLanguage":"et","@id":"https:\/\/www.meha.lv\/shop\/zheenskijj-puhovik-na-mehu\/#primaryimage","url":"https:\/\/www.meha.lv\/wp-content\/uploads\/2025\/12\/\u0418\u0437\u043e\u0431\u0440\u0430\u0436\u0435\u043d\u0438\u0435-WhatsApp-2025-12-15-\u0432-12.16.24_e1a785e9.jpg","contentUrl":"https:\/\/www.meha.lv\/wp-content\/uploads\/2025\/12\/\u0418\u0437\u043e\u0431\u0440\u0430\u0436\u0435\u043d\u0438\u0435-WhatsApp-2025-12-15-\u0432-12.16.24_e1a785e9.jpg","width":750,"height":1000,"caption":"\u043a\u0443\u043f\u0438\u0442\u044c \u043a\u0443\u0440\u0442\u043a\u0443 \u0441 \u043c\u0435\u0445\u043e\u043c \u0432 \u0420\u0438\u0433\u0435"},{"@type":"BreadcrumbList","@id":"https:\/\/www.meha.lv\/shop\/zheenskijj-puhovik-na-mehu\/#breadcrumb","itemListElement":[{"@type":"ListItem","position":1,"name":"Galvena","item":"https:\/\/www.meha.lv\/"},{"@type":"ListItem","position":2,"name":"Ka\u017eoku interneta veikals","item":"https:\/\/www.meha.lv\/internet-magazin-sgub-i-mehovih-izdelis\/"},{"@type":"ListItem","position":3,"name":"[:en]Jackets and parkas with fur[:et]Karusnahast jakid ja parkad[:lt]Striuk\u0117s ir parkos su kailiu[:LV]Jakas un parkas ar ka\u017eok\u0101du[:ru]\u041a\u0443\u0440\u0442\u043a\u0438 \u0438 \u043f\u0430\u0440\u043a\u0438 \u0441 \u043c\u0435\u0445\u043e\u043c","item":"https:\/\/www.meha.lv\/product-category\/kurtki-i-parki-s-mehom\/"},{"@type":"ListItem","position":4,"name":"Sievie\u0161u ziemas parka ar dab\u012bgu lapsas ka\u017eok\u0101du \u2013 balta d\u016bnu jaka ar kapuci un jostu"}]},{"@type":"WebSite","@id":"https:\/\/www.meha.lv\/#website","url":"https:\/\/www.meha.lv\/","name":"(\u0420\u0443\u0441\u0441\u043a\u0438\u0439) \u0428\u0443\u0431\u044b \u0438 \u0448\u0430\u043f\u043a\u0438 \u0432 \u041b\u0430\u0442\u0432\u0438\u0438 \u0432 \u0420\u0438\u0433\u0435","description":"(\u0420\u0443\u0441\u0441\u043a\u0438\u0439) \u041c\u0430\u0433\u0430\u0437\u0438\u043d \u0448\u0443\u0431 \u0438 \u0448\u0430\u043f\u043e\u043a \u0438\u0437 \u043d\u043e\u0440\u043a\u0438, \u0431\u043e\u0431\u0440\u0430, \u043a\u0443\u043d\u0438\u0446\u044b, \u043b\u0438\u0441\u044b,\u043a\u0430\u0440\u0430\u043a\u0443\u043b\u044c\u0447\u0438, \u043b\u0430\u043c\u044b, \u0448\u0438\u043d\u0448\u0438\u043b\u043b\u044b, \u043f\u043e\u043d\u0438 \u0438 \u0447\u0435\u0440\u043d\u043e\u0431\u0443\u0440\u043a\u0438.","publisher":{"@id":"https:\/\/www.meha.lv\/#organization"},"potentialAction":[{"@type":"SearchAction","target":{"@type":"EntryPoint","urlTemplate":"https:\/\/www.meha.lv\/?s={search_term_string}"},"query-input":{"@type":"PropertyValueSpecification","valueRequired":true,"valueName":"search_term_string"}}],"inLanguage":"et"},{"@type":"Organization","@id":"https:\/\/www.meha.lv\/#organization","name":"Ik \"Holidays group\"","url":"https:\/\/www.meha.lv\/","logo":{"@type":"ImageObject","inLanguage":"et","@id":"https:\/\/www.meha.lv\/#\/schema\/logo\/image\/","url":"https:\/\/www.meha.lv\/wp-content\/uploads\/2018\/12\/DSC_4476.jpg","contentUrl":"https:\/\/www.meha.lv\/wp-content\/uploads\/2018\/12\/DSC_4476.jpg","width":2048,"height":1363,"caption":"Ik \"Holidays group\""},"image":{"@id":"https:\/\/www.meha.lv\/#\/schema\/logo\/image\/"}}]}},"_links":{"self":[{"href":"https:\/\/www.meha.lv\/et\/wp-json\/wp\/v2\/product\/6163","targetHints":{"allow":["GET"]}}],"collection":[{"href":"https:\/\/www.meha.lv\/et\/wp-json\/wp\/v2\/product"}],"about":[{"href":"https:\/\/www.meha.lv\/et\/wp-json\/wp\/v2\/types\/product"}],"replies":[{"embeddable":true,"href":"https:\/\/www.meha.lv\/et\/wp-json\/wp\/v2\/comments?post=6163"}],"wp:featuredmedia":[{"embeddable":true,"href":"https:\/\/www.meha.lv\/et\/wp-json\/wp\/v2\/media\/6165"}],"wp:attachment":[{"href":"https:\/\/www.meha.lv\/et\/wp-json\/wp\/v2\/media?parent=6163"}],"wp:term":[{"taxonomy":"product_brand","embeddable":true,"href":"https:\/\/www.meha.lv\/et\/wp-json\/wp\/v2\/product_brand?post=6163"},{"taxonomy":"product_cat","embeddable":true,"href":"https:\/\/www.meha.lv\/et\/wp-json\/wp\/v2\/product_cat?post=6163"},{"taxonomy":"product_tag","embeddable":true,"href":"https:\/\/www.meha.lv\/et\/wp-json\/wp\/v2\/product_tag?post=6163"}],"curies":[{"name":"wp","href":"https:\/\/api.w.org\/{rel}","templated":true}]}}