{"id":592,"date":"2016-01-10T18:09:54","date_gmt":"2016-01-10T15:09:54","guid":{"rendered":"http:\/\/www.meha.lv\/?post_type=product&#038;p=592"},"modified":"2025-06-06T17:42:06","modified_gmt":"2025-06-06T14:42:06","slug":"%d1%88%d1%83%d0%b1%d0%b0-%d0%b8%d0%b7-%d0%ba%d1%80%d0%be%d0%bb%d0%b8%d0%ba%d0%b0","status":"publish","type":"product","link":"https:\/\/www.meha.lv\/et\/shop\/%d1%88%d1%83%d0%b1%d0%b0-%d0%b8%d0%b7-%d0%ba%d1%80%d0%be%d0%bb%d0%b8%d0%ba%d0%b0\/","title":{"rendered":"(\u0420\u0443\u0441\u0441\u043a\u0438\u0439) \u0428\u0443\u0431\u0430 \u0438\u0437 \u043a\u0440\u043e\u043b\u0438\u043a\u0430"},"content":{"rendered":"<p class=\"qtranxs-available-languages-message qtranxs-available-languages-message-et\">Vabandame, see kanne on saadaval ainult %LANG : ja %.<\/p>","protected":false},"excerpt":{"rendered":"<p>Vabandame, see kanne on saadaval ainult %LANG : ja %.<\/p>\n","protected":false},"featured_media":593,"comment_status":"open","ping_status":"closed","template":"","meta":[],"product_brand":[],"product_cat":[10,39,12],"product_tag":[],"class_list":{"0":"post-592","1":"product","2":"type-product","3":"status-publish","4":"has-post-thumbnail","6":"product_cat-magazin-shub-v-rige","7":"product_cat-izdelija-iz-krolika","8":"product_cat-polushubki","10":"first","11":"onbackorder","12":"taxable","13":"shipping-taxable","14":"purchasable","15":"product-type-simple"},"yoast_head":"<!-- This site is optimized with the Yoast SEO plugin v26.5 - https:\/\/yoast.com\/wordpress\/plugins\/seo\/ -->\n<title>(\u0420\u0443\u0441\u0441\u043a\u0438\u0439) \u0428\u0443\u0431\u0430 \u0438\u0437 \u043a\u0440\u043e\u043b\u0438\u043a\u0430 | (\u0420\u0443\u0441\u0441\u043a\u0438\u0439) \u0428\u0443\u0431\u044b \u0438 \u0448\u0430\u043f\u043a\u0438 \u0432 \u041b\u0430\u0442\u0432\u0438\u0438 \u0432 \u0420\u0438\u0433\u0435<\/title>\n<meta name=\"description\" content=\"\u0428\u0443\u0431\u0430 \u0438\u0437 \u043c\u0435\u0445\u0430 \u043a\u0440\u043e\u043b\u0438\u043a\u0430. \u0420\u0430\u0437\u043c\u0435\u0440\u044b M, L, XL. \u041a\u043e\u0434 \u0442\u043e\u0432\u0430\u0440\u0430 - FUR44 \u041f\u043e\u0441\u043c\u043e\u0442\u0440\u0435\u0442\u044c, \u043f\u0440\u0438\u043c\u0435\u0440\u0438\u0442\u044c \u0438 \u043f\u0440\u0438\u043e\u0431\u0440\u0435\u0441\u0442\u0438 \u043c\u043e\u0436\u043d\u043e \u0432 \u0420\u0438\u0433\u0435. &nbsp;Ka\u017eoks no tru\u0161a Preces kods - FUR44\" \/>\n<meta name=\"robots\" content=\"index, follow, max-snippet:-1, max-image-preview:large, max-video-preview:-1\" \/>\n<link rel=\"canonical\" href=\"https:\/\/www.meha.lv\/shop\/\u0448\u0443\u0431\u0430-\u0438\u0437-\u043a\u0440\u043e\u043b\u0438\u043a\u0430\/\" \/>\n<meta property=\"og:locale\" content=\"et_EE\" \/>\n<meta property=\"og:type\" content=\"article\" \/>\n<meta property=\"og:title\" content=\"(\u0420\u0443\u0441\u0441\u043a\u0438\u0439) \u0428\u0443\u0431\u0430 \u0438\u0437 \u043a\u0440\u043e\u043b\u0438\u043a\u0430 | (\u0420\u0443\u0441\u0441\u043a\u0438\u0439) \u0428\u0443\u0431\u044b \u0438 \u0448\u0430\u043f\u043a\u0438 \u0432 \u041b\u0430\u0442\u0432\u0438\u0438 \u0432 \u0420\u0438\u0433\u0435\" \/>\n<meta property=\"og:description\" content=\"\u0428\u0443\u0431\u0430 \u0438\u0437 \u043c\u0435\u0445\u0430 \u043a\u0440\u043e\u043b\u0438\u043a\u0430. \u0420\u0430\u0437\u043c\u0435\u0440\u044b M, L, XL. \u041a\u043e\u0434 \u0442\u043e\u0432\u0430\u0440\u0430 - FUR44 \u041f\u043e\u0441\u043c\u043e\u0442\u0440\u0435\u0442\u044c, \u043f\u0440\u0438\u043c\u0435\u0440\u0438\u0442\u044c \u0438 \u043f\u0440\u0438\u043e\u0431\u0440\u0435\u0441\u0442\u0438 \u043c\u043e\u0436\u043d\u043e \u0432 \u0420\u0438\u0433\u0435. &nbsp;Ka\u017eoks no tru\u0161a Preces kods - FUR44\" \/>\n<meta property=\"og:url\" content=\"https:\/\/www.meha.lv\/shop\/\u0448\u0443\u0431\u0430-\u0438\u0437-\u043a\u0440\u043e\u043b\u0438\u043a\u0430\/\" \/>\n<meta property=\"og:site_name\" content=\"(\u0420\u0443\u0441\u0441\u043a\u0438\u0439) \u0428\u0443\u0431\u044b \u0438 \u0448\u0430\u043f\u043a\u0438 \u0432 \u041b\u0430\u0442\u0432\u0438\u0438 \u0432 \u0420\u0438\u0433\u0435\" \/>\n<meta property=\"article:modified_time\" content=\"2025-06-06T14:42:06+00:00\" \/>\n<meta property=\"og:image\" content=\"https:\/\/www.meha.lv\/wp-content\/uploads\/2016\/01\/Sokolad_01.jpg\" \/>\n\t<meta property=\"og:image:width\" content=\"512\" \/>\n\t<meta property=\"og:image:height\" content=\"768\" \/>\n\t<meta property=\"og:image:type\" content=\"image\/jpeg\" \/>\n<meta name=\"twitter:card\" content=\"summary_large_image\" \/>\n<script type=\"application\/ld+json\" class=\"yoast-schema-graph\">{\"@context\":\"https:\/\/schema.org\",\"@graph\":[{\"@type\":\"WebPage\",\"@id\":\"https:\/\/www.meha.lv\/shop\/%d1%88%d1%83%d0%b1%d0%b0-%d0%b8%d0%b7-%d0%ba%d1%80%d0%be%d0%bb%d0%b8%d0%ba%d0%b0\/\",\"url\":\"https:\/\/www.meha.lv\/shop\/%d1%88%d1%83%d0%b1%d0%b0-%d0%b8%d0%b7-%d0%ba%d1%80%d0%be%d0%bb%d0%b8%d0%ba%d0%b0\/\",\"name\":\"(\u0420\u0443\u0441\u0441\u043a\u0438\u0439) \u0428\u0443\u0431\u0430 \u0438\u0437 \u043a\u0440\u043e\u043b\u0438\u043a\u0430 | (\u0420\u0443\u0441\u0441\u043a\u0438\u0439) \u0428\u0443\u0431\u044b \u0438 \u0448\u0430\u043f\u043a\u0438 \u0432 \u041b\u0430\u0442\u0432\u0438\u0438 \u0432 \u0420\u0438\u0433\u0435\",\"isPartOf\":{\"@id\":\"https:\/\/www.meha.lv\/#website\"},\"primaryImageOfPage\":{\"@id\":\"https:\/\/www.meha.lv\/shop\/%d1%88%d1%83%d0%b1%d0%b0-%d0%b8%d0%b7-%d0%ba%d1%80%d0%be%d0%bb%d0%b8%d0%ba%d0%b0\/#primaryimage\"},\"image\":{\"@id\":\"https:\/\/www.meha.lv\/shop\/%d1%88%d1%83%d0%b1%d0%b0-%d0%b8%d0%b7-%d0%ba%d1%80%d0%be%d0%bb%d0%b8%d0%ba%d0%b0\/#primaryimage\"},\"thumbnailUrl\":\"https:\/\/www.meha.lv\/wp-content\/uploads\/2016\/01\/Sokolad_01.jpg\",\"datePublished\":\"2016-01-10T15:09:54+00:00\",\"dateModified\":\"2025-06-06T14:42:06+00:00\",\"description\":\"\u0428\u0443\u0431\u0430 \u0438\u0437 \u043c\u0435\u0445\u0430 \u043a\u0440\u043e\u043b\u0438\u043a\u0430. \u0420\u0430\u0437\u043c\u0435\u0440\u044b M, L, XL. \u041a\u043e\u0434 \u0442\u043e\u0432\u0430\u0440\u0430 - FUR44 \u041f\u043e\u0441\u043c\u043e\u0442\u0440\u0435\u0442\u044c, \u043f\u0440\u0438\u043c\u0435\u0440\u0438\u0442\u044c \u0438 \u043f\u0440\u0438\u043e\u0431\u0440\u0435\u0441\u0442\u0438 \u043c\u043e\u0436\u043d\u043e \u0432 \u0420\u0438\u0433\u0435. &nbsp;Ka\u017eoks no tru\u0161a Preces kods - FUR44\",\"breadcrumb\":{\"@id\":\"https:\/\/www.meha.lv\/shop\/%d1%88%d1%83%d0%b1%d0%b0-%d0%b8%d0%b7-%d0%ba%d1%80%d0%be%d0%bb%d0%b8%d0%ba%d0%b0\/#breadcrumb\"},\"inLanguage\":\"et\",\"potentialAction\":[{\"@type\":\"ReadAction\",\"target\":[\"https:\/\/www.meha.lv\/shop\/%d1%88%d1%83%d0%b1%d0%b0-%d0%b8%d0%b7-%d0%ba%d1%80%d0%be%d0%bb%d0%b8%d0%ba%d0%b0\/\"]}]},{\"@type\":\"ImageObject\",\"inLanguage\":\"et\",\"@id\":\"https:\/\/www.meha.lv\/shop\/%d1%88%d1%83%d0%b1%d0%b0-%d0%b8%d0%b7-%d0%ba%d1%80%d0%be%d0%bb%d0%b8%d0%ba%d0%b0\/#primaryimage\",\"url\":\"https:\/\/www.meha.lv\/wp-content\/uploads\/2016\/01\/Sokolad_01.jpg\",\"contentUrl\":\"https:\/\/www.meha.lv\/wp-content\/uploads\/2016\/01\/Sokolad_01.jpg\",\"width\":512,\"height\":768,\"caption\":\"\u0448\u0443\u0431\u0430 \u0438\u0437 \u043c\u0435\u0445\u0430 \u043a\u0440\u043e\u043b\u0438\u043a\u0430\"},{\"@type\":\"BreadcrumbList\",\"@id\":\"https:\/\/www.meha.lv\/shop\/%d1%88%d1%83%d0%b1%d0%b0-%d0%b8%d0%b7-%d0%ba%d1%80%d0%be%d0%bb%d0%b8%d0%ba%d0%b0\/#breadcrumb\",\"itemListElement\":[{\"@type\":\"ListItem\",\"position\":1,\"name\":\"Galvena\",\"item\":\"https:\/\/www.meha.lv\/\"},{\"@type\":\"ListItem\",\"position\":2,\"name\":\"Ka\u017eoku interneta veikals\",\"item\":\"https:\/\/www.meha.lv\/internet-magazin-sgub-i-mehovih-izdelis\/\"},{\"@type\":\"ListItem\",\"position\":3,\"name\":\"\u0415\u0441\u0442\u044c \u043d\u0430 \u043c\u0435\u0441\u0442\u0435\",\"item\":\"https:\/\/www.meha.lv\/product-category\/magazin-shub-v-rige\/\"},{\"@type\":\"ListItem\",\"position\":4,\"name\":\"[:ru]\u0428\u0443\u0431\u0430 \u0438\u0437 \u043a\u0440\u043e\u043b\u0438\u043a\u0430[:LV]Dab\u012bgs tru\u0161a ka\u017eoks [:en] Rabbit Fur Coat[:]\"}]},{\"@type\":\"WebSite\",\"@id\":\"https:\/\/www.meha.lv\/#website\",\"url\":\"https:\/\/www.meha.lv\/\",\"name\":\"(\u0420\u0443\u0441\u0441\u043a\u0438\u0439) \u0428\u0443\u0431\u044b \u0438 \u0448\u0430\u043f\u043a\u0438 \u0432 \u041b\u0430\u0442\u0432\u0438\u0438 \u0432 \u0420\u0438\u0433\u0435\",\"description\":\"(\u0420\u0443\u0441\u0441\u043a\u0438\u0439) \u041c\u0430\u0433\u0430\u0437\u0438\u043d \u0448\u0443\u0431 \u0438 \u0448\u0430\u043f\u043e\u043a \u0438\u0437 \u043d\u043e\u0440\u043a\u0438, \u0431\u043e\u0431\u0440\u0430, \u043a\u0443\u043d\u0438\u0446\u044b, \u043b\u0438\u0441\u044b,\u043a\u0430\u0440\u0430\u043a\u0443\u043b\u044c\u0447\u0438, \u043b\u0430\u043c\u044b, \u0448\u0438\u043d\u0448\u0438\u043b\u043b\u044b, \u043f\u043e\u043d\u0438 \u0438 \u0447\u0435\u0440\u043d\u043e\u0431\u0443\u0440\u043a\u0438.\",\"publisher\":{\"@id\":\"https:\/\/www.meha.lv\/#organization\"},\"potentialAction\":[{\"@type\":\"SearchAction\",\"target\":{\"@type\":\"EntryPoint\",\"urlTemplate\":\"https:\/\/www.meha.lv\/?s={search_term_string}\"},\"query-input\":{\"@type\":\"PropertyValueSpecification\",\"valueRequired\":true,\"valueName\":\"search_term_string\"}}],\"inLanguage\":\"et\"},{\"@type\":\"Organization\",\"@id\":\"https:\/\/www.meha.lv\/#organization\",\"name\":\"Ik \\\"Holidays group\\\"\",\"url\":\"https:\/\/www.meha.lv\/\",\"logo\":{\"@type\":\"ImageObject\",\"inLanguage\":\"et\",\"@id\":\"https:\/\/www.meha.lv\/#\/schema\/logo\/image\/\",\"url\":\"https:\/\/www.meha.lv\/wp-content\/uploads\/2018\/12\/DSC_4476.jpg\",\"contentUrl\":\"https:\/\/www.meha.lv\/wp-content\/uploads\/2018\/12\/DSC_4476.jpg\",\"width\":2048,\"height\":1363,\"caption\":\"Ik \\\"Holidays group\\\"\"},\"image\":{\"@id\":\"https:\/\/www.meha.lv\/#\/schema\/logo\/image\/\"}}]}<\/script>\n<!-- \/ Yoast SEO plugin. -->","yoast_head_json":{"title":"(\u0420\u0443\u0441\u0441\u043a\u0438\u0439) \u0428\u0443\u0431\u0430 \u0438\u0437 \u043a\u0440\u043e\u043b\u0438\u043a\u0430 | (\u0420\u0443\u0441\u0441\u043a\u0438\u0439) \u0428\u0443\u0431\u044b \u0438 \u0448\u0430\u043f\u043a\u0438 \u0432 \u041b\u0430\u0442\u0432\u0438\u0438 \u0432 \u0420\u0438\u0433\u0435","description":"\u0428\u0443\u0431\u0430 \u0438\u0437 \u043c\u0435\u0445\u0430 \u043a\u0440\u043e\u043b\u0438\u043a\u0430. \u0420\u0430\u0437\u043c\u0435\u0440\u044b M, L, XL. \u041a\u043e\u0434 \u0442\u043e\u0432\u0430\u0440\u0430 - FUR44 \u041f\u043e\u0441\u043c\u043e\u0442\u0440\u0435\u0442\u044c, \u043f\u0440\u0438\u043c\u0435\u0440\u0438\u0442\u044c \u0438 \u043f\u0440\u0438\u043e\u0431\u0440\u0435\u0441\u0442\u0438 \u043c\u043e\u0436\u043d\u043e \u0432 \u0420\u0438\u0433\u0435. &nbsp;Ka\u017eoks no tru\u0161a Preces kods - FUR44","robots":{"index":"index","follow":"follow","max-snippet":"max-snippet:-1","max-image-preview":"max-image-preview:large","max-video-preview":"max-video-preview:-1"},"canonical":"https:\/\/www.meha.lv\/shop\/\u0448\u0443\u0431\u0430-\u0438\u0437-\u043a\u0440\u043e\u043b\u0438\u043a\u0430\/","og_locale":"et_EE","og_type":"article","og_title":"(\u0420\u0443\u0441\u0441\u043a\u0438\u0439) \u0428\u0443\u0431\u0430 \u0438\u0437 \u043a\u0440\u043e\u043b\u0438\u043a\u0430 | (\u0420\u0443\u0441\u0441\u043a\u0438\u0439) \u0428\u0443\u0431\u044b \u0438 \u0448\u0430\u043f\u043a\u0438 \u0432 \u041b\u0430\u0442\u0432\u0438\u0438 \u0432 \u0420\u0438\u0433\u0435","og_description":"\u0428\u0443\u0431\u0430 \u0438\u0437 \u043c\u0435\u0445\u0430 \u043a\u0440\u043e\u043b\u0438\u043a\u0430. \u0420\u0430\u0437\u043c\u0435\u0440\u044b M, L, XL. \u041a\u043e\u0434 \u0442\u043e\u0432\u0430\u0440\u0430 - FUR44 \u041f\u043e\u0441\u043c\u043e\u0442\u0440\u0435\u0442\u044c, \u043f\u0440\u0438\u043c\u0435\u0440\u0438\u0442\u044c \u0438 \u043f\u0440\u0438\u043e\u0431\u0440\u0435\u0441\u0442\u0438 \u043c\u043e\u0436\u043d\u043e \u0432 \u0420\u0438\u0433\u0435. &nbsp;Ka\u017eoks no tru\u0161a Preces kods - FUR44","og_url":"https:\/\/www.meha.lv\/shop\/\u0448\u0443\u0431\u0430-\u0438\u0437-\u043a\u0440\u043e\u043b\u0438\u043a\u0430\/","og_site_name":"(\u0420\u0443\u0441\u0441\u043a\u0438\u0439) \u0428\u0443\u0431\u044b \u0438 \u0448\u0430\u043f\u043a\u0438 \u0432 \u041b\u0430\u0442\u0432\u0438\u0438 \u0432 \u0420\u0438\u0433\u0435","article_modified_time":"2025-06-06T14:42:06+00:00","og_image":[{"width":512,"height":768,"url":"https:\/\/www.meha.lv\/wp-content\/uploads\/2016\/01\/Sokolad_01.jpg","type":"image\/jpeg"}],"twitter_card":"summary_large_image","schema":{"@context":"https:\/\/schema.org","@graph":[{"@type":"WebPage","@id":"https:\/\/www.meha.lv\/shop\/%d1%88%d1%83%d0%b1%d0%b0-%d0%b8%d0%b7-%d0%ba%d1%80%d0%be%d0%bb%d0%b8%d0%ba%d0%b0\/","url":"https:\/\/www.meha.lv\/shop\/%d1%88%d1%83%d0%b1%d0%b0-%d0%b8%d0%b7-%d0%ba%d1%80%d0%be%d0%bb%d0%b8%d0%ba%d0%b0\/","name":"(\u0420\u0443\u0441\u0441\u043a\u0438\u0439) \u0428\u0443\u0431\u0430 \u0438\u0437 \u043a\u0440\u043e\u043b\u0438\u043a\u0430 | (\u0420\u0443\u0441\u0441\u043a\u0438\u0439) \u0428\u0443\u0431\u044b \u0438 \u0448\u0430\u043f\u043a\u0438 \u0432 \u041b\u0430\u0442\u0432\u0438\u0438 \u0432 \u0420\u0438\u0433\u0435","isPartOf":{"@id":"https:\/\/www.meha.lv\/#website"},"primaryImageOfPage":{"@id":"https:\/\/www.meha.lv\/shop\/%d1%88%d1%83%d0%b1%d0%b0-%d0%b8%d0%b7-%d0%ba%d1%80%d0%be%d0%bb%d0%b8%d0%ba%d0%b0\/#primaryimage"},"image":{"@id":"https:\/\/www.meha.lv\/shop\/%d1%88%d1%83%d0%b1%d0%b0-%d0%b8%d0%b7-%d0%ba%d1%80%d0%be%d0%bb%d0%b8%d0%ba%d0%b0\/#primaryimage"},"thumbnailUrl":"https:\/\/www.meha.lv\/wp-content\/uploads\/2016\/01\/Sokolad_01.jpg","datePublished":"2016-01-10T15:09:54+00:00","dateModified":"2025-06-06T14:42:06+00:00","description":"\u0428\u0443\u0431\u0430 \u0438\u0437 \u043c\u0435\u0445\u0430 \u043a\u0440\u043e\u043b\u0438\u043a\u0430. \u0420\u0430\u0437\u043c\u0435\u0440\u044b M, L, XL. \u041a\u043e\u0434 \u0442\u043e\u0432\u0430\u0440\u0430 - FUR44 \u041f\u043e\u0441\u043c\u043e\u0442\u0440\u0435\u0442\u044c, \u043f\u0440\u0438\u043c\u0435\u0440\u0438\u0442\u044c \u0438 \u043f\u0440\u0438\u043e\u0431\u0440\u0435\u0441\u0442\u0438 \u043c\u043e\u0436\u043d\u043e \u0432 \u0420\u0438\u0433\u0435. &nbsp;Ka\u017eoks no tru\u0161a Preces kods - FUR44","breadcrumb":{"@id":"https:\/\/www.meha.lv\/shop\/%d1%88%d1%83%d0%b1%d0%b0-%d0%b8%d0%b7-%d0%ba%d1%80%d0%be%d0%bb%d0%b8%d0%ba%d0%b0\/#breadcrumb"},"inLanguage":"et","potentialAction":[{"@type":"ReadAction","target":["https:\/\/www.meha.lv\/shop\/%d1%88%d1%83%d0%b1%d0%b0-%d0%b8%d0%b7-%d0%ba%d1%80%d0%be%d0%bb%d0%b8%d0%ba%d0%b0\/"]}]},{"@type":"ImageObject","inLanguage":"et","@id":"https:\/\/www.meha.lv\/shop\/%d1%88%d1%83%d0%b1%d0%b0-%d0%b8%d0%b7-%d0%ba%d1%80%d0%be%d0%bb%d0%b8%d0%ba%d0%b0\/#primaryimage","url":"https:\/\/www.meha.lv\/wp-content\/uploads\/2016\/01\/Sokolad_01.jpg","contentUrl":"https:\/\/www.meha.lv\/wp-content\/uploads\/2016\/01\/Sokolad_01.jpg","width":512,"height":768,"caption":"\u0448\u0443\u0431\u0430 \u0438\u0437 \u043c\u0435\u0445\u0430 \u043a\u0440\u043e\u043b\u0438\u043a\u0430"},{"@type":"BreadcrumbList","@id":"https:\/\/www.meha.lv\/shop\/%d1%88%d1%83%d0%b1%d0%b0-%d0%b8%d0%b7-%d0%ba%d1%80%d0%be%d0%bb%d0%b8%d0%ba%d0%b0\/#breadcrumb","itemListElement":[{"@type":"ListItem","position":1,"name":"Galvena","item":"https:\/\/www.meha.lv\/"},{"@type":"ListItem","position":2,"name":"Ka\u017eoku interneta veikals","item":"https:\/\/www.meha.lv\/internet-magazin-sgub-i-mehovih-izdelis\/"},{"@type":"ListItem","position":3,"name":"\u0415\u0441\u0442\u044c \u043d\u0430 \u043c\u0435\u0441\u0442\u0435","item":"https:\/\/www.meha.lv\/product-category\/magazin-shub-v-rige\/"},{"@type":"ListItem","position":4,"name":"[:ru]\u0428\u0443\u0431\u0430 \u0438\u0437 \u043a\u0440\u043e\u043b\u0438\u043a\u0430[:LV]Dab\u012bgs tru\u0161a ka\u017eoks [:en] Rabbit Fur Coat[:]"}]},{"@type":"WebSite","@id":"https:\/\/www.meha.lv\/#website","url":"https:\/\/www.meha.lv\/","name":"(\u0420\u0443\u0441\u0441\u043a\u0438\u0439) \u0428\u0443\u0431\u044b \u0438 \u0448\u0430\u043f\u043a\u0438 \u0432 \u041b\u0430\u0442\u0432\u0438\u0438 \u0432 \u0420\u0438\u0433\u0435","description":"(\u0420\u0443\u0441\u0441\u043a\u0438\u0439) \u041c\u0430\u0433\u0430\u0437\u0438\u043d \u0448\u0443\u0431 \u0438 \u0448\u0430\u043f\u043e\u043a \u0438\u0437 \u043d\u043e\u0440\u043a\u0438, \u0431\u043e\u0431\u0440\u0430, \u043a\u0443\u043d\u0438\u0446\u044b, \u043b\u0438\u0441\u044b,\u043a\u0430\u0440\u0430\u043a\u0443\u043b\u044c\u0447\u0438, \u043b\u0430\u043c\u044b, \u0448\u0438\u043d\u0448\u0438\u043b\u043b\u044b, \u043f\u043e\u043d\u0438 \u0438 \u0447\u0435\u0440\u043d\u043e\u0431\u0443\u0440\u043a\u0438.","publisher":{"@id":"https:\/\/www.meha.lv\/#organization"},"potentialAction":[{"@type":"SearchAction","target":{"@type":"EntryPoint","urlTemplate":"https:\/\/www.meha.lv\/?s={search_term_string}"},"query-input":{"@type":"PropertyValueSpecification","valueRequired":true,"valueName":"search_term_string"}}],"inLanguage":"et"},{"@type":"Organization","@id":"https:\/\/www.meha.lv\/#organization","name":"Ik \"Holidays group\"","url":"https:\/\/www.meha.lv\/","logo":{"@type":"ImageObject","inLanguage":"et","@id":"https:\/\/www.meha.lv\/#\/schema\/logo\/image\/","url":"https:\/\/www.meha.lv\/wp-content\/uploads\/2018\/12\/DSC_4476.jpg","contentUrl":"https:\/\/www.meha.lv\/wp-content\/uploads\/2018\/12\/DSC_4476.jpg","width":2048,"height":1363,"caption":"Ik \"Holidays group\""},"image":{"@id":"https:\/\/www.meha.lv\/#\/schema\/logo\/image\/"}}]}},"_links":{"self":[{"href":"https:\/\/www.meha.lv\/et\/wp-json\/wp\/v2\/product\/592","targetHints":{"allow":["GET"]}}],"collection":[{"href":"https:\/\/www.meha.lv\/et\/wp-json\/wp\/v2\/product"}],"about":[{"href":"https:\/\/www.meha.lv\/et\/wp-json\/wp\/v2\/types\/product"}],"replies":[{"embeddable":true,"href":"https:\/\/www.meha.lv\/et\/wp-json\/wp\/v2\/comments?post=592"}],"wp:featuredmedia":[{"embeddable":true,"href":"https:\/\/www.meha.lv\/et\/wp-json\/wp\/v2\/media\/593"}],"wp:attachment":[{"href":"https:\/\/www.meha.lv\/et\/wp-json\/wp\/v2\/media?parent=592"}],"wp:term":[{"taxonomy":"product_brand","embeddable":true,"href":"https:\/\/www.meha.lv\/et\/wp-json\/wp\/v2\/product_brand?post=592"},{"taxonomy":"product_cat","embeddable":true,"href":"https:\/\/www.meha.lv\/et\/wp-json\/wp\/v2\/product_cat?post=592"},{"taxonomy":"product_tag","embeddable":true,"href":"https:\/\/www.meha.lv\/et\/wp-json\/wp\/v2\/product_tag?post=592"}],"curies":[{"name":"wp","href":"https:\/\/api.w.org\/{rel}","templated":true}]}}