{"id":2465,"date":"2023-01-25T16:53:15","date_gmt":"2023-01-25T13:53:15","guid":{"rendered":"https:\/\/www.meha.lv\/?post_type=product&#038;p=2465"},"modified":"2025-05-20T20:31:09","modified_gmt":"2025-05-20T17:31:09","slug":"%d0%bd%d0%be%d1%80%d0%ba%d0%be%d0%b2%d0%b0%d1%8f-%d1%88%d1%83%d0%b1%d0%b0-%d1%81-%d0%ba%d0%b0%d0%bf%d1%8e%d1%88%d0%be%d0%bd%d0%be%d0%bc-%d1%86%d0%b2%d0%b5%d1%82-%d1%88%d0%be%d0%ba%d0%be%d0%bb%d0%b0","status":"publish","type":"product","link":"https:\/\/www.meha.lv\/et\/shop\/%d0%bd%d0%be%d1%80%d0%ba%d0%be%d0%b2%d0%b0%d1%8f-%d1%88%d1%83%d0%b1%d0%b0-%d1%81-%d0%ba%d0%b0%d0%bf%d1%8e%d1%88%d0%be%d0%bd%d0%be%d0%bc-%d1%86%d0%b2%d0%b5%d1%82-%d1%88%d0%be%d0%ba%d0%be%d0%bb%d0%b0\/","title":{"rendered":"(\u0420\u0443\u0441\u0441\u043a\u0438\u0439) \u041d\u043e\u0440\u043a\u043e\u0432\u0430\u044f \u0448\u0443\u0431\u0430 \u0441 \u043a\u0430\u043f\u044e\u0448\u043e\u043d\u043e\u043c, \u0446\u0432\u0435\u0442 \u0448\u043e\u043a\u043e\u043b\u0430\u0434, \u0441 \u043f\u043e\u044f\u0441\u043e\u043c"},"content":{"rendered":"","protected":false},"excerpt":{"rendered":"<p class=\"qtranxs-available-languages-message qtranxs-available-languages-message-et\">Vabandame, see kanne on saadaval ainult %LANG : ja %.<\/p>\n","protected":false},"featured_media":2456,"comment_status":"open","ping_status":"closed","template":"","meta":[],"product_brand":[],"product_cat":[78,43,10,15,44,12],"product_tag":[],"class_list":{"0":"post-2465","1":"product","2":"type-product","3":"status-publish","4":"has-post-thumbnail","6":"product_cat-shuby-iz-grecii","7":"product_cat-rasprodazha-shub","8":"product_cat-magazin-shub-v-rige","9":"product_cat-izdelija-iz-norki","10":"product_cat-novaja-kolekcija-shub-2017","11":"product_cat-polushubki","12":"pa_fur-coats-in-tallinn-shuby-v-rige","14":"first","15":"instock","16":"sale","17":"taxable","18":"shipping-taxable","19":"purchasable","20":"product-type-simple"},"yoast_head":"<!-- This site is optimized with the Yoast SEO plugin v26.5 - https:\/\/yoast.com\/wordpress\/plugins\/seo\/ -->\n<title>(\u0420\u0443\u0441\u0441\u043a\u0438\u0439) \u041d\u043e\u0440\u043a\u043e\u0432\u0430\u044f \u0448\u0443\u0431\u0430 \u0441 \u043a\u0430\u043f\u044e\u0448\u043e\u043d\u043e\u043c, \u0446\u0432\u0435\u0442 \u0448\u043e\u043a\u043e\u043b\u0430\u0434, \u0441 \u043f\u043e\u044f\u0441\u043e\u043c | (\u0420\u0443\u0441\u0441\u043a\u0438\u0439) \u0428\u0443\u0431\u044b \u0438 \u0448\u0430\u043f\u043a\u0438 \u0432 \u041b\u0430\u0442\u0432\u0438\u0438 \u0432 \u0420\u0438\u0433\u0435<\/title>\n<meta name=\"description\" content=\"\u00a0\u00a0\u041d\u043e\u0440\u043a\u043e\u0432\u0430\u044f \u0448\u0443\u0431\u0430 \u0441 \u043a\u0430\u043f\u044e\u0448\u043e\u043d\u043e\u043c  \u0426\u0432\u0435\u0442 \u0448\u043e\u043a\u043e\u043b\u0430\u0434,  \u0421 \u043f\u043e\u044f\u0441\u043e\u043c,  \u0414\u043b\u0438\u043d\u0430 110 \u0441\u043c,  \u0420\u0430\u0437\u043c\u0435\u0440 \u041c.  \u041f\u0440\u043e\u0438\u0437\u0432\u043e\u0434\u0441\u0442\u0432\u043e \u0413\u0440\u0435\u0446\u0438\u044f,  \u0415\u0441\u0442\u044c \u043d\u0430 \u043c\u0435\u0441\u0442\u0435.  \u041a\u043e\u0434 \u0442\u043e\u0432\u0430\u0440\u0430: IGR-2200    \u016adeles m\u0113telis ar kapuci  \u0161okol\u0101des kr\u0101sa,  Ar jostu  garums 110 cm,  M izm\u0113rs  Ra\u017eots Grie\u0137ij\u0101,  Ir viet\u0101.  Produkta kods: IGR-2200    Mink coat with hood  chocolate color,  With a belt  Length 110 cm,  Size M  Made in Greece,  Is in place.  Product code: IGR-2200  &nbsp;\" \/>\n<meta name=\"robots\" content=\"index, follow, max-snippet:-1, max-image-preview:large, max-video-preview:-1\" \/>\n<link rel=\"canonical\" href=\"https:\/\/www.meha.lv\/shop\/\u043d\u043e\u0440\u043a\u043e\u0432\u0430\u044f-\u0448\u0443\u0431\u0430-\u0441-\u043a\u0430\u043f\u044e\u0448\u043e\u043d\u043e\u043c-\u0446\u0432\u0435\u0442-\u0448\u043e\u043a\u043e\u043b\u0430\/\" \/>\n<meta property=\"og:locale\" content=\"et_EE\" \/>\n<meta property=\"og:type\" content=\"article\" \/>\n<meta property=\"og:title\" content=\"(\u0420\u0443\u0441\u0441\u043a\u0438\u0439) \u041d\u043e\u0440\u043a\u043e\u0432\u0430\u044f \u0448\u0443\u0431\u0430 \u0441 \u043a\u0430\u043f\u044e\u0448\u043e\u043d\u043e\u043c, \u0446\u0432\u0435\u0442 \u0448\u043e\u043a\u043e\u043b\u0430\u0434, \u0441 \u043f\u043e\u044f\u0441\u043e\u043c | (\u0420\u0443\u0441\u0441\u043a\u0438\u0439) \u0428\u0443\u0431\u044b \u0438 \u0448\u0430\u043f\u043a\u0438 \u0432 \u041b\u0430\u0442\u0432\u0438\u0438 \u0432 \u0420\u0438\u0433\u0435\" \/>\n<meta property=\"og:description\" content=\"\u00a0\u00a0\u041d\u043e\u0440\u043a\u043e\u0432\u0430\u044f \u0448\u0443\u0431\u0430 \u0441 \u043a\u0430\u043f\u044e\u0448\u043e\u043d\u043e\u043c  \u0426\u0432\u0435\u0442 \u0448\u043e\u043a\u043e\u043b\u0430\u0434,  \u0421 \u043f\u043e\u044f\u0441\u043e\u043c,  \u0414\u043b\u0438\u043d\u0430 110 \u0441\u043c,  \u0420\u0430\u0437\u043c\u0435\u0440 \u041c.  \u041f\u0440\u043e\u0438\u0437\u0432\u043e\u0434\u0441\u0442\u0432\u043e \u0413\u0440\u0435\u0446\u0438\u044f,  \u0415\u0441\u0442\u044c \u043d\u0430 \u043c\u0435\u0441\u0442\u0435.  \u041a\u043e\u0434 \u0442\u043e\u0432\u0430\u0440\u0430: IGR-2200    \u016adeles m\u0113telis ar kapuci  \u0161okol\u0101des kr\u0101sa,  Ar jostu  garums 110 cm,  M izm\u0113rs  Ra\u017eots Grie\u0137ij\u0101,  Ir viet\u0101.  Produkta kods: IGR-2200    Mink coat with hood  chocolate color,  With a belt  Length 110 cm,  Size M  Made in Greece,  Is in place.  Product code: IGR-2200  &nbsp;\" \/>\n<meta property=\"og:url\" content=\"https:\/\/www.meha.lv\/shop\/\u043d\u043e\u0440\u043a\u043e\u0432\u0430\u044f-\u0448\u0443\u0431\u0430-\u0441-\u043a\u0430\u043f\u044e\u0448\u043e\u043d\u043e\u043c-\u0446\u0432\u0435\u0442-\u0448\u043e\u043a\u043e\u043b\u0430\/\" \/>\n<meta property=\"og:site_name\" content=\"(\u0420\u0443\u0441\u0441\u043a\u0438\u0439) \u0428\u0443\u0431\u044b \u0438 \u0448\u0430\u043f\u043a\u0438 \u0432 \u041b\u0430\u0442\u0432\u0438\u0438 \u0432 \u0420\u0438\u0433\u0435\" \/>\n<meta property=\"article:modified_time\" content=\"2025-05-20T17:31:09+00:00\" \/>\n<meta property=\"og:image\" content=\"https:\/\/www.meha.lv\/wp-content\/uploads\/2023\/01\/IMG-20230124-WA0001.jpg\" \/>\n\t<meta property=\"og:image:width\" content=\"1200\" \/>\n\t<meta property=\"og:image:height\" content=\"1600\" \/>\n\t<meta property=\"og:image:type\" content=\"image\/jpeg\" \/>\n<meta name=\"twitter:card\" content=\"summary_large_image\" \/>\n<script type=\"application\/ld+json\" class=\"yoast-schema-graph\">{\"@context\":\"https:\/\/schema.org\",\"@graph\":[{\"@type\":\"WebPage\",\"@id\":\"https:\/\/www.meha.lv\/shop\/%d0%bd%d0%be%d1%80%d0%ba%d0%be%d0%b2%d0%b0%d1%8f-%d1%88%d1%83%d0%b1%d0%b0-%d1%81-%d0%ba%d0%b0%d0%bf%d1%8e%d1%88%d0%be%d0%bd%d0%be%d0%bc-%d1%86%d0%b2%d0%b5%d1%82-%d1%88%d0%be%d0%ba%d0%be%d0%bb%d0%b0\/\",\"url\":\"https:\/\/www.meha.lv\/shop\/%d0%bd%d0%be%d1%80%d0%ba%d0%be%d0%b2%d0%b0%d1%8f-%d1%88%d1%83%d0%b1%d0%b0-%d1%81-%d0%ba%d0%b0%d0%bf%d1%8e%d1%88%d0%be%d0%bd%d0%be%d0%bc-%d1%86%d0%b2%d0%b5%d1%82-%d1%88%d0%be%d0%ba%d0%be%d0%bb%d0%b0\/\",\"name\":\"(\u0420\u0443\u0441\u0441\u043a\u0438\u0439) \u041d\u043e\u0440\u043a\u043e\u0432\u0430\u044f \u0448\u0443\u0431\u0430 \u0441 \u043a\u0430\u043f\u044e\u0448\u043e\u043d\u043e\u043c, \u0446\u0432\u0435\u0442 \u0448\u043e\u043a\u043e\u043b\u0430\u0434, \u0441 \u043f\u043e\u044f\u0441\u043e\u043c | (\u0420\u0443\u0441\u0441\u043a\u0438\u0439) \u0428\u0443\u0431\u044b \u0438 \u0448\u0430\u043f\u043a\u0438 \u0432 \u041b\u0430\u0442\u0432\u0438\u0438 \u0432 \u0420\u0438\u0433\u0435\",\"isPartOf\":{\"@id\":\"https:\/\/www.meha.lv\/#website\"},\"primaryImageOfPage\":{\"@id\":\"https:\/\/www.meha.lv\/shop\/%d0%bd%d0%be%d1%80%d0%ba%d0%be%d0%b2%d0%b0%d1%8f-%d1%88%d1%83%d0%b1%d0%b0-%d1%81-%d0%ba%d0%b0%d0%bf%d1%8e%d1%88%d0%be%d0%bd%d0%be%d0%bc-%d1%86%d0%b2%d0%b5%d1%82-%d1%88%d0%be%d0%ba%d0%be%d0%bb%d0%b0\/#primaryimage\"},\"image\":{\"@id\":\"https:\/\/www.meha.lv\/shop\/%d0%bd%d0%be%d1%80%d0%ba%d0%be%d0%b2%d0%b0%d1%8f-%d1%88%d1%83%d0%b1%d0%b0-%d1%81-%d0%ba%d0%b0%d0%bf%d1%8e%d1%88%d0%be%d0%bd%d0%be%d0%bc-%d1%86%d0%b2%d0%b5%d1%82-%d1%88%d0%be%d0%ba%d0%be%d0%bb%d0%b0\/#primaryimage\"},\"thumbnailUrl\":\"https:\/\/www.meha.lv\/wp-content\/uploads\/2023\/01\/IMG-20230124-WA0001.jpg\",\"datePublished\":\"2023-01-25T13:53:15+00:00\",\"dateModified\":\"2025-05-20T17:31:09+00:00\",\"description\":\"\u00a0\u00a0\u041d\u043e\u0440\u043a\u043e\u0432\u0430\u044f \u0448\u0443\u0431\u0430 \u0441 \u043a\u0430\u043f\u044e\u0448\u043e\u043d\u043e\u043c \u0426\u0432\u0435\u0442 \u0448\u043e\u043a\u043e\u043b\u0430\u0434, \u0421 \u043f\u043e\u044f\u0441\u043e\u043c, \u0414\u043b\u0438\u043d\u0430 110 \u0441\u043c, \u0420\u0430\u0437\u043c\u0435\u0440 \u041c. \u041f\u0440\u043e\u0438\u0437\u0432\u043e\u0434\u0441\u0442\u0432\u043e \u0413\u0440\u0435\u0446\u0438\u044f, \u0415\u0441\u0442\u044c \u043d\u0430 \u043c\u0435\u0441\u0442\u0435. \u041a\u043e\u0434 \u0442\u043e\u0432\u0430\u0440\u0430: IGR-2200 \u016adeles m\u0113telis ar kapuci \u0161okol\u0101des kr\u0101sa, Ar jostu garums 110 cm, M izm\u0113rs Ra\u017eots Grie\u0137ij\u0101, Ir viet\u0101. Produkta kods: IGR-2200 Mink coat with hood chocolate color, With a belt Length 110 cm, Size M Made in Greece, Is in place. Product code: IGR-2200 &nbsp;\",\"breadcrumb\":{\"@id\":\"https:\/\/www.meha.lv\/shop\/%d0%bd%d0%be%d1%80%d0%ba%d0%be%d0%b2%d0%b0%d1%8f-%d1%88%d1%83%d0%b1%d0%b0-%d1%81-%d0%ba%d0%b0%d0%bf%d1%8e%d1%88%d0%be%d0%bd%d0%be%d0%bc-%d1%86%d0%b2%d0%b5%d1%82-%d1%88%d0%be%d0%ba%d0%be%d0%bb%d0%b0\/#breadcrumb\"},\"inLanguage\":\"et\",\"potentialAction\":[{\"@type\":\"ReadAction\",\"target\":[\"https:\/\/www.meha.lv\/shop\/%d0%bd%d0%be%d1%80%d0%ba%d0%be%d0%b2%d0%b0%d1%8f-%d1%88%d1%83%d0%b1%d0%b0-%d1%81-%d0%ba%d0%b0%d0%bf%d1%8e%d1%88%d0%be%d0%bd%d0%be%d0%bc-%d1%86%d0%b2%d0%b5%d1%82-%d1%88%d0%be%d0%ba%d0%be%d0%bb%d0%b0\/\"]}]},{\"@type\":\"ImageObject\",\"inLanguage\":\"et\",\"@id\":\"https:\/\/www.meha.lv\/shop\/%d0%bd%d0%be%d1%80%d0%ba%d0%be%d0%b2%d0%b0%d1%8f-%d1%88%d1%83%d0%b1%d0%b0-%d1%81-%d0%ba%d0%b0%d0%bf%d1%8e%d1%88%d0%be%d0%bd%d0%be%d0%bc-%d1%86%d0%b2%d0%b5%d1%82-%d1%88%d0%be%d0%ba%d0%be%d0%bb%d0%b0\/#primaryimage\",\"url\":\"https:\/\/www.meha.lv\/wp-content\/uploads\/2023\/01\/IMG-20230124-WA0001.jpg\",\"contentUrl\":\"https:\/\/www.meha.lv\/wp-content\/uploads\/2023\/01\/IMG-20230124-WA0001.jpg\",\"width\":1200,\"height\":1600,\"caption\":\"\u041d\u043e\u0440\u043a\u043e\u0432\u0430\u044f \u0448\u0443\u0431\u0430 \u0441 \u043a\u0430\u043f\u044e\u0448\u043e\u043d\u043e\u043c, \u0446\u0432\u0435\u0442 \u0448\u043e\u043a\u043e\u043b\u0430\u0434, \u0441 \u043f\u043e\u044f\u0441\u043e\u043c\"},{\"@type\":\"BreadcrumbList\",\"@id\":\"https:\/\/www.meha.lv\/shop\/%d0%bd%d0%be%d1%80%d0%ba%d0%be%d0%b2%d0%b0%d1%8f-%d1%88%d1%83%d0%b1%d0%b0-%d1%81-%d0%ba%d0%b0%d0%bf%d1%8e%d1%88%d0%be%d0%bd%d0%be%d0%bc-%d1%86%d0%b2%d0%b5%d1%82-%d1%88%d0%be%d0%ba%d0%be%d0%bb%d0%b0\/#breadcrumb\",\"itemListElement\":[{\"@type\":\"ListItem\",\"position\":1,\"name\":\"Galvena\",\"item\":\"https:\/\/www.meha.lv\/\"},{\"@type\":\"ListItem\",\"position\":2,\"name\":\"Ka\u017eoku interneta veikals\",\"item\":\"https:\/\/www.meha.lv\/internet-magazin-sgub-i-mehovih-izdelis\/\"},{\"@type\":\"ListItem\",\"position\":3,\"name\":\"\u041f\u043e\u043b\u0443\u0448\u0443\u0431\u043a\u0438\",\"item\":\"https:\/\/www.meha.lv\/product-category\/polushubki\/\"},{\"@type\":\"ListItem\",\"position\":4,\"name\":\"\u041d\u043e\u0440\u043a\u043e\u0432\u0430\u044f \u0448\u0443\u0431\u0430 \u0441 \u043a\u0430\u043f\u044e\u0448\u043e\u043d\u043e\u043c, \u0446\u0432\u0435\u0442 \u0448\u043e\u043a\u043e\u043b\u0430\u0434, \u0441 \u043f\u043e\u044f\u0441\u043e\u043c\"}]},{\"@type\":\"WebSite\",\"@id\":\"https:\/\/www.meha.lv\/#website\",\"url\":\"https:\/\/www.meha.lv\/\",\"name\":\"(\u0420\u0443\u0441\u0441\u043a\u0438\u0439) \u0428\u0443\u0431\u044b \u0438 \u0448\u0430\u043f\u043a\u0438 \u0432 \u041b\u0430\u0442\u0432\u0438\u0438 \u0432 \u0420\u0438\u0433\u0435\",\"description\":\"(\u0420\u0443\u0441\u0441\u043a\u0438\u0439) \u041c\u0430\u0433\u0430\u0437\u0438\u043d \u0448\u0443\u0431 \u0438 \u0448\u0430\u043f\u043e\u043a \u0438\u0437 \u043d\u043e\u0440\u043a\u0438, \u0431\u043e\u0431\u0440\u0430, \u043a\u0443\u043d\u0438\u0446\u044b, \u043b\u0438\u0441\u044b,\u043a\u0430\u0440\u0430\u043a\u0443\u043b\u044c\u0447\u0438, \u043b\u0430\u043c\u044b, \u0448\u0438\u043d\u0448\u0438\u043b\u043b\u044b, \u043f\u043e\u043d\u0438 \u0438 \u0447\u0435\u0440\u043d\u043e\u0431\u0443\u0440\u043a\u0438.\",\"publisher\":{\"@id\":\"https:\/\/www.meha.lv\/#organization\"},\"potentialAction\":[{\"@type\":\"SearchAction\",\"target\":{\"@type\":\"EntryPoint\",\"urlTemplate\":\"https:\/\/www.meha.lv\/?s={search_term_string}\"},\"query-input\":{\"@type\":\"PropertyValueSpecification\",\"valueRequired\":true,\"valueName\":\"search_term_string\"}}],\"inLanguage\":\"et\"},{\"@type\":\"Organization\",\"@id\":\"https:\/\/www.meha.lv\/#organization\",\"name\":\"Ik \\\"Holidays group\\\"\",\"url\":\"https:\/\/www.meha.lv\/\",\"logo\":{\"@type\":\"ImageObject\",\"inLanguage\":\"et\",\"@id\":\"https:\/\/www.meha.lv\/#\/schema\/logo\/image\/\",\"url\":\"https:\/\/www.meha.lv\/wp-content\/uploads\/2018\/12\/DSC_4476.jpg\",\"contentUrl\":\"https:\/\/www.meha.lv\/wp-content\/uploads\/2018\/12\/DSC_4476.jpg\",\"width\":2048,\"height\":1363,\"caption\":\"Ik \\\"Holidays group\\\"\"},\"image\":{\"@id\":\"https:\/\/www.meha.lv\/#\/schema\/logo\/image\/\"}}]}<\/script>\n<!-- \/ Yoast SEO plugin. -->","yoast_head_json":{"title":"(\u0420\u0443\u0441\u0441\u043a\u0438\u0439) \u041d\u043e\u0440\u043a\u043e\u0432\u0430\u044f \u0448\u0443\u0431\u0430 \u0441 \u043a\u0430\u043f\u044e\u0448\u043e\u043d\u043e\u043c, \u0446\u0432\u0435\u0442 \u0448\u043e\u043a\u043e\u043b\u0430\u0434, \u0441 \u043f\u043e\u044f\u0441\u043e\u043c | (\u0420\u0443\u0441\u0441\u043a\u0438\u0439) \u0428\u0443\u0431\u044b \u0438 \u0448\u0430\u043f\u043a\u0438 \u0432 \u041b\u0430\u0442\u0432\u0438\u0438 \u0432 \u0420\u0438\u0433\u0435","description":"\u00a0\u00a0\u041d\u043e\u0440\u043a\u043e\u0432\u0430\u044f \u0448\u0443\u0431\u0430 \u0441 \u043a\u0430\u043f\u044e\u0448\u043e\u043d\u043e\u043c  \u0426\u0432\u0435\u0442 \u0448\u043e\u043a\u043e\u043b\u0430\u0434,  \u0421 \u043f\u043e\u044f\u0441\u043e\u043c,  \u0414\u043b\u0438\u043d\u0430 110 \u0441\u043c,  \u0420\u0430\u0437\u043c\u0435\u0440 \u041c.  \u041f\u0440\u043e\u0438\u0437\u0432\u043e\u0434\u0441\u0442\u0432\u043e \u0413\u0440\u0435\u0446\u0438\u044f,  \u0415\u0441\u0442\u044c \u043d\u0430 \u043c\u0435\u0441\u0442\u0435.  \u041a\u043e\u0434 \u0442\u043e\u0432\u0430\u0440\u0430: IGR-2200    \u016adeles m\u0113telis ar kapuci  \u0161okol\u0101des kr\u0101sa,  Ar jostu  garums 110 cm,  M izm\u0113rs  Ra\u017eots Grie\u0137ij\u0101,  Ir viet\u0101.  Produkta kods: IGR-2200    Mink coat with hood  chocolate color,  With a belt  Length 110 cm,  Size M  Made in Greece,  Is in place.  Product code: IGR-2200  &nbsp;","robots":{"index":"index","follow":"follow","max-snippet":"max-snippet:-1","max-image-preview":"max-image-preview:large","max-video-preview":"max-video-preview:-1"},"canonical":"https:\/\/www.meha.lv\/shop\/\u043d\u043e\u0440\u043a\u043e\u0432\u0430\u044f-\u0448\u0443\u0431\u0430-\u0441-\u043a\u0430\u043f\u044e\u0448\u043e\u043d\u043e\u043c-\u0446\u0432\u0435\u0442-\u0448\u043e\u043a\u043e\u043b\u0430\/","og_locale":"et_EE","og_type":"article","og_title":"(\u0420\u0443\u0441\u0441\u043a\u0438\u0439) \u041d\u043e\u0440\u043a\u043e\u0432\u0430\u044f \u0448\u0443\u0431\u0430 \u0441 \u043a\u0430\u043f\u044e\u0448\u043e\u043d\u043e\u043c, \u0446\u0432\u0435\u0442 \u0448\u043e\u043a\u043e\u043b\u0430\u0434, \u0441 \u043f\u043e\u044f\u0441\u043e\u043c | (\u0420\u0443\u0441\u0441\u043a\u0438\u0439) \u0428\u0443\u0431\u044b \u0438 \u0448\u0430\u043f\u043a\u0438 \u0432 \u041b\u0430\u0442\u0432\u0438\u0438 \u0432 \u0420\u0438\u0433\u0435","og_description":"\u00a0\u00a0\u041d\u043e\u0440\u043a\u043e\u0432\u0430\u044f \u0448\u0443\u0431\u0430 \u0441 \u043a\u0430\u043f\u044e\u0448\u043e\u043d\u043e\u043c  \u0426\u0432\u0435\u0442 \u0448\u043e\u043a\u043e\u043b\u0430\u0434,  \u0421 \u043f\u043e\u044f\u0441\u043e\u043c,  \u0414\u043b\u0438\u043d\u0430 110 \u0441\u043c,  \u0420\u0430\u0437\u043c\u0435\u0440 \u041c.  \u041f\u0440\u043e\u0438\u0437\u0432\u043e\u0434\u0441\u0442\u0432\u043e \u0413\u0440\u0435\u0446\u0438\u044f,  \u0415\u0441\u0442\u044c \u043d\u0430 \u043c\u0435\u0441\u0442\u0435.  \u041a\u043e\u0434 \u0442\u043e\u0432\u0430\u0440\u0430: IGR-2200    \u016adeles m\u0113telis ar kapuci  \u0161okol\u0101des kr\u0101sa,  Ar jostu  garums 110 cm,  M izm\u0113rs  Ra\u017eots Grie\u0137ij\u0101,  Ir viet\u0101.  Produkta kods: IGR-2200    Mink coat with hood  chocolate color,  With a belt  Length 110 cm,  Size M  Made in Greece,  Is in place.  Product code: IGR-2200  &nbsp;","og_url":"https:\/\/www.meha.lv\/shop\/\u043d\u043e\u0440\u043a\u043e\u0432\u0430\u044f-\u0448\u0443\u0431\u0430-\u0441-\u043a\u0430\u043f\u044e\u0448\u043e\u043d\u043e\u043c-\u0446\u0432\u0435\u0442-\u0448\u043e\u043a\u043e\u043b\u0430\/","og_site_name":"(\u0420\u0443\u0441\u0441\u043a\u0438\u0439) \u0428\u0443\u0431\u044b \u0438 \u0448\u0430\u043f\u043a\u0438 \u0432 \u041b\u0430\u0442\u0432\u0438\u0438 \u0432 \u0420\u0438\u0433\u0435","article_modified_time":"2025-05-20T17:31:09+00:00","og_image":[{"width":1200,"height":1600,"url":"https:\/\/www.meha.lv\/wp-content\/uploads\/2023\/01\/IMG-20230124-WA0001.jpg","type":"image\/jpeg"}],"twitter_card":"summary_large_image","schema":{"@context":"https:\/\/schema.org","@graph":[{"@type":"WebPage","@id":"https:\/\/www.meha.lv\/shop\/%d0%bd%d0%be%d1%80%d0%ba%d0%be%d0%b2%d0%b0%d1%8f-%d1%88%d1%83%d0%b1%d0%b0-%d1%81-%d0%ba%d0%b0%d0%bf%d1%8e%d1%88%d0%be%d0%bd%d0%be%d0%bc-%d1%86%d0%b2%d0%b5%d1%82-%d1%88%d0%be%d0%ba%d0%be%d0%bb%d0%b0\/","url":"https:\/\/www.meha.lv\/shop\/%d0%bd%d0%be%d1%80%d0%ba%d0%be%d0%b2%d0%b0%d1%8f-%d1%88%d1%83%d0%b1%d0%b0-%d1%81-%d0%ba%d0%b0%d0%bf%d1%8e%d1%88%d0%be%d0%bd%d0%be%d0%bc-%d1%86%d0%b2%d0%b5%d1%82-%d1%88%d0%be%d0%ba%d0%be%d0%bb%d0%b0\/","name":"(\u0420\u0443\u0441\u0441\u043a\u0438\u0439) \u041d\u043e\u0440\u043a\u043e\u0432\u0430\u044f \u0448\u0443\u0431\u0430 \u0441 \u043a\u0430\u043f\u044e\u0448\u043e\u043d\u043e\u043c, \u0446\u0432\u0435\u0442 \u0448\u043e\u043a\u043e\u043b\u0430\u0434, \u0441 \u043f\u043e\u044f\u0441\u043e\u043c | (\u0420\u0443\u0441\u0441\u043a\u0438\u0439) \u0428\u0443\u0431\u044b \u0438 \u0448\u0430\u043f\u043a\u0438 \u0432 \u041b\u0430\u0442\u0432\u0438\u0438 \u0432 \u0420\u0438\u0433\u0435","isPartOf":{"@id":"https:\/\/www.meha.lv\/#website"},"primaryImageOfPage":{"@id":"https:\/\/www.meha.lv\/shop\/%d0%bd%d0%be%d1%80%d0%ba%d0%be%d0%b2%d0%b0%d1%8f-%d1%88%d1%83%d0%b1%d0%b0-%d1%81-%d0%ba%d0%b0%d0%bf%d1%8e%d1%88%d0%be%d0%bd%d0%be%d0%bc-%d1%86%d0%b2%d0%b5%d1%82-%d1%88%d0%be%d0%ba%d0%be%d0%bb%d0%b0\/#primaryimage"},"image":{"@id":"https:\/\/www.meha.lv\/shop\/%d0%bd%d0%be%d1%80%d0%ba%d0%be%d0%b2%d0%b0%d1%8f-%d1%88%d1%83%d0%b1%d0%b0-%d1%81-%d0%ba%d0%b0%d0%bf%d1%8e%d1%88%d0%be%d0%bd%d0%be%d0%bc-%d1%86%d0%b2%d0%b5%d1%82-%d1%88%d0%be%d0%ba%d0%be%d0%bb%d0%b0\/#primaryimage"},"thumbnailUrl":"https:\/\/www.meha.lv\/wp-content\/uploads\/2023\/01\/IMG-20230124-WA0001.jpg","datePublished":"2023-01-25T13:53:15+00:00","dateModified":"2025-05-20T17:31:09+00:00","description":"\u00a0\u00a0\u041d\u043e\u0440\u043a\u043e\u0432\u0430\u044f \u0448\u0443\u0431\u0430 \u0441 \u043a\u0430\u043f\u044e\u0448\u043e\u043d\u043e\u043c \u0426\u0432\u0435\u0442 \u0448\u043e\u043a\u043e\u043b\u0430\u0434, \u0421 \u043f\u043e\u044f\u0441\u043e\u043c, \u0414\u043b\u0438\u043d\u0430 110 \u0441\u043c, \u0420\u0430\u0437\u043c\u0435\u0440 \u041c. \u041f\u0440\u043e\u0438\u0437\u0432\u043e\u0434\u0441\u0442\u0432\u043e \u0413\u0440\u0435\u0446\u0438\u044f, \u0415\u0441\u0442\u044c \u043d\u0430 \u043c\u0435\u0441\u0442\u0435. \u041a\u043e\u0434 \u0442\u043e\u0432\u0430\u0440\u0430: IGR-2200 \u016adeles m\u0113telis ar kapuci \u0161okol\u0101des kr\u0101sa, Ar jostu garums 110 cm, M izm\u0113rs Ra\u017eots Grie\u0137ij\u0101, Ir viet\u0101. Produkta kods: IGR-2200 Mink coat with hood chocolate color, With a belt Length 110 cm, Size M Made in Greece, Is in place. Product code: IGR-2200 &nbsp;","breadcrumb":{"@id":"https:\/\/www.meha.lv\/shop\/%d0%bd%d0%be%d1%80%d0%ba%d0%be%d0%b2%d0%b0%d1%8f-%d1%88%d1%83%d0%b1%d0%b0-%d1%81-%d0%ba%d0%b0%d0%bf%d1%8e%d1%88%d0%be%d0%bd%d0%be%d0%bc-%d1%86%d0%b2%d0%b5%d1%82-%d1%88%d0%be%d0%ba%d0%be%d0%bb%d0%b0\/#breadcrumb"},"inLanguage":"et","potentialAction":[{"@type":"ReadAction","target":["https:\/\/www.meha.lv\/shop\/%d0%bd%d0%be%d1%80%d0%ba%d0%be%d0%b2%d0%b0%d1%8f-%d1%88%d1%83%d0%b1%d0%b0-%d1%81-%d0%ba%d0%b0%d0%bf%d1%8e%d1%88%d0%be%d0%bd%d0%be%d0%bc-%d1%86%d0%b2%d0%b5%d1%82-%d1%88%d0%be%d0%ba%d0%be%d0%bb%d0%b0\/"]}]},{"@type":"ImageObject","inLanguage":"et","@id":"https:\/\/www.meha.lv\/shop\/%d0%bd%d0%be%d1%80%d0%ba%d0%be%d0%b2%d0%b0%d1%8f-%d1%88%d1%83%d0%b1%d0%b0-%d1%81-%d0%ba%d0%b0%d0%bf%d1%8e%d1%88%d0%be%d0%bd%d0%be%d0%bc-%d1%86%d0%b2%d0%b5%d1%82-%d1%88%d0%be%d0%ba%d0%be%d0%bb%d0%b0\/#primaryimage","url":"https:\/\/www.meha.lv\/wp-content\/uploads\/2023\/01\/IMG-20230124-WA0001.jpg","contentUrl":"https:\/\/www.meha.lv\/wp-content\/uploads\/2023\/01\/IMG-20230124-WA0001.jpg","width":1200,"height":1600,"caption":"\u041d\u043e\u0440\u043a\u043e\u0432\u0430\u044f \u0448\u0443\u0431\u0430 \u0441 \u043a\u0430\u043f\u044e\u0448\u043e\u043d\u043e\u043c, \u0446\u0432\u0435\u0442 \u0448\u043e\u043a\u043e\u043b\u0430\u0434, \u0441 \u043f\u043e\u044f\u0441\u043e\u043c"},{"@type":"BreadcrumbList","@id":"https:\/\/www.meha.lv\/shop\/%d0%bd%d0%be%d1%80%d0%ba%d0%be%d0%b2%d0%b0%d1%8f-%d1%88%d1%83%d0%b1%d0%b0-%d1%81-%d0%ba%d0%b0%d0%bf%d1%8e%d1%88%d0%be%d0%bd%d0%be%d0%bc-%d1%86%d0%b2%d0%b5%d1%82-%d1%88%d0%be%d0%ba%d0%be%d0%bb%d0%b0\/#breadcrumb","itemListElement":[{"@type":"ListItem","position":1,"name":"Galvena","item":"https:\/\/www.meha.lv\/"},{"@type":"ListItem","position":2,"name":"Ka\u017eoku interneta veikals","item":"https:\/\/www.meha.lv\/internet-magazin-sgub-i-mehovih-izdelis\/"},{"@type":"ListItem","position":3,"name":"\u041f\u043e\u043b\u0443\u0448\u0443\u0431\u043a\u0438","item":"https:\/\/www.meha.lv\/product-category\/polushubki\/"},{"@type":"ListItem","position":4,"name":"\u041d\u043e\u0440\u043a\u043e\u0432\u0430\u044f \u0448\u0443\u0431\u0430 \u0441 \u043a\u0430\u043f\u044e\u0448\u043e\u043d\u043e\u043c, \u0446\u0432\u0435\u0442 \u0448\u043e\u043a\u043e\u043b\u0430\u0434, \u0441 \u043f\u043e\u044f\u0441\u043e\u043c"}]},{"@type":"WebSite","@id":"https:\/\/www.meha.lv\/#website","url":"https:\/\/www.meha.lv\/","name":"(\u0420\u0443\u0441\u0441\u043a\u0438\u0439) \u0428\u0443\u0431\u044b \u0438 \u0448\u0430\u043f\u043a\u0438 \u0432 \u041b\u0430\u0442\u0432\u0438\u0438 \u0432 \u0420\u0438\u0433\u0435","description":"(\u0420\u0443\u0441\u0441\u043a\u0438\u0439) \u041c\u0430\u0433\u0430\u0437\u0438\u043d \u0448\u0443\u0431 \u0438 \u0448\u0430\u043f\u043e\u043a \u0438\u0437 \u043d\u043e\u0440\u043a\u0438, \u0431\u043e\u0431\u0440\u0430, \u043a\u0443\u043d\u0438\u0446\u044b, \u043b\u0438\u0441\u044b,\u043a\u0430\u0440\u0430\u043a\u0443\u043b\u044c\u0447\u0438, \u043b\u0430\u043c\u044b, \u0448\u0438\u043d\u0448\u0438\u043b\u043b\u044b, \u043f\u043e\u043d\u0438 \u0438 \u0447\u0435\u0440\u043d\u043e\u0431\u0443\u0440\u043a\u0438.","publisher":{"@id":"https:\/\/www.meha.lv\/#organization"},"potentialAction":[{"@type":"SearchAction","target":{"@type":"EntryPoint","urlTemplate":"https:\/\/www.meha.lv\/?s={search_term_string}"},"query-input":{"@type":"PropertyValueSpecification","valueRequired":true,"valueName":"search_term_string"}}],"inLanguage":"et"},{"@type":"Organization","@id":"https:\/\/www.meha.lv\/#organization","name":"Ik \"Holidays group\"","url":"https:\/\/www.meha.lv\/","logo":{"@type":"ImageObject","inLanguage":"et","@id":"https:\/\/www.meha.lv\/#\/schema\/logo\/image\/","url":"https:\/\/www.meha.lv\/wp-content\/uploads\/2018\/12\/DSC_4476.jpg","contentUrl":"https:\/\/www.meha.lv\/wp-content\/uploads\/2018\/12\/DSC_4476.jpg","width":2048,"height":1363,"caption":"Ik \"Holidays group\""},"image":{"@id":"https:\/\/www.meha.lv\/#\/schema\/logo\/image\/"}}]}},"_links":{"self":[{"href":"https:\/\/www.meha.lv\/et\/wp-json\/wp\/v2\/product\/2465","targetHints":{"allow":["GET"]}}],"collection":[{"href":"https:\/\/www.meha.lv\/et\/wp-json\/wp\/v2\/product"}],"about":[{"href":"https:\/\/www.meha.lv\/et\/wp-json\/wp\/v2\/types\/product"}],"replies":[{"embeddable":true,"href":"https:\/\/www.meha.lv\/et\/wp-json\/wp\/v2\/comments?post=2465"}],"wp:featuredmedia":[{"embeddable":true,"href":"https:\/\/www.meha.lv\/et\/wp-json\/wp\/v2\/media\/2456"}],"wp:attachment":[{"href":"https:\/\/www.meha.lv\/et\/wp-json\/wp\/v2\/media?parent=2465"}],"wp:term":[{"taxonomy":"product_brand","embeddable":true,"href":"https:\/\/www.meha.lv\/et\/wp-json\/wp\/v2\/product_brand?post=2465"},{"taxonomy":"product_cat","embeddable":true,"href":"https:\/\/www.meha.lv\/et\/wp-json\/wp\/v2\/product_cat?post=2465"},{"taxonomy":"product_tag","embeddable":true,"href":"https:\/\/www.meha.lv\/et\/wp-json\/wp\/v2\/product_tag?post=2465"}],"curies":[{"name":"wp","href":"https:\/\/api.w.org\/{rel}","templated":true}]}}