{"id":2921,"date":"2024-12-18T13:21:17","date_gmt":"2024-12-18T10:21:17","guid":{"rendered":"https:\/\/www.meha.lv\/?post_type=product&#038;p=2921"},"modified":"2025-11-20T14:53:56","modified_gmt":"2025-11-20T11:53:56","slug":"eleganta-sieviesu-ausaine-no-udelu-kazokadas-un-zamsa-valriekstu-krasa","status":"publish","type":"product","link":"https:\/\/www.meha.lv\/en\/shop\/eleganta-sieviesu-ausaine-no-udelu-kazokadas-un-zamsa-valriekstu-krasa\/","title":{"rendered":"Elegant Women\u2019s Mink Fur and Suede Ushanka, Walnut Color"},"content":{"rendered":"<p><\/p>\n<h2>Elegant Women\u2019s Mink Fur and Suede Ushanka, Walnut Color<\/h2>\n<p>Discover the perfect blend of luxury and practicality! This ushanka made of natural mink fur in a noble walnut shade is complemented by exquisite suede inserts, creating an unmatched style.<\/p>\n<ul>\n<li><strong>Material:<\/strong> natural mink fur and high-quality soft suede.<\/li>\n<li><strong>Design:<\/strong> classic ushanka with modern accents.<\/li>\n<li><strong>Color:<\/strong> warm walnut shade, ideal for the winter season.<\/li>\n<li><strong>Comfort:<\/strong> reliably protects against cold, keeping you warm even on the coldest days.<\/li>\n<li><strong>Perfect Choice:<\/strong> for walks, festive events, and everyday wear.<\/li>\n<\/ul>\n<p>Add a touch of elegance to your winter wardrobe!<\/p>\n<p><em>Available in various sizes.<\/em><\/p>\n<p>","protected":false},"excerpt":{"rendered":"<p>Elegant Women\u2019s Mink Fur and Suede Ushanka, Walnut Color Discover the perfect blend of luxury and practicality! This ushanka made of natural mink fur in a noble walnut shade is complemented by exquisite suede inserts, creating an unmatched style. Material: natural mink fur and high-quality soft suede. Design: classic ushanka with modern accents. Color: warm [&hellip;]<\/p>\n","protected":false},"featured_media":2922,"comment_status":"open","ping_status":"closed","template":"","meta":[],"product_brand":[],"product_cat":[31,48,15,9,62],"product_tag":[],"class_list":{"0":"post-2921","1":"product","2":"type-product","3":"status-publish","4":"has-post-thumbnail","6":"product_cat-mehovye-shapki-kupitj-v-rige","7":"product_cat-sieviesu-cepures","8":"product_cat-izdelija-iz-norki","9":"product_cat-shuby","10":"product_cat-ideji-dlja-podarkov-na-novyj-god","12":"first","13":"instock","14":"taxable","15":"shipping-taxable","16":"product-type-simple"},"yoast_head":"<!-- This site is optimized with the Yoast SEO plugin v26.5 - https:\/\/yoast.com\/wordpress\/plugins\/seo\/ -->\n<title>Elegant Women\u2019s Mink Fur and Suede Ushanka, Walnut Color | Furs online shop<\/title>\n<meta name=\"description\" content=\"(Latvie\u0161u valoda) \u042d\u043b\u0435\u0433\u0430\u043d\u0442\u043d\u0430\u044f \u0436\u0435\u043d\u0441\u043a\u0430\u044f \u0443\u0448\u0430\u043d\u043a\u0430 \u0438\u0437 \u043d\u043e\u0440\u043a\u0438 \u0438 \u0437\u0430\u043c\u0448\u0438, \u0446\u0432\u0435\u0442 \u00ab\u043e\u0440\u0435\u0445\u00bb \u041e\u0442\u043a\u0440\u043e\u0439\u0442\u0435 \u0434\u043b\u044f \u0441\u0435\u0431\u044f \u0438\u0434\u0435\u0430\u043b\u044c\u043d\u043e\u0435 \u0441\u043e\u0447\u0435\u0442\u0430\u043d\u0438\u0435 \u0440\u043e\u0441\u043a\u043e\u0448\u0438 \u0438 \u043f\u0440\u0430\u043a\u0442\u0438\u0447\u043d\u043e\u0441\u0442\u0438! \u0423\u0448\u0430\u043d\u043a\u0430 \u0438\u0437 \u043d\u0430\u0442\u0443\u0440\u0430\u043b\u044c\u043d\u043e\u0433\u043e \u043c\u0435\u0445\u0430 \u043d\u043e\u0440\u043a\u0438 \u0432 Eleganta ausaine no \u016bde\u013cu ka\u017eok\u0101das un zam\u0161a valriekstu ton\u012b. Grezn\u012bba un siltums ziemas sezonai. Pieejams da\u017e\u0101dos izm\u0113ros.\" \/>\n<meta name=\"robots\" content=\"index, follow, max-snippet:-1, max-image-preview:large, max-video-preview:-1\" \/>\n<link rel=\"canonical\" href=\"https:\/\/www.meha.lv\/shop\/eleganta-sieviesu-ausaine-no-udelu-kazokadas-un-zamsa-valriekstu-krasa\/\" \/>\n<meta property=\"og:locale\" content=\"en_US\" \/>\n<meta property=\"og:type\" content=\"article\" \/>\n<meta property=\"og:title\" content=\"Elegant Women\u2019s Mink Fur and Suede Ushanka, Walnut Color | Furs online shop\" \/>\n<meta property=\"og:description\" content=\"\u042d\u043b\u0435\u0433\u0430\u043d\u0442\u043d\u0430\u044f \u0436\u0435\u043d\u0441\u043a\u0430\u044f \u0443\u0448\u0430\u043d\u043a\u0430 \u0438\u0437 \u043d\u043e\u0440\u043a\u0438 \u0438 \u0437\u0430\u043c\u0448\u0438, \u0446\u0432\u0435\u0442 \u00ab\u043e\u0440\u0435\u0445\u00bb \u041e\u0442\u043a\u0440\u043e\u0439\u0442\u0435 \u0434\u043b\u044f \u0441\u0435\u0431\u044f \u0438\u0434\u0435\u0430\u043b\u044c\u043d\u043e\u0435 \u0441\u043e\u0447\u0435\u0442\u0430\u043d\u0438\u0435 \u0440\u043e\u0441\u043a\u043e\u0448\u0438 \u0438 \u043f\u0440\u0430\u043a\u0442\u0438\u0447\u043d\u043e\u0441\u0442\u0438! \u0423\u0448\u0430\u043d\u043a\u0430 \u0438\u0437 \u043d\u0430\u0442\u0443\u0440\u0430\u043b\u044c\u043d\u043e\u0433\u043e \u043c\u0435\u0445\u0430 \u043d\u043e\u0440\u043a\u0438 \u0432 [:LV]Eleganta ausaine no \u016bde\u013cu ka\u017eok\u0101das un zam\u0161a valriekstu ton\u012b. Grezn\u012bba un siltums ziemas sezonai. Pieejams da\u017e\u0101dos izm\u0113ros.[:RU]\u042d\u043b\u0435\u0433\u0430\u043d\u0442\u043d\u0430\u044f \u0443\u0448\u0430\u043d\u043a\u0430 \u0438\u0437 \u043d\u043e\u0440\u043a\u0438 \u0438 \u0437\u0430\u043c\u0448\u0438 \u0432 \u0446\u0432\u0435\u0442\u0435 \u00ab\u041e\u0440\u0435\u0445\u00bb. \u0420\u043e\u0441\u043a\u043e\u0448\u044c, \u0441\u0442\u0438\u043b\u044c \u0438 \u0442\u0435\u043f\u043b\u043e \u0434\u043b\u044f \u0437\u0438\u043c\u043d\u0435\u0433\u043e \u0441\u0435\u0437\u043e\u043d\u0430. \u0414\u043e\u0441\u0442\u0443\u043f\u043d\u043e \u0434\u043b\u044f \u0437\u0430\u043a\u0430\u0437\u0430 \u0432 \u0440\u0430\u0437\u043b\u0438\u0447\u043d\u044b\u0445 \u0440\u0430\u0437\u043c\u0435\u0440\u0430\u0445.[:EN]Elegant mink fur and suede ushanka in walnut color. Luxury and warmth for the winter season. Available in various sizes.\" \/>\n<meta property=\"og:url\" content=\"https:\/\/www.meha.lv\/shop\/eleganta-sieviesu-ausaine-no-udelu-kazokadas-un-zamsa-valriekstu-krasa\/\" \/>\n<meta property=\"og:site_name\" content=\"Furs online shop\" \/>\n<meta property=\"article:modified_time\" content=\"2025-11-20T11:53:56+00:00\" \/>\n<meta property=\"og:image\" content=\"https:\/\/www.meha.lv\/wp-content\/uploads\/2024\/12\/\u0418\u0437\u043e\u0431\u0440\u0430\u0436\u0435\u043d\u0438\u0435-WhatsApp-2024-12-16-\u0432-09.51.57_c5ca0fd9.jpg\" \/>\n\t<meta property=\"og:image:width\" content=\"1536\" \/>\n\t<meta property=\"og:image:height\" content=\"2048\" \/>\n\t<meta property=\"og:image:type\" content=\"image\/jpeg\" \/>\n<meta name=\"twitter:card\" content=\"summary_large_image\" \/>\n<meta name=\"twitter:label1\" content=\"Est. reading time\" \/>\n\t<meta name=\"twitter:data1\" content=\"1 minute\" \/>\n<script type=\"application\/ld+json\" class=\"yoast-schema-graph\">{\"@context\":\"https:\/\/schema.org\",\"@graph\":[{\"@type\":\"WebPage\",\"@id\":\"https:\/\/www.meha.lv\/shop\/eleganta-sieviesu-ausaine-no-udelu-kazokadas-un-zamsa-valriekstu-krasa\/\",\"url\":\"https:\/\/www.meha.lv\/shop\/eleganta-sieviesu-ausaine-no-udelu-kazokadas-un-zamsa-valriekstu-krasa\/\",\"name\":\"Elegant Women\u2019s Mink Fur and Suede Ushanka, Walnut Color | Furs online shop\",\"isPartOf\":{\"@id\":\"https:\/\/www.meha.lv\/#website\"},\"primaryImageOfPage\":{\"@id\":\"https:\/\/www.meha.lv\/shop\/eleganta-sieviesu-ausaine-no-udelu-kazokadas-un-zamsa-valriekstu-krasa\/#primaryimage\"},\"image\":{\"@id\":\"https:\/\/www.meha.lv\/shop\/eleganta-sieviesu-ausaine-no-udelu-kazokadas-un-zamsa-valriekstu-krasa\/#primaryimage\"},\"thumbnailUrl\":\"https:\/\/www.meha.lv\/wp-content\/uploads\/2024\/12\/\u0418\u0437\u043e\u0431\u0440\u0430\u0436\u0435\u043d\u0438\u0435-WhatsApp-2024-12-16-\u0432-09.51.57_c5ca0fd9.jpg\",\"datePublished\":\"2024-12-18T10:21:17+00:00\",\"dateModified\":\"2025-11-20T11:53:56+00:00\",\"description\":\"\u042d\u043b\u0435\u0433\u0430\u043d\u0442\u043d\u0430\u044f \u0436\u0435\u043d\u0441\u043a\u0430\u044f \u0443\u0448\u0430\u043d\u043a\u0430 \u0438\u0437 \u043d\u043e\u0440\u043a\u0438 \u0438 \u0437\u0430\u043c\u0448\u0438, \u0446\u0432\u0435\u0442 \u00ab\u043e\u0440\u0435\u0445\u00bb \u041e\u0442\u043a\u0440\u043e\u0439\u0442\u0435 \u0434\u043b\u044f \u0441\u0435\u0431\u044f \u0438\u0434\u0435\u0430\u043b\u044c\u043d\u043e\u0435 \u0441\u043e\u0447\u0435\u0442\u0430\u043d\u0438\u0435 \u0440\u043e\u0441\u043a\u043e\u0448\u0438 \u0438 \u043f\u0440\u0430\u043a\u0442\u0438\u0447\u043d\u043e\u0441\u0442\u0438! \u0423\u0448\u0430\u043d\u043a\u0430 \u0438\u0437 \u043d\u0430\u0442\u0443\u0440\u0430\u043b\u044c\u043d\u043e\u0433\u043e \u043c\u0435\u0445\u0430 \u043d\u043e\u0440\u043a\u0438 \u0432 [:LV]Eleganta ausaine no \u016bde\u013cu ka\u017eok\u0101das un zam\u0161a valriekstu ton\u012b. Grezn\u012bba un siltums ziemas sezonai. Pieejams da\u017e\u0101dos izm\u0113ros.[:RU]\u042d\u043b\u0435\u0433\u0430\u043d\u0442\u043d\u0430\u044f \u0443\u0448\u0430\u043d\u043a\u0430 \u0438\u0437 \u043d\u043e\u0440\u043a\u0438 \u0438 \u0437\u0430\u043c\u0448\u0438 \u0432 \u0446\u0432\u0435\u0442\u0435 \u00ab\u041e\u0440\u0435\u0445\u00bb. \u0420\u043e\u0441\u043a\u043e\u0448\u044c, \u0441\u0442\u0438\u043b\u044c \u0438 \u0442\u0435\u043f\u043b\u043e \u0434\u043b\u044f \u0437\u0438\u043c\u043d\u0435\u0433\u043e \u0441\u0435\u0437\u043e\u043d\u0430. \u0414\u043e\u0441\u0442\u0443\u043f\u043d\u043e \u0434\u043b\u044f \u0437\u0430\u043a\u0430\u0437\u0430 \u0432 \u0440\u0430\u0437\u043b\u0438\u0447\u043d\u044b\u0445 \u0440\u0430\u0437\u043c\u0435\u0440\u0430\u0445.[:EN]Elegant mink fur and suede ushanka in walnut color. Luxury and warmth for the winter season. Available in various sizes.\",\"breadcrumb\":{\"@id\":\"https:\/\/www.meha.lv\/shop\/eleganta-sieviesu-ausaine-no-udelu-kazokadas-un-zamsa-valriekstu-krasa\/#breadcrumb\"},\"inLanguage\":\"en-US\",\"potentialAction\":[{\"@type\":\"ReadAction\",\"target\":[\"https:\/\/www.meha.lv\/shop\/eleganta-sieviesu-ausaine-no-udelu-kazokadas-un-zamsa-valriekstu-krasa\/\"]}]},{\"@type\":\"ImageObject\",\"inLanguage\":\"en-US\",\"@id\":\"https:\/\/www.meha.lv\/shop\/eleganta-sieviesu-ausaine-no-udelu-kazokadas-un-zamsa-valriekstu-krasa\/#primaryimage\",\"url\":\"https:\/\/www.meha.lv\/wp-content\/uploads\/2024\/12\/\u0418\u0437\u043e\u0431\u0440\u0430\u0436\u0435\u043d\u0438\u0435-WhatsApp-2024-12-16-\u0432-09.51.57_c5ca0fd9.jpg\",\"contentUrl\":\"https:\/\/www.meha.lv\/wp-content\/uploads\/2024\/12\/\u0418\u0437\u043e\u0431\u0440\u0430\u0436\u0435\u043d\u0438\u0435-WhatsApp-2024-12-16-\u0432-09.51.57_c5ca0fd9.jpg\",\"width\":1536,\"height\":2048,\"caption\":\"mink ushanka, women\u2019s hat, winter accessories\"},{\"@type\":\"BreadcrumbList\",\"@id\":\"https:\/\/www.meha.lv\/shop\/eleganta-sieviesu-ausaine-no-udelu-kazokadas-un-zamsa-valriekstu-krasa\/#breadcrumb\",\"itemListElement\":[{\"@type\":\"ListItem\",\"position\":1,\"name\":\"Galvena\",\"item\":\"https:\/\/www.meha.lv\/\"},{\"@type\":\"ListItem\",\"position\":2,\"name\":\"Ka\u017eoku interneta veikals\",\"item\":\"https:\/\/www.meha.lv\/internet-magazin-sgub-i-mehovih-izdelis\/\"},{\"@type\":\"ListItem\",\"position\":3,\"name\":\"[:ru]\u043c\u0435\u0445\u043e\u0432\u044b\u0435 \u0448\u0430\u043f\u043a\u0438[:LV] ka\u017eok\u0101du cepures veikals\",\"item\":\"https:\/\/www.meha.lv\/product-category\/mehovye-shapki-kupitj-v-rige\/\"},{\"@type\":\"ListItem\",\"position\":4,\"name\":\"Eleganta sievie\u0161u ausaine no \u016bde\u013cu ka\u017eok\u0101das un zam\u0161a, valriekstu kr\u0101sa\"}]},{\"@type\":\"WebSite\",\"@id\":\"https:\/\/www.meha.lv\/#website\",\"url\":\"https:\/\/www.meha.lv\/\",\"name\":\"Furs online shop\",\"description\":\"Fur coat online shop in Riga (Latvia)\",\"publisher\":{\"@id\":\"https:\/\/www.meha.lv\/#organization\"},\"potentialAction\":[{\"@type\":\"SearchAction\",\"target\":{\"@type\":\"EntryPoint\",\"urlTemplate\":\"https:\/\/www.meha.lv\/?s={search_term_string}\"},\"query-input\":{\"@type\":\"PropertyValueSpecification\",\"valueRequired\":true,\"valueName\":\"search_term_string\"}}],\"inLanguage\":\"en-US\"},{\"@type\":\"Organization\",\"@id\":\"https:\/\/www.meha.lv\/#organization\",\"name\":\"Ik \\\"Holidays group\\\"\",\"url\":\"https:\/\/www.meha.lv\/\",\"logo\":{\"@type\":\"ImageObject\",\"inLanguage\":\"en-US\",\"@id\":\"https:\/\/www.meha.lv\/#\/schema\/logo\/image\/\",\"url\":\"https:\/\/www.meha.lv\/wp-content\/uploads\/2018\/12\/DSC_4476.jpg\",\"contentUrl\":\"https:\/\/www.meha.lv\/wp-content\/uploads\/2018\/12\/DSC_4476.jpg\",\"width\":2048,\"height\":1363,\"caption\":\"Ik \\\"Holidays group\\\"\"},\"image\":{\"@id\":\"https:\/\/www.meha.lv\/#\/schema\/logo\/image\/\"}}]}<\/script>\n<!-- \/ Yoast SEO plugin. -->","yoast_head_json":{"title":"Elegant Women\u2019s Mink Fur and Suede Ushanka, Walnut Color | Furs online shop","description":"(Latvie\u0161u valoda) \u042d\u043b\u0435\u0433\u0430\u043d\u0442\u043d\u0430\u044f \u0436\u0435\u043d\u0441\u043a\u0430\u044f \u0443\u0448\u0430\u043d\u043a\u0430 \u0438\u0437 \u043d\u043e\u0440\u043a\u0438 \u0438 \u0437\u0430\u043c\u0448\u0438, \u0446\u0432\u0435\u0442 \u00ab\u043e\u0440\u0435\u0445\u00bb \u041e\u0442\u043a\u0440\u043e\u0439\u0442\u0435 \u0434\u043b\u044f \u0441\u0435\u0431\u044f \u0438\u0434\u0435\u0430\u043b\u044c\u043d\u043e\u0435 \u0441\u043e\u0447\u0435\u0442\u0430\u043d\u0438\u0435 \u0440\u043e\u0441\u043a\u043e\u0448\u0438 \u0438 \u043f\u0440\u0430\u043a\u0442\u0438\u0447\u043d\u043e\u0441\u0442\u0438! \u0423\u0448\u0430\u043d\u043a\u0430 \u0438\u0437 \u043d\u0430\u0442\u0443\u0440\u0430\u043b\u044c\u043d\u043e\u0433\u043e \u043c\u0435\u0445\u0430 \u043d\u043e\u0440\u043a\u0438 \u0432 Eleganta ausaine no \u016bde\u013cu ka\u017eok\u0101das un zam\u0161a valriekstu ton\u012b. Grezn\u012bba un siltums ziemas sezonai. Pieejams da\u017e\u0101dos izm\u0113ros.","robots":{"index":"index","follow":"follow","max-snippet":"max-snippet:-1","max-image-preview":"max-image-preview:large","max-video-preview":"max-video-preview:-1"},"canonical":"https:\/\/www.meha.lv\/shop\/eleganta-sieviesu-ausaine-no-udelu-kazokadas-un-zamsa-valriekstu-krasa\/","og_locale":"en_US","og_type":"article","og_title":"Elegant Women\u2019s Mink Fur and Suede Ushanka, Walnut Color | Furs online shop","og_description":"\u042d\u043b\u0435\u0433\u0430\u043d\u0442\u043d\u0430\u044f \u0436\u0435\u043d\u0441\u043a\u0430\u044f \u0443\u0448\u0430\u043d\u043a\u0430 \u0438\u0437 \u043d\u043e\u0440\u043a\u0438 \u0438 \u0437\u0430\u043c\u0448\u0438, \u0446\u0432\u0435\u0442 \u00ab\u043e\u0440\u0435\u0445\u00bb \u041e\u0442\u043a\u0440\u043e\u0439\u0442\u0435 \u0434\u043b\u044f \u0441\u0435\u0431\u044f \u0438\u0434\u0435\u0430\u043b\u044c\u043d\u043e\u0435 \u0441\u043e\u0447\u0435\u0442\u0430\u043d\u0438\u0435 \u0440\u043e\u0441\u043a\u043e\u0448\u0438 \u0438 \u043f\u0440\u0430\u043a\u0442\u0438\u0447\u043d\u043e\u0441\u0442\u0438! \u0423\u0448\u0430\u043d\u043a\u0430 \u0438\u0437 \u043d\u0430\u0442\u0443\u0440\u0430\u043b\u044c\u043d\u043e\u0433\u043e \u043c\u0435\u0445\u0430 \u043d\u043e\u0440\u043a\u0438 \u0432 [:LV]Eleganta ausaine no \u016bde\u013cu ka\u017eok\u0101das un zam\u0161a valriekstu ton\u012b. Grezn\u012bba un siltums ziemas sezonai. Pieejams da\u017e\u0101dos izm\u0113ros.[:RU]\u042d\u043b\u0435\u0433\u0430\u043d\u0442\u043d\u0430\u044f \u0443\u0448\u0430\u043d\u043a\u0430 \u0438\u0437 \u043d\u043e\u0440\u043a\u0438 \u0438 \u0437\u0430\u043c\u0448\u0438 \u0432 \u0446\u0432\u0435\u0442\u0435 \u00ab\u041e\u0440\u0435\u0445\u00bb. \u0420\u043e\u0441\u043a\u043e\u0448\u044c, \u0441\u0442\u0438\u043b\u044c \u0438 \u0442\u0435\u043f\u043b\u043e \u0434\u043b\u044f \u0437\u0438\u043c\u043d\u0435\u0433\u043e \u0441\u0435\u0437\u043e\u043d\u0430. \u0414\u043e\u0441\u0442\u0443\u043f\u043d\u043e \u0434\u043b\u044f \u0437\u0430\u043a\u0430\u0437\u0430 \u0432 \u0440\u0430\u0437\u043b\u0438\u0447\u043d\u044b\u0445 \u0440\u0430\u0437\u043c\u0435\u0440\u0430\u0445.[:EN]Elegant mink fur and suede ushanka in walnut color. Luxury and warmth for the winter season. Available in various sizes.","og_url":"https:\/\/www.meha.lv\/shop\/eleganta-sieviesu-ausaine-no-udelu-kazokadas-un-zamsa-valriekstu-krasa\/","og_site_name":"Furs online shop","article_modified_time":"2025-11-20T11:53:56+00:00","og_image":[{"width":1536,"height":2048,"url":"https:\/\/www.meha.lv\/wp-content\/uploads\/2024\/12\/\u0418\u0437\u043e\u0431\u0440\u0430\u0436\u0435\u043d\u0438\u0435-WhatsApp-2024-12-16-\u0432-09.51.57_c5ca0fd9.jpg","type":"image\/jpeg"}],"twitter_card":"summary_large_image","twitter_misc":{"Est. reading time":"1 minute"},"schema":{"@context":"https:\/\/schema.org","@graph":[{"@type":"WebPage","@id":"https:\/\/www.meha.lv\/shop\/eleganta-sieviesu-ausaine-no-udelu-kazokadas-un-zamsa-valriekstu-krasa\/","url":"https:\/\/www.meha.lv\/shop\/eleganta-sieviesu-ausaine-no-udelu-kazokadas-un-zamsa-valriekstu-krasa\/","name":"Elegant Women\u2019s Mink Fur and Suede Ushanka, Walnut Color | Furs online shop","isPartOf":{"@id":"https:\/\/www.meha.lv\/#website"},"primaryImageOfPage":{"@id":"https:\/\/www.meha.lv\/shop\/eleganta-sieviesu-ausaine-no-udelu-kazokadas-un-zamsa-valriekstu-krasa\/#primaryimage"},"image":{"@id":"https:\/\/www.meha.lv\/shop\/eleganta-sieviesu-ausaine-no-udelu-kazokadas-un-zamsa-valriekstu-krasa\/#primaryimage"},"thumbnailUrl":"https:\/\/www.meha.lv\/wp-content\/uploads\/2024\/12\/\u0418\u0437\u043e\u0431\u0440\u0430\u0436\u0435\u043d\u0438\u0435-WhatsApp-2024-12-16-\u0432-09.51.57_c5ca0fd9.jpg","datePublished":"2024-12-18T10:21:17+00:00","dateModified":"2025-11-20T11:53:56+00:00","description":"\u042d\u043b\u0435\u0433\u0430\u043d\u0442\u043d\u0430\u044f \u0436\u0435\u043d\u0441\u043a\u0430\u044f \u0443\u0448\u0430\u043d\u043a\u0430 \u0438\u0437 \u043d\u043e\u0440\u043a\u0438 \u0438 \u0437\u0430\u043c\u0448\u0438, \u0446\u0432\u0435\u0442 \u00ab\u043e\u0440\u0435\u0445\u00bb \u041e\u0442\u043a\u0440\u043e\u0439\u0442\u0435 \u0434\u043b\u044f \u0441\u0435\u0431\u044f \u0438\u0434\u0435\u0430\u043b\u044c\u043d\u043e\u0435 \u0441\u043e\u0447\u0435\u0442\u0430\u043d\u0438\u0435 \u0440\u043e\u0441\u043a\u043e\u0448\u0438 \u0438 \u043f\u0440\u0430\u043a\u0442\u0438\u0447\u043d\u043e\u0441\u0442\u0438! \u0423\u0448\u0430\u043d\u043a\u0430 \u0438\u0437 \u043d\u0430\u0442\u0443\u0440\u0430\u043b\u044c\u043d\u043e\u0433\u043e \u043c\u0435\u0445\u0430 \u043d\u043e\u0440\u043a\u0438 \u0432 [:LV]Eleganta ausaine no \u016bde\u013cu ka\u017eok\u0101das un zam\u0161a valriekstu ton\u012b. Grezn\u012bba un siltums ziemas sezonai. Pieejams da\u017e\u0101dos izm\u0113ros.[:RU]\u042d\u043b\u0435\u0433\u0430\u043d\u0442\u043d\u0430\u044f \u0443\u0448\u0430\u043d\u043a\u0430 \u0438\u0437 \u043d\u043e\u0440\u043a\u0438 \u0438 \u0437\u0430\u043c\u0448\u0438 \u0432 \u0446\u0432\u0435\u0442\u0435 \u00ab\u041e\u0440\u0435\u0445\u00bb. \u0420\u043e\u0441\u043a\u043e\u0448\u044c, \u0441\u0442\u0438\u043b\u044c \u0438 \u0442\u0435\u043f\u043b\u043e \u0434\u043b\u044f \u0437\u0438\u043c\u043d\u0435\u0433\u043e \u0441\u0435\u0437\u043e\u043d\u0430. \u0414\u043e\u0441\u0442\u0443\u043f\u043d\u043e \u0434\u043b\u044f \u0437\u0430\u043a\u0430\u0437\u0430 \u0432 \u0440\u0430\u0437\u043b\u0438\u0447\u043d\u044b\u0445 \u0440\u0430\u0437\u043c\u0435\u0440\u0430\u0445.[:EN]Elegant mink fur and suede ushanka in walnut color. Luxury and warmth for the winter season. Available in various sizes.","breadcrumb":{"@id":"https:\/\/www.meha.lv\/shop\/eleganta-sieviesu-ausaine-no-udelu-kazokadas-un-zamsa-valriekstu-krasa\/#breadcrumb"},"inLanguage":"en-US","potentialAction":[{"@type":"ReadAction","target":["https:\/\/www.meha.lv\/shop\/eleganta-sieviesu-ausaine-no-udelu-kazokadas-un-zamsa-valriekstu-krasa\/"]}]},{"@type":"ImageObject","inLanguage":"en-US","@id":"https:\/\/www.meha.lv\/shop\/eleganta-sieviesu-ausaine-no-udelu-kazokadas-un-zamsa-valriekstu-krasa\/#primaryimage","url":"https:\/\/www.meha.lv\/wp-content\/uploads\/2024\/12\/\u0418\u0437\u043e\u0431\u0440\u0430\u0436\u0435\u043d\u0438\u0435-WhatsApp-2024-12-16-\u0432-09.51.57_c5ca0fd9.jpg","contentUrl":"https:\/\/www.meha.lv\/wp-content\/uploads\/2024\/12\/\u0418\u0437\u043e\u0431\u0440\u0430\u0436\u0435\u043d\u0438\u0435-WhatsApp-2024-12-16-\u0432-09.51.57_c5ca0fd9.jpg","width":1536,"height":2048,"caption":"mink ushanka, women\u2019s hat, winter accessories"},{"@type":"BreadcrumbList","@id":"https:\/\/www.meha.lv\/shop\/eleganta-sieviesu-ausaine-no-udelu-kazokadas-un-zamsa-valriekstu-krasa\/#breadcrumb","itemListElement":[{"@type":"ListItem","position":1,"name":"Galvena","item":"https:\/\/www.meha.lv\/"},{"@type":"ListItem","position":2,"name":"Ka\u017eoku interneta veikals","item":"https:\/\/www.meha.lv\/internet-magazin-sgub-i-mehovih-izdelis\/"},{"@type":"ListItem","position":3,"name":"[:ru]\u043c\u0435\u0445\u043e\u0432\u044b\u0435 \u0448\u0430\u043f\u043a\u0438[:LV] ka\u017eok\u0101du cepures veikals","item":"https:\/\/www.meha.lv\/product-category\/mehovye-shapki-kupitj-v-rige\/"},{"@type":"ListItem","position":4,"name":"Eleganta sievie\u0161u ausaine no \u016bde\u013cu ka\u017eok\u0101das un zam\u0161a, valriekstu kr\u0101sa"}]},{"@type":"WebSite","@id":"https:\/\/www.meha.lv\/#website","url":"https:\/\/www.meha.lv\/","name":"Furs online shop","description":"Fur coat online shop in Riga (Latvia)","publisher":{"@id":"https:\/\/www.meha.lv\/#organization"},"potentialAction":[{"@type":"SearchAction","target":{"@type":"EntryPoint","urlTemplate":"https:\/\/www.meha.lv\/?s={search_term_string}"},"query-input":{"@type":"PropertyValueSpecification","valueRequired":true,"valueName":"search_term_string"}}],"inLanguage":"en-US"},{"@type":"Organization","@id":"https:\/\/www.meha.lv\/#organization","name":"Ik \"Holidays group\"","url":"https:\/\/www.meha.lv\/","logo":{"@type":"ImageObject","inLanguage":"en-US","@id":"https:\/\/www.meha.lv\/#\/schema\/logo\/image\/","url":"https:\/\/www.meha.lv\/wp-content\/uploads\/2018\/12\/DSC_4476.jpg","contentUrl":"https:\/\/www.meha.lv\/wp-content\/uploads\/2018\/12\/DSC_4476.jpg","width":2048,"height":1363,"caption":"Ik \"Holidays group\""},"image":{"@id":"https:\/\/www.meha.lv\/#\/schema\/logo\/image\/"}}]}},"_links":{"self":[{"href":"https:\/\/www.meha.lv\/en\/wp-json\/wp\/v2\/product\/2921","targetHints":{"allow":["GET"]}}],"collection":[{"href":"https:\/\/www.meha.lv\/en\/wp-json\/wp\/v2\/product"}],"about":[{"href":"https:\/\/www.meha.lv\/en\/wp-json\/wp\/v2\/types\/product"}],"replies":[{"embeddable":true,"href":"https:\/\/www.meha.lv\/en\/wp-json\/wp\/v2\/comments?post=2921"}],"wp:featuredmedia":[{"embeddable":true,"href":"https:\/\/www.meha.lv\/en\/wp-json\/wp\/v2\/media\/2922"}],"wp:attachment":[{"href":"https:\/\/www.meha.lv\/en\/wp-json\/wp\/v2\/media?parent=2921"}],"wp:term":[{"taxonomy":"product_brand","embeddable":true,"href":"https:\/\/www.meha.lv\/en\/wp-json\/wp\/v2\/product_brand?post=2921"},{"taxonomy":"product_cat","embeddable":true,"href":"https:\/\/www.meha.lv\/en\/wp-json\/wp\/v2\/product_cat?post=2921"},{"taxonomy":"product_tag","embeddable":true,"href":"https:\/\/www.meha.lv\/en\/wp-json\/wp\/v2\/product_tag?post=2921"}],"curies":[{"name":"wp","href":"https:\/\/api.w.org\/{rel}","templated":true}]}}