{"id":2821,"date":"2024-10-07T09:57:32","date_gmt":"2024-10-07T06:57:32","guid":{"rendered":"https:\/\/www.meha.lv\/?post_type=product&#038;p=2821"},"modified":"2025-10-08T11:23:55","modified_gmt":"2025-10-08T08:23:55","slug":"zhenskaja-shapka-iz-meha-lisy","status":"publish","type":"product","link":"https:\/\/www.meha.lv\/en\/shop\/zhenskaja-shapka-iz-meha-lisy\/","title":{"rendered":"Women&#8217;s hat made of fox fur"},"content":{"rendered":"<p> A women\u2019s hat made of fox fur is the perfect choice for those who value refined style and impeccable quality. Embrace warmth and sophistication with an accessory that highlights your elegance during the winter season.<\/p>","protected":false},"excerpt":{"rendered":"<p>Women&#8217;s hat made of fox fur, genuine Leather<\/p>\n","protected":false},"featured_media":2854,"comment_status":"open","ping_status":"closed","template":"","meta":[],"product_brand":[],"product_cat":[31,48,16,9,62],"product_tag":[],"class_list":{"0":"post-2821","1":"product","2":"type-product","3":"status-publish","4":"has-post-thumbnail","6":"product_cat-mehovye-shapki-kupitj-v-rige","7":"product_cat-sieviesu-cepures","8":"product_cat-izdelija-iz-lisy","9":"product_cat-shuby","10":"product_cat-ideji-dlja-podarkov-na-novyj-god","12":"first","13":"instock","14":"sale","15":"taxable","16":"shipping-taxable","17":"purchasable","18":"product-type-simple"},"yoast_head":"<!-- This site is optimized with the Yoast SEO plugin v26.5 - https:\/\/yoast.com\/wordpress\/plugins\/seo\/ -->\n<title>Women&#039;s hat made of fox fur | Furs online shop<\/title>\n<meta name=\"description\" content=\"\u0416\u0435\u043d\u0441\u043a\u0430\u044f \u0448\u0430\u043f\u043a\u0430 \u0438\u0437 \u043c\u0435\u0445\u0430 \u043b\u0438\u0441\u044b, \u043d\u0430\u0442\u0443\u0440\u0430\u043b\u044c\u043d\u0430\u044f \u043a\u043e\u0436\u0430 Sievie\u0161u cepure no lapsas ka\u017eok\u0101das, \u012asta \u0101daWomen&#039;s hat made of fox fur, genuine Leather hat made of fox fur\u041c\u043e\u0436\u0435\u0448\u044c \u0441\u0434\u0435\u043b\u0430\u0442\u044c \u0440\u0435\u043a\u043b\u0430\u043c\u043d\u044b\u0439 \u0442\u0435\u043a\u0441\u0442 \u0434\u043b\u044f \u0441\u0430\u0439\u0442\u0430 meha.lv \u043d\u0430 \u0442\u0440\u0451\u0445 \u044f\u0437\u044b\u043a\u0430\u0445 \u0432 \u0441\u043a\u043e\u0431\u043a\u0430\u0445ChatGPT \u0441\u043a\u0430\u0437\u0430\u043b:ChatGPT Elegant women&#039;s hat made of natural fox fur \u2013 warmth, style, and luxury in every detail.\" \/>\n<meta name=\"robots\" content=\"index, follow, max-snippet:-1, max-image-preview:large, max-video-preview:-1\" \/>\n<link rel=\"canonical\" href=\"https:\/\/www.meha.lv\/shop\/zhenskaja-shapka-iz-meha-lisy\/\" \/>\n<meta property=\"og:locale\" content=\"en_US\" \/>\n<meta property=\"og:type\" content=\"article\" \/>\n<meta property=\"og:title\" content=\"Women&#039;s hat made of fox fur | Furs online shop\" \/>\n<meta property=\"og:description\" content=\"\u0416\u0435\u043d\u0441\u043a\u0430\u044f \u0448\u0430\u043f\u043a\u0430 \u0438\u0437 \u043c\u0435\u0445\u0430 \u043b\u0438\u0441\u044b, \u043d\u0430\u0442\u0443\u0440\u0430\u043b\u044c\u043d\u0430\u044f \u043a\u043e\u0436\u0430 Sievie\u0161u cepure no lapsas ka\u017eok\u0101das, \u012asta \u0101daWomen&#039;s hat made of fox fur, genuine Leather hat made of fox fur\u041c\u043e\u0436\u0435\u0448\u044c \u0441\u0434\u0435\u043b\u0430\u0442\u044c \u0440\u0435\u043a\u043b\u0430\u043c\u043d\u044b\u0439 \u0442\u0435\u043a\u0441\u0442 \u0434\u043b\u044f \u0441\u0430\u0439\u0442\u0430 meha.lv \u043d\u0430 \u0442\u0440\u0451\u0445 \u044f\u0437\u044b\u043a\u0430\u0445 \u0432 \u0441\u043a\u043e\u0431\u043a\u0430\u0445ChatGPT \u0441\u043a\u0430\u0437\u0430\u043b:ChatGPT[:ru] \u042d\u043b\u0435\u0433\u0430\u043d\u0442\u043d\u0430\u044f \u0436\u0435\u043d\u0441\u043a\u0430\u044f \u0448\u0430\u043f\u043a\u0430 \u0438\u0437 \u043d\u0430\u0442\u0443\u0440\u0430\u043b\u044c\u043d\u043e\u0433\u043e \u043c\u0435\u0445\u0430 \u043b\u0438\u0441\u044b \u2013 \u0442\u0435\u043f\u043b\u043e, \u0441\u0442\u0438\u043b\u044c \u0438 \u0440\u043e\u0441\u043a\u043e\u0448\u044c \u0432 \u043a\u0430\u0436\u0434\u043e\u0439 \u0434\u0435\u0442\u0430\u043b\u0438.[:lv] Eleganta sievie\u0161u cepure no dab\u012bgas lapsas ka\u017eok\u0101das \u2013 siltums, stils un grezn\u012bba ik deta\u013c\u0101.[:en] Elegant women&#039;s hat made of natural fox fur \u2013 warmth, style, and luxury in every detail.\" \/>\n<meta property=\"og:url\" content=\"https:\/\/www.meha.lv\/shop\/zhenskaja-shapka-iz-meha-lisy\/\" \/>\n<meta property=\"og:site_name\" content=\"Furs online shop\" \/>\n<meta property=\"article:modified_time\" content=\"2025-10-08T08:23:55+00:00\" \/>\n<meta property=\"og:image\" content=\"https:\/\/www.meha.lv\/wp-content\/uploads\/2024\/10\/WhatsApp-Image-2024-10-04-at-14.01.25_814fbb8d.jpg\" \/>\n\t<meta property=\"og:image:width\" content=\"1536\" \/>\n\t<meta property=\"og:image:height\" content=\"2048\" \/>\n\t<meta property=\"og:image:type\" content=\"image\/jpeg\" \/>\n<meta name=\"twitter:card\" content=\"summary_large_image\" \/>\n<script type=\"application\/ld+json\" class=\"yoast-schema-graph\">{\"@context\":\"https:\/\/schema.org\",\"@graph\":[{\"@type\":\"WebPage\",\"@id\":\"https:\/\/www.meha.lv\/shop\/zhenskaja-shapka-iz-meha-lisy\/\",\"url\":\"https:\/\/www.meha.lv\/shop\/zhenskaja-shapka-iz-meha-lisy\/\",\"name\":\"Women's hat made of fox fur | Furs online shop\",\"isPartOf\":{\"@id\":\"https:\/\/www.meha.lv\/#website\"},\"primaryImageOfPage\":{\"@id\":\"https:\/\/www.meha.lv\/shop\/zhenskaja-shapka-iz-meha-lisy\/#primaryimage\"},\"image\":{\"@id\":\"https:\/\/www.meha.lv\/shop\/zhenskaja-shapka-iz-meha-lisy\/#primaryimage\"},\"thumbnailUrl\":\"https:\/\/www.meha.lv\/wp-content\/uploads\/2024\/10\/WhatsApp-Image-2024-10-04-at-14.01.25_814fbb8d.jpg\",\"datePublished\":\"2024-10-07T06:57:32+00:00\",\"dateModified\":\"2025-10-08T08:23:55+00:00\",\"description\":\"\u0416\u0435\u043d\u0441\u043a\u0430\u044f \u0448\u0430\u043f\u043a\u0430 \u0438\u0437 \u043c\u0435\u0445\u0430 \u043b\u0438\u0441\u044b, \u043d\u0430\u0442\u0443\u0440\u0430\u043b\u044c\u043d\u0430\u044f \u043a\u043e\u0436\u0430 Sievie\u0161u cepure no lapsas ka\u017eok\u0101das, \u012asta \u0101daWomen's hat made of fox fur, genuine Leather hat made of fox fur\u041c\u043e\u0436\u0435\u0448\u044c \u0441\u0434\u0435\u043b\u0430\u0442\u044c \u0440\u0435\u043a\u043b\u0430\u043c\u043d\u044b\u0439 \u0442\u0435\u043a\u0441\u0442 \u0434\u043b\u044f \u0441\u0430\u0439\u0442\u0430 meha.lv \u043d\u0430 \u0442\u0440\u0451\u0445 \u044f\u0437\u044b\u043a\u0430\u0445 \u0432 \u0441\u043a\u043e\u0431\u043a\u0430\u0445ChatGPT \u0441\u043a\u0430\u0437\u0430\u043b:ChatGPT[:ru] \u042d\u043b\u0435\u0433\u0430\u043d\u0442\u043d\u0430\u044f \u0436\u0435\u043d\u0441\u043a\u0430\u044f \u0448\u0430\u043f\u043a\u0430 \u0438\u0437 \u043d\u0430\u0442\u0443\u0440\u0430\u043b\u044c\u043d\u043e\u0433\u043e \u043c\u0435\u0445\u0430 \u043b\u0438\u0441\u044b \u2013 \u0442\u0435\u043f\u043b\u043e, \u0441\u0442\u0438\u043b\u044c \u0438 \u0440\u043e\u0441\u043a\u043e\u0448\u044c \u0432 \u043a\u0430\u0436\u0434\u043e\u0439 \u0434\u0435\u0442\u0430\u043b\u0438.[:lv] Eleganta sievie\u0161u cepure no dab\u012bgas lapsas ka\u017eok\u0101das \u2013 siltums, stils un grezn\u012bba ik deta\u013c\u0101.[:en] Elegant women's hat made of natural fox fur \u2013 warmth, style, and luxury in every detail.\",\"breadcrumb\":{\"@id\":\"https:\/\/www.meha.lv\/shop\/zhenskaja-shapka-iz-meha-lisy\/#breadcrumb\"},\"inLanguage\":\"en-US\",\"potentialAction\":[{\"@type\":\"ReadAction\",\"target\":[\"https:\/\/www.meha.lv\/shop\/zhenskaja-shapka-iz-meha-lisy\/\"]}]},{\"@type\":\"ImageObject\",\"inLanguage\":\"en-US\",\"@id\":\"https:\/\/www.meha.lv\/shop\/zhenskaja-shapka-iz-meha-lisy\/#primaryimage\",\"url\":\"https:\/\/www.meha.lv\/wp-content\/uploads\/2024\/10\/WhatsApp-Image-2024-10-04-at-14.01.25_814fbb8d.jpg\",\"contentUrl\":\"https:\/\/www.meha.lv\/wp-content\/uploads\/2024\/10\/WhatsApp-Image-2024-10-04-at-14.01.25_814fbb8d.jpg\",\"width\":1536,\"height\":2048,\"caption\":\"\u0448\u0430\u043f\u043a\u0430 \u0438\u0437 \u043b\u0438\u0441\u044b \u0440\u044b\u0436\u0430\u044f\"},{\"@type\":\"BreadcrumbList\",\"@id\":\"https:\/\/www.meha.lv\/shop\/zhenskaja-shapka-iz-meha-lisy\/#breadcrumb\",\"itemListElement\":[{\"@type\":\"ListItem\",\"position\":1,\"name\":\"Galvena\",\"item\":\"https:\/\/www.meha.lv\/\"},{\"@type\":\"ListItem\",\"position\":2,\"name\":\"Ka\u017eoku interneta veikals\",\"item\":\"https:\/\/www.meha.lv\/internet-magazin-sgub-i-mehovih-izdelis\/\"},{\"@type\":\"ListItem\",\"position\":3,\"name\":\"[:ru]\u043c\u0435\u0445\u043e\u0432\u044b\u0435 \u0448\u0430\u043f\u043a\u0438[:LV] ka\u017eok\u0101du cepures veikals\",\"item\":\"https:\/\/www.meha.lv\/product-category\/mehovye-shapki-kupitj-v-rige\/\"},{\"@type\":\"ListItem\",\"position\":4,\"name\":\"\u0416\u0435\u043d\u0441\u043a\u0438\u0435 \u0448\u0430\u043f\u043a\u0438\",\"item\":\"https:\/\/www.meha.lv\/product-category\/mehovye-shapki-kupitj-v-rige\/sieviesu-cepures\/\"},{\"@type\":\"ListItem\",\"position\":5,\"name\":\"[:ru]\u0416\u0435\u043d\u0441\u043a\u0430\u044f \u0448\u0430\u043f\u043a\u0430 \u0438\u0437 \u043c\u0435\u0445\u0430 \u043b\u0438\u0441\u044b [:LV]Sievie\u0161u cepure no lapsas ka\u017eok\u0101das[:en]Women&#8217;s hat made of fox fur\"}]},{\"@type\":\"WebSite\",\"@id\":\"https:\/\/www.meha.lv\/#website\",\"url\":\"https:\/\/www.meha.lv\/\",\"name\":\"Furs online shop\",\"description\":\"Fur coat online shop in Riga (Latvia)\",\"publisher\":{\"@id\":\"https:\/\/www.meha.lv\/#organization\"},\"potentialAction\":[{\"@type\":\"SearchAction\",\"target\":{\"@type\":\"EntryPoint\",\"urlTemplate\":\"https:\/\/www.meha.lv\/?s={search_term_string}\"},\"query-input\":{\"@type\":\"PropertyValueSpecification\",\"valueRequired\":true,\"valueName\":\"search_term_string\"}}],\"inLanguage\":\"en-US\"},{\"@type\":\"Organization\",\"@id\":\"https:\/\/www.meha.lv\/#organization\",\"name\":\"Ik \\\"Holidays group\\\"\",\"url\":\"https:\/\/www.meha.lv\/\",\"logo\":{\"@type\":\"ImageObject\",\"inLanguage\":\"en-US\",\"@id\":\"https:\/\/www.meha.lv\/#\/schema\/logo\/image\/\",\"url\":\"https:\/\/www.meha.lv\/wp-content\/uploads\/2018\/12\/DSC_4476.jpg\",\"contentUrl\":\"https:\/\/www.meha.lv\/wp-content\/uploads\/2018\/12\/DSC_4476.jpg\",\"width\":2048,\"height\":1363,\"caption\":\"Ik \\\"Holidays group\\\"\"},\"image\":{\"@id\":\"https:\/\/www.meha.lv\/#\/schema\/logo\/image\/\"}}]}<\/script>\n<!-- \/ Yoast SEO plugin. -->","yoast_head_json":{"title":"Women's hat made of fox fur | Furs online shop","description":"\u0416\u0435\u043d\u0441\u043a\u0430\u044f \u0448\u0430\u043f\u043a\u0430 \u0438\u0437 \u043c\u0435\u0445\u0430 \u043b\u0438\u0441\u044b, \u043d\u0430\u0442\u0443\u0440\u0430\u043b\u044c\u043d\u0430\u044f \u043a\u043e\u0436\u0430 Sievie\u0161u cepure no lapsas ka\u017eok\u0101das, \u012asta \u0101daWomen's hat made of fox fur, genuine Leather hat made of fox fur\u041c\u043e\u0436\u0435\u0448\u044c \u0441\u0434\u0435\u043b\u0430\u0442\u044c \u0440\u0435\u043a\u043b\u0430\u043c\u043d\u044b\u0439 \u0442\u0435\u043a\u0441\u0442 \u0434\u043b\u044f \u0441\u0430\u0439\u0442\u0430 meha.lv \u043d\u0430 \u0442\u0440\u0451\u0445 \u044f\u0437\u044b\u043a\u0430\u0445 \u0432 \u0441\u043a\u043e\u0431\u043a\u0430\u0445ChatGPT \u0441\u043a\u0430\u0437\u0430\u043b:ChatGPT Elegant women's hat made of natural fox fur \u2013 warmth, style, and luxury in every detail.","robots":{"index":"index","follow":"follow","max-snippet":"max-snippet:-1","max-image-preview":"max-image-preview:large","max-video-preview":"max-video-preview:-1"},"canonical":"https:\/\/www.meha.lv\/shop\/zhenskaja-shapka-iz-meha-lisy\/","og_locale":"en_US","og_type":"article","og_title":"Women's hat made of fox fur | Furs online shop","og_description":"\u0416\u0435\u043d\u0441\u043a\u0430\u044f \u0448\u0430\u043f\u043a\u0430 \u0438\u0437 \u043c\u0435\u0445\u0430 \u043b\u0438\u0441\u044b, \u043d\u0430\u0442\u0443\u0440\u0430\u043b\u044c\u043d\u0430\u044f \u043a\u043e\u0436\u0430 Sievie\u0161u cepure no lapsas ka\u017eok\u0101das, \u012asta \u0101daWomen's hat made of fox fur, genuine Leather hat made of fox fur\u041c\u043e\u0436\u0435\u0448\u044c \u0441\u0434\u0435\u043b\u0430\u0442\u044c \u0440\u0435\u043a\u043b\u0430\u043c\u043d\u044b\u0439 \u0442\u0435\u043a\u0441\u0442 \u0434\u043b\u044f \u0441\u0430\u0439\u0442\u0430 meha.lv \u043d\u0430 \u0442\u0440\u0451\u0445 \u044f\u0437\u044b\u043a\u0430\u0445 \u0432 \u0441\u043a\u043e\u0431\u043a\u0430\u0445ChatGPT \u0441\u043a\u0430\u0437\u0430\u043b:ChatGPT[:ru] \u042d\u043b\u0435\u0433\u0430\u043d\u0442\u043d\u0430\u044f \u0436\u0435\u043d\u0441\u043a\u0430\u044f \u0448\u0430\u043f\u043a\u0430 \u0438\u0437 \u043d\u0430\u0442\u0443\u0440\u0430\u043b\u044c\u043d\u043e\u0433\u043e \u043c\u0435\u0445\u0430 \u043b\u0438\u0441\u044b \u2013 \u0442\u0435\u043f\u043b\u043e, \u0441\u0442\u0438\u043b\u044c \u0438 \u0440\u043e\u0441\u043a\u043e\u0448\u044c \u0432 \u043a\u0430\u0436\u0434\u043e\u0439 \u0434\u0435\u0442\u0430\u043b\u0438.[:lv] Eleganta sievie\u0161u cepure no dab\u012bgas lapsas ka\u017eok\u0101das \u2013 siltums, stils un grezn\u012bba ik deta\u013c\u0101.[:en] Elegant women's hat made of natural fox fur \u2013 warmth, style, and luxury in every detail.","og_url":"https:\/\/www.meha.lv\/shop\/zhenskaja-shapka-iz-meha-lisy\/","og_site_name":"Furs online shop","article_modified_time":"2025-10-08T08:23:55+00:00","og_image":[{"width":1536,"height":2048,"url":"https:\/\/www.meha.lv\/wp-content\/uploads\/2024\/10\/WhatsApp-Image-2024-10-04-at-14.01.25_814fbb8d.jpg","type":"image\/jpeg"}],"twitter_card":"summary_large_image","schema":{"@context":"https:\/\/schema.org","@graph":[{"@type":"WebPage","@id":"https:\/\/www.meha.lv\/shop\/zhenskaja-shapka-iz-meha-lisy\/","url":"https:\/\/www.meha.lv\/shop\/zhenskaja-shapka-iz-meha-lisy\/","name":"Women's hat made of fox fur | Furs online shop","isPartOf":{"@id":"https:\/\/www.meha.lv\/#website"},"primaryImageOfPage":{"@id":"https:\/\/www.meha.lv\/shop\/zhenskaja-shapka-iz-meha-lisy\/#primaryimage"},"image":{"@id":"https:\/\/www.meha.lv\/shop\/zhenskaja-shapka-iz-meha-lisy\/#primaryimage"},"thumbnailUrl":"https:\/\/www.meha.lv\/wp-content\/uploads\/2024\/10\/WhatsApp-Image-2024-10-04-at-14.01.25_814fbb8d.jpg","datePublished":"2024-10-07T06:57:32+00:00","dateModified":"2025-10-08T08:23:55+00:00","description":"\u0416\u0435\u043d\u0441\u043a\u0430\u044f \u0448\u0430\u043f\u043a\u0430 \u0438\u0437 \u043c\u0435\u0445\u0430 \u043b\u0438\u0441\u044b, \u043d\u0430\u0442\u0443\u0440\u0430\u043b\u044c\u043d\u0430\u044f \u043a\u043e\u0436\u0430 Sievie\u0161u cepure no lapsas ka\u017eok\u0101das, \u012asta \u0101daWomen's hat made of fox fur, genuine Leather hat made of fox fur\u041c\u043e\u0436\u0435\u0448\u044c \u0441\u0434\u0435\u043b\u0430\u0442\u044c \u0440\u0435\u043a\u043b\u0430\u043c\u043d\u044b\u0439 \u0442\u0435\u043a\u0441\u0442 \u0434\u043b\u044f \u0441\u0430\u0439\u0442\u0430 meha.lv \u043d\u0430 \u0442\u0440\u0451\u0445 \u044f\u0437\u044b\u043a\u0430\u0445 \u0432 \u0441\u043a\u043e\u0431\u043a\u0430\u0445ChatGPT \u0441\u043a\u0430\u0437\u0430\u043b:ChatGPT[:ru] \u042d\u043b\u0435\u0433\u0430\u043d\u0442\u043d\u0430\u044f \u0436\u0435\u043d\u0441\u043a\u0430\u044f \u0448\u0430\u043f\u043a\u0430 \u0438\u0437 \u043d\u0430\u0442\u0443\u0440\u0430\u043b\u044c\u043d\u043e\u0433\u043e \u043c\u0435\u0445\u0430 \u043b\u0438\u0441\u044b \u2013 \u0442\u0435\u043f\u043b\u043e, \u0441\u0442\u0438\u043b\u044c \u0438 \u0440\u043e\u0441\u043a\u043e\u0448\u044c \u0432 \u043a\u0430\u0436\u0434\u043e\u0439 \u0434\u0435\u0442\u0430\u043b\u0438.[:lv] Eleganta sievie\u0161u cepure no dab\u012bgas lapsas ka\u017eok\u0101das \u2013 siltums, stils un grezn\u012bba ik deta\u013c\u0101.[:en] Elegant women's hat made of natural fox fur \u2013 warmth, style, and luxury in every detail.","breadcrumb":{"@id":"https:\/\/www.meha.lv\/shop\/zhenskaja-shapka-iz-meha-lisy\/#breadcrumb"},"inLanguage":"en-US","potentialAction":[{"@type":"ReadAction","target":["https:\/\/www.meha.lv\/shop\/zhenskaja-shapka-iz-meha-lisy\/"]}]},{"@type":"ImageObject","inLanguage":"en-US","@id":"https:\/\/www.meha.lv\/shop\/zhenskaja-shapka-iz-meha-lisy\/#primaryimage","url":"https:\/\/www.meha.lv\/wp-content\/uploads\/2024\/10\/WhatsApp-Image-2024-10-04-at-14.01.25_814fbb8d.jpg","contentUrl":"https:\/\/www.meha.lv\/wp-content\/uploads\/2024\/10\/WhatsApp-Image-2024-10-04-at-14.01.25_814fbb8d.jpg","width":1536,"height":2048,"caption":"\u0448\u0430\u043f\u043a\u0430 \u0438\u0437 \u043b\u0438\u0441\u044b \u0440\u044b\u0436\u0430\u044f"},{"@type":"BreadcrumbList","@id":"https:\/\/www.meha.lv\/shop\/zhenskaja-shapka-iz-meha-lisy\/#breadcrumb","itemListElement":[{"@type":"ListItem","position":1,"name":"Galvena","item":"https:\/\/www.meha.lv\/"},{"@type":"ListItem","position":2,"name":"Ka\u017eoku interneta veikals","item":"https:\/\/www.meha.lv\/internet-magazin-sgub-i-mehovih-izdelis\/"},{"@type":"ListItem","position":3,"name":"[:ru]\u043c\u0435\u0445\u043e\u0432\u044b\u0435 \u0448\u0430\u043f\u043a\u0438[:LV] ka\u017eok\u0101du cepures veikals","item":"https:\/\/www.meha.lv\/product-category\/mehovye-shapki-kupitj-v-rige\/"},{"@type":"ListItem","position":4,"name":"\u0416\u0435\u043d\u0441\u043a\u0438\u0435 \u0448\u0430\u043f\u043a\u0438","item":"https:\/\/www.meha.lv\/product-category\/mehovye-shapki-kupitj-v-rige\/sieviesu-cepures\/"},{"@type":"ListItem","position":5,"name":"[:ru]\u0416\u0435\u043d\u0441\u043a\u0430\u044f \u0448\u0430\u043f\u043a\u0430 \u0438\u0437 \u043c\u0435\u0445\u0430 \u043b\u0438\u0441\u044b [:LV]Sievie\u0161u cepure no lapsas ka\u017eok\u0101das[:en]Women&#8217;s hat made of fox fur"}]},{"@type":"WebSite","@id":"https:\/\/www.meha.lv\/#website","url":"https:\/\/www.meha.lv\/","name":"Furs online shop","description":"Fur coat online shop in Riga (Latvia)","publisher":{"@id":"https:\/\/www.meha.lv\/#organization"},"potentialAction":[{"@type":"SearchAction","target":{"@type":"EntryPoint","urlTemplate":"https:\/\/www.meha.lv\/?s={search_term_string}"},"query-input":{"@type":"PropertyValueSpecification","valueRequired":true,"valueName":"search_term_string"}}],"inLanguage":"en-US"},{"@type":"Organization","@id":"https:\/\/www.meha.lv\/#organization","name":"Ik \"Holidays group\"","url":"https:\/\/www.meha.lv\/","logo":{"@type":"ImageObject","inLanguage":"en-US","@id":"https:\/\/www.meha.lv\/#\/schema\/logo\/image\/","url":"https:\/\/www.meha.lv\/wp-content\/uploads\/2018\/12\/DSC_4476.jpg","contentUrl":"https:\/\/www.meha.lv\/wp-content\/uploads\/2018\/12\/DSC_4476.jpg","width":2048,"height":1363,"caption":"Ik \"Holidays group\""},"image":{"@id":"https:\/\/www.meha.lv\/#\/schema\/logo\/image\/"}}]}},"_links":{"self":[{"href":"https:\/\/www.meha.lv\/en\/wp-json\/wp\/v2\/product\/2821","targetHints":{"allow":["GET"]}}],"collection":[{"href":"https:\/\/www.meha.lv\/en\/wp-json\/wp\/v2\/product"}],"about":[{"href":"https:\/\/www.meha.lv\/en\/wp-json\/wp\/v2\/types\/product"}],"replies":[{"embeddable":true,"href":"https:\/\/www.meha.lv\/en\/wp-json\/wp\/v2\/comments?post=2821"}],"wp:featuredmedia":[{"embeddable":true,"href":"https:\/\/www.meha.lv\/en\/wp-json\/wp\/v2\/media\/2854"}],"wp:attachment":[{"href":"https:\/\/www.meha.lv\/en\/wp-json\/wp\/v2\/media?parent=2821"}],"wp:term":[{"taxonomy":"product_brand","embeddable":true,"href":"https:\/\/www.meha.lv\/en\/wp-json\/wp\/v2\/product_brand?post=2821"},{"taxonomy":"product_cat","embeddable":true,"href":"https:\/\/www.meha.lv\/en\/wp-json\/wp\/v2\/product_cat?post=2821"},{"taxonomy":"product_tag","embeddable":true,"href":"https:\/\/www.meha.lv\/en\/wp-json\/wp\/v2\/product_tag?post=2821"}],"curies":[{"name":"wp","href":"https:\/\/api.w.org\/{rel}","templated":true}]}}