{"id":1209,"date":"2017-02-14T23:19:36","date_gmt":"2017-02-14T20:19:36","guid":{"rendered":"http:\/\/www.meha.lv\/?post_type=product&#038;p=1209"},"modified":"2023-10-30T12:11:01","modified_gmt":"2023-10-30T09:11:01","slug":"fur-coat-from-natural-rabbit","status":"publish","type":"product","link":"https:\/\/www.meha.lv\/en\/shop\/fur-coat-from-natural-rabbit\/","title":{"rendered":"Fur coat from natural rabbit"},"content":{"rendered":"","protected":false},"excerpt":{"rendered":"<p>Coat of natural rabbit in black with a hood on adolescent girls. (Small size).<\/p>\n","protected":false},"featured_media":1211,"comment_status":"open","ping_status":"closed","template":"","meta":[],"product_brand":[],"product_cat":[77,39,12],"product_tag":[],"class_list":{"0":"post-1209","1":"product","2":"type-product","3":"status-publish","4":"has-post-thumbnail","6":"product_cat-shuby-na-zakas","7":"product_cat-izdelija-iz-krolika","8":"product_cat-polushubki","10":"first","11":"onbackorder","12":"taxable","13":"shipping-taxable","14":"purchasable","15":"product-type-simple"},"yoast_head":"<!-- This site is optimized with the Yoast SEO plugin v26.5 - https:\/\/yoast.com\/wordpress\/plugins\/seo\/ -->\n<title>Fur coat from natural rabbit | Furs online shop<\/title>\n<meta name=\"description\" content=\"\u0428\u0443\u0431\u0430 \u0438\u0437 \u043d\u0430\u0442\u0443\u0440\u0430\u043b\u044c\u043d\u043e\u0433\u043e \u043a\u0440\u043e\u043b\u0438\u043a\u0430 \u0447\u0435\u0440\u043d\u043e\u0433\u043e \u0446\u0432\u0435\u0442\u0430 \u0441 \u043a\u0430\u043f\u044e\u0448\u043e\u043d\u043e\u043c \u043d\u0430 \u0434\u0435\u0432\u043e\u0447\u0435\u043a \u043f\u043e\u0434\u0440\u043e\u0441\u0442\u043a\u043e\u0432\u043e\u0433\u043e \u0432\u043e\u0437\u0440\u0430\u0441\u0442\u0430. (\u041c\u0430\u043b\u0435\u043d\u044c\u043a\u0438\u0435 \u0440\u0430\u0437\u043c\u0435\u0440\u044b).\u013boti vieglie, bet siltie tru\u0161\u0101das ka\u017eoki meln\u0101 kr\u0101s\u0101 ar kapuci. Mazie izm\u0113ri, kas der\u0113tu pusaud\u017eu vecuma meiten\u0113m.Coat of natural rabbit in black with a hood on adolescent girls. (Small size).\" \/>\n<meta name=\"robots\" content=\"index, follow, max-snippet:-1, max-image-preview:large, max-video-preview:-1\" \/>\n<link rel=\"canonical\" href=\"https:\/\/www.meha.lv\/shop\/fur-coat-from-natural-rabbit\/\" \/>\n<meta property=\"og:locale\" content=\"en_US\" \/>\n<meta property=\"og:type\" content=\"article\" \/>\n<meta property=\"og:title\" content=\"Fur coat from natural rabbit | Furs online shop\" \/>\n<meta property=\"og:description\" content=\"\u0428\u0443\u0431\u0430 \u0438\u0437 \u043d\u0430\u0442\u0443\u0440\u0430\u043b\u044c\u043d\u043e\u0433\u043e \u043a\u0440\u043e\u043b\u0438\u043a\u0430 \u0447\u0435\u0440\u043d\u043e\u0433\u043e \u0446\u0432\u0435\u0442\u0430 \u0441 \u043a\u0430\u043f\u044e\u0448\u043e\u043d\u043e\u043c \u043d\u0430 \u0434\u0435\u0432\u043e\u0447\u0435\u043a \u043f\u043e\u0434\u0440\u043e\u0441\u0442\u043a\u043e\u0432\u043e\u0433\u043e \u0432\u043e\u0437\u0440\u0430\u0441\u0442\u0430. (\u041c\u0430\u043b\u0435\u043d\u044c\u043a\u0438\u0435 \u0440\u0430\u0437\u043c\u0435\u0440\u044b).\u013boti vieglie, bet siltie tru\u0161\u0101das ka\u017eoki meln\u0101 kr\u0101s\u0101 ar kapuci. Mazie izm\u0113ri, kas der\u0113tu pusaud\u017eu vecuma meiten\u0113m.Coat of natural rabbit in black with a hood on adolescent girls. (Small size).\" \/>\n<meta property=\"og:url\" content=\"https:\/\/www.meha.lv\/shop\/fur-coat-from-natural-rabbit\/\" \/>\n<meta property=\"og:site_name\" content=\"Furs online shop\" \/>\n<meta property=\"article:modified_time\" content=\"2023-10-30T09:11:01+00:00\" \/>\n<meta property=\"og:image\" content=\"https:\/\/www.meha.lv\/wp-content\/uploads\/2017\/02\/Grey_01.jpg\" \/>\n\t<meta property=\"og:image:width\" content=\"576\" \/>\n\t<meta property=\"og:image:height\" content=\"768\" \/>\n\t<meta property=\"og:image:type\" content=\"image\/jpeg\" \/>\n<meta name=\"twitter:card\" content=\"summary_large_image\" \/>\n<script type=\"application\/ld+json\" class=\"yoast-schema-graph\">{\"@context\":\"https:\/\/schema.org\",\"@graph\":[{\"@type\":\"WebPage\",\"@id\":\"https:\/\/www.meha.lv\/shop\/fur-coat-from-natural-rabbit\/\",\"url\":\"https:\/\/www.meha.lv\/shop\/fur-coat-from-natural-rabbit\/\",\"name\":\"Fur coat from natural rabbit | Furs online shop\",\"isPartOf\":{\"@id\":\"https:\/\/www.meha.lv\/#website\"},\"primaryImageOfPage\":{\"@id\":\"https:\/\/www.meha.lv\/shop\/fur-coat-from-natural-rabbit\/#primaryimage\"},\"image\":{\"@id\":\"https:\/\/www.meha.lv\/shop\/fur-coat-from-natural-rabbit\/#primaryimage\"},\"thumbnailUrl\":\"https:\/\/www.meha.lv\/wp-content\/uploads\/2017\/02\/Grey_01.jpg\",\"datePublished\":\"2017-02-14T20:19:36+00:00\",\"dateModified\":\"2023-10-30T09:11:01+00:00\",\"description\":\"\u0428\u0443\u0431\u0430 \u0438\u0437 \u043d\u0430\u0442\u0443\u0440\u0430\u043b\u044c\u043d\u043e\u0433\u043e \u043a\u0440\u043e\u043b\u0438\u043a\u0430 \u0447\u0435\u0440\u043d\u043e\u0433\u043e \u0446\u0432\u0435\u0442\u0430 \u0441 \u043a\u0430\u043f\u044e\u0448\u043e\u043d\u043e\u043c \u043d\u0430 \u0434\u0435\u0432\u043e\u0447\u0435\u043a \u043f\u043e\u0434\u0440\u043e\u0441\u0442\u043a\u043e\u0432\u043e\u0433\u043e \u0432\u043e\u0437\u0440\u0430\u0441\u0442\u0430. (\u041c\u0430\u043b\u0435\u043d\u044c\u043a\u0438\u0435 \u0440\u0430\u0437\u043c\u0435\u0440\u044b).\u013boti vieglie, bet siltie tru\u0161\u0101das ka\u017eoki meln\u0101 kr\u0101s\u0101 ar kapuci. Mazie izm\u0113ri, kas der\u0113tu pusaud\u017eu vecuma meiten\u0113m.Coat of natural rabbit in black with a hood on adolescent girls. (Small size).\",\"breadcrumb\":{\"@id\":\"https:\/\/www.meha.lv\/shop\/fur-coat-from-natural-rabbit\/#breadcrumb\"},\"inLanguage\":\"en-US\",\"potentialAction\":[{\"@type\":\"ReadAction\",\"target\":[\"https:\/\/www.meha.lv\/shop\/fur-coat-from-natural-rabbit\/\"]}]},{\"@type\":\"ImageObject\",\"inLanguage\":\"en-US\",\"@id\":\"https:\/\/www.meha.lv\/shop\/fur-coat-from-natural-rabbit\/#primaryimage\",\"url\":\"https:\/\/www.meha.lv\/wp-content\/uploads\/2017\/02\/Grey_01.jpg\",\"contentUrl\":\"https:\/\/www.meha.lv\/wp-content\/uploads\/2017\/02\/Grey_01.jpg\",\"width\":576,\"height\":768,\"caption\":\"\u0448\u0443\u0431\u0430 \u0438\u0437 \u043a\u0440\u043e\u043b\u0438\u043a\u0430\"},{\"@type\":\"BreadcrumbList\",\"@id\":\"https:\/\/www.meha.lv\/shop\/fur-coat-from-natural-rabbit\/#breadcrumb\",\"itemListElement\":[{\"@type\":\"ListItem\",\"position\":1,\"name\":\"Galvena\",\"item\":\"https:\/\/www.meha.lv\/\"},{\"@type\":\"ListItem\",\"position\":2,\"name\":\"Ka\u017eoku interneta veikals\",\"item\":\"https:\/\/www.meha.lv\/internet-magazin-sgub-i-mehovih-izdelis\/\"},{\"@type\":\"ListItem\",\"position\":3,\"name\":\"\u0422\u043e\u043b\u044c\u043a\u043e \u043d\u0430 \u0437\u0430\u043a\u0430\u0437\",\"item\":\"https:\/\/www.meha.lv\/product-category\/shuby-na-zakas\/\"},{\"@type\":\"ListItem\",\"position\":4,\"name\":\"[:ru]\u0428\u0443\u0431\u043a\u0430 \u0438\u0437 \u043d\u0430\u0442\u0443\u0440\u0430\u043b\u044c\u043d\u043e\u0433\u043e \u043a\u0440\u043e\u043b\u0438\u043a\u0430[:LV] Tru\u0161\u0101das ka\u017eoks meln\u0101 kr\u0101s\u0101 ar kapuci[:en]Fur coat from natural rabbit[:]\"}]},{\"@type\":\"WebSite\",\"@id\":\"https:\/\/www.meha.lv\/#website\",\"url\":\"https:\/\/www.meha.lv\/\",\"name\":\"Furs online shop\",\"description\":\"Fur coat online shop in Riga (Latvia)\",\"publisher\":{\"@id\":\"https:\/\/www.meha.lv\/#organization\"},\"potentialAction\":[{\"@type\":\"SearchAction\",\"target\":{\"@type\":\"EntryPoint\",\"urlTemplate\":\"https:\/\/www.meha.lv\/?s={search_term_string}\"},\"query-input\":{\"@type\":\"PropertyValueSpecification\",\"valueRequired\":true,\"valueName\":\"search_term_string\"}}],\"inLanguage\":\"en-US\"},{\"@type\":\"Organization\",\"@id\":\"https:\/\/www.meha.lv\/#organization\",\"name\":\"Ik \\\"Holidays group\\\"\",\"url\":\"https:\/\/www.meha.lv\/\",\"logo\":{\"@type\":\"ImageObject\",\"inLanguage\":\"en-US\",\"@id\":\"https:\/\/www.meha.lv\/#\/schema\/logo\/image\/\",\"url\":\"https:\/\/www.meha.lv\/wp-content\/uploads\/2018\/12\/DSC_4476.jpg\",\"contentUrl\":\"https:\/\/www.meha.lv\/wp-content\/uploads\/2018\/12\/DSC_4476.jpg\",\"width\":2048,\"height\":1363,\"caption\":\"Ik \\\"Holidays group\\\"\"},\"image\":{\"@id\":\"https:\/\/www.meha.lv\/#\/schema\/logo\/image\/\"}}]}<\/script>\n<!-- \/ Yoast SEO plugin. -->","yoast_head_json":{"title":"Fur coat from natural rabbit | Furs online shop","description":"\u0428\u0443\u0431\u0430 \u0438\u0437 \u043d\u0430\u0442\u0443\u0440\u0430\u043b\u044c\u043d\u043e\u0433\u043e \u043a\u0440\u043e\u043b\u0438\u043a\u0430 \u0447\u0435\u0440\u043d\u043e\u0433\u043e \u0446\u0432\u0435\u0442\u0430 \u0441 \u043a\u0430\u043f\u044e\u0448\u043e\u043d\u043e\u043c \u043d\u0430 \u0434\u0435\u0432\u043e\u0447\u0435\u043a \u043f\u043e\u0434\u0440\u043e\u0441\u0442\u043a\u043e\u0432\u043e\u0433\u043e \u0432\u043e\u0437\u0440\u0430\u0441\u0442\u0430. (\u041c\u0430\u043b\u0435\u043d\u044c\u043a\u0438\u0435 \u0440\u0430\u0437\u043c\u0435\u0440\u044b).\u013boti vieglie, bet siltie tru\u0161\u0101das ka\u017eoki meln\u0101 kr\u0101s\u0101 ar kapuci. Mazie izm\u0113ri, kas der\u0113tu pusaud\u017eu vecuma meiten\u0113m.Coat of natural rabbit in black with a hood on adolescent girls. (Small size).","robots":{"index":"index","follow":"follow","max-snippet":"max-snippet:-1","max-image-preview":"max-image-preview:large","max-video-preview":"max-video-preview:-1"},"canonical":"https:\/\/www.meha.lv\/shop\/fur-coat-from-natural-rabbit\/","og_locale":"en_US","og_type":"article","og_title":"Fur coat from natural rabbit | Furs online shop","og_description":"\u0428\u0443\u0431\u0430 \u0438\u0437 \u043d\u0430\u0442\u0443\u0440\u0430\u043b\u044c\u043d\u043e\u0433\u043e \u043a\u0440\u043e\u043b\u0438\u043a\u0430 \u0447\u0435\u0440\u043d\u043e\u0433\u043e \u0446\u0432\u0435\u0442\u0430 \u0441 \u043a\u0430\u043f\u044e\u0448\u043e\u043d\u043e\u043c \u043d\u0430 \u0434\u0435\u0432\u043e\u0447\u0435\u043a \u043f\u043e\u0434\u0440\u043e\u0441\u0442\u043a\u043e\u0432\u043e\u0433\u043e \u0432\u043e\u0437\u0440\u0430\u0441\u0442\u0430. (\u041c\u0430\u043b\u0435\u043d\u044c\u043a\u0438\u0435 \u0440\u0430\u0437\u043c\u0435\u0440\u044b).\u013boti vieglie, bet siltie tru\u0161\u0101das ka\u017eoki meln\u0101 kr\u0101s\u0101 ar kapuci. Mazie izm\u0113ri, kas der\u0113tu pusaud\u017eu vecuma meiten\u0113m.Coat of natural rabbit in black with a hood on adolescent girls. (Small size).","og_url":"https:\/\/www.meha.lv\/shop\/fur-coat-from-natural-rabbit\/","og_site_name":"Furs online shop","article_modified_time":"2023-10-30T09:11:01+00:00","og_image":[{"width":576,"height":768,"url":"https:\/\/www.meha.lv\/wp-content\/uploads\/2017\/02\/Grey_01.jpg","type":"image\/jpeg"}],"twitter_card":"summary_large_image","schema":{"@context":"https:\/\/schema.org","@graph":[{"@type":"WebPage","@id":"https:\/\/www.meha.lv\/shop\/fur-coat-from-natural-rabbit\/","url":"https:\/\/www.meha.lv\/shop\/fur-coat-from-natural-rabbit\/","name":"Fur coat from natural rabbit | Furs online shop","isPartOf":{"@id":"https:\/\/www.meha.lv\/#website"},"primaryImageOfPage":{"@id":"https:\/\/www.meha.lv\/shop\/fur-coat-from-natural-rabbit\/#primaryimage"},"image":{"@id":"https:\/\/www.meha.lv\/shop\/fur-coat-from-natural-rabbit\/#primaryimage"},"thumbnailUrl":"https:\/\/www.meha.lv\/wp-content\/uploads\/2017\/02\/Grey_01.jpg","datePublished":"2017-02-14T20:19:36+00:00","dateModified":"2023-10-30T09:11:01+00:00","description":"\u0428\u0443\u0431\u0430 \u0438\u0437 \u043d\u0430\u0442\u0443\u0440\u0430\u043b\u044c\u043d\u043e\u0433\u043e \u043a\u0440\u043e\u043b\u0438\u043a\u0430 \u0447\u0435\u0440\u043d\u043e\u0433\u043e \u0446\u0432\u0435\u0442\u0430 \u0441 \u043a\u0430\u043f\u044e\u0448\u043e\u043d\u043e\u043c \u043d\u0430 \u0434\u0435\u0432\u043e\u0447\u0435\u043a \u043f\u043e\u0434\u0440\u043e\u0441\u0442\u043a\u043e\u0432\u043e\u0433\u043e \u0432\u043e\u0437\u0440\u0430\u0441\u0442\u0430. (\u041c\u0430\u043b\u0435\u043d\u044c\u043a\u0438\u0435 \u0440\u0430\u0437\u043c\u0435\u0440\u044b).\u013boti vieglie, bet siltie tru\u0161\u0101das ka\u017eoki meln\u0101 kr\u0101s\u0101 ar kapuci. Mazie izm\u0113ri, kas der\u0113tu pusaud\u017eu vecuma meiten\u0113m.Coat of natural rabbit in black with a hood on adolescent girls. (Small size).","breadcrumb":{"@id":"https:\/\/www.meha.lv\/shop\/fur-coat-from-natural-rabbit\/#breadcrumb"},"inLanguage":"en-US","potentialAction":[{"@type":"ReadAction","target":["https:\/\/www.meha.lv\/shop\/fur-coat-from-natural-rabbit\/"]}]},{"@type":"ImageObject","inLanguage":"en-US","@id":"https:\/\/www.meha.lv\/shop\/fur-coat-from-natural-rabbit\/#primaryimage","url":"https:\/\/www.meha.lv\/wp-content\/uploads\/2017\/02\/Grey_01.jpg","contentUrl":"https:\/\/www.meha.lv\/wp-content\/uploads\/2017\/02\/Grey_01.jpg","width":576,"height":768,"caption":"\u0448\u0443\u0431\u0430 \u0438\u0437 \u043a\u0440\u043e\u043b\u0438\u043a\u0430"},{"@type":"BreadcrumbList","@id":"https:\/\/www.meha.lv\/shop\/fur-coat-from-natural-rabbit\/#breadcrumb","itemListElement":[{"@type":"ListItem","position":1,"name":"Galvena","item":"https:\/\/www.meha.lv\/"},{"@type":"ListItem","position":2,"name":"Ka\u017eoku interneta veikals","item":"https:\/\/www.meha.lv\/internet-magazin-sgub-i-mehovih-izdelis\/"},{"@type":"ListItem","position":3,"name":"\u0422\u043e\u043b\u044c\u043a\u043e \u043d\u0430 \u0437\u0430\u043a\u0430\u0437","item":"https:\/\/www.meha.lv\/product-category\/shuby-na-zakas\/"},{"@type":"ListItem","position":4,"name":"[:ru]\u0428\u0443\u0431\u043a\u0430 \u0438\u0437 \u043d\u0430\u0442\u0443\u0440\u0430\u043b\u044c\u043d\u043e\u0433\u043e \u043a\u0440\u043e\u043b\u0438\u043a\u0430[:LV] Tru\u0161\u0101das ka\u017eoks meln\u0101 kr\u0101s\u0101 ar kapuci[:en]Fur coat from natural rabbit[:]"}]},{"@type":"WebSite","@id":"https:\/\/www.meha.lv\/#website","url":"https:\/\/www.meha.lv\/","name":"Furs online shop","description":"Fur coat online shop in Riga (Latvia)","publisher":{"@id":"https:\/\/www.meha.lv\/#organization"},"potentialAction":[{"@type":"SearchAction","target":{"@type":"EntryPoint","urlTemplate":"https:\/\/www.meha.lv\/?s={search_term_string}"},"query-input":{"@type":"PropertyValueSpecification","valueRequired":true,"valueName":"search_term_string"}}],"inLanguage":"en-US"},{"@type":"Organization","@id":"https:\/\/www.meha.lv\/#organization","name":"Ik \"Holidays group\"","url":"https:\/\/www.meha.lv\/","logo":{"@type":"ImageObject","inLanguage":"en-US","@id":"https:\/\/www.meha.lv\/#\/schema\/logo\/image\/","url":"https:\/\/www.meha.lv\/wp-content\/uploads\/2018\/12\/DSC_4476.jpg","contentUrl":"https:\/\/www.meha.lv\/wp-content\/uploads\/2018\/12\/DSC_4476.jpg","width":2048,"height":1363,"caption":"Ik \"Holidays group\""},"image":{"@id":"https:\/\/www.meha.lv\/#\/schema\/logo\/image\/"}}]}},"_links":{"self":[{"href":"https:\/\/www.meha.lv\/en\/wp-json\/wp\/v2\/product\/1209","targetHints":{"allow":["GET"]}}],"collection":[{"href":"https:\/\/www.meha.lv\/en\/wp-json\/wp\/v2\/product"}],"about":[{"href":"https:\/\/www.meha.lv\/en\/wp-json\/wp\/v2\/types\/product"}],"replies":[{"embeddable":true,"href":"https:\/\/www.meha.lv\/en\/wp-json\/wp\/v2\/comments?post=1209"}],"wp:featuredmedia":[{"embeddable":true,"href":"https:\/\/www.meha.lv\/en\/wp-json\/wp\/v2\/media\/1211"}],"wp:attachment":[{"href":"https:\/\/www.meha.lv\/en\/wp-json\/wp\/v2\/media?parent=1209"}],"wp:term":[{"taxonomy":"product_brand","embeddable":true,"href":"https:\/\/www.meha.lv\/en\/wp-json\/wp\/v2\/product_brand?post=1209"},{"taxonomy":"product_cat","embeddable":true,"href":"https:\/\/www.meha.lv\/en\/wp-json\/wp\/v2\/product_cat?post=1209"},{"taxonomy":"product_tag","embeddable":true,"href":"https:\/\/www.meha.lv\/en\/wp-json\/wp\/v2\/product_tag?post=1209"}],"curies":[{"name":"wp","href":"https:\/\/api.w.org\/{rel}","templated":true}]}}