{"id":1144,"date":"2016-12-08T20:33:09","date_gmt":"2016-12-08T17:33:09","guid":{"rendered":"http:\/\/www.meha.lv\/shop\/%d0%bd%d0%be%d1%80%d0%ba%d0%be%d0%b2%d0%b0%d1%8f-%d1%88%d0%b0%d0%bf%d0%ba%d0%b0-3\/"},"modified":"2020-12-07T11:22:03","modified_gmt":"2020-12-07T08:22:03","slug":"%d0%bd%d0%be%d1%80%d0%ba%d0%be%d0%b2%d0%b0%d1%8f-%d1%88%d0%b0%d0%bf%d0%ba%d0%b0-3","status":"publish","type":"product","link":"https:\/\/www.meha.lv\/en\/shop\/%d0%bd%d0%be%d1%80%d0%ba%d0%be%d0%b2%d0%b0%d1%8f-%d1%88%d0%b0%d0%bf%d0%ba%d0%b0-3\/","title":{"rendered":"Mink fur hat"},"content":{"rendered":"","protected":false},"excerpt":{"rendered":"<p>Mink fur hat<\/p>\n","protected":false},"featured_media":1131,"comment_status":"open","ping_status":"closed","template":"","meta":[],"product_brand":[],"product_cat":[31,48,16,15,9,62],"product_tag":[],"class_list":{"0":"post-1144","1":"product","2":"type-product","3":"status-publish","4":"has-post-thumbnail","6":"product_cat-mehovye-shapki-kupitj-v-rige","7":"product_cat-sieviesu-cepures","8":"product_cat-izdelija-iz-lisy","9":"product_cat-izdelija-iz-norki","10":"product_cat-shuby","11":"product_cat-ideji-dlja-podarkov-na-novyj-god","13":"first","14":"instock","15":"taxable","16":"shipping-taxable","17":"purchasable","18":"product-type-simple"},"yoast_head":"<!-- This site is optimized with the Yoast SEO plugin v26.5 - https:\/\/yoast.com\/wordpress\/plugins\/seo\/ -->\n<title>Mink fur hat | Furs online shop<\/title>\n<meta name=\"description\" content=\"\u041d\u043e\u0440\u043a\u043e\u0432\u0430\u044f \u0448\u0430\u043f\u043a\u0430\u016ade\u013c\u0101das cepure  &nbsp;Mink fur hat\" \/>\n<meta name=\"robots\" content=\"index, follow, max-snippet:-1, max-image-preview:large, max-video-preview:-1\" \/>\n<link rel=\"canonical\" href=\"https:\/\/www.meha.lv\/shop\/\u043d\u043e\u0440\u043a\u043e\u0432\u0430\u044f-\u0448\u0430\u043f\u043a\u0430-3\/\" \/>\n<meta property=\"og:locale\" content=\"en_US\" \/>\n<meta property=\"og:type\" content=\"article\" \/>\n<meta property=\"og:title\" content=\"Mink fur hat | Furs online shop\" \/>\n<meta property=\"og:description\" content=\"\u041d\u043e\u0440\u043a\u043e\u0432\u0430\u044f \u0448\u0430\u043f\u043a\u0430\u016ade\u013c\u0101das cepure  &nbsp;Mink fur hat\" \/>\n<meta property=\"og:url\" content=\"https:\/\/www.meha.lv\/shop\/\u043d\u043e\u0440\u043a\u043e\u0432\u0430\u044f-\u0448\u0430\u043f\u043a\u0430-3\/\" \/>\n<meta property=\"og:site_name\" content=\"Furs online shop\" \/>\n<meta property=\"article:modified_time\" content=\"2020-12-07T08:22:03+00:00\" \/>\n<meta property=\"og:image\" content=\"https:\/\/www.meha.lv\/wp-content\/uploads\/2016\/12\/20161208_160648-scaled.jpg\" \/>\n\t<meta property=\"og:image:width\" content=\"2340\" \/>\n\t<meta property=\"og:image:height\" content=\"4160\" \/>\n\t<meta property=\"og:image:type\" content=\"image\/jpeg\" \/>\n<meta name=\"twitter:card\" content=\"summary_large_image\" \/>\n<script type=\"application\/ld+json\" class=\"yoast-schema-graph\">{\"@context\":\"https:\/\/schema.org\",\"@graph\":[{\"@type\":\"WebPage\",\"@id\":\"https:\/\/www.meha.lv\/shop\/%d0%bd%d0%be%d1%80%d0%ba%d0%be%d0%b2%d0%b0%d1%8f-%d1%88%d0%b0%d0%bf%d0%ba%d0%b0-3\/\",\"url\":\"https:\/\/www.meha.lv\/shop\/%d0%bd%d0%be%d1%80%d0%ba%d0%be%d0%b2%d0%b0%d1%8f-%d1%88%d0%b0%d0%bf%d0%ba%d0%b0-3\/\",\"name\":\"Mink fur hat | Furs online shop\",\"isPartOf\":{\"@id\":\"https:\/\/www.meha.lv\/#website\"},\"primaryImageOfPage\":{\"@id\":\"https:\/\/www.meha.lv\/shop\/%d0%bd%d0%be%d1%80%d0%ba%d0%be%d0%b2%d0%b0%d1%8f-%d1%88%d0%b0%d0%bf%d0%ba%d0%b0-3\/#primaryimage\"},\"image\":{\"@id\":\"https:\/\/www.meha.lv\/shop\/%d0%bd%d0%be%d1%80%d0%ba%d0%be%d0%b2%d0%b0%d1%8f-%d1%88%d0%b0%d0%bf%d0%ba%d0%b0-3\/#primaryimage\"},\"thumbnailUrl\":\"https:\/\/www.meha.lv\/wp-content\/uploads\/2016\/12\/20161208_160648-scaled.jpg\",\"datePublished\":\"2016-12-08T17:33:09+00:00\",\"dateModified\":\"2020-12-07T08:22:03+00:00\",\"description\":\"\u041d\u043e\u0440\u043a\u043e\u0432\u0430\u044f \u0448\u0430\u043f\u043a\u0430\u016ade\u013c\u0101das cepure &nbsp;Mink fur hat\",\"breadcrumb\":{\"@id\":\"https:\/\/www.meha.lv\/shop\/%d0%bd%d0%be%d1%80%d0%ba%d0%be%d0%b2%d0%b0%d1%8f-%d1%88%d0%b0%d0%bf%d0%ba%d0%b0-3\/#breadcrumb\"},\"inLanguage\":\"en-US\",\"potentialAction\":[{\"@type\":\"ReadAction\",\"target\":[\"https:\/\/www.meha.lv\/shop\/%d0%bd%d0%be%d1%80%d0%ba%d0%be%d0%b2%d0%b0%d1%8f-%d1%88%d0%b0%d0%bf%d0%ba%d0%b0-3\/\"]}]},{\"@type\":\"ImageObject\",\"inLanguage\":\"en-US\",\"@id\":\"https:\/\/www.meha.lv\/shop\/%d0%bd%d0%be%d1%80%d0%ba%d0%be%d0%b2%d0%b0%d1%8f-%d1%88%d0%b0%d0%bf%d0%ba%d0%b0-3\/#primaryimage\",\"url\":\"https:\/\/www.meha.lv\/wp-content\/uploads\/2016\/12\/20161208_160648-scaled.jpg\",\"contentUrl\":\"https:\/\/www.meha.lv\/wp-content\/uploads\/2016\/12\/20161208_160648-scaled.jpg\",\"width\":1152,\"height\":2048},{\"@type\":\"BreadcrumbList\",\"@id\":\"https:\/\/www.meha.lv\/shop\/%d0%bd%d0%be%d1%80%d0%ba%d0%be%d0%b2%d0%b0%d1%8f-%d1%88%d0%b0%d0%bf%d0%ba%d0%b0-3\/#breadcrumb\",\"itemListElement\":[{\"@type\":\"ListItem\",\"position\":1,\"name\":\"Galvena\",\"item\":\"https:\/\/www.meha.lv\/\"},{\"@type\":\"ListItem\",\"position\":2,\"name\":\"Ka\u017eoku interneta veikals\",\"item\":\"https:\/\/www.meha.lv\/internet-magazin-sgub-i-mehovih-izdelis\/\"},{\"@type\":\"ListItem\",\"position\":3,\"name\":\"[:ru]\u043c\u0435\u0445\u043e\u0432\u044b\u0435 \u0448\u0430\u043f\u043a\u0438[:LV] ka\u017eok\u0101du cepures veikals\",\"item\":\"https:\/\/www.meha.lv\/product-category\/mehovye-shapki-kupitj-v-rige\/\"},{\"@type\":\"ListItem\",\"position\":4,\"name\":\"\u0416\u0435\u043d\u0441\u043a\u0438\u0435 \u0448\u0430\u043f\u043a\u0438\",\"item\":\"https:\/\/www.meha.lv\/product-category\/mehovye-shapki-kupitj-v-rige\/sieviesu-cepures\/\"},{\"@type\":\"ListItem\",\"position\":5,\"name\":\"\u041d\u043e\u0440\u043a\u043e\u0432\u0430\u044f \u0448\u0430\u043f\u043a\u0430\"}]},{\"@type\":\"WebSite\",\"@id\":\"https:\/\/www.meha.lv\/#website\",\"url\":\"https:\/\/www.meha.lv\/\",\"name\":\"Furs online shop\",\"description\":\"Fur coat online shop in Riga (Latvia)\",\"publisher\":{\"@id\":\"https:\/\/www.meha.lv\/#organization\"},\"potentialAction\":[{\"@type\":\"SearchAction\",\"target\":{\"@type\":\"EntryPoint\",\"urlTemplate\":\"https:\/\/www.meha.lv\/?s={search_term_string}\"},\"query-input\":{\"@type\":\"PropertyValueSpecification\",\"valueRequired\":true,\"valueName\":\"search_term_string\"}}],\"inLanguage\":\"en-US\"},{\"@type\":\"Organization\",\"@id\":\"https:\/\/www.meha.lv\/#organization\",\"name\":\"Ik \\\"Holidays group\\\"\",\"url\":\"https:\/\/www.meha.lv\/\",\"logo\":{\"@type\":\"ImageObject\",\"inLanguage\":\"en-US\",\"@id\":\"https:\/\/www.meha.lv\/#\/schema\/logo\/image\/\",\"url\":\"https:\/\/www.meha.lv\/wp-content\/uploads\/2018\/12\/DSC_4476.jpg\",\"contentUrl\":\"https:\/\/www.meha.lv\/wp-content\/uploads\/2018\/12\/DSC_4476.jpg\",\"width\":2048,\"height\":1363,\"caption\":\"Ik \\\"Holidays group\\\"\"},\"image\":{\"@id\":\"https:\/\/www.meha.lv\/#\/schema\/logo\/image\/\"}}]}<\/script>\n<!-- \/ Yoast SEO plugin. -->","yoast_head_json":{"title":"Mink fur hat | Furs online shop","description":"\u041d\u043e\u0440\u043a\u043e\u0432\u0430\u044f \u0448\u0430\u043f\u043a\u0430\u016ade\u013c\u0101das cepure  &nbsp;Mink fur hat","robots":{"index":"index","follow":"follow","max-snippet":"max-snippet:-1","max-image-preview":"max-image-preview:large","max-video-preview":"max-video-preview:-1"},"canonical":"https:\/\/www.meha.lv\/shop\/\u043d\u043e\u0440\u043a\u043e\u0432\u0430\u044f-\u0448\u0430\u043f\u043a\u0430-3\/","og_locale":"en_US","og_type":"article","og_title":"Mink fur hat | Furs online shop","og_description":"\u041d\u043e\u0440\u043a\u043e\u0432\u0430\u044f \u0448\u0430\u043f\u043a\u0430\u016ade\u013c\u0101das cepure  &nbsp;Mink fur hat","og_url":"https:\/\/www.meha.lv\/shop\/\u043d\u043e\u0440\u043a\u043e\u0432\u0430\u044f-\u0448\u0430\u043f\u043a\u0430-3\/","og_site_name":"Furs online shop","article_modified_time":"2020-12-07T08:22:03+00:00","og_image":[{"width":2340,"height":4160,"url":"https:\/\/www.meha.lv\/wp-content\/uploads\/2016\/12\/20161208_160648-scaled.jpg","type":"image\/jpeg"}],"twitter_card":"summary_large_image","schema":{"@context":"https:\/\/schema.org","@graph":[{"@type":"WebPage","@id":"https:\/\/www.meha.lv\/shop\/%d0%bd%d0%be%d1%80%d0%ba%d0%be%d0%b2%d0%b0%d1%8f-%d1%88%d0%b0%d0%bf%d0%ba%d0%b0-3\/","url":"https:\/\/www.meha.lv\/shop\/%d0%bd%d0%be%d1%80%d0%ba%d0%be%d0%b2%d0%b0%d1%8f-%d1%88%d0%b0%d0%bf%d0%ba%d0%b0-3\/","name":"Mink fur hat | Furs online shop","isPartOf":{"@id":"https:\/\/www.meha.lv\/#website"},"primaryImageOfPage":{"@id":"https:\/\/www.meha.lv\/shop\/%d0%bd%d0%be%d1%80%d0%ba%d0%be%d0%b2%d0%b0%d1%8f-%d1%88%d0%b0%d0%bf%d0%ba%d0%b0-3\/#primaryimage"},"image":{"@id":"https:\/\/www.meha.lv\/shop\/%d0%bd%d0%be%d1%80%d0%ba%d0%be%d0%b2%d0%b0%d1%8f-%d1%88%d0%b0%d0%bf%d0%ba%d0%b0-3\/#primaryimage"},"thumbnailUrl":"https:\/\/www.meha.lv\/wp-content\/uploads\/2016\/12\/20161208_160648-scaled.jpg","datePublished":"2016-12-08T17:33:09+00:00","dateModified":"2020-12-07T08:22:03+00:00","description":"\u041d\u043e\u0440\u043a\u043e\u0432\u0430\u044f \u0448\u0430\u043f\u043a\u0430\u016ade\u013c\u0101das cepure &nbsp;Mink fur hat","breadcrumb":{"@id":"https:\/\/www.meha.lv\/shop\/%d0%bd%d0%be%d1%80%d0%ba%d0%be%d0%b2%d0%b0%d1%8f-%d1%88%d0%b0%d0%bf%d0%ba%d0%b0-3\/#breadcrumb"},"inLanguage":"en-US","potentialAction":[{"@type":"ReadAction","target":["https:\/\/www.meha.lv\/shop\/%d0%bd%d0%be%d1%80%d0%ba%d0%be%d0%b2%d0%b0%d1%8f-%d1%88%d0%b0%d0%bf%d0%ba%d0%b0-3\/"]}]},{"@type":"ImageObject","inLanguage":"en-US","@id":"https:\/\/www.meha.lv\/shop\/%d0%bd%d0%be%d1%80%d0%ba%d0%be%d0%b2%d0%b0%d1%8f-%d1%88%d0%b0%d0%bf%d0%ba%d0%b0-3\/#primaryimage","url":"https:\/\/www.meha.lv\/wp-content\/uploads\/2016\/12\/20161208_160648-scaled.jpg","contentUrl":"https:\/\/www.meha.lv\/wp-content\/uploads\/2016\/12\/20161208_160648-scaled.jpg","width":1152,"height":2048},{"@type":"BreadcrumbList","@id":"https:\/\/www.meha.lv\/shop\/%d0%bd%d0%be%d1%80%d0%ba%d0%be%d0%b2%d0%b0%d1%8f-%d1%88%d0%b0%d0%bf%d0%ba%d0%b0-3\/#breadcrumb","itemListElement":[{"@type":"ListItem","position":1,"name":"Galvena","item":"https:\/\/www.meha.lv\/"},{"@type":"ListItem","position":2,"name":"Ka\u017eoku interneta veikals","item":"https:\/\/www.meha.lv\/internet-magazin-sgub-i-mehovih-izdelis\/"},{"@type":"ListItem","position":3,"name":"[:ru]\u043c\u0435\u0445\u043e\u0432\u044b\u0435 \u0448\u0430\u043f\u043a\u0438[:LV] ka\u017eok\u0101du cepures veikals","item":"https:\/\/www.meha.lv\/product-category\/mehovye-shapki-kupitj-v-rige\/"},{"@type":"ListItem","position":4,"name":"\u0416\u0435\u043d\u0441\u043a\u0438\u0435 \u0448\u0430\u043f\u043a\u0438","item":"https:\/\/www.meha.lv\/product-category\/mehovye-shapki-kupitj-v-rige\/sieviesu-cepures\/"},{"@type":"ListItem","position":5,"name":"\u041d\u043e\u0440\u043a\u043e\u0432\u0430\u044f \u0448\u0430\u043f\u043a\u0430"}]},{"@type":"WebSite","@id":"https:\/\/www.meha.lv\/#website","url":"https:\/\/www.meha.lv\/","name":"Furs online shop","description":"Fur coat online shop in Riga (Latvia)","publisher":{"@id":"https:\/\/www.meha.lv\/#organization"},"potentialAction":[{"@type":"SearchAction","target":{"@type":"EntryPoint","urlTemplate":"https:\/\/www.meha.lv\/?s={search_term_string}"},"query-input":{"@type":"PropertyValueSpecification","valueRequired":true,"valueName":"search_term_string"}}],"inLanguage":"en-US"},{"@type":"Organization","@id":"https:\/\/www.meha.lv\/#organization","name":"Ik \"Holidays group\"","url":"https:\/\/www.meha.lv\/","logo":{"@type":"ImageObject","inLanguage":"en-US","@id":"https:\/\/www.meha.lv\/#\/schema\/logo\/image\/","url":"https:\/\/www.meha.lv\/wp-content\/uploads\/2018\/12\/DSC_4476.jpg","contentUrl":"https:\/\/www.meha.lv\/wp-content\/uploads\/2018\/12\/DSC_4476.jpg","width":2048,"height":1363,"caption":"Ik \"Holidays group\""},"image":{"@id":"https:\/\/www.meha.lv\/#\/schema\/logo\/image\/"}}]}},"_links":{"self":[{"href":"https:\/\/www.meha.lv\/en\/wp-json\/wp\/v2\/product\/1144","targetHints":{"allow":["GET"]}}],"collection":[{"href":"https:\/\/www.meha.lv\/en\/wp-json\/wp\/v2\/product"}],"about":[{"href":"https:\/\/www.meha.lv\/en\/wp-json\/wp\/v2\/types\/product"}],"replies":[{"embeddable":true,"href":"https:\/\/www.meha.lv\/en\/wp-json\/wp\/v2\/comments?post=1144"}],"wp:featuredmedia":[{"embeddable":true,"href":"https:\/\/www.meha.lv\/en\/wp-json\/wp\/v2\/media\/1131"}],"wp:attachment":[{"href":"https:\/\/www.meha.lv\/en\/wp-json\/wp\/v2\/media?parent=1144"}],"wp:term":[{"taxonomy":"product_brand","embeddable":true,"href":"https:\/\/www.meha.lv\/en\/wp-json\/wp\/v2\/product_brand?post=1144"},{"taxonomy":"product_cat","embeddable":true,"href":"https:\/\/www.meha.lv\/en\/wp-json\/wp\/v2\/product_cat?post=1144"},{"taxonomy":"product_tag","embeddable":true,"href":"https:\/\/www.meha.lv\/en\/wp-json\/wp\/v2\/product_tag?post=1144"}],"curies":[{"name":"wp","href":"https:\/\/api.w.org\/{rel}","templated":true}]}}